{"id":12723,"date":"2021-08-06T11:17:21","date_gmt":"2021-08-06T09:17:21","guid":{"rendered":"https:\/\/biopietra.com\/?page_id=12723"},"modified":"2025-09-25T11:56:32","modified_gmt":"2025-09-25T09:56:32","slug":"showroom-virtual-tour","status":"publish","type":"page","link":"https:\/\/biopietra.com\/de\/showroom-virtual-tour\/","title":{"rendered":"Showroom Virtual Tour"},"content":{"rendered":"<div class=\"page\" title=\"Page 1\">\n<div class=\"layoutArea\">\n<div class=\"column\">\n<p><span>Hier sind wir! <strong>Entdecken Sie den virtuellen Rundgang durch den Biopietra-Showroom<\/strong>, ein immersives digitales Erlebnis, das Ihnen erm\u00f6glicht, unsere Ausstellungsr\u00e4ume direkt von Ihrem Ger\u00e4t aus zu erkunden. Entstanden w\u00e4hrend des Lockdowns 2020, zeigt dieses Projekt Biopietras Engagement f\u00fcr Innovation und digitale Kommunikation und bietet einen interaktiven und fesselnden Besuch.<\/span><\/p>\n<p><img loading=\"lazy\" decoding=\"async\" src=\"https:\/\/biopietra.com\/wp-content\/uploads\/2021\/08\/PRO360LogoGradient-300x140.png\" alt=\"\" width=\"300\" height=\"140\" class=\"alignnone size-medium wp-image-12673 aligncenter\" srcset=\"https:\/\/biopietra.com\/wp-content\/uploads\/2021\/08\/PRO360LogoGradient-300x140.png 300w, https:\/\/biopietra.com\/wp-content\/uploads\/2021\/08\/PRO360LogoGradient-768x358.png 768w, https:\/\/biopietra.com\/wp-content\/uploads\/2021\/08\/PRO360LogoGradient-1024x477.png 1024w\" sizes=\"auto, (max-width: 300px) 100vw, 300px\" \/><\/p>\n<p>Dank HDR-Panoramafotos mit der <strong>INSTA360 ONE X2<\/strong> k\u00f6nnen Sie virtuell durch unsere beiden Showrooms in Puegnago del Garda \u201egehen\u201c. Bald wird auch ein Blick auf die Produktionseinheit verf\u00fcgbar sein, in der die regenerierten Steinverkleidungen von Biopietra hergestellt werden \u2013 CE-zertifiziert und konform mit UNI EN ISO-Normen.<\/p>\n<p>W\u00e4hrend der Tour k\u00f6nnen Sie:<\/p>\n<ul>\n<li><a href=\"https:\/\/biopietra.com\/de\/tipologia-prodotto\/rivestimenti-tradizionali-in-pietra-de\/\">W\u00e4nde und Ecken<\/a> mit \u00f6kologischer Biopietra-Steinverkleidung betrachten.<\/li>\n<li>Durch verschiebbare Displays mit dekorativen L\u00f6sungen f\u00fcr Innen- und Au\u00dfenbereiche bl\u00e4ttern.<\/li>\n<li>Interaktive technische Datenbl\u00e4tter f\u00fcr jedes Produkt aufrufen \u2013 n\u00fctzlich f\u00fcr Privatkunden und Fachleute.<\/li>\n<li>Details der Oberfl\u00e4chen heranzoomen.<\/li>\n<li>Realistische Umgebungen mit starkem visuellen und emotionalen Eindruck erleben.<\/li>\n<\/ul>\n<p>Die Tour ist auf allen Ger\u00e4ten verf\u00fcgbar: Computer, Tablets, Smartphones und Cardboard-Viewer. Sie wurde entwickelt, um ein reibungsloses und zug\u00e4ngliches Erlebnis zu bieten, das die Qualit\u00e4t und \u00c4sthetik der Biopietra-Verkleidungen hervorhebt \u2013 eine Kombination aus nachhaltigem Design, Bio-Architektur und technologischer Innovation.<\/p>\n<p>Verf\u00fcgbar auf allen Plattformen und Mobilger\u00e4ten.<\/p>\n<\/div>\n<\/div>\n<\/div>\n<p>&nbsp;<\/p>\n<p style=\"text-align: center;\"><a href=\"http:\/\/www.biopietra.com\/VT\/index.htm\" target=\"_blank\" rel=\"noopener\"><img loading=\"lazy\" decoding=\"async\" src=\"https:\/\/biopietra.com\/wp-content\/uploads\/2022\/02\/Biopietra-VT-logo-300x80.gif\" alt=\"\" width=\"300\" height=\"80\" class=\"alignnone size-medium wp-image-19529\" srcset=\"https:\/\/biopietra.com\/wp-content\/uploads\/2022\/02\/Biopietra-VT-logo-300x80.gif 300w, https:\/\/biopietra.com\/wp-content\/uploads\/2022\/02\/Biopietra-VT-logo-768x205.gif 768w, https:\/\/biopietra.com\/wp-content\/uploads\/2022\/02\/Biopietra-VT-logo-1024x273.gif 1024w\" sizes=\"auto, (max-width: 300px) 100vw, 300px\" \/><\/a><\/p>\n","protected":false},"excerpt":{"rendered":"<p>Hier sind wir! Entdecken Sie den virtuellen Rundgang durch den [&hellip;]<\/p>\n","protected":false},"author":2,"featured_media":12586,"parent":0,"menu_order":49,"comment_status":"closed","ping_status":"closed","template":"template-page-faq.php","meta":{"qubely_global_settings":"","qubely_interactions":"","rs_blank_template":"","rs_page_bg_color":"","slide_template_v7":"","rop_custom_images_group":[],"rop_custom_messages_group":[],"rop_publish_now":"initial","rop_publish_now_accounts":{"facebook_4317419521910128_433253626703258":""},"rop_publish_now_history":[],"rop_publish_now_status":"pending","footnotes":""},"class_list":["post-12723","page","type-page","status-publish","has-post-thumbnail","hentry"],"aioseo_notices":[],"yoast_head":"<!-- This site is optimized with the Yoast SEO plugin v27.4 - https:\/\/yoast.com\/product\/yoast-seo-wordpress\/ -->\n<title>Tour Virtuale Showroom Biopietra | Rivestimenti Ecologici Made in Italy<\/title>\n<meta name=\"description\" content=\"Esplora il tour virtuale Biopietra: ambienti realistici a 360\u00b0, rivestimenti in pietra ecologica e schede tecniche interattive. Un\u2019esperienza immersiva per scoprire il design sostenibile Made in Italy.\" \/>\n<meta name=\"robots\" content=\"index, follow, max-snippet:-1, max-image-preview:large, max-video-preview:-1\" \/>\n<link rel=\"canonical\" href=\"https:\/\/biopietra.com\/de\/showroom-virtual-tour\/\" \/>\n<meta property=\"og:locale\" content=\"de_DE\" \/>\n<meta property=\"og:type\" content=\"article\" \/>\n<meta property=\"og:title\" content=\"Tour Virtuale Showroom Biopietra | Rivestimenti Ecologici Made in Italy\" \/>\n<meta property=\"og:description\" content=\"Esplora il tour virtuale Biopietra: ambienti realistici a 360\u00b0, rivestimenti in pietra ecologica e schede tecniche interattive. Un\u2019esperienza immersiva per scoprire il design sostenibile Made in Italy.\" \/>\n<meta property=\"og:url\" content=\"https:\/\/biopietra.com\/de\/showroom-virtual-tour\/\" \/>\n<meta property=\"og:site_name\" content=\"Biopietra\" \/>\n<meta property=\"article:modified_time\" content=\"2025-09-25T09:56:32+00:00\" \/>\n<meta property=\"og:image\" content=\"https:\/\/biopietra.com\/wp-content\/uploads\/2021\/08\/Biopietra-Showroom1.jpg\" \/>\n\t<meta property=\"og:image:width\" content=\"1280\" \/>\n\t<meta property=\"og:image:height\" content=\"803\" \/>\n\t<meta property=\"og:image:type\" content=\"image\/jpeg\" \/>\n<meta name=\"twitter:card\" content=\"summary_large_image\" \/>\n<meta name=\"twitter:label1\" content=\"Gesch\u00e4tzte Lesezeit\" \/>\n\t<meta name=\"twitter:data1\" content=\"1\u00a0Minute\" \/>\n<script type=\"application\/ld+json\" class=\"yoast-schema-graph\">{\"@context\":\"https:\\\/\\\/schema.org\",\"@graph\":[{\"@type\":\"WebPage\",\"@id\":\"https:\\\/\\\/biopietra.com\\\/de\\\/showroom-virtual-tour\\\/\",\"url\":\"https:\\\/\\\/biopietra.com\\\/de\\\/showroom-virtual-tour\\\/\",\"name\":\"Tour Virtuale Showroom Biopietra | Rivestimenti Ecologici Made in Italy\",\"isPartOf\":{\"@id\":\"https:\\\/\\\/biopietra.com\\\/#website\"},\"primaryImageOfPage\":{\"@id\":\"https:\\\/\\\/biopietra.com\\\/de\\\/showroom-virtual-tour\\\/#primaryimage\"},\"image\":{\"@id\":\"https:\\\/\\\/biopietra.com\\\/de\\\/showroom-virtual-tour\\\/#primaryimage\"},\"thumbnailUrl\":\"https:\\\/\\\/biopietra.com\\\/wp-content\\\/uploads\\\/2021\\\/08\\\/Biopietra-Showroom1.jpg\",\"datePublished\":\"2021-08-06T09:17:21+00:00\",\"dateModified\":\"2025-09-25T09:56:32+00:00\",\"description\":\"Esplora il tour virtuale Biopietra: ambienti realistici a 360\u00b0, rivestimenti in pietra ecologica e schede tecniche interattive. Un\u2019esperienza immersiva per scoprire il design sostenibile Made in Italy.\",\"breadcrumb\":{\"@id\":\"https:\\\/\\\/biopietra.com\\\/de\\\/showroom-virtual-tour\\\/#breadcrumb\"},\"inLanguage\":\"de\",\"potentialAction\":[{\"@type\":\"ReadAction\",\"target\":[\"https:\\\/\\\/biopietra.com\\\/de\\\/showroom-virtual-tour\\\/\"]}]},{\"@type\":\"ImageObject\",\"inLanguage\":\"de\",\"@id\":\"https:\\\/\\\/biopietra.com\\\/de\\\/showroom-virtual-tour\\\/#primaryimage\",\"url\":\"https:\\\/\\\/biopietra.com\\\/wp-content\\\/uploads\\\/2021\\\/08\\\/Biopietra-Showroom1.jpg\",\"contentUrl\":\"https:\\\/\\\/biopietra.com\\\/wp-content\\\/uploads\\\/2021\\\/08\\\/Biopietra-Showroom1.jpg\",\"width\":1280,\"height\":803,\"caption\":\"Ausstellungsraum im Erdgeschoss\"},{\"@type\":\"BreadcrumbList\",\"@id\":\"https:\\\/\\\/biopietra.com\\\/de\\\/showroom-virtual-tour\\\/#breadcrumb\",\"itemListElement\":[{\"@type\":\"ListItem\",\"position\":1,\"name\":\"Home\",\"item\":\"https:\\\/\\\/biopietra.com\\\/de\\\/\"},{\"@type\":\"ListItem\",\"position\":2,\"name\":\"Showroom Virtual Tour\"}]},{\"@type\":\"WebSite\",\"@id\":\"https:\\\/\\\/biopietra.com\\\/#website\",\"url\":\"https:\\\/\\\/biopietra.com\\\/\",\"name\":\"Biopietra\",\"description\":\"The Green Stone Industry\",\"potentialAction\":[{\"@type\":\"SearchAction\",\"target\":{\"@type\":\"EntryPoint\",\"urlTemplate\":\"https:\\\/\\\/biopietra.com\\\/?s={search_term_string}\"},\"query-input\":{\"@type\":\"PropertyValueSpecification\",\"valueRequired\":true,\"valueName\":\"search_term_string\"}}],\"inLanguage\":\"de\"}]}<\/script>\n<!-- \/ Yoast SEO plugin. -->","yoast_head_json":{"title":"Tour Virtuale Showroom Biopietra | Rivestimenti Ecologici Made in Italy","description":"Esplora il tour virtuale Biopietra: ambienti realistici a 360\u00b0, rivestimenti in pietra ecologica e schede tecniche interattive. Un\u2019esperienza immersiva per scoprire il design sostenibile Made in Italy.","robots":{"index":"index","follow":"follow","max-snippet":"max-snippet:-1","max-image-preview":"max-image-preview:large","max-video-preview":"max-video-preview:-1"},"canonical":"https:\/\/biopietra.com\/de\/showroom-virtual-tour\/","og_locale":"de_DE","og_type":"article","og_title":"Tour Virtuale Showroom Biopietra | Rivestimenti Ecologici Made in Italy","og_description":"Esplora il tour virtuale Biopietra: ambienti realistici a 360\u00b0, rivestimenti in pietra ecologica e schede tecniche interattive. Un\u2019esperienza immersiva per scoprire il design sostenibile Made in Italy.","og_url":"https:\/\/biopietra.com\/de\/showroom-virtual-tour\/","og_site_name":"Biopietra","article_modified_time":"2025-09-25T09:56:32+00:00","og_image":[{"width":1280,"height":803,"url":"https:\/\/biopietra.com\/wp-content\/uploads\/2021\/08\/Biopietra-Showroom1.jpg","type":"image\/jpeg"}],"twitter_card":"summary_large_image","twitter_misc":{"Gesch\u00e4tzte Lesezeit":"1\u00a0Minute"},"schema":{"@context":"https:\/\/schema.org","@graph":[{"@type":"WebPage","@id":"https:\/\/biopietra.com\/de\/showroom-virtual-tour\/","url":"https:\/\/biopietra.com\/de\/showroom-virtual-tour\/","name":"Tour Virtuale Showroom Biopietra | Rivestimenti Ecologici Made in Italy","isPartOf":{"@id":"https:\/\/biopietra.com\/#website"},"primaryImageOfPage":{"@id":"https:\/\/biopietra.com\/de\/showroom-virtual-tour\/#primaryimage"},"image":{"@id":"https:\/\/biopietra.com\/de\/showroom-virtual-tour\/#primaryimage"},"thumbnailUrl":"https:\/\/biopietra.com\/wp-content\/uploads\/2021\/08\/Biopietra-Showroom1.jpg","datePublished":"2021-08-06T09:17:21+00:00","dateModified":"2025-09-25T09:56:32+00:00","description":"Esplora il tour virtuale Biopietra: ambienti realistici a 360\u00b0, rivestimenti in pietra ecologica e schede tecniche interattive. Un\u2019esperienza immersiva per scoprire il design sostenibile Made in Italy.","breadcrumb":{"@id":"https:\/\/biopietra.com\/de\/showroom-virtual-tour\/#breadcrumb"},"inLanguage":"de","potentialAction":[{"@type":"ReadAction","target":["https:\/\/biopietra.com\/de\/showroom-virtual-tour\/"]}]},{"@type":"ImageObject","inLanguage":"de","@id":"https:\/\/biopietra.com\/de\/showroom-virtual-tour\/#primaryimage","url":"https:\/\/biopietra.com\/wp-content\/uploads\/2021\/08\/Biopietra-Showroom1.jpg","contentUrl":"https:\/\/biopietra.com\/wp-content\/uploads\/2021\/08\/Biopietra-Showroom1.jpg","width":1280,"height":803,"caption":"Ausstellungsraum im Erdgeschoss"},{"@type":"BreadcrumbList","@id":"https:\/\/biopietra.com\/de\/showroom-virtual-tour\/#breadcrumb","itemListElement":[{"@type":"ListItem","position":1,"name":"Home","item":"https:\/\/biopietra.com\/de\/"},{"@type":"ListItem","position":2,"name":"Showroom Virtual Tour"}]},{"@type":"WebSite","@id":"https:\/\/biopietra.com\/#website","url":"https:\/\/biopietra.com\/","name":"Biopietra","description":"The Green Stone Industry","potentialAction":[{"@type":"SearchAction","target":{"@type":"EntryPoint","urlTemplate":"https:\/\/biopietra.com\/?s={search_term_string}"},"query-input":{"@type":"PropertyValueSpecification","valueRequired":true,"valueName":"search_term_string"}}],"inLanguage":"de"}]}},"_links":{"self":[{"href":"https:\/\/biopietra.com\/de\/wp-json\/wp\/v2\/pages\/12723","targetHints":{"allow":["GET"]}}],"collection":[{"href":"https:\/\/biopietra.com\/de\/wp-json\/wp\/v2\/pages"}],"about":[{"href":"https:\/\/biopietra.com\/de\/wp-json\/wp\/v2\/types\/page"}],"author":[{"embeddable":true,"href":"https:\/\/biopietra.com\/de\/wp-json\/wp\/v2\/users\/2"}],"replies":[{"embeddable":true,"href":"https:\/\/biopietra.com\/de\/wp-json\/wp\/v2\/comments?post=12723"}],"version-history":[{"count":10,"href":"https:\/\/biopietra.com\/de\/wp-json\/wp\/v2\/pages\/12723\/revisions"}],"predecessor-version":[{"id":30127,"href":"https:\/\/biopietra.com\/de\/wp-json\/wp\/v2\/pages\/12723\/revisions\/30127"}],"wp:featuredmedia":[{"embeddable":true,"href":"https:\/\/biopietra.com\/de\/wp-json\/wp\/v2\/media\/12586"}],"wp:attachment":[{"href":"https:\/\/biopietra.com\/de\/wp-json\/wp\/v2\/media?parent=12723"}],"curies":[{"name":"wp","href":"https:\/\/api.w.org\/{rel}","templated":true}]}}