{"id":29679,"date":"2025-07-31T11:06:28","date_gmt":"2025-07-31T09:06:28","guid":{"rendered":"https:\/\/biopietra.com\/?page_id=29679"},"modified":"2025-09-04T12:25:05","modified_gmt":"2025-09-04T10:25:05","slug":"ce-kennzeichnung-sicherheit-konformitaet-und-qualitaet-fuer-oekologischen-kunststein","status":"publish","type":"page","link":"https:\/\/biopietra.com\/de\/zertifizierungen\/ce-kennzeichnung-sicherheit-konformitaet-und-qualitaet-fuer-oekologischen-kunststein\/","title":{"rendered":"CE-Kennzeichnung: Sicherheit, Konformit\u00e4t und Qualit\u00e4t f\u00fcr \u00f6kologischen Kunststein"},"content":{"rendered":"<h3>Was ist die CE-Kennzeichnung und warum ist sie wichtig?<\/h3>\n<p>Viele Produkte m\u00fcssen mit der<span>\u00a0<\/span><strong>CE-Kennzeichnung<\/strong><span>\u00a0<\/span>versehen sein, bevor sie innerhalb der Europ\u00e4ischen Union verkauft werden d\u00fcrfen.<span>\u00a0<\/span><strong>Tats\u00e4chlich<\/strong><span>\u00a0<\/span>best\u00e4tigt dieses Zeichen, dass das Produkt vom<span>\u00a0<\/span><strong>Hersteller bewertet wurde<\/strong><span>\u00a0<\/span>und den EU-Anforderungen in Bezug auf<span>\u00a0<\/span><strong>Sicherheit, Gesundheit und Umweltschutz<\/strong><span>\u00a0<\/span>entspricht.<\/p>\n<p><strong>Dar\u00fcber hinaus<\/strong><span>\u00a0<\/span>ist die CE-Kennzeichnung f\u00fcr Produkte erforderlich, die<span>\u00a0<\/span><strong>weltweit hergestellt<\/strong><span>\u00a0<\/span>werden,<span>\u00a0<\/span><strong>sofern<\/strong><span>\u00a0<\/span>sie innerhalb der EU vermarktet werden.<span>\u00a0<\/span><strong>Aus diesem Grund<\/strong><span>\u00a0<\/span>betrachtet Biopietra die CE-Kennzeichnung nicht nur als gesetzliche Pflicht,<span>\u00a0<\/span><strong>sondern auch<\/strong><span>\u00a0<\/span>als ein<span>\u00a0<\/span><strong>klares Bekenntnis zu Qualit\u00e4t, Transparenz und Nachhaltigkeit<\/strong>.<\/p>\n<h3>Wann ist die CE-Kennzeichnung verpflichtend?<\/h3>\n<p>Die CE-Kennzeichnung ist nur f\u00fcr Produkte verpflichtend, die unter<span>\u00a0<\/span><strong>harmonisierte europ\u00e4ische Vorschriften<\/strong><span>\u00a0<\/span>fallen.<span>\u00a0<\/span><strong>Zum Beispiel<\/strong><span>\u00a0<\/span>geh\u00f6ren \u00f6kologische Verblendungen aus Kunststein zu den Produktkategorien, f\u00fcr die die<span>\u00a0<\/span><strong>CE-Kennzeichnung gesetzlich vorgeschrieben<\/strong><span>\u00a0<\/span>ist.<\/p>\n<p><strong>Zus\u00e4tzlich<\/strong><span>\u00a0<\/span>k\u00f6nnen einige Produkte gleichzeitig mehreren<span>\u00a0<\/span><strong>EU-Richtlinien oder -Verordnungen<\/strong><span>\u00a0<\/span>unterliegen.<span>\u00a0<\/span><strong>Daher<\/strong><span>\u00a0<\/span>muss vor dem Anbringen der CE-Kennzeichnung sichergestellt werden, dass das Produkt<span>\u00a0<\/span><strong>alle geltenden Anforderungen<\/strong><span>\u00a0<\/span>erf\u00fcllt.<\/p>\n<p><strong>Andererseits<\/strong><span>\u00a0<\/span>ist es verboten, die CE-Kennzeichnung auf Produkten anzubringen, die<span>\u00a0<\/span><strong>nicht unter die Pflicht fallen<\/strong><span>\u00a0<\/span>oder<span>\u00a0<\/span><strong>nicht durch harmonisierte Vorschriften abgedeckt sind<\/strong>.<\/p>\n<hr \/>\n<h3>Ist eine unabh\u00e4ngige Bewertung erforderlich?<\/h3>\n<p>Die EU-Vorschriften k\u00f6nnen verlangen, dass das Produkt von einer<span>\u00a0<\/span><strong>benannten Stelle gepr\u00fcft<\/strong><span>\u00a0<\/span>wird. Wenn dies erforderlich ist, muss die CE-Kennzeichnung von der<span>\u00a0<\/span><strong>Identifikationsnummer der benannten Stelle<\/strong><span>\u00a0<\/span>begleitet werden.<\/p>\n<p>Auch wenn diese Bewertung<span>\u00a0<\/span><strong>nicht f\u00fcr alle Produkte verpflichtend<\/strong><span>\u00a0<\/span>ist, wird dringend empfohlen, das<span>\u00a0<\/span><strong>CE-Zertifikat f\u00fcr Kunststeinprodukte<\/strong><span>\u00a0<\/span>anzufordern, da diese in der Regel unter die Pflicht zur CE-Kennzeichnung fallen.<\/p>\n<hr \/>\n<h3>Biopietra und die Einhaltung europ\u00e4ischer Normen<\/h3>\n<p>Biopietra-Produkte entsprechen den europ\u00e4ischen Vorschriften und werden von einer<span>\u00a0<\/span><strong>Leistungserkl\u00e4rung (DoP)<\/strong><span>\u00a0<\/span>begleitet, die die technischen und funktionalen Eigenschaften des Materials beschreibt.<\/p>\n<p>Unsere Verblendungen werden auf folgende Eigenschaften gepr\u00fcft:<\/p>\n<ul>\n<li><strong>Brandverhalten<\/strong><\/li>\n<li><strong>Wasseraufnahme<\/strong><\/li>\n<li><strong>Mechanische Festigkeit<\/strong><\/li>\n<li><strong>Langzeitbest\u00e4ndigkeit<\/strong><\/li>\n<\/ul>\n<hr \/>\n<h3>Weitere Zertifizierungen neben der CE-Kennzeichnung<\/h3>\n<p>Biopietra geht \u00fcber die CE-Kennzeichnung hinaus: Unsere Produkte verf\u00fcgen \u00fcber<span>\u00a0<\/span><strong>einzigartige Umwelt- und Nachhaltigkeitszertifizierungen<\/strong>, darunter:<\/p>\n<ul>\n<li><strong>VOC A+<\/strong><span>\u00a0<\/span>f\u00fcr die Raumluftqualit\u00e4t<\/li>\n<li><strong>LEED\u00ae<\/strong><span>\u00a0<\/span>f\u00fcr nachhaltiges Bauen<\/li>\n<li><strong>ICEA<\/strong><span>\u00a0<\/span>f\u00fcr \u00f6kologisches Bauen<\/li>\n<\/ul>\n<p>\ud83d\udc49<span>\u00a0<\/span><a class=\"fui-Link ___w5et180 f2hkw1w f3rmtva f1ewtqcl fyind8e f1k6fduh f1w7gpdv f1mo0ibp fjoy568 ff5ikls f1s184ao f1mk8lai fnbmjn9 f1o700av f13mvf36 f1cmlufx f9n3di6 f1ids18y f1tx3yz7 f1deo86v f1eh06m1 f1iescvh fhgqx19 f1olyrje f1p93eir f1nev41a\" href=\"https:\/\/biopietra.com\/certificazioni-garanzie-pietra-ricostruita-ecologica\/\" target=\"_blank\" data-tabster=\"{&quot;restorer&quot;:{&quot;type&quot;:1}}\" rel=\"noopener\" tabindex=\"0\">Entdecken Sie alle Biopietra-Zertifizierungen<\/a><\/p>\n<hr \/>\n<h3>\ud83d\udcc4 Leistungserkl\u00e4rung (DoP) herunterladen<\/h3>\n<p>M\u00f6chten Sie die technischen Unterlagen zu unseren Produkten erhalten?<br \/>\n\ud83d\udce9<span>\u00a0<\/span><strong><a class=\"fui-Link ___w5et180 f2hkw1w f3rmtva f1ewtqcl fyind8e f1k6fduh f1w7gpdv f1mo0ibp fjoy568 ff5ikls f1s184ao f1mk8lai fnbmjn9 f1o700av f13mvf36 f1cmlufx f9n3di6 f1ids18y f1tx3yz7 f1deo86v f1eh06m1 f1iescvh fhgqx19 f1olyrje f1p93eir f1nev41a\" href=\"https:\/\/biopietra.com\/de\/ansprechpartner\/\" target=\"_blank\" data-tabster=\"{&quot;restorer&quot;:{&quot;type&quot;:1}}\" rel=\"noopener\" tabindex=\"0\">Kontaktieren Sie uns jetzt<\/a><\/strong><span>\u00a0<\/span>oder<span>\u00a0<\/span><strong>laden Sie die DoP<\/strong><span>\u00a0<\/span>direkt von der Produktseite herunter.<\/p>\n","protected":false},"excerpt":{"rendered":"<p>Was ist die CE-Kennzeichnung und warum ist sie wichtig? Viele [&hellip;]<\/p>\n","protected":false},"author":4,"featured_media":0,"parent":3127,"menu_order":0,"comment_status":"closed","ping_status":"closed","template":"template-page-custom.php","meta":{"qubely_global_settings":"","qubely_interactions":"","rop_custom_images_group":[],"rop_custom_messages_group":[],"rop_publish_now":"initial","rop_publish_now_accounts":{"facebook_4317419521910128_433253626703258":""},"rop_publish_now_history":[],"rop_publish_now_status":"pending","footnotes":""},"class_list":["post-29679","page","type-page","status-publish","hentry"],"aioseo_notices":[],"yoast_head":"<!-- This site is optimized with the Yoast SEO plugin v27.4 - https:\/\/yoast.com\/product\/yoast-seo-wordpress\/ -->\n<title>CE-Kennzeichnung: Sicherheit, Konformit\u00e4t und Qualit\u00e4t f\u00fcr \u00f6kologischen Kunststein - Biopietra<\/title>\n<meta name=\"description\" content=\"Scopri come Biopietra garantisce la marcatura CE per la pietra ricostruita, offrendo rivestimenti ecologici conformi alle normative UE. Scarica la Dichiarazione di Prestazione.\" \/>\n<meta name=\"robots\" content=\"index, follow, max-snippet:-1, max-image-preview:large, max-video-preview:-1\" \/>\n<link rel=\"canonical\" href=\"https:\/\/biopietra.com\/de\/zertifizierungen\/ce-kennzeichnung-sicherheit-konformitaet-und-qualitaet-fuer-oekologischen-kunststein\/\" \/>\n<meta property=\"og:locale\" content=\"de_DE\" \/>\n<meta property=\"og:type\" content=\"article\" \/>\n<meta property=\"og:title\" content=\"CE-Kennzeichnung: Sicherheit, Konformit\u00e4t und Qualit\u00e4t f\u00fcr \u00f6kologischen Kunststein - Biopietra\" \/>\n<meta property=\"og:description\" content=\"Scopri come Biopietra garantisce la marcatura CE per la pietra ricostruita, offrendo rivestimenti ecologici conformi alle normative UE. Scarica la Dichiarazione di Prestazione.\" \/>\n<meta property=\"og:url\" content=\"https:\/\/biopietra.com\/de\/zertifizierungen\/ce-kennzeichnung-sicherheit-konformitaet-und-qualitaet-fuer-oekologischen-kunststein\/\" \/>\n<meta property=\"og:site_name\" content=\"Biopietra\" \/>\n<meta property=\"article:modified_time\" content=\"2025-09-04T10:25:05+00:00\" \/>\n<meta name=\"twitter:card\" content=\"summary_large_image\" \/>\n<meta name=\"twitter:label1\" content=\"Gesch\u00e4tzte Lesezeit\" \/>\n\t<meta name=\"twitter:data1\" content=\"2\u00a0Minuten\" \/>\n<script type=\"application\/ld+json\" class=\"yoast-schema-graph\">{\"@context\":\"https:\\\/\\\/schema.org\",\"@graph\":[{\"@type\":\"WebPage\",\"@id\":\"https:\\\/\\\/biopietra.com\\\/de\\\/zertifizierungen\\\/ce-kennzeichnung-sicherheit-konformitaet-und-qualitaet-fuer-oekologischen-kunststein\\\/\",\"url\":\"https:\\\/\\\/biopietra.com\\\/de\\\/zertifizierungen\\\/ce-kennzeichnung-sicherheit-konformitaet-und-qualitaet-fuer-oekologischen-kunststein\\\/\",\"name\":\"CE-Kennzeichnung: Sicherheit, Konformit\u00e4t und Qualit\u00e4t f\u00fcr \u00f6kologischen Kunststein - Biopietra\",\"isPartOf\":{\"@id\":\"https:\\\/\\\/biopietra.com\\\/#website\"},\"datePublished\":\"2025-07-31T09:06:28+00:00\",\"dateModified\":\"2025-09-04T10:25:05+00:00\",\"description\":\"Scopri come Biopietra garantisce la marcatura CE per la pietra ricostruita, offrendo rivestimenti ecologici conformi alle normative UE. Scarica la Dichiarazione di Prestazione.\",\"breadcrumb\":{\"@id\":\"https:\\\/\\\/biopietra.com\\\/de\\\/zertifizierungen\\\/ce-kennzeichnung-sicherheit-konformitaet-und-qualitaet-fuer-oekologischen-kunststein\\\/#breadcrumb\"},\"inLanguage\":\"de\",\"potentialAction\":[{\"@type\":\"ReadAction\",\"target\":[\"https:\\\/\\\/biopietra.com\\\/de\\\/zertifizierungen\\\/ce-kennzeichnung-sicherheit-konformitaet-und-qualitaet-fuer-oekologischen-kunststein\\\/\"]}]},{\"@type\":\"BreadcrumbList\",\"@id\":\"https:\\\/\\\/biopietra.com\\\/de\\\/zertifizierungen\\\/ce-kennzeichnung-sicherheit-konformitaet-und-qualitaet-fuer-oekologischen-kunststein\\\/#breadcrumb\",\"itemListElement\":[{\"@type\":\"ListItem\",\"position\":1,\"name\":\"Home\",\"item\":\"https:\\\/\\\/biopietra.com\\\/de\\\/\"},{\"@type\":\"ListItem\",\"position\":2,\"name\":\"Zertifizierungen\",\"item\":\"https:\\\/\\\/biopietra.com\\\/de\\\/zertifizierungen\\\/\"},{\"@type\":\"ListItem\",\"position\":3,\"name\":\"CE-Kennzeichnung: Sicherheit, Konformit\u00e4t und Qualit\u00e4t f\u00fcr \u00f6kologischen Kunststein\"}]},{\"@type\":\"WebSite\",\"@id\":\"https:\\\/\\\/biopietra.com\\\/#website\",\"url\":\"https:\\\/\\\/biopietra.com\\\/\",\"name\":\"Biopietra\",\"description\":\"The Green Stone Industry\",\"potentialAction\":[{\"@type\":\"SearchAction\",\"target\":{\"@type\":\"EntryPoint\",\"urlTemplate\":\"https:\\\/\\\/biopietra.com\\\/?s={search_term_string}\"},\"query-input\":{\"@type\":\"PropertyValueSpecification\",\"valueRequired\":true,\"valueName\":\"search_term_string\"}}],\"inLanguage\":\"de\"}]}<\/script>\n<!-- \/ Yoast SEO plugin. -->","yoast_head_json":{"title":"CE-Kennzeichnung: Sicherheit, Konformit\u00e4t und Qualit\u00e4t f\u00fcr \u00f6kologischen Kunststein - Biopietra","description":"Scopri come Biopietra garantisce la marcatura CE per la pietra ricostruita, offrendo rivestimenti ecologici conformi alle normative UE. Scarica la Dichiarazione di Prestazione.","robots":{"index":"index","follow":"follow","max-snippet":"max-snippet:-1","max-image-preview":"max-image-preview:large","max-video-preview":"max-video-preview:-1"},"canonical":"https:\/\/biopietra.com\/de\/zertifizierungen\/ce-kennzeichnung-sicherheit-konformitaet-und-qualitaet-fuer-oekologischen-kunststein\/","og_locale":"de_DE","og_type":"article","og_title":"CE-Kennzeichnung: Sicherheit, Konformit\u00e4t und Qualit\u00e4t f\u00fcr \u00f6kologischen Kunststein - Biopietra","og_description":"Scopri come Biopietra garantisce la marcatura CE per la pietra ricostruita, offrendo rivestimenti ecologici conformi alle normative UE. Scarica la Dichiarazione di Prestazione.","og_url":"https:\/\/biopietra.com\/de\/zertifizierungen\/ce-kennzeichnung-sicherheit-konformitaet-und-qualitaet-fuer-oekologischen-kunststein\/","og_site_name":"Biopietra","article_modified_time":"2025-09-04T10:25:05+00:00","twitter_card":"summary_large_image","twitter_misc":{"Gesch\u00e4tzte Lesezeit":"2\u00a0Minuten"},"schema":{"@context":"https:\/\/schema.org","@graph":[{"@type":"WebPage","@id":"https:\/\/biopietra.com\/de\/zertifizierungen\/ce-kennzeichnung-sicherheit-konformitaet-und-qualitaet-fuer-oekologischen-kunststein\/","url":"https:\/\/biopietra.com\/de\/zertifizierungen\/ce-kennzeichnung-sicherheit-konformitaet-und-qualitaet-fuer-oekologischen-kunststein\/","name":"CE-Kennzeichnung: Sicherheit, Konformit\u00e4t und Qualit\u00e4t f\u00fcr \u00f6kologischen Kunststein - Biopietra","isPartOf":{"@id":"https:\/\/biopietra.com\/#website"},"datePublished":"2025-07-31T09:06:28+00:00","dateModified":"2025-09-04T10:25:05+00:00","description":"Scopri come Biopietra garantisce la marcatura CE per la pietra ricostruita, offrendo rivestimenti ecologici conformi alle normative UE. Scarica la Dichiarazione di Prestazione.","breadcrumb":{"@id":"https:\/\/biopietra.com\/de\/zertifizierungen\/ce-kennzeichnung-sicherheit-konformitaet-und-qualitaet-fuer-oekologischen-kunststein\/#breadcrumb"},"inLanguage":"de","potentialAction":[{"@type":"ReadAction","target":["https:\/\/biopietra.com\/de\/zertifizierungen\/ce-kennzeichnung-sicherheit-konformitaet-und-qualitaet-fuer-oekologischen-kunststein\/"]}]},{"@type":"BreadcrumbList","@id":"https:\/\/biopietra.com\/de\/zertifizierungen\/ce-kennzeichnung-sicherheit-konformitaet-und-qualitaet-fuer-oekologischen-kunststein\/#breadcrumb","itemListElement":[{"@type":"ListItem","position":1,"name":"Home","item":"https:\/\/biopietra.com\/de\/"},{"@type":"ListItem","position":2,"name":"Zertifizierungen","item":"https:\/\/biopietra.com\/de\/zertifizierungen\/"},{"@type":"ListItem","position":3,"name":"CE-Kennzeichnung: Sicherheit, Konformit\u00e4t und Qualit\u00e4t f\u00fcr \u00f6kologischen Kunststein"}]},{"@type":"WebSite","@id":"https:\/\/biopietra.com\/#website","url":"https:\/\/biopietra.com\/","name":"Biopietra","description":"The Green Stone Industry","potentialAction":[{"@type":"SearchAction","target":{"@type":"EntryPoint","urlTemplate":"https:\/\/biopietra.com\/?s={search_term_string}"},"query-input":{"@type":"PropertyValueSpecification","valueRequired":true,"valueName":"search_term_string"}}],"inLanguage":"de"}]}},"_links":{"self":[{"href":"https:\/\/biopietra.com\/de\/wp-json\/wp\/v2\/pages\/29679\/"}],"collection":[{"href":"https:\/\/biopietra.com\/de\/wp-json\/wp\/v2\/pages\/"}],"about":[{"href":"https:\/\/biopietra.com\/de\/wp-json\/wp\/v2\/types\/page\/"}],"author":[{"embeddable":true,"href":"https:\/\/biopietra.com\/de\/wp-json\/wp\/v2\/users\/4\/"}],"replies":[{"embeddable":true,"href":"https:\/\/biopietra.com\/de\/wp-json\/wp\/v2\/comments\/?post=29679"}],"version-history":[{"count":3,"href":"https:\/\/biopietra.com\/de\/wp-json\/wp\/v2\/pages\/29679\/revisions\/"}],"predecessor-version":[{"id":29870,"href":"https:\/\/biopietra.com\/de\/wp-json\/wp\/v2\/pages\/29679\/revisions\/29870\/"}],"up":[{"embeddable":true,"href":"https:\/\/biopietra.com\/de\/wp-json\/wp\/v2\/pages\/3127\/"}],"wp:attachment":[{"href":"https:\/\/biopietra.com\/de\/wp-json\/wp\/v2\/media\/?parent=29679"}],"curies":[{"name":"wp","href":"https:\/\/api.w.org\/{rel}","templated":true}]}}