{"id":29707,"date":"2025-07-31T16:41:46","date_gmt":"2025-07-31T14:41:46","guid":{"rendered":"https:\/\/biopietra.com\/?page_id=29707"},"modified":"2025-10-01T08:49:37","modified_gmt":"2025-10-01T06:49:37","slug":"biopietra-regenerierter-stein-bioarchitektur","status":"publish","type":"page","link":"https:\/\/biopietra.com\/de\/biopietra-regenerierter-stein-bioarchitektur\/","title":{"rendered":"Was ist Biopietra? Die italienische Eco &#8211; Stein &#8211; Revolution"},"content":{"rendered":"<div class=\"page\" title=\"Page 1\">\n<div class=\"layoutArea\">\n<div class=\"column\">\n<h2>Biopietra: die nachhaltige Alternative zu Naturstein<\/h2>\n<h3>Naturstein, Kunststein, rekonstruierter Verblendstein oder BIOPIETRA: die regenerierte Steinverkleidung f\u00fcr die Bioarchitektur.<\/h3>\n<p>Biopietra ist ein innovativer, regenerierter Stein, entstanden aus der Verbindung von<span>\u00a0<\/span><strong>wissenschaftlicher Forschung<\/strong>,<span>\u00a0<\/span><strong>fortschrittlicher Technologie<\/strong><span>\u00a0<\/span>und einer klaren<span>\u00a0<\/span><strong>\u00f6kologischen Vision<\/strong>.<br \/>\nEs handelt sich nicht um einen rekonstruierten Stein, sondern um ein<span>\u00a0<\/span><strong>Material der neuen Generation<\/strong>, das entwickelt wurde, um die Grenzen von Naturstein zu \u00fcberwinden \u2013 mit<span>\u00a0<\/span><strong>\u00fcberlegener technischer Leistung<\/strong>,<span>\u00a0<\/span><strong>echter Nachhaltigkeit<\/strong><span>\u00a0<\/span>und<span>\u00a0<\/span><strong>maximaler gesundheitlicher Sicherheit<\/strong>.<\/p>\n<p>Biopietra ist<span>\u00a0<\/span><strong>leicht<\/strong>,<span>\u00a0<\/span><strong>widerstandsf\u00e4hig<\/strong>,<span>\u00a0<\/span><strong>atmungsaktiv<\/strong>,<span>\u00a0<\/span><strong>zu 100 % recycelbar<\/strong><span>\u00a0<\/span>und<span>\u00a0<\/span><strong>frei von Schadstoffen<\/strong>.<br \/>\nEs wurde entwickelt, um den Anforderungen der<span>\u00a0<\/span><strong>nachhaltigen Architektur<\/strong><span>\u00a0<\/span>und des<span>\u00a0<\/span><strong>\u00f6kologischen Bauens<\/strong><span>\u00a0<\/span>gerecht zu werden \u2013 ideal f\u00fcr alle, die mit Stil, Verantwortung und Innovation bauen m\u00f6chten.<\/p>\n<hr \/>\n<h3>Ein zukunftsweisender Stein f\u00fcr die Bioarchitektur<\/h3>\n<p>Biopietra ist der einzige Stein, der f\u00fcr die Bioarchitektur zertifiziert ist. Er wird vollst\u00e4ndig in Italien hergestellt \u2013 mit einem innovativen Verfahren, das bis zu 80 % nat\u00fcrliche Rohstoffe wiederverwertet, Emissionen reduziert und<span>\u00a0<\/span><strong>keine Schadstoffe freisetzt<\/strong>.<br \/>\nEr ist<span>\u00a0<\/span><strong>VOC-frei<\/strong>,<span>\u00a0<\/span><strong>Radon-frei<\/strong>,<span>\u00a0<\/span><strong>frei von Schwermetallen<\/strong>,<span>\u00a0<\/span><strong>frei von chemischen Harzen<\/strong><span>\u00a0<\/span>und<span>\u00a0<\/span><strong>durchgef\u00e4rbt<\/strong>, um eine langanhaltende \u00c4sthetik ohne Oberfl\u00e4chenbehandlung zu gew\u00e4hrleisten.<\/p>\n<hr \/>\n<h3>Echte Nachhaltigkeit \u2013 kein leeres Versprechen<\/h3>\n<ul>\n<li>100 % recycelbar<\/li>\n<li>80 % recycelte Materialien<\/li>\n<li>Null Emissionen<\/li>\n<li>10 LEED-Punkte f\u00fcr die <a href=\"https:\/\/www.usgbc.org\/leed\">Green-Building-Zertifizierung<\/a><\/li>\n<li>Zertifiziert durch <a href=\"https:\/\/www.anab.it\/\">ANAB<\/a> \u2013 Bio\u00f6kologische Architektur, ICEA und CE<\/li>\n<\/ul>\n<p>Biopietra ist die ideale L\u00f6sung f\u00fcr alle, die verantwortungsvoll bauen oder renovieren m\u00f6chten \u2013 ohne Kompromisse bei \u00c4sthetik, Komfort oder Leistung.<\/p>\n<hr \/>\n<h3>\u00dcberlegene technische Eigenschaften<\/h3>\n<p>Biopietra ist<span>\u00a0<\/span><strong>leichter<\/strong>,<span>\u00a0<\/span><strong>st\u00e4rker<\/strong><span>\u00a0<\/span>und<span>\u00a0<\/span><strong>leistungsf\u00e4higer<\/strong><span>\u00a0<\/span>als Naturstein oder rekonstruierter Stein:<\/p>\n<ul>\n<li><strong>Atmungsaktiv<\/strong>: verhindert Kondensation und damit Abl\u00f6sungen durch Frost-Tau-Zyklen<\/li>\n<li><strong>Frostbest\u00e4ndig<\/strong>: zertifiziert nach UNI EN 771-5:2015<\/li>\n<li><strong>Feuerfest<\/strong>: Klasse A1, nicht brennbar, rauchfrei<\/li>\n<li><strong>Schalld\u00e4mmend<\/strong>: reduziert die Schallausbreitung<\/li>\n<li><strong>Solar Reflex<\/strong>: reflektiert W\u00e4rme und verbessert die Energieeffizienz<\/li>\n<li><strong>Total White<\/strong>: bis zu 30 % Energieeinsparung durch Lichtreflexion<\/li>\n<\/ul>\n<hr \/>\n<h3>Italienischer Stolz, zertifizierte Qualit\u00e4t<\/h3>\n<p>Biopietra wird<span>\u00a0<\/span><strong>vollst\u00e4ndig in Italien hergestellt<\/strong><span>\u00a0<\/span>und tr\u00e4gt die<span>\u00a0<\/span><strong>doppelte CE-Kennzeichnung<\/strong><span>\u00a0<\/span>(UNI EN 771-5:2015 und UNI EN 15286).<br \/>\nJedes Produkt enth\u00e4lt einen<span>\u00a0<\/span><strong>QR-Code<\/strong>, \u00fcber den ein<span>\u00a0<\/span><strong>Verlegevideo<\/strong><span>\u00a0<\/span>direkt auf der Baustelle abgerufen werden kann \u2013 f\u00fcr eine fachgerechte Anwendung mit dem System<span>\u00a0<\/span><strong>Ecokoll, Biostucco und Biofin<\/strong>.<\/p>\n<hr \/>\n<h3>Perfekt f\u00fcr jedes Projekt<\/h3>\n<p>Biopietra eignet sich ideal f\u00fcr:<\/p>\n<ul>\n<li><a href=\"https:\/\/biopietra.com\/gallery\/interior-design\/\">Innen<\/a>&#8211; und <a href=\"https:\/\/biopietra.com\/gallery\/residenziale\/\">Au\u00dfenverkleidungen<\/a><\/li>\n<li><a href=\"https:\/\/biopietra.com\/gallery\/work-in-progress\/\">W\u00e4rmed\u00e4mmverbundsysteme und Isolierplatten<\/a><\/li>\n<li><a href=\"https:\/\/biopietra.com\/gallery\/hospitality-wellness\/\">Private und \u00f6ffentliche R\u00e4ume<\/a><\/li>\n<li><a href=\"https:\/\/biopietra.com\/gallery\/restauro-conservativo\/\">Hotels, Spas, Restaurants, Gesch\u00e4fte, Wohnh\u00e4user und Restaurierungen<\/a><\/li>\n<\/ul>\n<hr \/>\n<p><strong>N\u00fctzliche Links<\/strong><\/p>\n<ul>\n<li><a class=\"fui-Link ___w5et180 f2hkw1w f3rmtva f1ewtqcl fyind8e f1k6fduh f1w7gpdv f1mo0ibp fjoy568 ff5ikls f1s184ao f1mk8lai fnbmjn9 f1o700av f13mvf36 f1cmlufx f9n3di6 f1ids18y f1tx3yz7 f1deo86v f1eh06m1 f1iescvh fhgqx19 f1olyrje f1p93eir f1nev41a\" href=\"https:\/\/biopietra.com\/\" target=\"_blank\" data-tabster=\"{&quot;restorer&quot;:{&quot;type&quot;:1}}\" rel=\"noopener\" tabindex=\"0\">Biopietra Kollektionen<\/a><\/li>\n<li><a class=\"fui-Link ___w5et180 f2hkw1w f3rmtva f1ewtqcl fyind8e f1k6fduh f1w7gpdv f1mo0ibp fjoy568 ff5ikls f1s184ao f1mk8lai fnbmjn9 f1o700av f13mvf36 f1cmlufx f9n3di6 f1ids18y f1tx3yz7 f1deo86v f1eh06m1 f1iescvh fhgqx19 f1olyrje f1p93eir f1nev41a\" href=\"https:\/\/biopietra.com\/\" target=\"_blank\" data-tabster=\"{&quot;restorer&quot;:{&quot;type&quot;:1}}\" rel=\"noopener\" tabindex=\"0\">Zertifizierungen und Nachhaltigkeit<\/a><\/li>\n<li><a class=\"fui-Link ___w5et180 f2hkw1w f3rmtva f1ewtqcl fyind8e f1k6fduh f1w7gpdv f1mo0ibp fjoy568 ff5ikls f1s184ao f1mk8lai fnbmjn9 f1o700av f13mvf36 f1cmlufx f9n3di6 f1ids18y f1tx3yz7 f1deo86v f1eh06m1 f1iescvh fhgqx19 f1olyrje f1p93eir f1nev41a\" href=\"https:\/\/biopietra.com\/\" target=\"_blank\" data-tabster=\"{&quot;restorer&quot;:{&quot;type&quot;:1}}\" rel=\"noopener\" tabindex=\"0\">Technische Vorteile<\/a><\/li>\n<li><a class=\"fui-Link ___w5et180 f2hkw1w f3rmtva f1ewtqcl fyind8e f1k6fduh f1w7gpdv f1mo0ibp fjoy568 ff5ikls f1s184ao f1mk8lai fnbmjn9 f1o700av f13mvf36 f1cmlufx f9n3di6 f1ids18y f1tx3yz7 f1deo86v f1eh06m1 f1iescvh fhgqx19 f1olyrje f1p93eir f1nev41a\" href=\"https:\/\/biopietra.com\/\" target=\"_blank\" data-tabster=\"{&quot;restorer&quot;:{&quot;type&quot;:1}}\" rel=\"noopener\" tabindex=\"0\">Angebot anfordern<\/a><\/li>\n<\/ul>\n<\/div>\n<\/div>\n<\/div>\n<p>&nbsp;<\/p>\n<p style=\"text-align: center;\"><a href=\"http:\/\/www.biopietra.com\/VT\/index.htm\" target=\"_blank\" rel=\"noopener\"><img loading=\"lazy\" decoding=\"async\" src=\"https:\/\/biopietra.com\/wp-content\/uploads\/2022\/02\/Biopietra-VT-logo-300x80.gif\" alt=\"\" width=\"300\" height=\"80\" class=\"alignnone size-medium wp-image-19529\" srcset=\"https:\/\/biopietra.com\/wp-content\/uploads\/2022\/02\/Biopietra-VT-logo-300x80.gif 300w, https:\/\/biopietra.com\/wp-content\/uploads\/2022\/02\/Biopietra-VT-logo-768x205.gif 768w, https:\/\/biopietra.com\/wp-content\/uploads\/2022\/02\/Biopietra-VT-logo-1024x273.gif 1024w\" sizes=\"auto, (max-width: 300px) 100vw, 300px\" \/><\/a><\/p>\n","protected":false},"excerpt":{"rendered":"<p>Biopietra: die nachhaltige Alternative zu Naturstein Naturstein, Kunststein, rekonstruierter Verblendstein [&hellip;]<\/p>\n","protected":false},"author":4,"featured_media":12586,"parent":0,"menu_order":0,"comment_status":"closed","ping_status":"closed","template":"template-page-faq.php","meta":{"qubely_global_settings":"","qubely_interactions":"","rop_custom_images_group":[],"rop_custom_messages_group":[],"rop_publish_now":"initial","rop_publish_now_accounts":{"facebook_4317419521910128_433253626703258":""},"rop_publish_now_history":[],"rop_publish_now_status":"pending","footnotes":""},"class_list":["post-29707","page","type-page","status-publish","has-post-thumbnail","hentry"],"aioseo_notices":[],"yoast_head":"<!-- This site is optimized with the Yoast SEO plugin v27.4 - https:\/\/yoast.com\/product\/yoast-seo-wordpress\/ -->\n<title>Biopietra \u2013 Regenerierter Stein f\u00fcr Bioarchitektur | Nachhaltige Alternative zu Naturstein<\/title>\n<meta name=\"description\" content=\"Entdecken Sie Biopietra, den regenerierten Stein f\u00fcr die Bioarchitektur: nachhaltig, ungiftig, 100 % recycelbar und Made in Italy.\" \/>\n<meta name=\"robots\" content=\"index, follow, max-snippet:-1, max-image-preview:large, max-video-preview:-1\" \/>\n<link rel=\"canonical\" href=\"https:\/\/biopietra.com\/de\/biopietra-regenerierter-stein-bioarchitektur\/\" \/>\n<meta property=\"og:locale\" content=\"de_DE\" \/>\n<meta property=\"og:type\" content=\"article\" \/>\n<meta property=\"og:title\" content=\"Biopietra \u2013 Regenerierter Stein f\u00fcr Bioarchitektur | Nachhaltige Alternative zu Naturstein\" \/>\n<meta property=\"og:description\" content=\"Entdecken Sie Biopietra, den regenerierten Stein f\u00fcr die Bioarchitektur: nachhaltig, ungiftig, 100 % recycelbar und Made in Italy.\" \/>\n<meta property=\"og:url\" content=\"https:\/\/biopietra.com\/de\/biopietra-regenerierter-stein-bioarchitektur\/\" \/>\n<meta property=\"og:site_name\" content=\"Biopietra\" \/>\n<meta property=\"article:modified_time\" content=\"2025-10-01T06:49:37+00:00\" \/>\n<meta property=\"og:image\" content=\"https:\/\/biopietra.com\/wp-content\/uploads\/2021\/08\/Biopietra-Showroom1.jpg\" \/>\n\t<meta property=\"og:image:width\" content=\"1280\" \/>\n\t<meta property=\"og:image:height\" content=\"803\" \/>\n\t<meta property=\"og:image:type\" content=\"image\/jpeg\" \/>\n<meta name=\"twitter:card\" content=\"summary_large_image\" \/>\n<meta name=\"twitter:label1\" content=\"Gesch\u00e4tzte Lesezeit\" \/>\n\t<meta name=\"twitter:data1\" content=\"2\u00a0Minuten\" \/>\n<script type=\"application\/ld+json\" class=\"yoast-schema-graph\">{\"@context\":\"https:\\\/\\\/schema.org\",\"@graph\":[{\"@type\":\"WebPage\",\"@id\":\"https:\\\/\\\/biopietra.com\\\/de\\\/biopietra-regenerierter-stein-bioarchitektur\\\/\",\"url\":\"https:\\\/\\\/biopietra.com\\\/de\\\/biopietra-regenerierter-stein-bioarchitektur\\\/\",\"name\":\"Biopietra \u2013 Regenerierter Stein f\u00fcr Bioarchitektur | Nachhaltige Alternative zu Naturstein\",\"isPartOf\":{\"@id\":\"https:\\\/\\\/biopietra.com\\\/#website\"},\"primaryImageOfPage\":{\"@id\":\"https:\\\/\\\/biopietra.com\\\/de\\\/biopietra-regenerierter-stein-bioarchitektur\\\/#primaryimage\"},\"image\":{\"@id\":\"https:\\\/\\\/biopietra.com\\\/de\\\/biopietra-regenerierter-stein-bioarchitektur\\\/#primaryimage\"},\"thumbnailUrl\":\"https:\\\/\\\/biopietra.com\\\/wp-content\\\/uploads\\\/2021\\\/08\\\/Biopietra-Showroom1.jpg\",\"datePublished\":\"2025-07-31T14:41:46+00:00\",\"dateModified\":\"2025-10-01T06:49:37+00:00\",\"description\":\"Entdecken Sie Biopietra, den regenerierten Stein f\u00fcr die Bioarchitektur: nachhaltig, ungiftig, 100 % recycelbar und Made in Italy.\",\"breadcrumb\":{\"@id\":\"https:\\\/\\\/biopietra.com\\\/de\\\/biopietra-regenerierter-stein-bioarchitektur\\\/#breadcrumb\"},\"inLanguage\":\"de\",\"potentialAction\":[{\"@type\":\"ReadAction\",\"target\":[\"https:\\\/\\\/biopietra.com\\\/de\\\/biopietra-regenerierter-stein-bioarchitektur\\\/\"]}]},{\"@type\":\"ImageObject\",\"inLanguage\":\"de\",\"@id\":\"https:\\\/\\\/biopietra.com\\\/de\\\/biopietra-regenerierter-stein-bioarchitektur\\\/#primaryimage\",\"url\":\"https:\\\/\\\/biopietra.com\\\/wp-content\\\/uploads\\\/2021\\\/08\\\/Biopietra-Showroom1.jpg\",\"contentUrl\":\"https:\\\/\\\/biopietra.com\\\/wp-content\\\/uploads\\\/2021\\\/08\\\/Biopietra-Showroom1.jpg\",\"width\":1280,\"height\":803,\"caption\":\"Ausstellungsraum im Erdgeschoss\"},{\"@type\":\"BreadcrumbList\",\"@id\":\"https:\\\/\\\/biopietra.com\\\/de\\\/biopietra-regenerierter-stein-bioarchitektur\\\/#breadcrumb\",\"itemListElement\":[{\"@type\":\"ListItem\",\"position\":1,\"name\":\"Home\",\"item\":\"https:\\\/\\\/biopietra.com\\\/de\\\/\"},{\"@type\":\"ListItem\",\"position\":2,\"name\":\"Was ist Biopietra? Die italienische Eco &#8211; Stein &#8211; Revolution\"}]},{\"@type\":\"WebSite\",\"@id\":\"https:\\\/\\\/biopietra.com\\\/#website\",\"url\":\"https:\\\/\\\/biopietra.com\\\/\",\"name\":\"Biopietra\",\"description\":\"The Green Stone Industry\",\"potentialAction\":[{\"@type\":\"SearchAction\",\"target\":{\"@type\":\"EntryPoint\",\"urlTemplate\":\"https:\\\/\\\/biopietra.com\\\/?s={search_term_string}\"},\"query-input\":{\"@type\":\"PropertyValueSpecification\",\"valueRequired\":true,\"valueName\":\"search_term_string\"}}],\"inLanguage\":\"de\"}]}<\/script>\n<!-- \/ Yoast SEO plugin. -->","yoast_head_json":{"title":"Biopietra \u2013 Regenerierter Stein f\u00fcr Bioarchitektur | Nachhaltige Alternative zu Naturstein","description":"Entdecken Sie Biopietra, den regenerierten Stein f\u00fcr die Bioarchitektur: nachhaltig, ungiftig, 100 % recycelbar und Made in Italy.","robots":{"index":"index","follow":"follow","max-snippet":"max-snippet:-1","max-image-preview":"max-image-preview:large","max-video-preview":"max-video-preview:-1"},"canonical":"https:\/\/biopietra.com\/de\/biopietra-regenerierter-stein-bioarchitektur\/","og_locale":"de_DE","og_type":"article","og_title":"Biopietra \u2013 Regenerierter Stein f\u00fcr Bioarchitektur | Nachhaltige Alternative zu Naturstein","og_description":"Entdecken Sie Biopietra, den regenerierten Stein f\u00fcr die Bioarchitektur: nachhaltig, ungiftig, 100 % recycelbar und Made in Italy.","og_url":"https:\/\/biopietra.com\/de\/biopietra-regenerierter-stein-bioarchitektur\/","og_site_name":"Biopietra","article_modified_time":"2025-10-01T06:49:37+00:00","og_image":[{"width":1280,"height":803,"url":"https:\/\/biopietra.com\/wp-content\/uploads\/2021\/08\/Biopietra-Showroom1.jpg","type":"image\/jpeg"}],"twitter_card":"summary_large_image","twitter_misc":{"Gesch\u00e4tzte Lesezeit":"2\u00a0Minuten"},"schema":{"@context":"https:\/\/schema.org","@graph":[{"@type":"WebPage","@id":"https:\/\/biopietra.com\/de\/biopietra-regenerierter-stein-bioarchitektur\/","url":"https:\/\/biopietra.com\/de\/biopietra-regenerierter-stein-bioarchitektur\/","name":"Biopietra \u2013 Regenerierter Stein f\u00fcr Bioarchitektur | Nachhaltige Alternative zu Naturstein","isPartOf":{"@id":"https:\/\/biopietra.com\/#website"},"primaryImageOfPage":{"@id":"https:\/\/biopietra.com\/de\/biopietra-regenerierter-stein-bioarchitektur\/#primaryimage"},"image":{"@id":"https:\/\/biopietra.com\/de\/biopietra-regenerierter-stein-bioarchitektur\/#primaryimage"},"thumbnailUrl":"https:\/\/biopietra.com\/wp-content\/uploads\/2021\/08\/Biopietra-Showroom1.jpg","datePublished":"2025-07-31T14:41:46+00:00","dateModified":"2025-10-01T06:49:37+00:00","description":"Entdecken Sie Biopietra, den regenerierten Stein f\u00fcr die Bioarchitektur: nachhaltig, ungiftig, 100 % recycelbar und Made in Italy.","breadcrumb":{"@id":"https:\/\/biopietra.com\/de\/biopietra-regenerierter-stein-bioarchitektur\/#breadcrumb"},"inLanguage":"de","potentialAction":[{"@type":"ReadAction","target":["https:\/\/biopietra.com\/de\/biopietra-regenerierter-stein-bioarchitektur\/"]}]},{"@type":"ImageObject","inLanguage":"de","@id":"https:\/\/biopietra.com\/de\/biopietra-regenerierter-stein-bioarchitektur\/#primaryimage","url":"https:\/\/biopietra.com\/wp-content\/uploads\/2021\/08\/Biopietra-Showroom1.jpg","contentUrl":"https:\/\/biopietra.com\/wp-content\/uploads\/2021\/08\/Biopietra-Showroom1.jpg","width":1280,"height":803,"caption":"Ausstellungsraum im Erdgeschoss"},{"@type":"BreadcrumbList","@id":"https:\/\/biopietra.com\/de\/biopietra-regenerierter-stein-bioarchitektur\/#breadcrumb","itemListElement":[{"@type":"ListItem","position":1,"name":"Home","item":"https:\/\/biopietra.com\/de\/"},{"@type":"ListItem","position":2,"name":"Was ist Biopietra? Die italienische Eco &#8211; Stein &#8211; Revolution"}]},{"@type":"WebSite","@id":"https:\/\/biopietra.com\/#website","url":"https:\/\/biopietra.com\/","name":"Biopietra","description":"The Green Stone Industry","potentialAction":[{"@type":"SearchAction","target":{"@type":"EntryPoint","urlTemplate":"https:\/\/biopietra.com\/?s={search_term_string}"},"query-input":{"@type":"PropertyValueSpecification","valueRequired":true,"valueName":"search_term_string"}}],"inLanguage":"de"}]}},"_links":{"self":[{"href":"https:\/\/biopietra.com\/de\/wp-json\/wp\/v2\/pages\/29707\/"}],"collection":[{"href":"https:\/\/biopietra.com\/de\/wp-json\/wp\/v2\/pages\/"}],"about":[{"href":"https:\/\/biopietra.com\/de\/wp-json\/wp\/v2\/types\/page\/"}],"author":[{"embeddable":true,"href":"https:\/\/biopietra.com\/de\/wp-json\/wp\/v2\/users\/4\/"}],"replies":[{"embeddable":true,"href":"https:\/\/biopietra.com\/de\/wp-json\/wp\/v2\/comments\/?post=29707"}],"version-history":[{"count":7,"href":"https:\/\/biopietra.com\/de\/wp-json\/wp\/v2\/pages\/29707\/revisions\/"}],"predecessor-version":[{"id":30204,"href":"https:\/\/biopietra.com\/de\/wp-json\/wp\/v2\/pages\/29707\/revisions\/30204\/"}],"wp:featuredmedia":[{"embeddable":true,"href":"https:\/\/biopietra.com\/de\/wp-json\/wp\/v2\/media\/12586\/"}],"wp:attachment":[{"href":"https:\/\/biopietra.com\/de\/wp-json\/wp\/v2\/media\/?parent=29707"}],"curies":[{"name":"wp","href":"https:\/\/api.w.org\/{rel}","templated":true}]}}