{"id":30591,"date":"2026-01-19T10:09:28","date_gmt":"2026-01-19T09:09:28","guid":{"rendered":"https:\/\/biopietra.com\/?page_id=30591"},"modified":"2026-01-19T10:27:33","modified_gmt":"2026-01-19T09:27:33","slug":"klimahouse%e2%80%912026%e2%80%91workshop","status":"publish","type":"page","link":"https:\/\/biopietra.com\/de\/klimahouse%e2%80%912026%e2%80%91workshop\/","title":{"rendered":"Nehmen Sie an unserem Klimahouse 2026 Workshop teil"},"content":{"rendered":"<h2>F\u00fcllen Sie das Formular aus, um am WORKSHOP teilzunehmen<\/h2>\n<p>Titel: Die Weiterentwicklung des W\u00e4rmed\u00e4mmverbundsystems: Regenerierter Naturstein von Biopietra zwischen Bio-Kompatibilit\u00e4t und hoher Leistungsf\u00e4higkeit<\/p>\n<p><em><strong>JETZT ANMELDEN!<\/strong><\/em><\/p>\n<hr \/>\n\n<div class=\"wpcf7 no-js\" id=\"wpcf7-f4610-o1\" lang=\"it-IT\" dir=\"ltr\" data-wpcf7-id=\"4610\">\n<div class=\"screen-reader-response\"><p role=\"status\" aria-live=\"polite\" aria-atomic=\"true\"><\/p> <ul><\/ul><\/div>\n<form action=\"\/de\/wp-json\/wp\/v2\/pages\/30591#wpcf7-f4610-o1\" method=\"post\" class=\"wpcf7-form init\" aria-label=\"Modulo di contatto\" novalidate=\"novalidate\" data-status=\"init\">\n<fieldset class=\"hidden-fields-container\"><input type=\"hidden\" name=\"_wpcf7\" value=\"4610\" \/><input type=\"hidden\" name=\"_wpcf7_version\" value=\"6.1.5\" \/><input type=\"hidden\" name=\"_wpcf7_locale\" value=\"it_IT\" \/><input type=\"hidden\" name=\"_wpcf7_unit_tag\" value=\"wpcf7-f4610-o1\" \/><input type=\"hidden\" name=\"_wpcf7_container_post\" value=\"0\" \/><input type=\"hidden\" name=\"_wpcf7_posted_data_hash\" value=\"\" \/><input type=\"hidden\" name=\"_wpcf7dtx_version\" value=\"5.0.5\" \/>\n<\/fieldset>\n<div class=\"row\">\n\t<div class=\"col-md-6 mb-25\">\n\t\t<div class=\"form-group\">\n\t\t\t<p><span class=\"wpcf7-form-control-wrap\" data-name=\"nome\"><input size=\"40\" maxlength=\"400\" class=\"wpcf7-form-control wpcf7-text wpcf7-validates-as-required form-control\" aria-required=\"true\" aria-invalid=\"false\" placeholder=\"Vorname*\" value=\"\" type=\"text\" name=\"nome\" \/><\/span>\n\t\t\t<\/p>\n\t\t<\/div>\n\t<\/div>\n\t<div class=\"col-md-6 mb-25\">\n\t\t<div class=\"form-group\">\n\t\t\t<p><span class=\"wpcf7-form-control-wrap\" data-name=\"cognome\"><input size=\"40\" maxlength=\"400\" class=\"wpcf7-form-control wpcf7-text wpcf7-validates-as-required form-control\" aria-required=\"true\" aria-invalid=\"false\" placeholder=\"Nachname*\" value=\"\" type=\"text\" name=\"cognome\" \/><\/span>\n\t\t\t<\/p>\n\t\t<\/div>\n\t<\/div>\n<\/div>\n<div class=\"row\">\n\t<div class=\"col-md-6 mb-25\">\n\t\t<div class=\"form-group\">\n\t\t\t<div class=\"\">\n\t\t\t\t<p><span class=\"wpcf7-form-control-wrap\" data-name=\"oggettorichiesta\"><select class=\"wpcf7-form-control wpcf7-select wpcf7-validates-as-required form-control\" aria-required=\"true\" aria-invalid=\"false\" name=\"oggettorichiesta\"><option value=\"\">Betreff*<\/option><option value=\"Informationsanforderung\">Informationsanforderung<\/option><option value=\"Angebot Anfrage\">Angebot Anfrage<\/option><option value=\"Technische Anfrage\">Technische Anfrage<\/option><option value=\"Testen Sie den VR-Headset auf der MADE Expo 2021\">Testen Sie den VR-Headset auf der MADE Expo 2021<\/option><\/select><\/span>\n\t\t\t\t<\/p>\n\t\t\t<\/div>\n\t\t<\/div>\n\t<\/div>\n\t<div class=\"col-md-6 mb-25\">\n\t\t<div class=\"form-group\">\n\t\t\t<div class=\"\">\n\t\t\t\t<p><span class=\"wpcf7-form-control-wrap\" data-name=\"professione\"><select class=\"wpcf7-form-control wpcf7-select wpcf7-validates-as-required form-control\" aria-required=\"true\" aria-invalid=\"false\" name=\"professione\"><option value=\"\">Beruf*<\/option><option value=\"Privatkunde\">Privatkunde<\/option><option value=\"Unternehmen\">Unternehmen<\/option><option value=\"Architekt\">Architekt<\/option><option value=\"Ingenieur\">Ingenieur<\/option><option value=\"Designer\">Designer<\/option><option value=\"Vermessungstechniker\">Vermessungstechniker<\/option><option value=\"H\u00e4ndler\">H\u00e4ndler<\/option><option value=\"Bauunternehmen\">Bauunternehmen<\/option><option value=\"Student\">Student<\/option><\/select><\/span>\n\t\t\t\t<\/p>\n\t\t\t<\/div>\n\t\t<\/div>\n\t<\/div>\n<\/div>\n<div class=\"row\">\n\t<div class=\"col-md-6 mb-25\">\n\t\t<div class=\"form-group\">\n\t\t\t<p><span class=\"wpcf7-form-control-wrap\" data-name=\"indirizzo\"><input size=\"40\" maxlength=\"400\" class=\"wpcf7-form-control wpcf7-text form-control\" aria-invalid=\"false\" placeholder=\"Adresse\" value=\"\" type=\"text\" name=\"indirizzo\" \/><\/span>\n\t\t\t<\/p>\n\t\t<\/div>\n\t<\/div>\n\t<div class=\"col-md-6 mb-25\">\n\t\t<div class=\"form-group\">\n\t\t\t<p><span class=\"wpcf7-form-control-wrap\" data-name=\"CAP\"><input size=\"40\" maxlength=\"400\" class=\"wpcf7-form-control wpcf7-text form-control\" aria-invalid=\"false\" placeholder=\"Plz\" value=\"\" type=\"text\" name=\"CAP\" \/><\/span>\n\t\t\t<\/p>\n\t\t<\/div>\n\t<\/div>\n<\/div>\n<div class=\"row\">\n\t<div class=\"col-md-6 mb-25\">\n\t\t<div class=\"form-group\">\n\t\t\t<p><span class=\"wpcf7-form-control-wrap\" data-name=\"citta\"><input size=\"40\" maxlength=\"400\" class=\"wpcf7-form-control wpcf7-text form-control\" aria-invalid=\"false\" placeholder=\"Stadt\" value=\"\" type=\"text\" name=\"citta\" \/><\/span>\n\t\t\t<\/p>\n\t\t<\/div>\n\t<\/div>\n\t<div class=\"col-md-6 mb-25\">\n\t\t<div class=\"form-group\">\n\t\t\t<p><span class=\"wpcf7-form-control-wrap\" data-name=\"nazione\"><select class=\"wpcf7-form-control wpcf7-select wpcf7-validates-as-required form-control\" aria-required=\"true\" aria-invalid=\"false\" name=\"nazione\"><option value=\"\">Staat*<\/option><option value=\"Afghanistan\">Afghanistan<\/option><option value=\"Albania\">Albania<\/option><option value=\"Algeria\">Algeria<\/option><option value=\"Samoa (USA)\">Samoa (USA)<\/option><option value=\"Andorra\">Andorra<\/option><option value=\"Angola\">Angola<\/option><option value=\"Anguilla\">Anguilla<\/option><option value=\"Antigua\/Barbuda\">Antigua\/Barbuda<\/option><option value=\"Argentina\">Argentina<\/option><option value=\"Armenia\">Armenia<\/option><option value=\"Aruba\">Aruba<\/option><option value=\"Isola Ascensione\">Isola Ascensione<\/option><option value=\"Australia\">Australia<\/option><option value=\"Austria\">Austria<\/option><option value=\"Azerbaigian\">Azerbaigian<\/option><option value=\"Bahama\">Bahama<\/option><option value=\"Bahrein\">Bahrein<\/option><option value=\"Bangladesh\">Bangladesh<\/option><option value=\"Barbados\">Barbados<\/option><option value=\"Bielorussia\">Bielorussia<\/option><option value=\"Belgio\">Belgio<\/option><option value=\"Belize\">Belize<\/option><option value=\"Benin\">Benin<\/option><option value=\"Bermude\">Bermude<\/option><option value=\"Bhutan\">Bhutan<\/option><option value=\"Bolivia\">Bolivia<\/option><option value=\"Bosnia-Erzegovina\">Bosnia-Erzegovina<\/option><option value=\"Botswana\">Botswana<\/option><option value=\"Brasile\">Brasile<\/option><option value=\"Brunei\">Brunei<\/option><option value=\"Bulgaria\">Bulgaria<\/option><option value=\"Burkina Faso\">Burkina Faso<\/option><option value=\"Burundi\">Burundi<\/option><option value=\"Cambogia\">Cambogia<\/option><option value=\"Camerun\">Camerun<\/option><option value=\"Canada\">Canada<\/option><option value=\"Capo Verde\">Capo Verde<\/option><option value=\"Cayman\">Cayman<\/option><option value=\"Centrafrica\">Centrafrica<\/option><option value=\"Ciad\">Ciad<\/option><option value=\"Cile\">Cile<\/option><option value=\"Cina, Rep. pop.\">Cina, Rep. pop.<\/option><option value=\"Cina, Taiwan\">Cina, Taiwan<\/option><option value=\"Christmas, isole\">Christmas, isole<\/option><option value=\"Cocos, Isole\">Cocos, Isole<\/option><option value=\"Colombia\">Colombia<\/option><option value=\"Comore\">Comore<\/option><option value=\"Congo, Rep. Democratica (ex Zaire )\">Congo, Rep. Democratica (ex Zaire )<\/option><option value=\"Congo, Repubblica\">Congo, Repubblica<\/option><option value=\"Cook, Arcipelago di\">Cook, Arcipelago di<\/option><option value=\"Costa Rica\">Costa Rica<\/option><option value=\"Costa d&#039;Avorio\">Costa d&#039;Avorio<\/option><option value=\"Croazia\">Croazia<\/option><option value=\"Cuba\">Cuba<\/option><option value=\"Cipro\">Cipro<\/option><option value=\"Ceca, Repubblica\">Ceca, Repubblica<\/option><option value=\"Danimarca\">Danimarca<\/option><option value=\"Gibuti\">Gibuti<\/option><option value=\"Dominica\">Dominica<\/option><option value=\"Dominicana, Repubblica\">Dominicana, Repubblica<\/option><option value=\"Timor Orientale\">Timor Orientale<\/option><option value=\"Equador\">Equador<\/option><option value=\"Egitto\">Egitto<\/option><option value=\"Salvador\">Salvador<\/option><option value=\"Guinea Equatoriale\">Guinea Equatoriale<\/option><option value=\"Eritrea\">Eritrea<\/option><option value=\"Estonia\">Estonia<\/option><option value=\"Etiopia\">Etiopia<\/option><option value=\"Falkland, isole\">Falkland, isole<\/option><option value=\"Faer\u221a\u2202er, isole\">Faer\u221a\u2202er, isole<\/option><option value=\"Figi, Isole\">Figi, Isole<\/option><option value=\"Finlandia\">Finlandia<\/option><option value=\"Francia\">Francia<\/option><option value=\"Guiana francese\">Guiana francese<\/option><option value=\"Polinesia Francese\">Polinesia Francese<\/option><option value=\"Antartide francese\">Antartide francese<\/option><option value=\"Gabon\">Gabon<\/option><option value=\"Gambia\">Gambia<\/option><option value=\"Georgia\">Georgia<\/option><option value=\"Germania\">Germania<\/option><option value=\"Ghana\">Ghana<\/option><option value=\"Gibilterra\">Gibilterra<\/option><option value=\"Gran Bretagna\">Gran Bretagna<\/option><option value=\"Grecia\">Grecia<\/option><option value=\"Groenlandia\">Groenlandia<\/option><option value=\"Grenada\">Grenada<\/option><option value=\"Guadalupa\">Guadalupa<\/option><option value=\"Guam\">Guam<\/option><option value=\"Guatemala\">Guatemala<\/option><option value=\"Guinea, Repubblica\">Guinea, Repubblica<\/option><option value=\"Guinea-Bissau\">Guinea-Bissau<\/option><option value=\"Guiana\">Guiana<\/option><option value=\"Haiti\">Haiti<\/option><option value=\"Honduras\">Honduras<\/option><option value=\"Hongkong\">Hongkong<\/option><option value=\"Ungheria\">Ungheria<\/option><option value=\"Islanda\">Islanda<\/option><option value=\"India\">India<\/option><option value=\"Indonesia\">Indonesia<\/option><option value=\"Iran\">Iran<\/option><option value=\"Iraq\">Iraq<\/option><option value=\"Irlanda\">Irlanda<\/option><option value=\"Israele\">Israele<\/option><option value=\"Italia\">Italia<\/option><option value=\"Giamaica\">Giamaica<\/option><option value=\"Giappone\">Giappone<\/option><option value=\"Giordania\">Giordania<\/option><option value=\"Kazakistan\">Kazakistan<\/option><option value=\"Kenya\">Kenya<\/option><option value=\"Kiribati\">Kiribati<\/option><option value=\"Corea, Rep. pop. dem. (Corea del Nord)\">Corea, Rep. pop. dem. (Corea del Nord)<\/option><option value=\"Corea, Rep. (Corea del Sud)\">Corea, Rep. (Corea del Sud)<\/option><option value=\"Kosovo (amministrato ad interim dall&#039;ONU)\">Kosovo (amministrato ad interim dall&#039;ONU)<\/option><option value=\"Kuwait\">Kuwait<\/option><option value=\"Kirghizistan\">Kirghizistan<\/option><option value=\"Laos\">Laos<\/option><option value=\"Lettonia\">Lettonia<\/option><option value=\"Libano\">Libano<\/option><option value=\"Lesotho\">Lesotho<\/option><option value=\"Liberia\">Liberia<\/option><option value=\"Libia\">Libia<\/option><option value=\"Liechtenstein\">Liechtenstein<\/option><option value=\"Lituania\">Lituania<\/option><option value=\"Lussemburgo\">Lussemburgo<\/option><option value=\"Macao\">Macao<\/option><option value=\"Macedonia\">Macedonia<\/option><option value=\"Madagascar\">Madagascar<\/option><option value=\"Malawi\">Malawi<\/option><option value=\"Malaisia\">Malaisia<\/option><option value=\"Maldive\">Maldive<\/option><option value=\"Mali\">Mali<\/option><option value=\"Malta\">Malta<\/option><option value=\"Marianne, Isole\">Marianne, Isole<\/option><option value=\"Marshall, Isole\">Marshall, Isole<\/option><option value=\"Martinica\">Martinica<\/option><option value=\"Mauritania\">Mauritania<\/option><option value=\"Mauritius\">Mauritius<\/option><option value=\"Mayotte\">Mayotte<\/option><option value=\"Messico\">Messico<\/option><option value=\"Moldavia\">Moldavia<\/option><option value=\"Monaco\">Monaco<\/option><option value=\"Mongolia\">Mongolia<\/option><option value=\"Montenegro\">Montenegro<\/option><option value=\"Montserrat\">Montserrat<\/option><option value=\"Marocco\">Marocco<\/option><option value=\"Mozambico\">Mozambico<\/option><option value=\"Myanmar (Unione)\">Myanmar (Unione)<\/option><option value=\"Namibia\">Namibia<\/option><option value=\"Nauru\">Nauru<\/option><option value=\"Nepal\">Nepal<\/option><option value=\"Paesi Bassi\">Paesi Bassi<\/option><option value=\"Antille olandesi\">Antille olandesi<\/option><option value=\"Nuova Caledonia\">Nuova Caledonia<\/option><option value=\"Nuova Zelanda\">Nuova Zelanda<\/option><option value=\"Nicaragua\">Nicaragua<\/option><option value=\"Niger\">Niger<\/option><option value=\"Nigeria\">Nigeria<\/option><option value=\"Norfolk, isola\">Norfolk, isola<\/option><option value=\"Norvegia\">Norvegia<\/option><option value=\"Oman\">Oman<\/option><option value=\"Pakistan\">Pakistan<\/option><option value=\"Palau, Isole\">Palau, Isole<\/option><option value=\"Panama\">Panama<\/option><option value=\"Papua-Nuova Guinea\">Papua-Nuova Guinea<\/option><option value=\"Paraguay\">Paraguay<\/option><option value=\"Per\u221a\u03c0\">Per\u221a\u03c0<\/option><option value=\"Filippine\">Filippine<\/option><option value=\"Pitcairn\">Pitcairn<\/option><option value=\"Polonia\">Polonia<\/option><option value=\"Portogallo\">Portogallo<\/option><option value=\"Portorico\">Portorico<\/option><option value=\"Qatar\">Qatar<\/option><option value=\"Riunione\">Riunione<\/option><option value=\"Romania\">Romania<\/option><option value=\"Russia, Federazione\">Russia, Federazione<\/option><option value=\"Ruanda\">Ruanda<\/option><option value=\"San Cristoforo e Nevis\">San Cristoforo e Nevis<\/option><option value=\"Santa Lucia\">Santa Lucia<\/option><option value=\"Saint-Pierre et Miquelon\">Saint-Pierre et Miquelon<\/option><option value=\"Saint Vincent e Grenadine\">Saint Vincent e Grenadine<\/option><option value=\"San Marino\">San Marino<\/option><option value=\"Sao Tom\u221a\u00a9 e Principe\">Sao Tom\u221a\u00a9 e Principe<\/option><option value=\"Arabia Saudita\">Arabia Saudita<\/option><option value=\"Senegal\">Senegal<\/option><option value=\"Seicelle\">Seicelle<\/option><option value=\"Sierra Leone\">Sierra Leone<\/option><option value=\"Singapore\">Singapore<\/option><option value=\"Slovacca, Repubblica\">Slovacca, Repubblica<\/option><option value=\"Slovenia\">Slovenia<\/option><option value=\"Salomone, isole\">Salomone, isole<\/option><option value=\"Serbia\">Serbia<\/option><option value=\"Somalia\">Somalia<\/option><option value=\"Sudafrica\">Sudafrica<\/option><option value=\"Georgia del Sud e Sandwich del Sud, Isole\">Georgia del Sud e Sandwich del Sud, Isole<\/option><option value=\"Spagna\">Spagna<\/option><option value=\"Sri Lanka\">Sri Lanka<\/option><option value=\"Sudan\">Sudan<\/option><option value=\"Suriname\">Suriname<\/option><option value=\"Swaziland\">Swaziland<\/option><option value=\"Svezia\">Svezia<\/option><option value=\"Svizzera\">Svizzera<\/option><option value=\"Siria\">Siria<\/option><option value=\"Tagiskistan\">Tagiskistan<\/option><option value=\"Tanzania\">Tanzania<\/option><option value=\"Tailandia\">Tailandia<\/option><option value=\"Togo\">Togo<\/option><option value=\"Tokelau, Isole\">Tokelau, Isole<\/option><option value=\"Tonga\">Tonga<\/option><option value=\"Trinidad e Tobago\">Trinidad e Tobago<\/option><option value=\"Tunisia\">Tunisia<\/option><option value=\"Turchia\">Turchia<\/option><option value=\"Turkmenistan\">Turkmenistan<\/option><option value=\"Turks e Caicos\">Turks e Caicos<\/option><option value=\"Tuvalu\">Tuvalu<\/option><option value=\"Uganda\">Uganda<\/option><option value=\"Ucraina\">Ucraina<\/option><option value=\"Emirati Arabi Uniti\">Emirati Arabi Uniti<\/option><option value=\"Stati Uniti d&#039;America\">Stati Uniti d&#039;America<\/option><option value=\"Isole Minori (USA)\">Isole Minori (USA)<\/option><option value=\"Uruguay\">Uruguay<\/option><option value=\"Uzbekistan\">Uzbekistan<\/option><option value=\"Vanuatu\">Vanuatu<\/option><option value=\"Vaticano\">Vaticano<\/option><option value=\"Venezuela\">Venezuela<\/option><option value=\"Vietnam\">Vietnam<\/option><option value=\"Vergini, Isole (britanniche)\">Vergini, Isole (britanniche)<\/option><option value=\"Vergini, Isole (USA)\">Vergini, Isole (USA)<\/option><option value=\"Wallis e Futuna\">Wallis e Futuna<\/option><option value=\"Samoa Occidentali\">Samoa Occidentali<\/option><option value=\"Yemen\">Yemen<\/option><option value=\"Zambia\">Zambia<\/option><option value=\"Zimbabwe\">Zimbabwe<\/option><\/select><\/span>\n\t\t\t<\/p>\n\t\t<\/div>\n\t<\/div>\n<\/div>\n<div class=\"row\">\n\t<div class=\"col-md-6 mb-25\">\n\t\t<div class=\"form-group\">\n\t\t\t<p><span class=\"wpcf7-form-control-wrap\" data-name=\"email\"><input size=\"40\" maxlength=\"400\" class=\"wpcf7-form-control wpcf7-email wpcf7-validates-as-required wpcf7-text wpcf7-validates-as-email form-control\" aria-required=\"true\" aria-invalid=\"false\" placeholder=\"E-mail*\" value=\"\" type=\"email\" name=\"email\" \/><\/span>\n\t\t\t<\/p>\n\t\t<\/div>\n\t<\/div>\n\t<div class=\"col-md-6 mb-25\">\n\t\t<div class=\"form-group\">\n\t\t\t<p><span class=\"wpcf7-form-control-wrap\" data-name=\"telefono\"><input size=\"40\" maxlength=\"400\" class=\"wpcf7-form-control wpcf7-tel wpcf7-validates-as-required wpcf7-text wpcf7-validates-as-tel form-control\" aria-required=\"true\" aria-invalid=\"false\" placeholder=\"Telefonnummer*\" value=\"\" type=\"tel\" name=\"telefono\" \/><\/span>\n\t\t\t<\/p>\n\t\t<\/div>\n\t<\/div>\n<\/div>\n<div class=\"row\">\n\t<div class=\"col-md-12 mb-25\">\n\t\t<div class=\"form-group\">\n\t\t\t<p><span class=\"wpcf7-form-control-wrap\" data-name=\"messaggio\"><textarea cols=\"40\" rows=\"10\" maxlength=\"2000\" class=\"wpcf7-form-control wpcf7-textarea wpcf7-validates-as-required form-control\" aria-required=\"true\" aria-invalid=\"false\" placeholder=\"Ihre nachricht...\" name=\"messaggio\"><\/textarea><\/span>\n\t\t\t<\/p>\n\t\t<\/div>\n\t<\/div>\n<\/div>\n<div class=\"row\">\n\t<div class=\"col-md-12 mb-25\">\n\t\t<p><label><\/label>\n\t\t<\/p>\n\t\t<p><span class=\"wpcf7-form-control-wrap\" data-name=\"privacy\"><span class=\"wpcf7-form-control wpcf7-acceptance\"><span class=\"wpcf7-list-item\"><input type=\"checkbox\" name=\"privacy\" value=\"1\" aria-invalid=\"false\" \/><\/span><\/span><\/span> Die Daten in diesem Formular werden in \u00dcbereinstimmung mit Gesetzesverordnung 196\/2003 behandelt werden. Durch Klicken auf \"Senden\" stimmen Sie der Verarbeitung personenbezogener Daten zu. <a href=\"http:\/\/biopietra.com\/informativa-privacy\/\">Privacy Policy<\/a>.\n\t\t<\/p>\n\t<\/div>\n<\/div>\n<div class=\"row\">\n\t<div class=\"col-md-12 mb-25\">\n\t\t<div class=\"form-group\">\n\t\t\t<div class=\"checkout-submit\">\n\t\t\t\t<p><input class=\"wpcf7-form-control wpcf7-submit has-spinner btn btn-color btn-block\" type=\"submit\" value=\"Nachricth senden\" \/>\n\t\t\t\t<\/p>\n\t\t\t<\/div>\n\t\t<\/div>\n\t<\/div>\n<\/div>\n<span class=\"wpcf7-form-control-wrap dynamichidden-ID\" data-name=\"dynamichidden-ID\"><input type=\"hidden\" name=\"dynamichidden-ID\" class=\"wpcf7-form-control wpcf7-hidden wpcf7dtx wpcf7dtx-hidden\" aria-invalid=\"false\"><\/span><div class=\"wpcf7-response-output\" aria-hidden=\"true\"><\/div>\n<\/form>\n<\/div>\n\n<hr \/>\n<p><strong>Workshop-Beschreibung<\/strong><\/p>\n<p>Mauro Maffizzoli, CEO und Innovation Officer von Biopietra, erkl\u00e4rt, wie die Verkleidungen aus regeneriertem Naturstein Atmungsaktivit\u00e4t, Schutz des W\u00e4rmed\u00e4mmverbundsystems, Schimmelresistenz, sowie Nachhaltigkeit, einfache Installation und Energieeffizienz gew\u00e4hrleisten. Es werden reale Anwendungsbeispiele gezeigt und es besteht die M\u00f6glichkeit, technische Fragen zu stellen.<\/p>\n<p><strong>Messetage:<\/strong> 28.\u201331. Januar 2026<\/p>\n<p><strong>Wann:<\/strong> T\u00e4glich um 14:00 Uhr<\/p>\n<p><strong>Wo:<\/strong> Halle AB \u2013 Stand A03\/18<\/p>\n","protected":false},"excerpt":{"rendered":"<p>F\u00fcllen Sie das Formular aus, um am WORKSHOP teilzunehmen Titel: [&hellip;]<\/p>\n","protected":false},"author":6,"featured_media":0,"parent":0,"menu_order":25,"comment_status":"closed","ping_status":"closed","template":"template-page-custom.php","meta":{"qubely_global_settings":"","qubely_interactions":"","rs_blank_template":"","rs_page_bg_color":"","slide_template_v7":"","rop_custom_images_group":[],"rop_custom_messages_group":[],"rop_publish_now":"initial","rop_publish_now_accounts":{"facebook_4317419521910128_433253626703258":""},"rop_publish_now_history":[],"rop_publish_now_status":"pending","footnotes":""},"class_list":["post-30591","page","type-page","status-publish","hentry"],"aioseo_notices":[],"yoast_head":"<!-- This site is optimized with the Yoast SEO plugin v27.4 - https:\/\/yoast.com\/product\/yoast-seo-wordpress\/ -->\n<title>Nehmen Sie an unserem Klimahouse 2026 Workshop teil - Biopietra<\/title>\n<meta name=\"robots\" content=\"index, follow, max-snippet:-1, max-image-preview:large, max-video-preview:-1\" \/>\n<link rel=\"canonical\" href=\"https:\/\/biopietra.com\/de\/klimahouse\u20112026\u2011workshop\/\" \/>\n<meta property=\"og:locale\" content=\"de_DE\" \/>\n<meta property=\"og:type\" content=\"article\" \/>\n<meta property=\"og:title\" content=\"Nehmen Sie an unserem Klimahouse 2026 Workshop teil - Biopietra\" \/>\n<meta property=\"og:description\" content=\"F\u00fcllen Sie das Formular aus, um am WORKSHOP teilzunehmen Titel: [&hellip;]\" \/>\n<meta property=\"og:url\" content=\"https:\/\/biopietra.com\/de\/klimahouse\u20112026\u2011workshop\/\" \/>\n<meta property=\"og:site_name\" content=\"Biopietra\" \/>\n<meta property=\"article:modified_time\" content=\"2026-01-19T09:27:33+00:00\" \/>\n<meta name=\"twitter:card\" content=\"summary_large_image\" \/>\n<script type=\"application\/ld+json\" class=\"yoast-schema-graph\">{\"@context\":\"https:\\\/\\\/schema.org\",\"@graph\":[{\"@type\":\"WebPage\",\"@id\":\"https:\\\/\\\/biopietra.com\\\/de\\\/klimahouse%e2%80%912026%e2%80%91workshop\\\/\",\"url\":\"https:\\\/\\\/biopietra.com\\\/de\\\/klimahouse%e2%80%912026%e2%80%91workshop\\\/\",\"name\":\"Nehmen Sie an unserem Klimahouse 2026 Workshop teil - Biopietra\",\"isPartOf\":{\"@id\":\"https:\\\/\\\/biopietra.com\\\/#website\"},\"datePublished\":\"2026-01-19T09:09:28+00:00\",\"dateModified\":\"2026-01-19T09:27:33+00:00\",\"breadcrumb\":{\"@id\":\"https:\\\/\\\/biopietra.com\\\/de\\\/klimahouse%e2%80%912026%e2%80%91workshop\\\/#breadcrumb\"},\"inLanguage\":\"de\",\"potentialAction\":[{\"@type\":\"ReadAction\",\"target\":[\"https:\\\/\\\/biopietra.com\\\/de\\\/klimahouse%e2%80%912026%e2%80%91workshop\\\/\"]}]},{\"@type\":\"BreadcrumbList\",\"@id\":\"https:\\\/\\\/biopietra.com\\\/de\\\/klimahouse%e2%80%912026%e2%80%91workshop\\\/#breadcrumb\",\"itemListElement\":[{\"@type\":\"ListItem\",\"position\":1,\"name\":\"Home\",\"item\":\"https:\\\/\\\/biopietra.com\\\/de\\\/\"},{\"@type\":\"ListItem\",\"position\":2,\"name\":\"Nehmen Sie an unserem Klimahouse 2026 Workshop teil\"}]},{\"@type\":\"WebSite\",\"@id\":\"https:\\\/\\\/biopietra.com\\\/#website\",\"url\":\"https:\\\/\\\/biopietra.com\\\/\",\"name\":\"Biopietra\",\"description\":\"The Green Stone Industry\",\"potentialAction\":[{\"@type\":\"SearchAction\",\"target\":{\"@type\":\"EntryPoint\",\"urlTemplate\":\"https:\\\/\\\/biopietra.com\\\/?s={search_term_string}\"},\"query-input\":{\"@type\":\"PropertyValueSpecification\",\"valueRequired\":true,\"valueName\":\"search_term_string\"}}],\"inLanguage\":\"de\"}]}<\/script>\n<!-- \/ Yoast SEO plugin. -->","yoast_head_json":{"title":"Nehmen Sie an unserem Klimahouse 2026 Workshop teil - Biopietra","robots":{"index":"index","follow":"follow","max-snippet":"max-snippet:-1","max-image-preview":"max-image-preview:large","max-video-preview":"max-video-preview:-1"},"canonical":"https:\/\/biopietra.com\/de\/klimahouse\u20112026\u2011workshop\/","og_locale":"de_DE","og_type":"article","og_title":"Nehmen Sie an unserem Klimahouse 2026 Workshop teil - Biopietra","og_description":"F\u00fcllen Sie das Formular aus, um am WORKSHOP teilzunehmen Titel: [&hellip;]","og_url":"https:\/\/biopietra.com\/de\/klimahouse\u20112026\u2011workshop\/","og_site_name":"Biopietra","article_modified_time":"2026-01-19T09:27:33+00:00","twitter_card":"summary_large_image","schema":{"@context":"https:\/\/schema.org","@graph":[{"@type":"WebPage","@id":"https:\/\/biopietra.com\/de\/klimahouse%e2%80%912026%e2%80%91workshop\/","url":"https:\/\/biopietra.com\/de\/klimahouse%e2%80%912026%e2%80%91workshop\/","name":"Nehmen Sie an unserem Klimahouse 2026 Workshop teil - Biopietra","isPartOf":{"@id":"https:\/\/biopietra.com\/#website"},"datePublished":"2026-01-19T09:09:28+00:00","dateModified":"2026-01-19T09:27:33+00:00","breadcrumb":{"@id":"https:\/\/biopietra.com\/de\/klimahouse%e2%80%912026%e2%80%91workshop\/#breadcrumb"},"inLanguage":"de","potentialAction":[{"@type":"ReadAction","target":["https:\/\/biopietra.com\/de\/klimahouse%e2%80%912026%e2%80%91workshop\/"]}]},{"@type":"BreadcrumbList","@id":"https:\/\/biopietra.com\/de\/klimahouse%e2%80%912026%e2%80%91workshop\/#breadcrumb","itemListElement":[{"@type":"ListItem","position":1,"name":"Home","item":"https:\/\/biopietra.com\/de\/"},{"@type":"ListItem","position":2,"name":"Nehmen Sie an unserem Klimahouse 2026 Workshop teil"}]},{"@type":"WebSite","@id":"https:\/\/biopietra.com\/#website","url":"https:\/\/biopietra.com\/","name":"Biopietra","description":"The Green Stone Industry","potentialAction":[{"@type":"SearchAction","target":{"@type":"EntryPoint","urlTemplate":"https:\/\/biopietra.com\/?s={search_term_string}"},"query-input":{"@type":"PropertyValueSpecification","valueRequired":true,"valueName":"search_term_string"}}],"inLanguage":"de"}]}},"_links":{"self":[{"href":"https:\/\/biopietra.com\/de\/wp-json\/wp\/v2\/pages\/30591","targetHints":{"allow":["GET"]}}],"collection":[{"href":"https:\/\/biopietra.com\/de\/wp-json\/wp\/v2\/pages"}],"about":[{"href":"https:\/\/biopietra.com\/de\/wp-json\/wp\/v2\/types\/page"}],"author":[{"embeddable":true,"href":"https:\/\/biopietra.com\/de\/wp-json\/wp\/v2\/users\/6"}],"replies":[{"embeddable":true,"href":"https:\/\/biopietra.com\/de\/wp-json\/wp\/v2\/comments?post=30591"}],"version-history":[{"count":3,"href":"https:\/\/biopietra.com\/de\/wp-json\/wp\/v2\/pages\/30591\/revisions"}],"predecessor-version":[{"id":30597,"href":"https:\/\/biopietra.com\/de\/wp-json\/wp\/v2\/pages\/30591\/revisions\/30597"}],"wp:attachment":[{"href":"https:\/\/biopietra.com\/de\/wp-json\/wp\/v2\/media?parent=30591"}],"curies":[{"name":"wp","href":"https:\/\/api.w.org\/{rel}","templated":true}]}}