{"id":3131,"date":"2016-09-21T14:17:09","date_gmt":"2016-09-21T12:17:09","guid":{"rendered":"http:\/\/biopietra.com\/area-tecnica\/leed\/"},"modified":"2018-06-29T10:01:17","modified_gmt":"2018-06-29T08:01:17","slug":"biopietra-will-eine-welt-100-sauber","status":"publish","type":"page","link":"https:\/\/biopietra.com\/de\/bioarchitecture\/biopietra-will-eine-welt-100-sauber\/","title":{"rendered":"Biopietra will eine Welt 100% sauber"},"content":{"rendered":"<div class=\"row mt-25\"><div class=\"col-md-4\"><h4 class=\"text-right green text-uppercase\">BIOPIETRA\u00ae: DIE RICHTIGE WAHL F\u00dcR LEED-PROJECTE - Null Emissionen im nachhaltigen Haus mit \u00abBio-Herz\u00bb<\/h4><hr><\/div><div class=\"col-md-8\">\n<p>Wie auf dem Automobilmarkt, so wird auch in der Bauwirtschaft die Messlatte f\u00fcr gr\u00fcne L\u00f6sungen immer h\u00f6her gelegt. Allerdings sind die Kunden noch nicht im gleichen Ma\u00df sensibilisiert, und w\u00e4hrend Begriffe aus der Autowelt wie Euro 5 und Euro 6 allgemein bekannt sind, gibt es von den Messgr\u00f6\u00dfen f\u00fcr die Nachhaltigkeit (und damit f\u00fcr die Qualit\u00e4t) von Geb\u00e4uden noch keine klaren oder allgemein verbreiteten Vorstellungen. Doch auch hier gibt es international anerkannte Programme, die eine Hilfe darstellen. Um beim Vergleich zu bleiben: Ein Auto mit Euro 6 (die h\u00f6chste Klasse f\u00fcr Umweltvertr\u00e4glichkeit) entspricht einem Geb\u00e4ude mit \u201cLEED Platinum\u201d.<\/p>\n<p>LEED ist ein System zur Zertifizierung von Geb\u00e4uden, das in den USA vom U.S. Green Building Council entwickelt wurde und in mehr als 140 L\u00e4ndern auf der ganzen Welt zur Anwendung kommt, darunter auch in Italien, wo es allerdings noch nicht vorgeschrieben ist. Es gibt nach diesem Programm vier Nachhaltigkeitsklassen f\u00fcr Geb\u00e4ude: Basis, Silber, Gold und Platin \u2013 je nach Punktzahl, die in sechs Schl\u00fcsselfaktoren erzielt wurde, die Qualit\u00e4t und Effizienz garantieren.<\/p>\n<p>Gegen\u00fcber dem bekanntesten CasaClima-Siegel geht das LEED-System noch einen Schritt weiter. Neben der energetischen Effizienz werden hier auch die Nachhaltigkeit des Standortes, die Wasserwirtschaft, Planung und Innovation, Materialien und Ressourcen und die Luftqualit\u00e4t im Innenraum bewertet. 100 ist die Maximalpunktzahl. Die Auswahl der Materialien und die Verschmutzung im Innenraum tragen mit 29 % zum Gesamtergebnis bei, w\u00e4hrend Energie mit 20 % zu Buche schl\u00e4gt. Warum? Weil wir 90 % unserer Zeit in Geb\u00e4uden verbringen, und dort k\u00f6nnen Mittel zur Holzbehandlung, Lacke, Kleber, Stoffe und Plastik f\u00fcr gesundheitssch\u00e4dliche Emissionen sorgen.<br \/>\n<\/div><\/div>\n<div class=\"row mt-25\"><div class=\"col-md-4\"><h4 class=\"text-right green text-uppercase\">BIOPIETRA\u00ae: F\u00dcR DIE LEED-ZERTIFIZIERUNG<\/h4><hr><\/div><div class=\"col-md-8\">\n<p>Die Gesundheit der Menschen und der Schutz der Umwelt sind unverzichtbare Werte f\u00fcr Biopietra\u00ae. Wir f\u00f6rdern schon seit langer Zeit durch unsere Innovationen eine Kultur der Nachhaltigkeit auf dem Bausektor. Biopietra\u00ae ist Mitglied im Green Building Council Italia und das Engagement von Biopietra\u00ae bei der Produktion von Materialien mit geringen Umweltauswirkungen wird durch viele Zahlen belegt. Biopietra\u00ae ist nicht einfach nur eine Ware, sondern ein nachhaltiges Produkt: Biopietra\u00ae bedeutet Gesundheit, denn dieses Material ist frei von den \u00fcblichen Verschmutzungsfaktoren und emittiert auch kein Radon.<\/p>\n<div class=\"col-md-6 mt-50 mb-50\"><img loading=\"lazy\" decoding=\"async\" src=\"http:\/\/biopietra.com\/wp-content\/uploads\/2018\/06\/ciclo.png\" alt=\"\" width=\"592\" height=\"825\" class=\"alignnone size-full wp-image-9993\" srcset=\"https:\/\/biopietra.com\/wp-content\/uploads\/2018\/06\/ciclo.png 592w, https:\/\/biopietra.com\/wp-content\/uploads\/2018\/06\/ciclo-215x300.png 215w\" sizes=\"auto, (max-width: 592px) 100vw, 592px\" \/><\/div>\n<\/div><\/div>\n","protected":false},"excerpt":{"rendered":"","protected":false},"author":2,"featured_media":0,"parent":4512,"menu_order":94,"comment_status":"closed","ping_status":"closed","template":"template-page-custom.php","meta":{"qubely_global_settings":"","qubely_interactions":"","rop_custom_images_group":[],"rop_custom_messages_group":[],"rop_publish_now":"initial","rop_publish_now_accounts":{"facebook_4317419521910128_433253626703258":""},"rop_publish_now_history":[],"rop_publish_now_status":"pending","footnotes":""},"class_list":["post-3131","page","type-page","status-publish","hentry"],"aioseo_notices":[],"yoast_head":"<!-- This site is optimized with the Yoast SEO plugin v27.4 - https:\/\/yoast.com\/product\/yoast-seo-wordpress\/ -->\n<title>Biopietra will eine Welt 100% sauber - Biopietra<\/title>\n<meta name=\"robots\" content=\"index, follow, max-snippet:-1, max-image-preview:large, max-video-preview:-1\" \/>\n<link rel=\"canonical\" href=\"https:\/\/biopietra.com\/de\/bioarchitecture\/biopietra-will-eine-welt-100-sauber\/\" \/>\n<meta property=\"og:locale\" content=\"de_DE\" \/>\n<meta property=\"og:type\" content=\"article\" \/>\n<meta property=\"og:title\" content=\"Biopietra will eine Welt 100% sauber - Biopietra\" \/>\n<meta property=\"og:url\" content=\"https:\/\/biopietra.com\/de\/bioarchitecture\/biopietra-will-eine-welt-100-sauber\/\" \/>\n<meta property=\"og:site_name\" content=\"Biopietra\" \/>\n<meta property=\"article:modified_time\" content=\"2018-06-29T08:01:17+00:00\" \/>\n<meta property=\"og:image\" content=\"http:\/\/biopietra.com\/wp-content\/uploads\/2018\/06\/ciclo.png\" \/>\n<meta name=\"twitter:card\" content=\"summary_large_image\" \/>\n<meta name=\"twitter:label1\" content=\"Gesch\u00e4tzte Lesezeit\" \/>\n\t<meta name=\"twitter:data1\" content=\"2\u00a0Minuten\" \/>\n<script type=\"application\/ld+json\" class=\"yoast-schema-graph\">{\"@context\":\"https:\\\/\\\/schema.org\",\"@graph\":[{\"@type\":\"WebPage\",\"@id\":\"https:\\\/\\\/biopietra.com\\\/de\\\/bioarchitecture\\\/biopietra-will-eine-welt-100-sauber\\\/\",\"url\":\"https:\\\/\\\/biopietra.com\\\/de\\\/bioarchitecture\\\/biopietra-will-eine-welt-100-sauber\\\/\",\"name\":\"Biopietra will eine Welt 100% sauber - Biopietra\",\"isPartOf\":{\"@id\":\"https:\\\/\\\/biopietra.com\\\/#website\"},\"primaryImageOfPage\":{\"@id\":\"https:\\\/\\\/biopietra.com\\\/de\\\/bioarchitecture\\\/biopietra-will-eine-welt-100-sauber\\\/#primaryimage\"},\"image\":{\"@id\":\"https:\\\/\\\/biopietra.com\\\/de\\\/bioarchitecture\\\/biopietra-will-eine-welt-100-sauber\\\/#primaryimage\"},\"thumbnailUrl\":\"http:\\\/\\\/biopietra.com\\\/wp-content\\\/uploads\\\/2018\\\/06\\\/ciclo.png\",\"datePublished\":\"2016-09-21T12:17:09+00:00\",\"dateModified\":\"2018-06-29T08:01:17+00:00\",\"breadcrumb\":{\"@id\":\"https:\\\/\\\/biopietra.com\\\/de\\\/bioarchitecture\\\/biopietra-will-eine-welt-100-sauber\\\/#breadcrumb\"},\"inLanguage\":\"de\",\"potentialAction\":[{\"@type\":\"ReadAction\",\"target\":[\"https:\\\/\\\/biopietra.com\\\/de\\\/bioarchitecture\\\/biopietra-will-eine-welt-100-sauber\\\/\"]}]},{\"@type\":\"ImageObject\",\"inLanguage\":\"de\",\"@id\":\"https:\\\/\\\/biopietra.com\\\/de\\\/bioarchitecture\\\/biopietra-will-eine-welt-100-sauber\\\/#primaryimage\",\"url\":\"http:\\\/\\\/biopietra.com\\\/wp-content\\\/uploads\\\/2018\\\/06\\\/ciclo.png\",\"contentUrl\":\"http:\\\/\\\/biopietra.com\\\/wp-content\\\/uploads\\\/2018\\\/06\\\/ciclo.png\"},{\"@type\":\"BreadcrumbList\",\"@id\":\"https:\\\/\\\/biopietra.com\\\/de\\\/bioarchitecture\\\/biopietra-will-eine-welt-100-sauber\\\/#breadcrumb\",\"itemListElement\":[{\"@type\":\"ListItem\",\"position\":1,\"name\":\"Home\",\"item\":\"https:\\\/\\\/biopietra.com\\\/de\\\/\"},{\"@type\":\"ListItem\",\"position\":2,\"name\":\"Bio Architektur\",\"item\":\"https:\\\/\\\/biopietra.com\\\/de\\\/bioarchitecture\\\/\"},{\"@type\":\"ListItem\",\"position\":3,\"name\":\"Biopietra will eine Welt 100% sauber\"}]},{\"@type\":\"WebSite\",\"@id\":\"https:\\\/\\\/biopietra.com\\\/#website\",\"url\":\"https:\\\/\\\/biopietra.com\\\/\",\"name\":\"Biopietra\",\"description\":\"The Green Stone Industry\",\"potentialAction\":[{\"@type\":\"SearchAction\",\"target\":{\"@type\":\"EntryPoint\",\"urlTemplate\":\"https:\\\/\\\/biopietra.com\\\/?s={search_term_string}\"},\"query-input\":{\"@type\":\"PropertyValueSpecification\",\"valueRequired\":true,\"valueName\":\"search_term_string\"}}],\"inLanguage\":\"de\"}]}<\/script>\n<!-- \/ Yoast SEO plugin. -->","yoast_head_json":{"title":"Biopietra will eine Welt 100% sauber - Biopietra","robots":{"index":"index","follow":"follow","max-snippet":"max-snippet:-1","max-image-preview":"max-image-preview:large","max-video-preview":"max-video-preview:-1"},"canonical":"https:\/\/biopietra.com\/de\/bioarchitecture\/biopietra-will-eine-welt-100-sauber\/","og_locale":"de_DE","og_type":"article","og_title":"Biopietra will eine Welt 100% sauber - Biopietra","og_url":"https:\/\/biopietra.com\/de\/bioarchitecture\/biopietra-will-eine-welt-100-sauber\/","og_site_name":"Biopietra","article_modified_time":"2018-06-29T08:01:17+00:00","og_image":[{"url":"http:\/\/biopietra.com\/wp-content\/uploads\/2018\/06\/ciclo.png","type":"","width":"","height":""}],"twitter_card":"summary_large_image","twitter_misc":{"Gesch\u00e4tzte Lesezeit":"2\u00a0Minuten"},"schema":{"@context":"https:\/\/schema.org","@graph":[{"@type":"WebPage","@id":"https:\/\/biopietra.com\/de\/bioarchitecture\/biopietra-will-eine-welt-100-sauber\/","url":"https:\/\/biopietra.com\/de\/bioarchitecture\/biopietra-will-eine-welt-100-sauber\/","name":"Biopietra will eine Welt 100% sauber - Biopietra","isPartOf":{"@id":"https:\/\/biopietra.com\/#website"},"primaryImageOfPage":{"@id":"https:\/\/biopietra.com\/de\/bioarchitecture\/biopietra-will-eine-welt-100-sauber\/#primaryimage"},"image":{"@id":"https:\/\/biopietra.com\/de\/bioarchitecture\/biopietra-will-eine-welt-100-sauber\/#primaryimage"},"thumbnailUrl":"http:\/\/biopietra.com\/wp-content\/uploads\/2018\/06\/ciclo.png","datePublished":"2016-09-21T12:17:09+00:00","dateModified":"2018-06-29T08:01:17+00:00","breadcrumb":{"@id":"https:\/\/biopietra.com\/de\/bioarchitecture\/biopietra-will-eine-welt-100-sauber\/#breadcrumb"},"inLanguage":"de","potentialAction":[{"@type":"ReadAction","target":["https:\/\/biopietra.com\/de\/bioarchitecture\/biopietra-will-eine-welt-100-sauber\/"]}]},{"@type":"ImageObject","inLanguage":"de","@id":"https:\/\/biopietra.com\/de\/bioarchitecture\/biopietra-will-eine-welt-100-sauber\/#primaryimage","url":"http:\/\/biopietra.com\/wp-content\/uploads\/2018\/06\/ciclo.png","contentUrl":"http:\/\/biopietra.com\/wp-content\/uploads\/2018\/06\/ciclo.png"},{"@type":"BreadcrumbList","@id":"https:\/\/biopietra.com\/de\/bioarchitecture\/biopietra-will-eine-welt-100-sauber\/#breadcrumb","itemListElement":[{"@type":"ListItem","position":1,"name":"Home","item":"https:\/\/biopietra.com\/de\/"},{"@type":"ListItem","position":2,"name":"Bio Architektur","item":"https:\/\/biopietra.com\/de\/bioarchitecture\/"},{"@type":"ListItem","position":3,"name":"Biopietra will eine Welt 100% sauber"}]},{"@type":"WebSite","@id":"https:\/\/biopietra.com\/#website","url":"https:\/\/biopietra.com\/","name":"Biopietra","description":"The Green Stone Industry","potentialAction":[{"@type":"SearchAction","target":{"@type":"EntryPoint","urlTemplate":"https:\/\/biopietra.com\/?s={search_term_string}"},"query-input":{"@type":"PropertyValueSpecification","valueRequired":true,"valueName":"search_term_string"}}],"inLanguage":"de"}]}},"_links":{"self":[{"href":"https:\/\/biopietra.com\/de\/wp-json\/wp\/v2\/pages\/3131\/"}],"collection":[{"href":"https:\/\/biopietra.com\/de\/wp-json\/wp\/v2\/pages\/"}],"about":[{"href":"https:\/\/biopietra.com\/de\/wp-json\/wp\/v2\/types\/page\/"}],"author":[{"embeddable":true,"href":"https:\/\/biopietra.com\/de\/wp-json\/wp\/v2\/users\/2\/"}],"replies":[{"embeddable":true,"href":"https:\/\/biopietra.com\/de\/wp-json\/wp\/v2\/comments\/?post=3131"}],"version-history":[{"count":5,"href":"https:\/\/biopietra.com\/de\/wp-json\/wp\/v2\/pages\/3131\/revisions\/"}],"predecessor-version":[{"id":9999,"href":"https:\/\/biopietra.com\/de\/wp-json\/wp\/v2\/pages\/3131\/revisions\/9999\/"}],"up":[{"embeddable":true,"href":"https:\/\/biopietra.com\/de\/wp-json\/wp\/v2\/pages\/4512\/"}],"wp:attachment":[{"href":"https:\/\/biopietra.com\/de\/wp-json\/wp\/v2\/media\/?parent=3131"}],"curies":[{"name":"wp","href":"https:\/\/api.w.org\/{rel}","templated":true}]}}