{"id":3133,"date":"2016-09-21T10:45:28","date_gmt":"2016-09-21T08:45:28","guid":{"rendered":"http:\/\/biopietra.com\/area-tecnica\/cappotto-facile-biopietra\/"},"modified":"2025-10-09T09:11:49","modified_gmt":"2025-10-09T07:11:49","slug":"aussenwanddaemmung-einfach-biopietra","status":"publish","type":"page","link":"https:\/\/biopietra.com\/de\/area-tecnica-2\/aussenwanddaemmung-einfach-biopietra\/","title":{"rendered":"Aussenwandd\u00e4mmung einfach Biopietra\u00ae"},"content":{"rendered":"<div class=\"row\">\n<div class=\"col-md-4\"><img loading=\"lazy\" decoding=\"async\" src=\"https:\/\/biopietra.com\/wp-content\/uploads\/2016\/07\/cappotto-300x300.png\" alt=\"cappotto\" width=\"300\" height=\"300\" class=\"wp-image-391 size-medium\" srcset=\"https:\/\/biopietra.com\/wp-content\/uploads\/2016\/07\/cappotto-300x300.png 300w, https:\/\/biopietra.com\/wp-content\/uploads\/2016\/07\/cappotto-150x150.png 150w, https:\/\/biopietra.com\/wp-content\/uploads\/2016\/07\/cappotto.png 400w\" sizes=\"auto, (max-width: 300px) 100vw, 300px\" \/><\/div>\n<div class=\"col-md-8\">\n<p>In den letzten Jahren hat sich die Baubranche stark weiterentwickelt \u2013 angetrieben durch strengere Vorschriften und ein wachsendes Bewusstsein f\u00fcr Energieeffizienz und Raumluftqualit\u00e4t. Die rekonstruierte Steinverkleidung <a href=\"http:\/\/www.biopietra.com\/de\"><strong>Biopietra<\/strong><\/a>\u00a0wird dank ihrer Zertifizierungen und technischen Eigenschaften zunehmend f\u00fcr W\u00e4rmed\u00e4mmverbundsysteme verwendet. Ihre <strong>mechanische Festigkeit<\/strong>, <strong>Atmungsaktivit\u00e4t<\/strong>, <strong>akustische Isolierung<\/strong>, <strong>Montagefreundlichkeit<\/strong> und <strong>Langlebigkeit<\/strong> machen sie zur idealen L\u00f6sung zur Verbesserung der Leistung und Lebensdauer von D\u00e4mmungen.<\/p>\n<p>&nbsp;<\/p>\n<\/div>\n<\/div>\n<div class=\"row mt-25\"><div class=\"col-md-4\"><h4 class=\"text-right green text-uppercase\">DIE EVOLUTION<\/h4><hr><\/div><div class=\"col-md-8\">\n<h5>KONZEPT<\/h5>\n<p>Das Ziel des Systems <strong>CappottoFacile Biopietra<\/strong>\u00a0ist es, die Leistung herk\u00f6mmlicher D\u00e4mmungen zu steigern und sie effizienter und langlebiger zu machen. Biopietra\u00ae f\u00fcgt sich nahtlos in die D\u00e4mmplatte ein und verwandelt sie von einer einfachen Schutzschicht in einen strukturellen Bestandteil der Wand \u2013 wie die Rinde, die einen Baum sch\u00fctzt.<\/p>\n<h5>MEHR DAR\u00dcBER<\/h5>\n<p>Das System <strong>CappottoFacile Biopietra<\/strong>\u00a0macht die D\u00e4mmplatte zu einem gesch\u00fctzten, strukturellen Element und verbessert die Widerstandsf\u00e4higkeit gegen Witterungseinfl\u00fcsse und St\u00f6\u00dfe. Biopietra\u00ae wirkt wie ein nat\u00fcrlicher Schild und bietet Schutz sowie Atmungsaktivit\u00e4t.<\/p>\n<h5>PLUSPUNKTE<\/h5>\n<p>Die Au\u00dfenverkleidung Biopietra wertet die \u00c4sthetik des Geb\u00e4udes auf und bietet unbegrenzte Gestaltungsm\u00f6glichkeiten. Kreative Freiheit verbindet sich mit Energieeffizienz \u2013 f\u00fcr einzigartige und leistungsstarke Projekte.<\/p>\n<h5>WIE FUNKTIONIERT DAS<\/h5>\n<p>Dank einer breiten Palette an <a href=\"https:\/\/biopietra.com\/de\/tipologia-prodotto\/rivestimenti-tradizionali-in-pietra-de\/\"><strong>Farben, Texturen und Spezialteilen<\/strong><\/a> passt sich Biopietra jeder architektonischen Anforderung an. <strong>Individuelle Oberfl\u00e4chen<\/strong> und L-f\u00f6rmige Eckst\u00fccke erm\u00f6glichen eine durchgehende und harmonische Verlegung.<\/p>\n<\/div><\/div>\n<div class=\"row mt-25\"><div class=\"col-md-4\"><h4 class=\"text-right green text-uppercase\">DIE GESUNDHEIT<\/h4><hr><\/div><div class=\"col-md-8\">\n<p>Biopietra ist frei von sch\u00e4dlichen Emissionen, umweltfreundlich und f\u00fcr \u00f6kologisches Bauen zertifiziert. Sie eignet sich f\u00fcr Innen- und Au\u00dfenbereiche und tr\u00e4gt zur Gesundheit der R\u00e4ume und zum Schutz des \u00d6kosystems bei.<\/p>\n<h5>SCHALLSCHUTZ<\/h5>\n<p>Bei Anwendung auf Au\u00dfend\u00e4mmungen erh\u00f6ht Biopietra die Masse der Geb\u00e4udeh\u00fclle und reduziert Schallwellen nach dem physikalischen Prinzip Masse-Feder-Masse. Dies sorgt f\u00fcr eine wirksame Ger\u00e4uschd\u00e4mmung.<\/p>\n<h5>W\u00c4RMED\u00c4MMUNG &#8211; KOMFORT IM SOMMER<\/h5>\n<p>In den warmen Monaten reduziert Biopietra die periodische W\u00e4rmeleitf\u00e4higkeit (Yie) und erh\u00f6ht die Phasenverschiebung der Sonnenw\u00e4rme. Ihre unregelm\u00e4\u00dfige Oberfl\u00e4che erzeugt Mikroverschattungen, die eine \u00dcberhitzung der W\u00e4nde verhindern.<\/p>\n<h5>FEUERBEST\u00c4NDIGKEIT<\/h5>\n<p>Biopietra ist vollst\u00e4ndig nicht brennbar und sch\u00fctzt die darunterliegenden D\u00e4mmstoffe \u2013 f\u00fcr mehr Sicherheit im Brandfall.<\/p>\n<h5>SCHOCKBEST\u00c4NDIG<\/h5>\n<p>Im Gegensatz zu herk\u00f6mmlichen Systemen bietet Biopietra eine Dicke von 25 bis 60 mm und bildet eine robuste Barriere gegen St\u00f6\u00dfe und mechanische Belastungen.<\/p>\n<h5>WIDERSTAND GEGEN WITTERUNGSEINFL\u00dcSSE<\/h5>\n<p>Biopietra ist best\u00e4ndig gegen UV-Strahlen, Frost, Hagel und Feuchtigkeit. Sie f\u00f6rdert die Atmungsaktivit\u00e4t und verhindert \u2013 bei Behandlung mit <strong>Biofin<\/strong> \u2013 die Bildung von Algen und Schimmel.<br \/>\n<\/div><\/div>\n<div class=\"row mt-25\"><div class=\"col-md-4\"><h4 class=\"text-right green text-uppercase\">AUSSENWANDD\u00c4MMUNG: GERINGERER ENERGIEVERBRAUCH<\/h4><hr><\/div><div class=\"col-md-8\">\n<h5>BIOPIETRA\u00ae IST EIN \u201cEINFACHES\u201d MATERIAL<\/h5>\n<p>Die Verlegung auf D\u00e4mmstoffen wie EPS, Steinwolle oder Kork ist einfach und vielseitig. Die hohe Materialqualit\u00e4t erfordert eine sorgf\u00e4ltige Verarbeitung, garantiert jedoch <strong>dauerhafte Leistung und Best\u00e4ndigkeit<\/strong>. F\u00fcr weitere technische Details oder gezielte Beratung finden Sie uns auf der Webseite www.biopietra.com oder telefonisch bei unserer Technikabteilung unter der Nummer +39 0365 654437.<\/p>\n<\/div><\/div>\n","protected":false},"excerpt":{"rendered":"<p>In den letzten Jahren hat sich die Baubranche stark weiterentwickelt [&hellip;]<\/p>\n","protected":false},"author":2,"featured_media":0,"parent":7276,"menu_order":184,"comment_status":"closed","ping_status":"closed","template":"template-page-custom.php","meta":{"qubely_global_settings":"","qubely_interactions":"","rs_blank_template":"","rs_page_bg_color":"","slide_template_v7":"","rop_custom_images_group":[],"rop_custom_messages_group":[],"rop_publish_now":"initial","rop_publish_now_accounts":{"facebook_4317419521910128_433253626703258":""},"rop_publish_now_history":[],"rop_publish_now_status":"pending","footnotes":""},"class_list":["post-3133","page","type-page","status-publish","hentry"],"aioseo_notices":[],"yoast_head":"<!-- This site is optimized with the Yoast SEO plugin v27.4 - https:\/\/yoast.com\/product\/yoast-seo-wordpress\/ -->\n<title>Steinverkleidung f\u00fcr Au\u00dfend\u00e4mmung | Biopietra<\/title>\n<meta name=\"description\" content=\"Entdecken Sie Biopietra\u00ae, die \u00f6kologische Verkleidung f\u00fcr Au\u00dfend\u00e4mmung. Hohe Widerstandsf\u00e4higkeit, Sommerkomfort, Schalld\u00e4mmung und individuelles Design.\" \/>\n<meta name=\"robots\" content=\"index, follow, max-snippet:-1, max-image-preview:large, max-video-preview:-1\" \/>\n<link rel=\"canonical\" href=\"https:\/\/biopietra.com\/de\/area-tecnica-2\/aussenwanddaemmung-einfach-biopietra\/\" \/>\n<meta property=\"og:locale\" content=\"de_DE\" \/>\n<meta property=\"og:type\" content=\"article\" \/>\n<meta property=\"og:title\" content=\"Steinverkleidung f\u00fcr Au\u00dfend\u00e4mmung | Biopietra\" \/>\n<meta property=\"og:description\" content=\"Entdecken Sie Biopietra\u00ae, die \u00f6kologische Verkleidung f\u00fcr Au\u00dfend\u00e4mmung. Hohe Widerstandsf\u00e4higkeit, Sommerkomfort, Schalld\u00e4mmung und individuelles Design.\" \/>\n<meta property=\"og:url\" content=\"https:\/\/biopietra.com\/de\/area-tecnica-2\/aussenwanddaemmung-einfach-biopietra\/\" \/>\n<meta property=\"og:site_name\" content=\"Biopietra\" \/>\n<meta property=\"article:modified_time\" content=\"2025-10-09T07:11:49+00:00\" \/>\n<meta property=\"og:image\" content=\"https:\/\/biopietra.com\/wp-content\/uploads\/2016\/07\/cappotto-300x300.png\" \/>\n<meta name=\"twitter:card\" content=\"summary_large_image\" \/>\n<meta name=\"twitter:label1\" content=\"Gesch\u00e4tzte Lesezeit\" \/>\n\t<meta name=\"twitter:data1\" content=\"2\u00a0Minuten\" \/>\n<script type=\"application\/ld+json\" class=\"yoast-schema-graph\">{\"@context\":\"https:\\\/\\\/schema.org\",\"@graph\":[{\"@type\":\"WebPage\",\"@id\":\"https:\\\/\\\/biopietra.com\\\/de\\\/area-tecnica-2\\\/aussenwanddaemmung-einfach-biopietra\\\/\",\"url\":\"https:\\\/\\\/biopietra.com\\\/de\\\/area-tecnica-2\\\/aussenwanddaemmung-einfach-biopietra\\\/\",\"name\":\"Steinverkleidung f\u00fcr Au\u00dfend\u00e4mmung | Biopietra\",\"isPartOf\":{\"@id\":\"https:\\\/\\\/biopietra.com\\\/#website\"},\"primaryImageOfPage\":{\"@id\":\"https:\\\/\\\/biopietra.com\\\/de\\\/area-tecnica-2\\\/aussenwanddaemmung-einfach-biopietra\\\/#primaryimage\"},\"image\":{\"@id\":\"https:\\\/\\\/biopietra.com\\\/de\\\/area-tecnica-2\\\/aussenwanddaemmung-einfach-biopietra\\\/#primaryimage\"},\"thumbnailUrl\":\"https:\\\/\\\/biopietra.com\\\/wp-content\\\/uploads\\\/2016\\\/07\\\/cappotto-300x300.png\",\"datePublished\":\"2016-09-21T08:45:28+00:00\",\"dateModified\":\"2025-10-09T07:11:49+00:00\",\"description\":\"Entdecken Sie Biopietra\u00ae, die \u00f6kologische Verkleidung f\u00fcr Au\u00dfend\u00e4mmung. Hohe Widerstandsf\u00e4higkeit, Sommerkomfort, Schalld\u00e4mmung und individuelles Design.\",\"breadcrumb\":{\"@id\":\"https:\\\/\\\/biopietra.com\\\/de\\\/area-tecnica-2\\\/aussenwanddaemmung-einfach-biopietra\\\/#breadcrumb\"},\"inLanguage\":\"de\",\"potentialAction\":[{\"@type\":\"ReadAction\",\"target\":[\"https:\\\/\\\/biopietra.com\\\/de\\\/area-tecnica-2\\\/aussenwanddaemmung-einfach-biopietra\\\/\"]}]},{\"@type\":\"ImageObject\",\"inLanguage\":\"de\",\"@id\":\"https:\\\/\\\/biopietra.com\\\/de\\\/area-tecnica-2\\\/aussenwanddaemmung-einfach-biopietra\\\/#primaryimage\",\"url\":\"https:\\\/\\\/biopietra.com\\\/wp-content\\\/uploads\\\/2016\\\/07\\\/cappotto-300x300.png\",\"contentUrl\":\"https:\\\/\\\/biopietra.com\\\/wp-content\\\/uploads\\\/2016\\\/07\\\/cappotto-300x300.png\"},{\"@type\":\"BreadcrumbList\",\"@id\":\"https:\\\/\\\/biopietra.com\\\/de\\\/area-tecnica-2\\\/aussenwanddaemmung-einfach-biopietra\\\/#breadcrumb\",\"itemListElement\":[{\"@type\":\"ListItem\",\"position\":1,\"name\":\"Home\",\"item\":\"https:\\\/\\\/biopietra.com\\\/de\\\/\"},{\"@type\":\"ListItem\",\"position\":2,\"name\":\"Technisches Bereich\",\"item\":\"https:\\\/\\\/biopietra.com\\\/de\\\/area-tecnica-2\\\/\"},{\"@type\":\"ListItem\",\"position\":3,\"name\":\"Aussenwandd\u00e4mmung einfach Biopietra\u00ae\"}]},{\"@type\":\"WebSite\",\"@id\":\"https:\\\/\\\/biopietra.com\\\/#website\",\"url\":\"https:\\\/\\\/biopietra.com\\\/\",\"name\":\"Biopietra\",\"description\":\"The Green Stone Industry\",\"potentialAction\":[{\"@type\":\"SearchAction\",\"target\":{\"@type\":\"EntryPoint\",\"urlTemplate\":\"https:\\\/\\\/biopietra.com\\\/?s={search_term_string}\"},\"query-input\":{\"@type\":\"PropertyValueSpecification\",\"valueRequired\":true,\"valueName\":\"search_term_string\"}}],\"inLanguage\":\"de\"}]}<\/script>\n<!-- \/ Yoast SEO plugin. -->","yoast_head_json":{"title":"Steinverkleidung f\u00fcr Au\u00dfend\u00e4mmung | Biopietra","description":"Entdecken Sie Biopietra\u00ae, die \u00f6kologische Verkleidung f\u00fcr Au\u00dfend\u00e4mmung. Hohe Widerstandsf\u00e4higkeit, Sommerkomfort, Schalld\u00e4mmung und individuelles Design.","robots":{"index":"index","follow":"follow","max-snippet":"max-snippet:-1","max-image-preview":"max-image-preview:large","max-video-preview":"max-video-preview:-1"},"canonical":"https:\/\/biopietra.com\/de\/area-tecnica-2\/aussenwanddaemmung-einfach-biopietra\/","og_locale":"de_DE","og_type":"article","og_title":"Steinverkleidung f\u00fcr Au\u00dfend\u00e4mmung | Biopietra","og_description":"Entdecken Sie Biopietra\u00ae, die \u00f6kologische Verkleidung f\u00fcr Au\u00dfend\u00e4mmung. Hohe Widerstandsf\u00e4higkeit, Sommerkomfort, Schalld\u00e4mmung und individuelles Design.","og_url":"https:\/\/biopietra.com\/de\/area-tecnica-2\/aussenwanddaemmung-einfach-biopietra\/","og_site_name":"Biopietra","article_modified_time":"2025-10-09T07:11:49+00:00","og_image":[{"url":"https:\/\/biopietra.com\/wp-content\/uploads\/2016\/07\/cappotto-300x300.png","type":"","width":"","height":""}],"twitter_card":"summary_large_image","twitter_misc":{"Gesch\u00e4tzte Lesezeit":"2\u00a0Minuten"},"schema":{"@context":"https:\/\/schema.org","@graph":[{"@type":"WebPage","@id":"https:\/\/biopietra.com\/de\/area-tecnica-2\/aussenwanddaemmung-einfach-biopietra\/","url":"https:\/\/biopietra.com\/de\/area-tecnica-2\/aussenwanddaemmung-einfach-biopietra\/","name":"Steinverkleidung f\u00fcr Au\u00dfend\u00e4mmung | Biopietra","isPartOf":{"@id":"https:\/\/biopietra.com\/#website"},"primaryImageOfPage":{"@id":"https:\/\/biopietra.com\/de\/area-tecnica-2\/aussenwanddaemmung-einfach-biopietra\/#primaryimage"},"image":{"@id":"https:\/\/biopietra.com\/de\/area-tecnica-2\/aussenwanddaemmung-einfach-biopietra\/#primaryimage"},"thumbnailUrl":"https:\/\/biopietra.com\/wp-content\/uploads\/2016\/07\/cappotto-300x300.png","datePublished":"2016-09-21T08:45:28+00:00","dateModified":"2025-10-09T07:11:49+00:00","description":"Entdecken Sie Biopietra\u00ae, die \u00f6kologische Verkleidung f\u00fcr Au\u00dfend\u00e4mmung. Hohe Widerstandsf\u00e4higkeit, Sommerkomfort, Schalld\u00e4mmung und individuelles Design.","breadcrumb":{"@id":"https:\/\/biopietra.com\/de\/area-tecnica-2\/aussenwanddaemmung-einfach-biopietra\/#breadcrumb"},"inLanguage":"de","potentialAction":[{"@type":"ReadAction","target":["https:\/\/biopietra.com\/de\/area-tecnica-2\/aussenwanddaemmung-einfach-biopietra\/"]}]},{"@type":"ImageObject","inLanguage":"de","@id":"https:\/\/biopietra.com\/de\/area-tecnica-2\/aussenwanddaemmung-einfach-biopietra\/#primaryimage","url":"https:\/\/biopietra.com\/wp-content\/uploads\/2016\/07\/cappotto-300x300.png","contentUrl":"https:\/\/biopietra.com\/wp-content\/uploads\/2016\/07\/cappotto-300x300.png"},{"@type":"BreadcrumbList","@id":"https:\/\/biopietra.com\/de\/area-tecnica-2\/aussenwanddaemmung-einfach-biopietra\/#breadcrumb","itemListElement":[{"@type":"ListItem","position":1,"name":"Home","item":"https:\/\/biopietra.com\/de\/"},{"@type":"ListItem","position":2,"name":"Technisches Bereich","item":"https:\/\/biopietra.com\/de\/area-tecnica-2\/"},{"@type":"ListItem","position":3,"name":"Aussenwandd\u00e4mmung einfach Biopietra\u00ae"}]},{"@type":"WebSite","@id":"https:\/\/biopietra.com\/#website","url":"https:\/\/biopietra.com\/","name":"Biopietra","description":"The Green Stone Industry","potentialAction":[{"@type":"SearchAction","target":{"@type":"EntryPoint","urlTemplate":"https:\/\/biopietra.com\/?s={search_term_string}"},"query-input":{"@type":"PropertyValueSpecification","valueRequired":true,"valueName":"search_term_string"}}],"inLanguage":"de"}]}},"_links":{"self":[{"href":"https:\/\/biopietra.com\/de\/wp-json\/wp\/v2\/pages\/3133","targetHints":{"allow":["GET"]}}],"collection":[{"href":"https:\/\/biopietra.com\/de\/wp-json\/wp\/v2\/pages"}],"about":[{"href":"https:\/\/biopietra.com\/de\/wp-json\/wp\/v2\/types\/page"}],"author":[{"embeddable":true,"href":"https:\/\/biopietra.com\/de\/wp-json\/wp\/v2\/users\/2"}],"replies":[{"embeddable":true,"href":"https:\/\/biopietra.com\/de\/wp-json\/wp\/v2\/comments?post=3133"}],"version-history":[{"count":9,"href":"https:\/\/biopietra.com\/de\/wp-json\/wp\/v2\/pages\/3133\/revisions"}],"predecessor-version":[{"id":30298,"href":"https:\/\/biopietra.com\/de\/wp-json\/wp\/v2\/pages\/3133\/revisions\/30298"}],"up":[{"embeddable":true,"href":"https:\/\/biopietra.com\/de\/wp-json\/wp\/v2\/pages\/7276"}],"wp:attachment":[{"href":"https:\/\/biopietra.com\/de\/wp-json\/wp\/v2\/media?parent=3133"}],"curies":[{"name":"wp","href":"https:\/\/api.w.org\/{rel}","templated":true}]}}