{"id":3135,"date":"2016-07-22T15:47:11","date_gmt":"2016-07-22T13:47:11","guid":{"rendered":"http:\/\/biopietra.com\/area-tecnica\/prove-di-laboratorio\/"},"modified":"2018-04-26T09:43:44","modified_gmt":"2018-04-26T07:43:44","slug":"laborpruefungen","status":"publish","type":"page","link":"https:\/\/biopietra.com\/de\/technisches-bereich\/laborpruefungen\/","title":{"rendered":"Laborpr\u00fcfungen"},"content":{"rendered":"<p style=\"text-align: left;\"><strong>Wasserdampfdurchl\u00e4ssigkeit<\/strong><\/p>\n<p style=\"text-align: left;\">gem\u00e4\u00df der Bezugsnorm EN 12572 Durchl\u00e4ssigkeit \u03bc 20.<\/p>\n<p style=\"text-align: left;\"><strong>Keine Aufloesung von Schwermetalle in Verbindung mit Wasser nach<\/strong><\/p>\n<p style=\"text-align: left;\">der Norm UNI EN 12457-2\/04<\/p>\n<p style=\"text-align: left;\"><strong>Kein Austritt von fl\u00fcchtigen, organischen Stoffen nach der UNI EN ISO<\/strong><\/p>\n<p style=\"text-align: left;\">(VOC) gem\u00e4ss der UNI EN ISO 16000-9: 2006 + ISO 16000-6: 2011<\/p>\n<p style=\"text-align: left;\"><strong>Keine Farbver\u00e4nderung durch Licht<\/strong><\/p>\n<p style=\"text-align: left;\">(Sonneneinstrahlung) nach der Norm DIN 51094<\/p>\n<p style=\"text-align: left;\"><strong>Index Sonnenlicht-Brechung<\/strong><\/p>\n<p style=\"text-align: left;\">Nach der ASTM Normen E903-96 Stan- dards; ASTM G173-03 (2008); ASTM C1371-04a; ASTM E1980-98e1<\/p>\n<p><strong>ein Austritt der Radioaktivit\u00e4t<\/strong><\/p>\n<p>Nach der Norm UNI 10797:1999<\/p>\n<p style=\"text-align: left;\"><strong>Frostbest\u00e4ndigkeit<\/strong><\/p>\n<p style=\"text-align: left;\">100 Frost-und-Tau Zyklen nach der UNI EN ISO Norm.<\/p>\n<p>&nbsp;<\/p>\n<p><a href=\"mailto:marketing@biopietra.com\" class=\"btn btn-color-out\">Download-Zertifizierungen<\/a><\/p>\n","protected":false},"excerpt":{"rendered":"<p>Wasserdampfdurchl\u00e4ssigkeit gem\u00e4\u00df der Bezugsnorm EN 12572 Durchl\u00e4ssigkeit \u03bc 20. Keine [&hellip;]<\/p>\n","protected":false},"author":2,"featured_media":0,"parent":3129,"menu_order":138,"comment_status":"closed","ping_status":"closed","template":"template-page-custom.php","meta":{"qubely_global_settings":"","qubely_interactions":"","rop_custom_images_group":[],"rop_custom_messages_group":[],"rop_publish_now":"initial","rop_publish_now_accounts":{"facebook_4317419521910128_433253626703258":""},"rop_publish_now_history":[],"rop_publish_now_status":"pending","footnotes":""},"class_list":["post-3135","page","type-page","status-publish","hentry"],"aioseo_notices":[],"yoast_head":"<!-- This site is optimized with the Yoast SEO plugin v27.4 - https:\/\/yoast.com\/product\/yoast-seo-wordpress\/ -->\n<title>Laborpr\u00fcfungen - Biopietra<\/title>\n<meta name=\"robots\" content=\"index, follow, max-snippet:-1, max-image-preview:large, max-video-preview:-1\" \/>\n<link rel=\"canonical\" href=\"https:\/\/biopietra.com\/de\/technisches-bereich\/laborpruefungen\/\" \/>\n<meta property=\"og:locale\" content=\"de_DE\" \/>\n<meta property=\"og:type\" content=\"article\" \/>\n<meta property=\"og:title\" content=\"Laborpr\u00fcfungen - Biopietra\" \/>\n<meta property=\"og:description\" content=\"Wasserdampfdurchl\u00e4ssigkeit gem\u00e4\u00df der Bezugsnorm EN 12572 Durchl\u00e4ssigkeit \u03bc 20. Keine [&hellip;]\" \/>\n<meta property=\"og:url\" content=\"https:\/\/biopietra.com\/de\/technisches-bereich\/laborpruefungen\/\" \/>\n<meta property=\"og:site_name\" content=\"Biopietra\" \/>\n<meta property=\"article:modified_time\" content=\"2018-04-26T07:43:44+00:00\" \/>\n<meta name=\"twitter:card\" content=\"summary_large_image\" \/>\n<script type=\"application\/ld+json\" class=\"yoast-schema-graph\">{\"@context\":\"https:\\\/\\\/schema.org\",\"@graph\":[{\"@type\":\"WebPage\",\"@id\":\"https:\\\/\\\/biopietra.com\\\/de\\\/technisches-bereich\\\/laborpruefungen\\\/\",\"url\":\"https:\\\/\\\/biopietra.com\\\/de\\\/technisches-bereich\\\/laborpruefungen\\\/\",\"name\":\"Laborpr\u00fcfungen - Biopietra\",\"isPartOf\":{\"@id\":\"https:\\\/\\\/biopietra.com\\\/#website\"},\"datePublished\":\"2016-07-22T13:47:11+00:00\",\"dateModified\":\"2018-04-26T07:43:44+00:00\",\"breadcrumb\":{\"@id\":\"https:\\\/\\\/biopietra.com\\\/de\\\/technisches-bereich\\\/laborpruefungen\\\/#breadcrumb\"},\"inLanguage\":\"de\",\"potentialAction\":[{\"@type\":\"ReadAction\",\"target\":[\"https:\\\/\\\/biopietra.com\\\/de\\\/technisches-bereich\\\/laborpruefungen\\\/\"]}]},{\"@type\":\"BreadcrumbList\",\"@id\":\"https:\\\/\\\/biopietra.com\\\/de\\\/technisches-bereich\\\/laborpruefungen\\\/#breadcrumb\",\"itemListElement\":[{\"@type\":\"ListItem\",\"position\":1,\"name\":\"Home\",\"item\":\"https:\\\/\\\/biopietra.com\\\/de\\\/\"},{\"@type\":\"ListItem\",\"position\":2,\"name\":\"Technisches Bereich\",\"item\":\"https:\\\/\\\/biopietra.com\\\/de\\\/technisches-bereich\\\/\"},{\"@type\":\"ListItem\",\"position\":3,\"name\":\"Laborpr\u00fcfungen\"}]},{\"@type\":\"WebSite\",\"@id\":\"https:\\\/\\\/biopietra.com\\\/#website\",\"url\":\"https:\\\/\\\/biopietra.com\\\/\",\"name\":\"Biopietra\",\"description\":\"The Green Stone Industry\",\"potentialAction\":[{\"@type\":\"SearchAction\",\"target\":{\"@type\":\"EntryPoint\",\"urlTemplate\":\"https:\\\/\\\/biopietra.com\\\/?s={search_term_string}\"},\"query-input\":{\"@type\":\"PropertyValueSpecification\",\"valueRequired\":true,\"valueName\":\"search_term_string\"}}],\"inLanguage\":\"de\"}]}<\/script>\n<!-- \/ Yoast SEO plugin. -->","yoast_head_json":{"title":"Laborpr\u00fcfungen - Biopietra","robots":{"index":"index","follow":"follow","max-snippet":"max-snippet:-1","max-image-preview":"max-image-preview:large","max-video-preview":"max-video-preview:-1"},"canonical":"https:\/\/biopietra.com\/de\/technisches-bereich\/laborpruefungen\/","og_locale":"de_DE","og_type":"article","og_title":"Laborpr\u00fcfungen - Biopietra","og_description":"Wasserdampfdurchl\u00e4ssigkeit gem\u00e4\u00df der Bezugsnorm EN 12572 Durchl\u00e4ssigkeit \u03bc 20. Keine [&hellip;]","og_url":"https:\/\/biopietra.com\/de\/technisches-bereich\/laborpruefungen\/","og_site_name":"Biopietra","article_modified_time":"2018-04-26T07:43:44+00:00","twitter_card":"summary_large_image","schema":{"@context":"https:\/\/schema.org","@graph":[{"@type":"WebPage","@id":"https:\/\/biopietra.com\/de\/technisches-bereich\/laborpruefungen\/","url":"https:\/\/biopietra.com\/de\/technisches-bereich\/laborpruefungen\/","name":"Laborpr\u00fcfungen - Biopietra","isPartOf":{"@id":"https:\/\/biopietra.com\/#website"},"datePublished":"2016-07-22T13:47:11+00:00","dateModified":"2018-04-26T07:43:44+00:00","breadcrumb":{"@id":"https:\/\/biopietra.com\/de\/technisches-bereich\/laborpruefungen\/#breadcrumb"},"inLanguage":"de","potentialAction":[{"@type":"ReadAction","target":["https:\/\/biopietra.com\/de\/technisches-bereich\/laborpruefungen\/"]}]},{"@type":"BreadcrumbList","@id":"https:\/\/biopietra.com\/de\/technisches-bereich\/laborpruefungen\/#breadcrumb","itemListElement":[{"@type":"ListItem","position":1,"name":"Home","item":"https:\/\/biopietra.com\/de\/"},{"@type":"ListItem","position":2,"name":"Technisches Bereich","item":"https:\/\/biopietra.com\/de\/technisches-bereich\/"},{"@type":"ListItem","position":3,"name":"Laborpr\u00fcfungen"}]},{"@type":"WebSite","@id":"https:\/\/biopietra.com\/#website","url":"https:\/\/biopietra.com\/","name":"Biopietra","description":"The Green Stone Industry","potentialAction":[{"@type":"SearchAction","target":{"@type":"EntryPoint","urlTemplate":"https:\/\/biopietra.com\/?s={search_term_string}"},"query-input":{"@type":"PropertyValueSpecification","valueRequired":true,"valueName":"search_term_string"}}],"inLanguage":"de"}]}},"_links":{"self":[{"href":"https:\/\/biopietra.com\/de\/wp-json\/wp\/v2\/pages\/3135\/"}],"collection":[{"href":"https:\/\/biopietra.com\/de\/wp-json\/wp\/v2\/pages\/"}],"about":[{"href":"https:\/\/biopietra.com\/de\/wp-json\/wp\/v2\/types\/page\/"}],"author":[{"embeddable":true,"href":"https:\/\/biopietra.com\/de\/wp-json\/wp\/v2\/users\/2\/"}],"replies":[{"embeddable":true,"href":"https:\/\/biopietra.com\/de\/wp-json\/wp\/v2\/comments\/?post=3135"}],"version-history":[{"count":10,"href":"https:\/\/biopietra.com\/de\/wp-json\/wp\/v2\/pages\/3135\/revisions\/"}],"predecessor-version":[{"id":9282,"href":"https:\/\/biopietra.com\/de\/wp-json\/wp\/v2\/pages\/3135\/revisions\/9282\/"}],"up":[{"embeddable":true,"href":"https:\/\/biopietra.com\/de\/wp-json\/wp\/v2\/pages\/3129\/"}],"wp:attachment":[{"href":"https:\/\/biopietra.com\/de\/wp-json\/wp\/v2\/media\/?parent=3135"}],"curies":[{"name":"wp","href":"https:\/\/api.w.org\/{rel}","templated":true}]}}