{"id":3139,"date":"2016-07-22T16:08:42","date_gmt":"2016-07-22T14:08:42","guid":{"rendered":"http:\/\/biopietra.com\/area-tecnica\/total-white\/"},"modified":"2025-10-20T14:21:44","modified_gmt":"2025-10-20T12:21:44","slug":"total-white","status":"publish","type":"page","link":"https:\/\/biopietra.com\/de\/area-tecnica-2\/total-white\/","title":{"rendered":"Total White"},"content":{"rendered":"<div class=\"row\">\n<div class=\"col-md-8 mt-25\">\n<p>Im Bereich des nachhaltigen Designs und \u00f6kologischen Bauens spielt das nat\u00fcrliche Licht eine zentrale Rolle f\u00fcr Wohnkomfort und Energieeffizienz. In diesem Zusammenhang hat Biopietra die <strong>Total White-Technologie<\/strong> entwickelt \u2013 ein <strong>technisches Merkmal<\/strong>, das ausschlie\u00dflich f\u00fcr Verkleidungen in den Farben <strong>Wei\u00df<\/strong> und <strong>Quarz<\/strong> gilt und eine Oberfl\u00e4che mit dem sogenannten <strong>\u201ereinen Wei\u00df\u201c<\/strong> erm\u00f6glicht.<\/p>\n<h3>Reines Wei\u00df, das R\u00e4ume verwandelt<\/h3>\n<p>Reines Wei\u00df ist ein extrem reiner Farbton, frei von Farbstichen zu benachbarten T\u00f6nen und ohne Materialeinschl\u00fcsse, die die Lichtbrechung beeintr\u00e4chtigen k\u00f6nnten. Diese Farbreinheit, kombiniert mit der Geometrie der Biopietra-Oberfl\u00e4chen, erm\u00f6glicht eine <strong>gleichm\u00e4\u00dfige Lichtreflexion<\/strong> in alle Richtungen. Dadurch wirken R\u00e4ume <strong>heller<\/strong>, <strong>optisch gr\u00f6\u00dfer<\/strong> und <strong>energieeffizienter<\/strong>.<\/p>\n<\/div>\n<div class=\"col-md-3 col-md-offset-1 mt-25\"><img decoding=\"async\" src=\"https:\/\/biopietra.com\/wp-content\/uploads\/2016\/07\/Schermata-2016-07-22-alle-16.11.56.png\" alt=\"#\" \/><\/div>\n<\/div>\n<div class=\"row\">\n<div class=\"col-md-8 col-md-offset-2 mt-25\">\n<p>Finden Sie hier im Anschluss eine Analyse gem\u00e4\u00df der Norm UNI EN 12464 zur Ermittlung des Index der lichttechnischen Leistung und der Lichtbrechung in einem gleichen Raum wie auf dem Plan (Demo 2 und 3), wo auf zwei W\u00e4nden (P1 und P2) mit einer Abmessung von 6x3m und beleuchtet von 3 Wandleuchten (A1, A2, A3) die Verkleidung Biopietra\u00ae (Demo 3) Living Collection Farbe Quarz verlegt wurde und mit dem gleichen Raum ohne Biopietra\u00ae (Demo 2) Verkleidung verglichen wird. Unter Einsatz einer Software f\u00fcr Lichttechnik-Studien wird die Beleuchtung vor und nach dem Eingriff berechnet.<\/p>\n<\/div>\n<\/div>\n<div class=\"row mt-50\">\n<div class=\"col-md-6 mt-25\">\n<p><img decoding=\"async\" src=\"https:\/\/biopietra.com\/wp-content\/uploads\/2016\/07\/Schermata-2016-07-22-alle-16.13.21.png\" alt=\"\" \/>Raum ohne Biopietra\u00ae Verkleidung an den W\u00e4nden P1 und P2<\/p>\n<\/div>\n<div class=\"col-md-6 mt-25\">\n<p><img decoding=\"async\" src=\"https:\/\/biopietra.com\/wp-content\/uploads\/2016\/07\/Schermata-2016-07-22-alle-16.13.32.png\" alt=\"\" \/>Raum nach der Verlegung einer Biopietra\u00ae-Verkleidung in der Farbe Quarz an den W\u00e4nden P1 und P2<\/p>\n<\/div>\n<\/div>\n<div class=\"row\">\n<div class=\"col-md-8 col-md-offset-2 mt-50\">\n<h3>Energieeffizienz und Einsparungen<\/h3>\n<p>Eine Studie gem\u00e4\u00df der Norm <strong>UNI EN 12464<\/strong> hat gezeigt, dass eine Wand mit Biopietra-Verkleidung in Wei\u00df oder Quarz bei gleicher Anzahl von Lichtquellen ein <strong>h\u00f6heres durchschnittliches Beleuchtungsniveau<\/strong> erzeugt als unbehandelte Oberfl\u00e4chen. Dies f\u00fchrt zu einer <strong>Energieeinsparung von 25 % bis 30 %<\/strong>, da weniger k\u00fcnstliche Beleuchtung erforderlich ist.<\/p>\n<p>Die Total White-Technologie eignet sich besonders f\u00fcr:<\/p>\n<ul>\n<li>R\u00e4ume mit wenig nat\u00fcrlichem Licht<\/li>\n<li>Innenr\u00e4ume mit dunkler oder klassischer Einrichtung<\/li>\n<li>Sanierungsprojekte mit Fokus auf Nachhaltigkeit<\/li>\n<li>\u00d6ffentliche und gewerbliche Geb\u00e4ude, in denen Licht funktional eingesetzt wird<\/li>\n<\/ul>\n<p>Dank der <strong>Vielseitigkeit der Biopietra-Verkleidungen<\/strong> k\u00f6nnen diese auf Gipskarton, Stahlbeton, Holz und W\u00e4rmed\u00e4mmsysteme aufgebracht werden und bieten <strong>Langlebigkeit<\/strong>, <strong>Verarbeitbarkeit<\/strong> und <strong>Kompatibilit\u00e4t mit \u00f6kologischer Architektur<\/strong>.<\/p>\n<p><strong>Je weniger Licht von den W\u00e4nden absorbiert wird<\/strong>, <strong>desto geringer ist der Bedarf an k\u00fcnstlicher Beleuchtung<\/strong>, was zu einer <strong>Reduzierung des Energieverbrauchs<\/strong> f\u00fchrt.<\/p>\n<\/div>\n<\/div>\n","protected":false},"excerpt":{"rendered":"<p>Im Bereich des nachhaltigen Designs und \u00f6kologischen Bauens spielt das [&hellip;]<\/p>\n","protected":false},"author":2,"featured_media":0,"parent":7276,"menu_order":219,"comment_status":"closed","ping_status":"closed","template":"template-page-custom.php","meta":{"qubely_global_settings":"","qubely_interactions":"","rs_blank_template":"","rs_page_bg_color":"","slide_template_v7":"","rop_custom_images_group":[],"rop_custom_messages_group":[],"rop_publish_now":"initial","rop_publish_now_accounts":{"facebook_4317419521910128_433253626703258":""},"rop_publish_now_history":[],"rop_publish_now_status":"pending","footnotes":""},"class_list":["post-3139","page","type-page","status-publish","hentry"],"aioseo_notices":[],"yoast_head":"<!-- This site is optimized with the Yoast SEO plugin v27.4 - https:\/\/yoast.com\/product\/yoast-seo-wordpress\/ -->\n<title>Total White Biopietra: Verkleidungen f\u00fcr helle Wohnr\u00e4ume<\/title>\n<meta name=\"description\" content=\"Entdecken Sie Total White von Biopietra: Technologie des reinen Wei\u00df, angewendet auf Verkleidungen in den Farben Wei\u00df und Quarz. Mehr Helligkeit, Energieeinsparung und visueller Komfort.\" \/>\n<meta name=\"robots\" content=\"index, follow, max-snippet:-1, max-image-preview:large, max-video-preview:-1\" \/>\n<link rel=\"canonical\" href=\"https:\/\/biopietra.com\/de\/area-tecnica-2\/total-white\/\" \/>\n<meta property=\"og:locale\" content=\"de_DE\" \/>\n<meta property=\"og:type\" content=\"article\" \/>\n<meta property=\"og:title\" content=\"Total White Biopietra: Verkleidungen f\u00fcr helle Wohnr\u00e4ume\" \/>\n<meta property=\"og:description\" content=\"Entdecken Sie Total White von Biopietra: Technologie des reinen Wei\u00df, angewendet auf Verkleidungen in den Farben Wei\u00df und Quarz. Mehr Helligkeit, Energieeinsparung und visueller Komfort.\" \/>\n<meta property=\"og:url\" content=\"https:\/\/biopietra.com\/de\/area-tecnica-2\/total-white\/\" \/>\n<meta property=\"og:site_name\" content=\"Biopietra\" \/>\n<meta property=\"article:modified_time\" content=\"2025-10-20T12:21:44+00:00\" \/>\n<meta property=\"og:image\" content=\"https:\/\/biopietra.com\/wp-content\/uploads\/2016\/07\/Schermata-2016-07-22-alle-16.11.56.png\" \/>\n<meta name=\"twitter:card\" content=\"summary_large_image\" \/>\n<meta name=\"twitter:label1\" content=\"Gesch\u00e4tzte Lesezeit\" \/>\n\t<meta name=\"twitter:data1\" content=\"2\u00a0Minuten\" \/>\n<script type=\"application\/ld+json\" class=\"yoast-schema-graph\">{\"@context\":\"https:\\\/\\\/schema.org\",\"@graph\":[{\"@type\":\"WebPage\",\"@id\":\"https:\\\/\\\/biopietra.com\\\/de\\\/area-tecnica-2\\\/total-white\\\/\",\"url\":\"https:\\\/\\\/biopietra.com\\\/de\\\/area-tecnica-2\\\/total-white\\\/\",\"name\":\"Total White Biopietra: Verkleidungen f\u00fcr helle Wohnr\u00e4ume\",\"isPartOf\":{\"@id\":\"https:\\\/\\\/biopietra.com\\\/#website\"},\"primaryImageOfPage\":{\"@id\":\"https:\\\/\\\/biopietra.com\\\/de\\\/area-tecnica-2\\\/total-white\\\/#primaryimage\"},\"image\":{\"@id\":\"https:\\\/\\\/biopietra.com\\\/de\\\/area-tecnica-2\\\/total-white\\\/#primaryimage\"},\"thumbnailUrl\":\"https:\\\/\\\/biopietra.com\\\/wp-content\\\/uploads\\\/2016\\\/07\\\/Schermata-2016-07-22-alle-16.11.56.png\",\"datePublished\":\"2016-07-22T14:08:42+00:00\",\"dateModified\":\"2025-10-20T12:21:44+00:00\",\"description\":\"Entdecken Sie Total White von Biopietra: Technologie des reinen Wei\u00df, angewendet auf Verkleidungen in den Farben Wei\u00df und Quarz. Mehr Helligkeit, Energieeinsparung und visueller Komfort.\",\"breadcrumb\":{\"@id\":\"https:\\\/\\\/biopietra.com\\\/de\\\/area-tecnica-2\\\/total-white\\\/#breadcrumb\"},\"inLanguage\":\"de\",\"potentialAction\":[{\"@type\":\"ReadAction\",\"target\":[\"https:\\\/\\\/biopietra.com\\\/de\\\/area-tecnica-2\\\/total-white\\\/\"]}]},{\"@type\":\"ImageObject\",\"inLanguage\":\"de\",\"@id\":\"https:\\\/\\\/biopietra.com\\\/de\\\/area-tecnica-2\\\/total-white\\\/#primaryimage\",\"url\":\"https:\\\/\\\/biopietra.com\\\/wp-content\\\/uploads\\\/2016\\\/07\\\/Schermata-2016-07-22-alle-16.11.56.png\",\"contentUrl\":\"https:\\\/\\\/biopietra.com\\\/wp-content\\\/uploads\\\/2016\\\/07\\\/Schermata-2016-07-22-alle-16.11.56.png\"},{\"@type\":\"BreadcrumbList\",\"@id\":\"https:\\\/\\\/biopietra.com\\\/de\\\/area-tecnica-2\\\/total-white\\\/#breadcrumb\",\"itemListElement\":[{\"@type\":\"ListItem\",\"position\":1,\"name\":\"Home\",\"item\":\"https:\\\/\\\/biopietra.com\\\/de\\\/\"},{\"@type\":\"ListItem\",\"position\":2,\"name\":\"Technisches Bereich\",\"item\":\"https:\\\/\\\/biopietra.com\\\/de\\\/area-tecnica-2\\\/\"},{\"@type\":\"ListItem\",\"position\":3,\"name\":\"Total White\"}]},{\"@type\":\"WebSite\",\"@id\":\"https:\\\/\\\/biopietra.com\\\/#website\",\"url\":\"https:\\\/\\\/biopietra.com\\\/\",\"name\":\"Biopietra\",\"description\":\"The Green Stone Industry\",\"potentialAction\":[{\"@type\":\"SearchAction\",\"target\":{\"@type\":\"EntryPoint\",\"urlTemplate\":\"https:\\\/\\\/biopietra.com\\\/?s={search_term_string}\"},\"query-input\":{\"@type\":\"PropertyValueSpecification\",\"valueRequired\":true,\"valueName\":\"search_term_string\"}}],\"inLanguage\":\"de\"}]}<\/script>\n<!-- \/ Yoast SEO plugin. -->","yoast_head_json":{"title":"Total White Biopietra: Verkleidungen f\u00fcr helle Wohnr\u00e4ume","description":"Entdecken Sie Total White von Biopietra: Technologie des reinen Wei\u00df, angewendet auf Verkleidungen in den Farben Wei\u00df und Quarz. Mehr Helligkeit, Energieeinsparung und visueller Komfort.","robots":{"index":"index","follow":"follow","max-snippet":"max-snippet:-1","max-image-preview":"max-image-preview:large","max-video-preview":"max-video-preview:-1"},"canonical":"https:\/\/biopietra.com\/de\/area-tecnica-2\/total-white\/","og_locale":"de_DE","og_type":"article","og_title":"Total White Biopietra: Verkleidungen f\u00fcr helle Wohnr\u00e4ume","og_description":"Entdecken Sie Total White von Biopietra: Technologie des reinen Wei\u00df, angewendet auf Verkleidungen in den Farben Wei\u00df und Quarz. Mehr Helligkeit, Energieeinsparung und visueller Komfort.","og_url":"https:\/\/biopietra.com\/de\/area-tecnica-2\/total-white\/","og_site_name":"Biopietra","article_modified_time":"2025-10-20T12:21:44+00:00","og_image":[{"url":"https:\/\/biopietra.com\/wp-content\/uploads\/2016\/07\/Schermata-2016-07-22-alle-16.11.56.png","type":"","width":"","height":""}],"twitter_card":"summary_large_image","twitter_misc":{"Gesch\u00e4tzte Lesezeit":"2\u00a0Minuten"},"schema":{"@context":"https:\/\/schema.org","@graph":[{"@type":"WebPage","@id":"https:\/\/biopietra.com\/de\/area-tecnica-2\/total-white\/","url":"https:\/\/biopietra.com\/de\/area-tecnica-2\/total-white\/","name":"Total White Biopietra: Verkleidungen f\u00fcr helle Wohnr\u00e4ume","isPartOf":{"@id":"https:\/\/biopietra.com\/#website"},"primaryImageOfPage":{"@id":"https:\/\/biopietra.com\/de\/area-tecnica-2\/total-white\/#primaryimage"},"image":{"@id":"https:\/\/biopietra.com\/de\/area-tecnica-2\/total-white\/#primaryimage"},"thumbnailUrl":"https:\/\/biopietra.com\/wp-content\/uploads\/2016\/07\/Schermata-2016-07-22-alle-16.11.56.png","datePublished":"2016-07-22T14:08:42+00:00","dateModified":"2025-10-20T12:21:44+00:00","description":"Entdecken Sie Total White von Biopietra: Technologie des reinen Wei\u00df, angewendet auf Verkleidungen in den Farben Wei\u00df und Quarz. Mehr Helligkeit, Energieeinsparung und visueller Komfort.","breadcrumb":{"@id":"https:\/\/biopietra.com\/de\/area-tecnica-2\/total-white\/#breadcrumb"},"inLanguage":"de","potentialAction":[{"@type":"ReadAction","target":["https:\/\/biopietra.com\/de\/area-tecnica-2\/total-white\/"]}]},{"@type":"ImageObject","inLanguage":"de","@id":"https:\/\/biopietra.com\/de\/area-tecnica-2\/total-white\/#primaryimage","url":"https:\/\/biopietra.com\/wp-content\/uploads\/2016\/07\/Schermata-2016-07-22-alle-16.11.56.png","contentUrl":"https:\/\/biopietra.com\/wp-content\/uploads\/2016\/07\/Schermata-2016-07-22-alle-16.11.56.png"},{"@type":"BreadcrumbList","@id":"https:\/\/biopietra.com\/de\/area-tecnica-2\/total-white\/#breadcrumb","itemListElement":[{"@type":"ListItem","position":1,"name":"Home","item":"https:\/\/biopietra.com\/de\/"},{"@type":"ListItem","position":2,"name":"Technisches Bereich","item":"https:\/\/biopietra.com\/de\/area-tecnica-2\/"},{"@type":"ListItem","position":3,"name":"Total White"}]},{"@type":"WebSite","@id":"https:\/\/biopietra.com\/#website","url":"https:\/\/biopietra.com\/","name":"Biopietra","description":"The Green Stone Industry","potentialAction":[{"@type":"SearchAction","target":{"@type":"EntryPoint","urlTemplate":"https:\/\/biopietra.com\/?s={search_term_string}"},"query-input":{"@type":"PropertyValueSpecification","valueRequired":true,"valueName":"search_term_string"}}],"inLanguage":"de"}]}},"_links":{"self":[{"href":"https:\/\/biopietra.com\/de\/wp-json\/wp\/v2\/pages\/3139","targetHints":{"allow":["GET"]}}],"collection":[{"href":"https:\/\/biopietra.com\/de\/wp-json\/wp\/v2\/pages"}],"about":[{"href":"https:\/\/biopietra.com\/de\/wp-json\/wp\/v2\/types\/page"}],"author":[{"embeddable":true,"href":"https:\/\/biopietra.com\/de\/wp-json\/wp\/v2\/users\/2"}],"replies":[{"embeddable":true,"href":"https:\/\/biopietra.com\/de\/wp-json\/wp\/v2\/comments?post=3139"}],"version-history":[{"count":8,"href":"https:\/\/biopietra.com\/de\/wp-json\/wp\/v2\/pages\/3139\/revisions"}],"predecessor-version":[{"id":30311,"href":"https:\/\/biopietra.com\/de\/wp-json\/wp\/v2\/pages\/3139\/revisions\/30311"}],"up":[{"embeddable":true,"href":"https:\/\/biopietra.com\/de\/wp-json\/wp\/v2\/pages\/7276"}],"wp:attachment":[{"href":"https:\/\/biopietra.com\/de\/wp-json\/wp\/v2\/media?parent=3139"}],"curies":[{"name":"wp","href":"https:\/\/api.w.org\/{rel}","templated":true}]}}