{"id":4512,"date":"2017-04-28T12:44:28","date_gmt":"2017-04-28T10:44:28","guid":{"rendered":"http:\/\/biopietra.com\/?page_id=4512\/"},"modified":"2025-08-04T14:15:05","modified_gmt":"2025-08-04T12:15:05","slug":"bioarchitecture","status":"publish","type":"page","link":"https:\/\/biopietra.com\/de\/bioarchitecture\/","title":{"rendered":"Bio Architektur"},"content":{"rendered":"<p style=\"text-align: center;\"><em><span lang=\"de\">Bioarchitektur kann nicht auf eine konstruktive Typologie zur\u00fc<\/span><span lang=\"de\">ck<\/span><span lang=\"de\">gef\u00fchrt werden, es ist viel mehr. Es dr\u00fcckt eine starke Allianz zwischen dem Architekten und der Natur aus, das Bewusstsein, dass wir alle eine viel gr\u00f6\u00dfere Dimension als uns teilen.<\/span><\/em><\/p>\n<p>Wie der Architekt Markus Tauber erkl\u00e4rt, handelt es sich um eine echte Philosophie des Bauens, Renovierens und Wohnens. Ziel ist es, ein harmonisches Gleichgewicht zwischen der nat\u00fcrlichen Umgebung und den vom Menschen geschaffenen Bauwerken zu schaffen.<\/p>\n<p>In den letzten Jahrzehnten wurde deutlich, dass Umwelt- und Landschaftssch\u00e4den h\u00e4ufig durch konventionelle Architektur verursacht werden. Diese achtet wenig auf die Auswahl von Formen, Materialien und Strukturen. Daher bedeutet das Planen nach den Prinzipien der Bioarchitektur, alternative und konkrete L\u00f6sungen anzubieten, um die Umweltbelastung zu verringern und die Luftqualit\u00e4t in Innenr\u00e4umen zu verbessern.<\/p>\n<p>Besonders in den nordeurop\u00e4ischen L\u00e4ndern und in einigen Regionen der Vereinigten Staaten hat sich ein starkes \u00f6kologisches Bewusstsein entwickelt. Dies hat dazu gef\u00fchrt, dass die Menschen gesunde und komfortable Geb\u00e4ude w\u00fcnschen und den Einsatz erneuerbarer Materialien sowie nachhaltiger Bautechniken f\u00f6rdern. Die Einf\u00fchrung der Bioarchitektur bedeutet daher auch, Pr\u00e4vention zu f\u00f6rdern \u2013 sowohl f\u00fcr das pers\u00f6nliche Wohlbefinden als auch f\u00fcr den Schutz der Umwelt.<\/p>\n<p>Ein bioarchitektonisches Geb\u00e4ude ist im Allgemeinen darauf ausgelegt, Komfort und Gesundheit zu bieten. Es nutzt alternative Energiequellen rational und verwendet lokale, unbehandelte, wiederverwertbare und recycelbare Materialien.<\/p>\n<p>Die gute Nachricht ist, dass einige nat\u00fcrliche Materialien zur Herstellung von<span>\u00a0<\/span><strong>Biopietra<\/strong><span>\u00a0<\/span>verwendet werden k\u00f6nnen. Zu den h\u00e4ufigsten geh\u00f6ren Abf\u00e4lle aus der Verarbeitung von Marmor und Porphyr sowie Sand und Kies, die sich ideal zur Herstellung von rekonstruierten Materialien mit hoher technischer Leistung eignen.<\/p>\n<p>Biopietra bietet Verkleidungsl\u00f6sungen, die den Prinzipien der Bioarchitektur entsprechen. Sie werden aus \u00f6kologischen und <a href=\"https:\/\/biopietra.com\/de\/zertifizierungen\/\">Bio-zertifizierten<\/a> <a href=\"https:\/\/www.bimobject.com\/en\/biopietra-srl?location=us\">Materialien<\/a> hergestellt. Diese L\u00f6sungen erm\u00f6glichen eine nachhaltige Einrichtung des Hauses, respektieren die Umwelt und verbessern die Lebensqualit\u00e4t.<\/p>\n","protected":false},"excerpt":{"rendered":"<p>Bioarchitektur kann nicht auf eine konstruktive Typologie zur\u00fcckgef\u00fchrt werden, es [&hellip;]<\/p>\n","protected":false},"author":3,"featured_media":0,"parent":0,"menu_order":87,"comment_status":"closed","ping_status":"closed","template":"template-page-custom.php","meta":{"qubely_global_settings":"","qubely_interactions":"","rop_custom_images_group":[],"rop_custom_messages_group":[],"rop_publish_now":"initial","rop_publish_now_accounts":{"facebook_4317419521910128_433253626703258":""},"rop_publish_now_history":[],"rop_publish_now_status":"pending","footnotes":""},"class_list":["post-4512","page","type-page","status-publish","hentry"],"aioseo_notices":[],"yoast_head":"<!-- This site is optimized with the Yoast SEO plugin v27.4 - https:\/\/yoast.com\/product\/yoast-seo-wordpress\/ -->\n<title>Bioarchitektur: Leben im Einklang mit der Natur dank Biopietra<\/title>\n<meta name=\"description\" content=\"Entdecken Sie die Bioarchitektur und die Bio-zertifizierten, \u00f6kologischen L\u00f6sungen von Biopietra. Nat\u00fcrliche Verkleidungen f\u00fcr nachhaltiges Bauen und Wohnen im Einklang mit der Umwelt.\" \/>\n<meta name=\"robots\" content=\"index, follow, max-snippet:-1, max-image-preview:large, max-video-preview:-1\" \/>\n<link rel=\"canonical\" href=\"https:\/\/biopietra.com\/de\/bioarchitecture\/\" \/>\n<meta property=\"og:locale\" content=\"de_DE\" \/>\n<meta property=\"og:type\" content=\"article\" \/>\n<meta property=\"og:title\" content=\"Bioarchitektur: Leben im Einklang mit der Natur dank Biopietra\" \/>\n<meta property=\"og:description\" content=\"Entdecken Sie die Bioarchitektur und die Bio-zertifizierten, \u00f6kologischen L\u00f6sungen von Biopietra. Nat\u00fcrliche Verkleidungen f\u00fcr nachhaltiges Bauen und Wohnen im Einklang mit der Umwelt.\" \/>\n<meta property=\"og:url\" content=\"https:\/\/biopietra.com\/de\/bioarchitecture\/\" \/>\n<meta property=\"og:site_name\" content=\"Biopietra\" \/>\n<meta property=\"article:modified_time\" content=\"2025-08-04T12:15:05+00:00\" \/>\n<meta name=\"twitter:card\" content=\"summary_large_image\" \/>\n<meta name=\"twitter:label1\" content=\"Gesch\u00e4tzte Lesezeit\" \/>\n\t<meta name=\"twitter:data1\" content=\"2\u00a0Minuten\" \/>\n<script type=\"application\/ld+json\" class=\"yoast-schema-graph\">{\"@context\":\"https:\\\/\\\/schema.org\",\"@graph\":[{\"@type\":\"WebPage\",\"@id\":\"https:\\\/\\\/biopietra.com\\\/de\\\/bioarchitecture\\\/\",\"url\":\"https:\\\/\\\/biopietra.com\\\/de\\\/bioarchitecture\\\/\",\"name\":\"Bioarchitektur: Leben im Einklang mit der Natur dank Biopietra\",\"isPartOf\":{\"@id\":\"https:\\\/\\\/biopietra.com\\\/#website\"},\"datePublished\":\"2017-04-28T10:44:28+00:00\",\"dateModified\":\"2025-08-04T12:15:05+00:00\",\"description\":\"Entdecken Sie die Bioarchitektur und die Bio-zertifizierten, \u00f6kologischen L\u00f6sungen von Biopietra. Nat\u00fcrliche Verkleidungen f\u00fcr nachhaltiges Bauen und Wohnen im Einklang mit der Umwelt.\",\"breadcrumb\":{\"@id\":\"https:\\\/\\\/biopietra.com\\\/de\\\/bioarchitecture\\\/#breadcrumb\"},\"inLanguage\":\"de\",\"potentialAction\":[{\"@type\":\"ReadAction\",\"target\":[\"https:\\\/\\\/biopietra.com\\\/de\\\/bioarchitecture\\\/\"]}]},{\"@type\":\"BreadcrumbList\",\"@id\":\"https:\\\/\\\/biopietra.com\\\/de\\\/bioarchitecture\\\/#breadcrumb\",\"itemListElement\":[{\"@type\":\"ListItem\",\"position\":1,\"name\":\"Home\",\"item\":\"https:\\\/\\\/biopietra.com\\\/de\\\/\"},{\"@type\":\"ListItem\",\"position\":2,\"name\":\"Bio Architektur\"}]},{\"@type\":\"WebSite\",\"@id\":\"https:\\\/\\\/biopietra.com\\\/#website\",\"url\":\"https:\\\/\\\/biopietra.com\\\/\",\"name\":\"Biopietra\",\"description\":\"The Green Stone Industry\",\"potentialAction\":[{\"@type\":\"SearchAction\",\"target\":{\"@type\":\"EntryPoint\",\"urlTemplate\":\"https:\\\/\\\/biopietra.com\\\/?s={search_term_string}\"},\"query-input\":{\"@type\":\"PropertyValueSpecification\",\"valueRequired\":true,\"valueName\":\"search_term_string\"}}],\"inLanguage\":\"de\"}]}<\/script>\n<!-- \/ Yoast SEO plugin. -->","yoast_head_json":{"title":"Bioarchitektur: Leben im Einklang mit der Natur dank Biopietra","description":"Entdecken Sie die Bioarchitektur und die Bio-zertifizierten, \u00f6kologischen L\u00f6sungen von Biopietra. Nat\u00fcrliche Verkleidungen f\u00fcr nachhaltiges Bauen und Wohnen im Einklang mit der Umwelt.","robots":{"index":"index","follow":"follow","max-snippet":"max-snippet:-1","max-image-preview":"max-image-preview:large","max-video-preview":"max-video-preview:-1"},"canonical":"https:\/\/biopietra.com\/de\/bioarchitecture\/","og_locale":"de_DE","og_type":"article","og_title":"Bioarchitektur: Leben im Einklang mit der Natur dank Biopietra","og_description":"Entdecken Sie die Bioarchitektur und die Bio-zertifizierten, \u00f6kologischen L\u00f6sungen von Biopietra. Nat\u00fcrliche Verkleidungen f\u00fcr nachhaltiges Bauen und Wohnen im Einklang mit der Umwelt.","og_url":"https:\/\/biopietra.com\/de\/bioarchitecture\/","og_site_name":"Biopietra","article_modified_time":"2025-08-04T12:15:05+00:00","twitter_card":"summary_large_image","twitter_misc":{"Gesch\u00e4tzte Lesezeit":"2\u00a0Minuten"},"schema":{"@context":"https:\/\/schema.org","@graph":[{"@type":"WebPage","@id":"https:\/\/biopietra.com\/de\/bioarchitecture\/","url":"https:\/\/biopietra.com\/de\/bioarchitecture\/","name":"Bioarchitektur: Leben im Einklang mit der Natur dank Biopietra","isPartOf":{"@id":"https:\/\/biopietra.com\/#website"},"datePublished":"2017-04-28T10:44:28+00:00","dateModified":"2025-08-04T12:15:05+00:00","description":"Entdecken Sie die Bioarchitektur und die Bio-zertifizierten, \u00f6kologischen L\u00f6sungen von Biopietra. Nat\u00fcrliche Verkleidungen f\u00fcr nachhaltiges Bauen und Wohnen im Einklang mit der Umwelt.","breadcrumb":{"@id":"https:\/\/biopietra.com\/de\/bioarchitecture\/#breadcrumb"},"inLanguage":"de","potentialAction":[{"@type":"ReadAction","target":["https:\/\/biopietra.com\/de\/bioarchitecture\/"]}]},{"@type":"BreadcrumbList","@id":"https:\/\/biopietra.com\/de\/bioarchitecture\/#breadcrumb","itemListElement":[{"@type":"ListItem","position":1,"name":"Home","item":"https:\/\/biopietra.com\/de\/"},{"@type":"ListItem","position":2,"name":"Bio Architektur"}]},{"@type":"WebSite","@id":"https:\/\/biopietra.com\/#website","url":"https:\/\/biopietra.com\/","name":"Biopietra","description":"The Green Stone Industry","potentialAction":[{"@type":"SearchAction","target":{"@type":"EntryPoint","urlTemplate":"https:\/\/biopietra.com\/?s={search_term_string}"},"query-input":{"@type":"PropertyValueSpecification","valueRequired":true,"valueName":"search_term_string"}}],"inLanguage":"de"}]}},"_links":{"self":[{"href":"https:\/\/biopietra.com\/de\/wp-json\/wp\/v2\/pages\/4512\/"}],"collection":[{"href":"https:\/\/biopietra.com\/de\/wp-json\/wp\/v2\/pages\/"}],"about":[{"href":"https:\/\/biopietra.com\/de\/wp-json\/wp\/v2\/types\/page\/"}],"author":[{"embeddable":true,"href":"https:\/\/biopietra.com\/de\/wp-json\/wp\/v2\/users\/3\/"}],"replies":[{"embeddable":true,"href":"https:\/\/biopietra.com\/de\/wp-json\/wp\/v2\/comments\/?post=4512"}],"version-history":[{"count":7,"href":"https:\/\/biopietra.com\/de\/wp-json\/wp\/v2\/pages\/4512\/revisions\/"}],"predecessor-version":[{"id":29792,"href":"https:\/\/biopietra.com\/de\/wp-json\/wp\/v2\/pages\/4512\/revisions\/29792\/"}],"wp:attachment":[{"href":"https:\/\/biopietra.com\/de\/wp-json\/wp\/v2\/media\/?parent=4512"}],"curies":[{"name":"wp","href":"https:\/\/api.w.org\/{rel}","templated":true}]}}