{"id":5172,"date":"2017-07-04T17:37:27","date_gmt":"2017-07-04T15:37:27","guid":{"rendered":"http:\/\/biopietra.com\/company\/industria-4-0\/"},"modified":"2023-09-11T12:54:24","modified_gmt":"2023-09-11T10:54:24","slug":"industria-4-0","status":"publish","type":"page","link":"https:\/\/biopietra.com\/de\/company-2\/industria-4-0\/","title":{"rendered":"Industrie 4.0"},"content":{"rendered":"<h3>BIOPIETRA IN RICHTUNG ZUKUNFT MIT DER INDUSTRIE 4.0<\/h3>\n<div class=\"videoaziendali\">\n<iframe loading=\"lazy\" title=\"Production\" src=\"https:\/\/player.vimeo.com\/video\/197758097?dnt=1&amp;app_id=122963\" width=\"500\" height=\"213\" frameborder=\"0\" allow=\"autoplay; fullscreen; picture-in-picture; clipboard-write; encrypted-media; web-share\" referrerpolicy=\"strict-origin-when-cross-origin\"><\/iframe>\n<\/div>\n<p><\/p>\n<p>Seit 1998 produziert <a href=\"http:\/\/biopietra.com\/de\/\">Biopietra<\/a> in Italien und schon immer sind die <strong>Recherche und die Entwicklung<\/strong> integrierender Teil der Unternehmensphilosophie. Die Innovation der Produktionsprozesse bedeutet die Gew\u00e4hrleistung der Qualit\u00e4t, auch durch die Industrialisierung des Produkts selbst. Dank kontinuierlicher Investitionen in Technologie hat Biopietra ein nie zuvor erreichtes Ergebnis erzielt: eine innovative automatisierte Linie mit f\u00fcnf neuen Robotern, die zusammenarbeiten um ein zertifiziertes <strong><span style=\"color: #008000;\">\u00f6kologisches BIO-Produkt<\/span><\/strong> herzustellen, welches die Umwelt und die Gesundheit in jedes Ambiente respektiert.<\/p>\n<p>Leonardo, Canova, Picasso, Michelangelo, Archimede und Newton sind ihre Namen! Alle sind daran beteiligt, Biopietra in den derzeit vorgeschlagenen Formen und<br \/>\nFarben herzustellen und neue L\u00f6sungen zu &#8222;erfinden&#8220;.<\/p>\n<p><strong>Wie erfolgt die Produktion 4.0?<\/strong> Das Softwaresystem wird ausgehend von der BiopietraPhilosophie entwickelt: eine Grundidee weit entfernt\u00a0von jeglicher Standardisierung und die es heute erm\u00f6glicht, umweltfreundliche und zertifizierte Produkte f\u00fcr den Bio-Bau zu produzieren.<\/p>\n<p>Das Ergebnis ist ein v\u00f6llig <strong>revolution\u00e4res Know-how<\/strong>, bei dem die Roboter zusammenarbeiten und dank eines integrierten Berechnungssystems lernen, um die beste Endleistung zu erreichen. Die Roboter mischen, verarbeiten, gie\u00dfen, nivellieren, palettieren, manipulieren, positionieren und kontrollieren\u2026 <strong>Das ist Industrie 4.0, ein Technologie-Konzentrat, das es erm\u00f6glicht Biopietra-Produkte herzustellen. <\/strong><\/p>\n<p>Die verarbeiteten Daten werden von allen Stationen der Anlage ausgetauscht, so dass eine historische R\u00fcckverfolgung der Daten m\u00f6glich ist und somit auf jede Verarbeitung, die das Produkt durchlaufen hat, zur\u00fcckgegriffen werden kann. So kann man den gesamten Produktionsprozess vom Rohmaterial bis zum fertigen<br \/>\nProdukt in Echtzeit kontrollieren.<\/p>\n<p>Die Produktionsautomaten sind auf Nachhaltigkeit und Energieeinsparung programmiert, bleiben bei weniger Arbeitsaufwand in Stand-by-Modus und achten darauf,<br \/>\nkeine unn\u00f6tigen Bewegungen mit daraus resultierender Energieverschwendung vorzunehmen.<\/p>\n<p><strong>Das gesamte Produktions-Team arbeitet mit diesen innovativen Maschinen zusammen, um das, was heute Biopietra ist, zu realisieren und zwar ein \u00f6kologisches, gr\u00fcnes und zertifiziertes Produkt f\u00fcr Ihr Zuhause sowie Ihre Projekte. <\/strong><\/p>\n<p>&nbsp;<\/p>\n<p>&nbsp;<\/p>\n<p><img loading=\"lazy\" decoding=\"async\" width=\"199\" height=\"253\" class=\"alignleft size-full wp-image-4963\" alt=\"\" src=\"http:\/\/biopietra.com\/wp-content\/uploads\/2017\/07\/Rob1-copia.jpeg\" \/>\u00a0<img loading=\"lazy\" decoding=\"async\" width=\"294\" height=\"171\" class=\"alignleft size-full wp-image-4972\" alt=\"\" src=\"http:\/\/biopietra.com\/wp-content\/uploads\/2017\/07\/Rob4.jpeg\" \/>\u00a0<img loading=\"lazy\" decoding=\"async\" width=\"259\" height=\"194\" class=\"alignleft size-full wp-image-4980\" alt=\"\" src=\"http:\/\/biopietra.com\/wp-content\/uploads\/2017\/07\/Rob2.jpeg\" \/><\/p>\n","protected":false},"excerpt":{"rendered":"<p>BIOPIETRA IN RICHTUNG ZUKUNFT MIT DER INDUSTRIE 4.0 Seit 1998 [&hellip;]<\/p>\n","protected":false},"author":3,"featured_media":4971,"parent":3125,"menu_order":80,"comment_status":"closed","ping_status":"closed","template":"template-page-custom.php","meta":{"qubely_global_settings":"","qubely_interactions":"","rop_custom_images_group":[],"rop_custom_messages_group":[],"rop_publish_now":"initial","rop_publish_now_accounts":{"facebook_4317419521910128_433253626703258":""},"rop_publish_now_history":[],"rop_publish_now_status":"pending","footnotes":""},"class_list":["post-5172","page","type-page","status-publish","has-post-thumbnail","hentry"],"aioseo_notices":[],"yoast_head":"<!-- This site is optimized with the Yoast SEO plugin v27.4 - https:\/\/yoast.com\/product\/yoast-seo-wordpress\/ -->\n<title>Industria 4.0 Biopietra - IL FUTURO PER BIOPIETRA E&#039; GIA&#039; REALTA&#039;<\/title>\n<meta name=\"description\" content=\"Industria 4.0: una innovativa linea di robot che lavorano insieme per la realizzazione di un prodotto Ecologico e Bio certificato.\" \/>\n<meta name=\"robots\" content=\"index, follow, max-snippet:-1, max-image-preview:large, max-video-preview:-1\" \/>\n<link rel=\"canonical\" href=\"https:\/\/biopietra.com\/de\/company-2\/industria-4-0\/\" \/>\n<meta property=\"og:locale\" content=\"de_DE\" \/>\n<meta property=\"og:type\" content=\"article\" \/>\n<meta property=\"og:title\" content=\"Industria 4.0 Biopietra - IL FUTURO PER BIOPIETRA E&#039; GIA&#039; REALTA&#039;\" \/>\n<meta property=\"og:description\" content=\"Industria 4.0: una innovativa linea di robot che lavorano insieme per la realizzazione di un prodotto Ecologico e Bio certificato.\" \/>\n<meta property=\"og:url\" content=\"https:\/\/biopietra.com\/de\/company-2\/industria-4-0\/\" \/>\n<meta property=\"og:site_name\" content=\"Biopietra\" \/>\n<meta property=\"article:modified_time\" content=\"2023-09-11T10:54:24+00:00\" \/>\n<meta property=\"og:image\" content=\"https:\/\/biopietra.com\/wp-content\/uploads\/2017\/07\/Rob5.jpeg\" \/>\n\t<meta property=\"og:image:width\" content=\"242\" \/>\n\t<meta property=\"og:image:height\" content=\"209\" \/>\n\t<meta property=\"og:image:type\" content=\"image\/jpeg\" \/>\n<meta name=\"twitter:card\" content=\"summary_large_image\" \/>\n<meta name=\"twitter:label1\" content=\"Gesch\u00e4tzte Lesezeit\" \/>\n\t<meta name=\"twitter:data1\" content=\"2\u00a0Minuten\" \/>\n<script type=\"application\/ld+json\" class=\"yoast-schema-graph\">{\"@context\":\"https:\\\/\\\/schema.org\",\"@graph\":[{\"@type\":\"WebPage\",\"@id\":\"https:\\\/\\\/biopietra.com\\\/de\\\/company-2\\\/industria-4-0\\\/\",\"url\":\"https:\\\/\\\/biopietra.com\\\/de\\\/company-2\\\/industria-4-0\\\/\",\"name\":\"Industria 4.0 Biopietra - IL FUTURO PER BIOPIETRA E' GIA' REALTA'\",\"isPartOf\":{\"@id\":\"https:\\\/\\\/biopietra.com\\\/#website\"},\"primaryImageOfPage\":{\"@id\":\"https:\\\/\\\/biopietra.com\\\/de\\\/company-2\\\/industria-4-0\\\/#primaryimage\"},\"image\":{\"@id\":\"https:\\\/\\\/biopietra.com\\\/de\\\/company-2\\\/industria-4-0\\\/#primaryimage\"},\"thumbnailUrl\":\"https:\\\/\\\/biopietra.com\\\/wp-content\\\/uploads\\\/2017\\\/07\\\/Rob5.jpeg\",\"datePublished\":\"2017-07-04T15:37:27+00:00\",\"dateModified\":\"2023-09-11T10:54:24+00:00\",\"description\":\"Industria 4.0: una innovativa linea di robot che lavorano insieme per la realizzazione di un prodotto Ecologico e Bio certificato.\",\"breadcrumb\":{\"@id\":\"https:\\\/\\\/biopietra.com\\\/de\\\/company-2\\\/industria-4-0\\\/#breadcrumb\"},\"inLanguage\":\"de\",\"potentialAction\":[{\"@type\":\"ReadAction\",\"target\":[\"https:\\\/\\\/biopietra.com\\\/de\\\/company-2\\\/industria-4-0\\\/\"]}]},{\"@type\":\"ImageObject\",\"inLanguage\":\"de\",\"@id\":\"https:\\\/\\\/biopietra.com\\\/de\\\/company-2\\\/industria-4-0\\\/#primaryimage\",\"url\":\"https:\\\/\\\/biopietra.com\\\/wp-content\\\/uploads\\\/2017\\\/07\\\/Rob5.jpeg\",\"contentUrl\":\"https:\\\/\\\/biopietra.com\\\/wp-content\\\/uploads\\\/2017\\\/07\\\/Rob5.jpeg\",\"width\":242,\"height\":209},{\"@type\":\"BreadcrumbList\",\"@id\":\"https:\\\/\\\/biopietra.com\\\/de\\\/company-2\\\/industria-4-0\\\/#breadcrumb\",\"itemListElement\":[{\"@type\":\"ListItem\",\"position\":1,\"name\":\"Home\",\"item\":\"https:\\\/\\\/biopietra.com\\\/de\\\/\"},{\"@type\":\"ListItem\",\"position\":2,\"name\":\"Unternehmen\",\"item\":\"https:\\\/\\\/biopietra.com\\\/de\\\/company-2\\\/\"},{\"@type\":\"ListItem\",\"position\":3,\"name\":\"Industrie 4.0\"}]},{\"@type\":\"WebSite\",\"@id\":\"https:\\\/\\\/biopietra.com\\\/#website\",\"url\":\"https:\\\/\\\/biopietra.com\\\/\",\"name\":\"Biopietra\",\"description\":\"The Green Stone Industry\",\"potentialAction\":[{\"@type\":\"SearchAction\",\"target\":{\"@type\":\"EntryPoint\",\"urlTemplate\":\"https:\\\/\\\/biopietra.com\\\/?s={search_term_string}\"},\"query-input\":{\"@type\":\"PropertyValueSpecification\",\"valueRequired\":true,\"valueName\":\"search_term_string\"}}],\"inLanguage\":\"de\"}]}<\/script>\n<!-- \/ Yoast SEO plugin. -->","yoast_head_json":{"title":"Industria 4.0 Biopietra - IL FUTURO PER BIOPIETRA E' GIA' REALTA'","description":"Industria 4.0: una innovativa linea di robot che lavorano insieme per la realizzazione di un prodotto Ecologico e Bio certificato.","robots":{"index":"index","follow":"follow","max-snippet":"max-snippet:-1","max-image-preview":"max-image-preview:large","max-video-preview":"max-video-preview:-1"},"canonical":"https:\/\/biopietra.com\/de\/company-2\/industria-4-0\/","og_locale":"de_DE","og_type":"article","og_title":"Industria 4.0 Biopietra - IL FUTURO PER BIOPIETRA E' GIA' REALTA'","og_description":"Industria 4.0: una innovativa linea di robot che lavorano insieme per la realizzazione di un prodotto Ecologico e Bio certificato.","og_url":"https:\/\/biopietra.com\/de\/company-2\/industria-4-0\/","og_site_name":"Biopietra","article_modified_time":"2023-09-11T10:54:24+00:00","og_image":[{"width":242,"height":209,"url":"https:\/\/biopietra.com\/wp-content\/uploads\/2017\/07\/Rob5.jpeg","type":"image\/jpeg"}],"twitter_card":"summary_large_image","twitter_misc":{"Gesch\u00e4tzte Lesezeit":"2\u00a0Minuten"},"schema":{"@context":"https:\/\/schema.org","@graph":[{"@type":"WebPage","@id":"https:\/\/biopietra.com\/de\/company-2\/industria-4-0\/","url":"https:\/\/biopietra.com\/de\/company-2\/industria-4-0\/","name":"Industria 4.0 Biopietra - IL FUTURO PER BIOPIETRA E' GIA' REALTA'","isPartOf":{"@id":"https:\/\/biopietra.com\/#website"},"primaryImageOfPage":{"@id":"https:\/\/biopietra.com\/de\/company-2\/industria-4-0\/#primaryimage"},"image":{"@id":"https:\/\/biopietra.com\/de\/company-2\/industria-4-0\/#primaryimage"},"thumbnailUrl":"https:\/\/biopietra.com\/wp-content\/uploads\/2017\/07\/Rob5.jpeg","datePublished":"2017-07-04T15:37:27+00:00","dateModified":"2023-09-11T10:54:24+00:00","description":"Industria 4.0: una innovativa linea di robot che lavorano insieme per la realizzazione di un prodotto Ecologico e Bio certificato.","breadcrumb":{"@id":"https:\/\/biopietra.com\/de\/company-2\/industria-4-0\/#breadcrumb"},"inLanguage":"de","potentialAction":[{"@type":"ReadAction","target":["https:\/\/biopietra.com\/de\/company-2\/industria-4-0\/"]}]},{"@type":"ImageObject","inLanguage":"de","@id":"https:\/\/biopietra.com\/de\/company-2\/industria-4-0\/#primaryimage","url":"https:\/\/biopietra.com\/wp-content\/uploads\/2017\/07\/Rob5.jpeg","contentUrl":"https:\/\/biopietra.com\/wp-content\/uploads\/2017\/07\/Rob5.jpeg","width":242,"height":209},{"@type":"BreadcrumbList","@id":"https:\/\/biopietra.com\/de\/company-2\/industria-4-0\/#breadcrumb","itemListElement":[{"@type":"ListItem","position":1,"name":"Home","item":"https:\/\/biopietra.com\/de\/"},{"@type":"ListItem","position":2,"name":"Unternehmen","item":"https:\/\/biopietra.com\/de\/company-2\/"},{"@type":"ListItem","position":3,"name":"Industrie 4.0"}]},{"@type":"WebSite","@id":"https:\/\/biopietra.com\/#website","url":"https:\/\/biopietra.com\/","name":"Biopietra","description":"The Green Stone Industry","potentialAction":[{"@type":"SearchAction","target":{"@type":"EntryPoint","urlTemplate":"https:\/\/biopietra.com\/?s={search_term_string}"},"query-input":{"@type":"PropertyValueSpecification","valueRequired":true,"valueName":"search_term_string"}}],"inLanguage":"de"}]}},"_links":{"self":[{"href":"https:\/\/biopietra.com\/de\/wp-json\/wp\/v2\/pages\/5172\/"}],"collection":[{"href":"https:\/\/biopietra.com\/de\/wp-json\/wp\/v2\/pages\/"}],"about":[{"href":"https:\/\/biopietra.com\/de\/wp-json\/wp\/v2\/types\/page\/"}],"author":[{"embeddable":true,"href":"https:\/\/biopietra.com\/de\/wp-json\/wp\/v2\/users\/3\/"}],"replies":[{"embeddable":true,"href":"https:\/\/biopietra.com\/de\/wp-json\/wp\/v2\/comments\/?post=5172"}],"version-history":[{"count":14,"href":"https:\/\/biopietra.com\/de\/wp-json\/wp\/v2\/pages\/5172\/revisions\/"}],"predecessor-version":[{"id":24334,"href":"https:\/\/biopietra.com\/de\/wp-json\/wp\/v2\/pages\/5172\/revisions\/24334\/"}],"up":[{"embeddable":true,"href":"https:\/\/biopietra.com\/de\/wp-json\/wp\/v2\/pages\/3125\/"}],"wp:featuredmedia":[{"embeddable":true,"href":"https:\/\/biopietra.com\/de\/wp-json\/wp\/v2\/media\/4971\/"}],"wp:attachment":[{"href":"https:\/\/biopietra.com\/de\/wp-json\/wp\/v2\/media\/?parent=5172"}],"curies":[{"name":"wp","href":"https:\/\/api.w.org\/{rel}","templated":true}]}}