{"id":5541,"date":"2017-09-15T12:15:54","date_gmt":"2017-09-15T10:15:54","guid":{"rendered":"http:\/\/biopietra.com\/salute-ambiente\/"},"modified":"2017-09-29T21:34:29","modified_gmt":"2017-09-29T19:34:29","slug":"salute-ambiente","status":"publish","type":"page","link":"https:\/\/biopietra.com\/de\/bioarchitecture\/salute-ambiente\/","title":{"rendered":"Gesundheit &#038; Umwelt"},"content":{"rendered":"<h3>Biopietra\u00ae respektiert die Umwelt und die Gesundheit<\/h3>\n<p><strong>Respekt, Sorgfalt und Qualit\u00e4t sind die Werte, die schon immer die Forschung und die Entwicklung von Biopietra \u00ae -Verkleidungen inspiriert haben. An diesen grundlegenden Werten orientiert sich die Philosophie von Biopietra \u00ae, welche heute der Marktf\u00fchrer in Italien f\u00fcr Steinverkleidungen ist und eine breite Palette von innovativen und zertifizierten L\u00f6sungen f\u00fcr Verkleidungen im Innen- und Au\u00dfenbereich anbietet.<\/strong><\/p>\n<p><span>Biopietra \u00ae bedeutet die Verbindung mit \u00d6kologie, dies bedeutet, sich um das Wohlbefinden unserer Kunden zu k\u00fcmmern. Die Wahl f\u00fcr Biopietra \u00ae bedeutet eine Verbindung von \u00c4sthetik und Ethik. Biopietra \u00ae ist nie durch oberfl\u00e4chliche Nachahmungen zu ersetzen, da es in erster Linie ein Produkt mit hohem \u00f6kologischem Wert ist.\u00a0<\/span><\/p>\n<p><span>Eine innovative Biopietra \u00ae -Verkleidung von hoher Qualit\u00e4t ist leicht zu verlegen. Diese neue Interpretation von Steinverkleidungen ist das Ergebnis von Forschung, Sensibilit\u00e4t und Kreativit\u00e4t. Die Wahrnehmung neuer Leitlinien und Marktanforderungen, der Wunsch nach Innovation und der Einsatz neuer Technologien sind die Impulse, welche das Produkt Biopietra \u00ae entstehen lassen.<\/span><\/p>\n<h3>Greenbuilding und das Recht auf Gesundheit<\/h3>\n<p><span>F\u00fcr Kerma ist Greenbuilding kein Stil oder Modeerscheinung. Es gen\u00fcgen einige wenige Daten, um die Wichtigkeit zu verstehen: wie von der Weltgesundheitsorganisation WHO ver\u00f6ffentlicht wurde, verbringt ein Europ\u00e4er durchschnittlich 90 % seines Lebens innerhalb von Geb\u00e4uden, in denen die Atemluft 2 mal schlechter ist als die Atemluft im Freien.\u00a0<\/span><\/p>\n<p><span>Gesundheit bedeutet nicht nur das Fehlen von Krankheiten, sondern auch einen Zustand des Wohlbefindens von K\u00f6rper und Geist sowie von innerer Ruhe.\u00a0<\/span><\/p>\n<p><span>Deshalb sind die Serien der Marke Biopietra \u00ae mit umweltfreundlichen Materialien hergestellt und f\u00fcr das Greenbuilding zertifiziert, mit kreativen Designl\u00f6sungen, in der Lage, die Atmosph\u00e4re des Hauses zu erw\u00e4rmen und von den positiven Eigenschaften der Farben zu profitieren.<\/span><\/p>\n","protected":false},"excerpt":{"rendered":"<p>Biopietra\u00ae respektiert die Umwelt und die Gesundheit Respekt, Sorgfalt und [&hellip;]<\/p>\n","protected":false},"author":4,"featured_media":0,"parent":4512,"menu_order":69,"comment_status":"closed","ping_status":"closed","template":"template-page-custom.php","meta":{"qubely_global_settings":"","qubely_interactions":"","rop_custom_images_group":[],"rop_custom_messages_group":[],"rop_publish_now":"initial","rop_publish_now_accounts":{"facebook_4317419521910128_433253626703258":""},"rop_publish_now_history":[],"rop_publish_now_status":"pending","footnotes":""},"class_list":["post-5541","page","type-page","status-publish","hentry"],"aioseo_notices":[],"yoast_head":"<!-- This site is optimized with the Yoast SEO plugin v27.4 - https:\/\/yoast.com\/product\/yoast-seo-wordpress\/ -->\n<title>Gesundheit &amp; Umwelt - Biopietra<\/title>\n<meta name=\"robots\" content=\"index, follow, max-snippet:-1, max-image-preview:large, max-video-preview:-1\" \/>\n<link rel=\"canonical\" href=\"https:\/\/biopietra.com\/de\/bioarchitecture\/salute-ambiente\/\" \/>\n<meta property=\"og:locale\" content=\"de_DE\" \/>\n<meta property=\"og:type\" content=\"article\" \/>\n<meta property=\"og:title\" content=\"Gesundheit &amp; Umwelt - Biopietra\" \/>\n<meta property=\"og:description\" content=\"Biopietra\u00ae respektiert die Umwelt und die Gesundheit Respekt, Sorgfalt und [&hellip;]\" \/>\n<meta property=\"og:url\" content=\"https:\/\/biopietra.com\/de\/bioarchitecture\/salute-ambiente\/\" \/>\n<meta property=\"og:site_name\" content=\"Biopietra\" \/>\n<meta property=\"article:modified_time\" content=\"2017-09-29T19:34:29+00:00\" \/>\n<meta name=\"twitter:card\" content=\"summary_large_image\" \/>\n<meta name=\"twitter:label1\" content=\"Gesch\u00e4tzte Lesezeit\" \/>\n\t<meta name=\"twitter:data1\" content=\"1\u00a0Minute\" \/>\n<script type=\"application\/ld+json\" class=\"yoast-schema-graph\">{\"@context\":\"https:\\\/\\\/schema.org\",\"@graph\":[{\"@type\":\"WebPage\",\"@id\":\"https:\\\/\\\/biopietra.com\\\/de\\\/bioarchitecture\\\/salute-ambiente\\\/\",\"url\":\"https:\\\/\\\/biopietra.com\\\/de\\\/bioarchitecture\\\/salute-ambiente\\\/\",\"name\":\"Gesundheit & Umwelt - Biopietra\",\"isPartOf\":{\"@id\":\"https:\\\/\\\/biopietra.com\\\/#website\"},\"datePublished\":\"2017-09-15T10:15:54+00:00\",\"dateModified\":\"2017-09-29T19:34:29+00:00\",\"breadcrumb\":{\"@id\":\"https:\\\/\\\/biopietra.com\\\/de\\\/bioarchitecture\\\/salute-ambiente\\\/#breadcrumb\"},\"inLanguage\":\"de\",\"potentialAction\":[{\"@type\":\"ReadAction\",\"target\":[\"https:\\\/\\\/biopietra.com\\\/de\\\/bioarchitecture\\\/salute-ambiente\\\/\"]}]},{\"@type\":\"BreadcrumbList\",\"@id\":\"https:\\\/\\\/biopietra.com\\\/de\\\/bioarchitecture\\\/salute-ambiente\\\/#breadcrumb\",\"itemListElement\":[{\"@type\":\"ListItem\",\"position\":1,\"name\":\"Home\",\"item\":\"https:\\\/\\\/biopietra.com\\\/de\\\/\"},{\"@type\":\"ListItem\",\"position\":2,\"name\":\"Bio Architektur\",\"item\":\"https:\\\/\\\/biopietra.com\\\/de\\\/bioarchitecture\\\/\"},{\"@type\":\"ListItem\",\"position\":3,\"name\":\"Gesundheit &#038; Umwelt\"}]},{\"@type\":\"WebSite\",\"@id\":\"https:\\\/\\\/biopietra.com\\\/#website\",\"url\":\"https:\\\/\\\/biopietra.com\\\/\",\"name\":\"Biopietra\",\"description\":\"The Green Stone Industry\",\"potentialAction\":[{\"@type\":\"SearchAction\",\"target\":{\"@type\":\"EntryPoint\",\"urlTemplate\":\"https:\\\/\\\/biopietra.com\\\/?s={search_term_string}\"},\"query-input\":{\"@type\":\"PropertyValueSpecification\",\"valueRequired\":true,\"valueName\":\"search_term_string\"}}],\"inLanguage\":\"de\"}]}<\/script>\n<!-- \/ Yoast SEO plugin. -->","yoast_head_json":{"title":"Gesundheit & Umwelt - Biopietra","robots":{"index":"index","follow":"follow","max-snippet":"max-snippet:-1","max-image-preview":"max-image-preview:large","max-video-preview":"max-video-preview:-1"},"canonical":"https:\/\/biopietra.com\/de\/bioarchitecture\/salute-ambiente\/","og_locale":"de_DE","og_type":"article","og_title":"Gesundheit & Umwelt - Biopietra","og_description":"Biopietra\u00ae respektiert die Umwelt und die Gesundheit Respekt, Sorgfalt und [&hellip;]","og_url":"https:\/\/biopietra.com\/de\/bioarchitecture\/salute-ambiente\/","og_site_name":"Biopietra","article_modified_time":"2017-09-29T19:34:29+00:00","twitter_card":"summary_large_image","twitter_misc":{"Gesch\u00e4tzte Lesezeit":"1\u00a0Minute"},"schema":{"@context":"https:\/\/schema.org","@graph":[{"@type":"WebPage","@id":"https:\/\/biopietra.com\/de\/bioarchitecture\/salute-ambiente\/","url":"https:\/\/biopietra.com\/de\/bioarchitecture\/salute-ambiente\/","name":"Gesundheit & Umwelt - Biopietra","isPartOf":{"@id":"https:\/\/biopietra.com\/#website"},"datePublished":"2017-09-15T10:15:54+00:00","dateModified":"2017-09-29T19:34:29+00:00","breadcrumb":{"@id":"https:\/\/biopietra.com\/de\/bioarchitecture\/salute-ambiente\/#breadcrumb"},"inLanguage":"de","potentialAction":[{"@type":"ReadAction","target":["https:\/\/biopietra.com\/de\/bioarchitecture\/salute-ambiente\/"]}]},{"@type":"BreadcrumbList","@id":"https:\/\/biopietra.com\/de\/bioarchitecture\/salute-ambiente\/#breadcrumb","itemListElement":[{"@type":"ListItem","position":1,"name":"Home","item":"https:\/\/biopietra.com\/de\/"},{"@type":"ListItem","position":2,"name":"Bio Architektur","item":"https:\/\/biopietra.com\/de\/bioarchitecture\/"},{"@type":"ListItem","position":3,"name":"Gesundheit &#038; Umwelt"}]},{"@type":"WebSite","@id":"https:\/\/biopietra.com\/#website","url":"https:\/\/biopietra.com\/","name":"Biopietra","description":"The Green Stone Industry","potentialAction":[{"@type":"SearchAction","target":{"@type":"EntryPoint","urlTemplate":"https:\/\/biopietra.com\/?s={search_term_string}"},"query-input":{"@type":"PropertyValueSpecification","valueRequired":true,"valueName":"search_term_string"}}],"inLanguage":"de"}]}},"_links":{"self":[{"href":"https:\/\/biopietra.com\/de\/wp-json\/wp\/v2\/pages\/5541\/"}],"collection":[{"href":"https:\/\/biopietra.com\/de\/wp-json\/wp\/v2\/pages\/"}],"about":[{"href":"https:\/\/biopietra.com\/de\/wp-json\/wp\/v2\/types\/page\/"}],"author":[{"embeddable":true,"href":"https:\/\/biopietra.com\/de\/wp-json\/wp\/v2\/users\/4\/"}],"replies":[{"embeddable":true,"href":"https:\/\/biopietra.com\/de\/wp-json\/wp\/v2\/comments\/?post=5541"}],"version-history":[{"count":9,"href":"https:\/\/biopietra.com\/de\/wp-json\/wp\/v2\/pages\/5541\/revisions\/"}],"predecessor-version":[{"id":6663,"href":"https:\/\/biopietra.com\/de\/wp-json\/wp\/v2\/pages\/5541\/revisions\/6663\/"}],"up":[{"embeddable":true,"href":"https:\/\/biopietra.com\/de\/wp-json\/wp\/v2\/pages\/4512\/"}],"wp:attachment":[{"href":"https:\/\/biopietra.com\/de\/wp-json\/wp\/v2\/media\/?parent=5541"}],"curies":[{"name":"wp","href":"https:\/\/api.w.org\/{rel}","templated":true}]}}