{"id":5585,"date":"2017-09-20T11:13:19","date_gmt":"2017-09-20T09:13:19","guid":{"rendered":"http:\/\/biopietra.com\/approfondimento-sul-radon\/"},"modified":"2017-09-29T21:35:46","modified_gmt":"2017-09-29T19:35:46","slug":"approfondimento-sul-radon","status":"publish","type":"page","link":"https:\/\/biopietra.com\/de\/bioarchitecture\/approfondimento-sul-radon\/","title":{"rendered":"Studie \u00fcber Radon"},"content":{"rendered":"<h3>Radon ist ein nat\u00fcrliches, radioaktives Gas, das aus dem Boden und einigen Baustoffen austritt.<\/h3>\n<p><span>Es ist die zweith\u00f6chste Ursache f\u00fcr Lungenkrebs nach dem Rauchen (G.U. 276 del 27\/11\/2001 S.O. n. 252).\u00a0<\/span><\/p>\n<p><span>In unseren Lebens- und Arbeitsr\u00e4umen kann sich eine gef\u00e4hrliche Konzentration ansammeln.\u00a0<\/span><\/p>\n<p><span>Aus diesem Grund hat die Europ\u00e4ische Union und der Staat Italien eine Reihe von Dekreten erlassen, um die Gesundheit der Bev\u00f6lkerung zu sch\u00fctzen (Raccomandazione Euratom 143\/90), auch am Arbeitsplatz (Dlgs 230-95 come integrato al Capo III-bis dal 241\/2000).\u00a0<\/span><\/p>\n<p><span>Verkleidungen von Biopietra \u00ae enthalten kein Radon, sind atmungsaktiv und Biozertifiziert.<\/span><\/p>\n<p>&nbsp;<\/p>\n<p><b>Null Emissionen von Radon.<\/b><\/p>\n<p><span>Nach den Grunds\u00e4tzen der Biopietra \u00ae Domotherapie ist es die ideale L\u00f6sung, sich auf nat\u00fcrliche Weise in unserer Umgebung, in der wir leben, zu regenerieren.<\/span><\/p>\n","protected":false},"excerpt":{"rendered":"<p>Radon ist ein nat\u00fcrliches, radioaktives Gas, das aus dem Boden [&hellip;]<\/p>\n","protected":false},"author":4,"featured_media":0,"parent":4512,"menu_order":60,"comment_status":"closed","ping_status":"closed","template":"template-page-custom.php","meta":{"qubely_global_settings":"","qubely_interactions":"","rop_custom_images_group":[],"rop_custom_messages_group":[],"rop_publish_now":"initial","rop_publish_now_accounts":{"facebook_4317419521910128_433253626703258":""},"rop_publish_now_history":[],"rop_publish_now_status":"pending","footnotes":""},"class_list":["post-5585","page","type-page","status-publish","hentry"],"aioseo_notices":[],"yoast_head":"<!-- This site is optimized with the Yoast SEO plugin v27.4 - https:\/\/yoast.com\/product\/yoast-seo-wordpress\/ -->\n<title>Studie \u00fcber Radon - Biopietra<\/title>\n<meta name=\"robots\" content=\"index, follow, max-snippet:-1, max-image-preview:large, max-video-preview:-1\" \/>\n<link rel=\"canonical\" href=\"https:\/\/biopietra.com\/de\/bioarchitecture\/approfondimento-sul-radon\/\" \/>\n<meta property=\"og:locale\" content=\"de_DE\" \/>\n<meta property=\"og:type\" content=\"article\" \/>\n<meta property=\"og:title\" content=\"Studie \u00fcber Radon - Biopietra\" \/>\n<meta property=\"og:description\" content=\"Radon ist ein nat\u00fcrliches, radioaktives Gas, das aus dem Boden [&hellip;]\" \/>\n<meta property=\"og:url\" content=\"https:\/\/biopietra.com\/de\/bioarchitecture\/approfondimento-sul-radon\/\" \/>\n<meta property=\"og:site_name\" content=\"Biopietra\" \/>\n<meta property=\"article:modified_time\" content=\"2017-09-29T19:35:46+00:00\" \/>\n<meta name=\"twitter:card\" content=\"summary_large_image\" \/>\n<meta name=\"twitter:label1\" content=\"Gesch\u00e4tzte Lesezeit\" \/>\n\t<meta name=\"twitter:data1\" content=\"1\u00a0Minute\" \/>\n<script type=\"application\/ld+json\" class=\"yoast-schema-graph\">{\"@context\":\"https:\\\/\\\/schema.org\",\"@graph\":[{\"@type\":\"WebPage\",\"@id\":\"https:\\\/\\\/biopietra.com\\\/de\\\/bioarchitecture\\\/approfondimento-sul-radon\\\/\",\"url\":\"https:\\\/\\\/biopietra.com\\\/de\\\/bioarchitecture\\\/approfondimento-sul-radon\\\/\",\"name\":\"Studie \u00fcber Radon - Biopietra\",\"isPartOf\":{\"@id\":\"https:\\\/\\\/biopietra.com\\\/#website\"},\"datePublished\":\"2017-09-20T09:13:19+00:00\",\"dateModified\":\"2017-09-29T19:35:46+00:00\",\"breadcrumb\":{\"@id\":\"https:\\\/\\\/biopietra.com\\\/de\\\/bioarchitecture\\\/approfondimento-sul-radon\\\/#breadcrumb\"},\"inLanguage\":\"de\",\"potentialAction\":[{\"@type\":\"ReadAction\",\"target\":[\"https:\\\/\\\/biopietra.com\\\/de\\\/bioarchitecture\\\/approfondimento-sul-radon\\\/\"]}]},{\"@type\":\"BreadcrumbList\",\"@id\":\"https:\\\/\\\/biopietra.com\\\/de\\\/bioarchitecture\\\/approfondimento-sul-radon\\\/#breadcrumb\",\"itemListElement\":[{\"@type\":\"ListItem\",\"position\":1,\"name\":\"Home\",\"item\":\"https:\\\/\\\/biopietra.com\\\/de\\\/\"},{\"@type\":\"ListItem\",\"position\":2,\"name\":\"Bio Architektur\",\"item\":\"https:\\\/\\\/biopietra.com\\\/de\\\/bioarchitecture\\\/\"},{\"@type\":\"ListItem\",\"position\":3,\"name\":\"Studie \u00fcber Radon\"}]},{\"@type\":\"WebSite\",\"@id\":\"https:\\\/\\\/biopietra.com\\\/#website\",\"url\":\"https:\\\/\\\/biopietra.com\\\/\",\"name\":\"Biopietra\",\"description\":\"The Green Stone Industry\",\"potentialAction\":[{\"@type\":\"SearchAction\",\"target\":{\"@type\":\"EntryPoint\",\"urlTemplate\":\"https:\\\/\\\/biopietra.com\\\/?s={search_term_string}\"},\"query-input\":{\"@type\":\"PropertyValueSpecification\",\"valueRequired\":true,\"valueName\":\"search_term_string\"}}],\"inLanguage\":\"de\"}]}<\/script>\n<!-- \/ Yoast SEO plugin. -->","yoast_head_json":{"title":"Studie \u00fcber Radon - Biopietra","robots":{"index":"index","follow":"follow","max-snippet":"max-snippet:-1","max-image-preview":"max-image-preview:large","max-video-preview":"max-video-preview:-1"},"canonical":"https:\/\/biopietra.com\/de\/bioarchitecture\/approfondimento-sul-radon\/","og_locale":"de_DE","og_type":"article","og_title":"Studie \u00fcber Radon - Biopietra","og_description":"Radon ist ein nat\u00fcrliches, radioaktives Gas, das aus dem Boden [&hellip;]","og_url":"https:\/\/biopietra.com\/de\/bioarchitecture\/approfondimento-sul-radon\/","og_site_name":"Biopietra","article_modified_time":"2017-09-29T19:35:46+00:00","twitter_card":"summary_large_image","twitter_misc":{"Gesch\u00e4tzte Lesezeit":"1\u00a0Minute"},"schema":{"@context":"https:\/\/schema.org","@graph":[{"@type":"WebPage","@id":"https:\/\/biopietra.com\/de\/bioarchitecture\/approfondimento-sul-radon\/","url":"https:\/\/biopietra.com\/de\/bioarchitecture\/approfondimento-sul-radon\/","name":"Studie \u00fcber Radon - Biopietra","isPartOf":{"@id":"https:\/\/biopietra.com\/#website"},"datePublished":"2017-09-20T09:13:19+00:00","dateModified":"2017-09-29T19:35:46+00:00","breadcrumb":{"@id":"https:\/\/biopietra.com\/de\/bioarchitecture\/approfondimento-sul-radon\/#breadcrumb"},"inLanguage":"de","potentialAction":[{"@type":"ReadAction","target":["https:\/\/biopietra.com\/de\/bioarchitecture\/approfondimento-sul-radon\/"]}]},{"@type":"BreadcrumbList","@id":"https:\/\/biopietra.com\/de\/bioarchitecture\/approfondimento-sul-radon\/#breadcrumb","itemListElement":[{"@type":"ListItem","position":1,"name":"Home","item":"https:\/\/biopietra.com\/de\/"},{"@type":"ListItem","position":2,"name":"Bio Architektur","item":"https:\/\/biopietra.com\/de\/bioarchitecture\/"},{"@type":"ListItem","position":3,"name":"Studie \u00fcber Radon"}]},{"@type":"WebSite","@id":"https:\/\/biopietra.com\/#website","url":"https:\/\/biopietra.com\/","name":"Biopietra","description":"The Green Stone Industry","potentialAction":[{"@type":"SearchAction","target":{"@type":"EntryPoint","urlTemplate":"https:\/\/biopietra.com\/?s={search_term_string}"},"query-input":{"@type":"PropertyValueSpecification","valueRequired":true,"valueName":"search_term_string"}}],"inLanguage":"de"}]}},"_links":{"self":[{"href":"https:\/\/biopietra.com\/de\/wp-json\/wp\/v2\/pages\/5585\/"}],"collection":[{"href":"https:\/\/biopietra.com\/de\/wp-json\/wp\/v2\/pages\/"}],"about":[{"href":"https:\/\/biopietra.com\/de\/wp-json\/wp\/v2\/types\/page\/"}],"author":[{"embeddable":true,"href":"https:\/\/biopietra.com\/de\/wp-json\/wp\/v2\/users\/4\/"}],"replies":[{"embeddable":true,"href":"https:\/\/biopietra.com\/de\/wp-json\/wp\/v2\/comments\/?post=5585"}],"version-history":[{"count":5,"href":"https:\/\/biopietra.com\/de\/wp-json\/wp\/v2\/pages\/5585\/revisions\/"}],"predecessor-version":[{"id":6664,"href":"https:\/\/biopietra.com\/de\/wp-json\/wp\/v2\/pages\/5585\/revisions\/6664\/"}],"up":[{"embeddable":true,"href":"https:\/\/biopietra.com\/de\/wp-json\/wp\/v2\/pages\/4512\/"}],"wp:attachment":[{"href":"https:\/\/biopietra.com\/de\/wp-json\/wp\/v2\/media\/?parent=5585"}],"curies":[{"name":"wp","href":"https:\/\/api.w.org\/{rel}","templated":true}]}}