{"id":5593,"date":"2017-09-20T11:34:19","date_gmt":"2017-09-20T09:34:19","guid":{"rendered":"http:\/\/biopietra.com\/biocasa-bioenergia-biocompatibilita\/"},"modified":"2017-09-29T21:05:16","modified_gmt":"2017-09-29T19:05:16","slug":"biocasa-bioenergia-biocompatibilita","status":"publish","type":"page","link":"https:\/\/biopietra.com\/de\/bioarchitecture\/biocasa-bioenergia-biocompatibilita\/","title":{"rendered":"Biohaus, Bioenergie, Biovertr\u00e4glichkeit"},"content":{"rendered":"<h3><img loading=\"lazy\" decoding=\"async\" width=\"150\" height=\"283\" class=\"alignnone size-full wp-image-5657\" alt=\"\" src=\"http:\/\/biopietra.com\/wp-content\/uploads\/2017\/09\/Biocasa-Biopietra.jpg\" \/>Das Biohaus, das unser Leben verl\u00e4ngert<\/h3>\n<p><span>Der Mensch lebt in einem System aus vier H\u00e4uten: die erste Haut ist die Dermas, die unseren K\u00f6rper vor der Au\u00dfenwelt sch\u00fctzt.\u00a0<\/span><\/p>\n<p><span>Die zweite Haut ist die Kleidung, die unsere Haut sch\u00fctzt.\u00a0<\/span><\/p>\n<p><span>Die dritte Haut ist unser Zuhause \u2013 der Lebensraum, der uns umgibt, der uns streichelt und uns vor der Au\u00dfenwelt sch\u00fctzt.\u00a0<\/span><\/p>\n<p><span>Die vierte Haut ist die Umwelt, die genau dort anf\u00e4ngt, wo unser Haus aufh\u00f6rt und wir anfangen: es ist die Erde, die Sonne und die Luft, die wir atmen.<\/span><\/p>\n<h3>Wie kann man diese Nat\u00fcrlichkeit, dieses Gleichgewicht zwischen Leben und Wohnen widerbekommen, die jetzt so stark gef\u00e4hrdet ist?<\/h3>\n<p><span>Eine der Antworten ist die Wahl von Biomaterialien f\u00fcr die Umgebung, in der wir atmen, schlafen, essen, arbeiten, in denen wir unsere Kinder wachsen sehen. Konkret bedeutet dies die Wahl von Biomaterialien, biologischer Stein f\u00fcr unsere Umgebung, wie Biopietra \u00ae von Kerma, f\u00fcr unsere K\u00fcche, Wohnzimmer, Schlafzimmer, B\u00e4der, im Au\u00dfenbereich unseres Hauses.\u00a0<\/span><\/p>\n<p><span class=\"testo_grassetto\">Biopietra \u00ae ist atmungsaktiv und Biozertifiziert.<\/span><\/p>\n","protected":false},"excerpt":{"rendered":"<p>Das Biohaus, das unser Leben verl\u00e4ngert Der Mensch lebt in [&hellip;]<\/p>\n","protected":false},"author":4,"featured_media":0,"parent":4512,"menu_order":56,"comment_status":"closed","ping_status":"closed","template":"template-page-custom.php","meta":{"qubely_global_settings":"","qubely_interactions":"","rop_custom_images_group":[],"rop_custom_messages_group":[],"rop_publish_now":"initial","rop_publish_now_accounts":{"facebook_4317419521910128_433253626703258":""},"rop_publish_now_history":[],"rop_publish_now_status":"pending","footnotes":""},"class_list":["post-5593","page","type-page","status-publish","hentry"],"aioseo_notices":[],"yoast_head":"<!-- This site is optimized with the Yoast SEO plugin v27.4 - https:\/\/yoast.com\/product\/yoast-seo-wordpress\/ -->\n<title>Biohaus, Bioenergie, Biovertr\u00e4glichkeit - Biopietra<\/title>\n<meta name=\"robots\" content=\"index, follow, max-snippet:-1, max-image-preview:large, max-video-preview:-1\" \/>\n<link rel=\"canonical\" href=\"https:\/\/biopietra.com\/de\/bioarchitecture\/biocasa-bioenergia-biocompatibilita\/\" \/>\n<meta property=\"og:locale\" content=\"de_DE\" \/>\n<meta property=\"og:type\" content=\"article\" \/>\n<meta property=\"og:title\" content=\"Biohaus, Bioenergie, Biovertr\u00e4glichkeit - Biopietra\" \/>\n<meta property=\"og:description\" content=\"Das Biohaus, das unser Leben verl\u00e4ngert Der Mensch lebt in [&hellip;]\" \/>\n<meta property=\"og:url\" content=\"https:\/\/biopietra.com\/de\/bioarchitecture\/biocasa-bioenergia-biocompatibilita\/\" \/>\n<meta property=\"og:site_name\" content=\"Biopietra\" \/>\n<meta property=\"article:modified_time\" content=\"2017-09-29T19:05:16+00:00\" \/>\n<meta property=\"og:image\" content=\"http:\/\/biopietra.com\/wp-content\/uploads\/2017\/09\/Biocasa-Biopietra.jpg\" \/>\n<meta name=\"twitter:card\" content=\"summary_large_image\" \/>\n<meta name=\"twitter:label1\" content=\"Gesch\u00e4tzte Lesezeit\" \/>\n\t<meta name=\"twitter:data1\" content=\"1\u00a0Minute\" \/>\n<script type=\"application\/ld+json\" class=\"yoast-schema-graph\">{\"@context\":\"https:\\\/\\\/schema.org\",\"@graph\":[{\"@type\":\"WebPage\",\"@id\":\"https:\\\/\\\/biopietra.com\\\/de\\\/bioarchitecture\\\/biocasa-bioenergia-biocompatibilita\\\/\",\"url\":\"https:\\\/\\\/biopietra.com\\\/de\\\/bioarchitecture\\\/biocasa-bioenergia-biocompatibilita\\\/\",\"name\":\"Biohaus, Bioenergie, Biovertr\u00e4glichkeit - Biopietra\",\"isPartOf\":{\"@id\":\"https:\\\/\\\/biopietra.com\\\/#website\"},\"primaryImageOfPage\":{\"@id\":\"https:\\\/\\\/biopietra.com\\\/de\\\/bioarchitecture\\\/biocasa-bioenergia-biocompatibilita\\\/#primaryimage\"},\"image\":{\"@id\":\"https:\\\/\\\/biopietra.com\\\/de\\\/bioarchitecture\\\/biocasa-bioenergia-biocompatibilita\\\/#primaryimage\"},\"thumbnailUrl\":\"http:\\\/\\\/biopietra.com\\\/wp-content\\\/uploads\\\/2017\\\/09\\\/Biocasa-Biopietra.jpg\",\"datePublished\":\"2017-09-20T09:34:19+00:00\",\"dateModified\":\"2017-09-29T19:05:16+00:00\",\"breadcrumb\":{\"@id\":\"https:\\\/\\\/biopietra.com\\\/de\\\/bioarchitecture\\\/biocasa-bioenergia-biocompatibilita\\\/#breadcrumb\"},\"inLanguage\":\"de\",\"potentialAction\":[{\"@type\":\"ReadAction\",\"target\":[\"https:\\\/\\\/biopietra.com\\\/de\\\/bioarchitecture\\\/biocasa-bioenergia-biocompatibilita\\\/\"]}]},{\"@type\":\"ImageObject\",\"inLanguage\":\"de\",\"@id\":\"https:\\\/\\\/biopietra.com\\\/de\\\/bioarchitecture\\\/biocasa-bioenergia-biocompatibilita\\\/#primaryimage\",\"url\":\"http:\\\/\\\/biopietra.com\\\/wp-content\\\/uploads\\\/2017\\\/09\\\/Biocasa-Biopietra.jpg\",\"contentUrl\":\"http:\\\/\\\/biopietra.com\\\/wp-content\\\/uploads\\\/2017\\\/09\\\/Biocasa-Biopietra.jpg\"},{\"@type\":\"BreadcrumbList\",\"@id\":\"https:\\\/\\\/biopietra.com\\\/de\\\/bioarchitecture\\\/biocasa-bioenergia-biocompatibilita\\\/#breadcrumb\",\"itemListElement\":[{\"@type\":\"ListItem\",\"position\":1,\"name\":\"Home\",\"item\":\"https:\\\/\\\/biopietra.com\\\/de\\\/\"},{\"@type\":\"ListItem\",\"position\":2,\"name\":\"Bio Architektur\",\"item\":\"https:\\\/\\\/biopietra.com\\\/de\\\/bioarchitecture\\\/\"},{\"@type\":\"ListItem\",\"position\":3,\"name\":\"Biohaus, Bioenergie, Biovertr\u00e4glichkeit\"}]},{\"@type\":\"WebSite\",\"@id\":\"https:\\\/\\\/biopietra.com\\\/#website\",\"url\":\"https:\\\/\\\/biopietra.com\\\/\",\"name\":\"Biopietra\",\"description\":\"The Green Stone Industry\",\"potentialAction\":[{\"@type\":\"SearchAction\",\"target\":{\"@type\":\"EntryPoint\",\"urlTemplate\":\"https:\\\/\\\/biopietra.com\\\/?s={search_term_string}\"},\"query-input\":{\"@type\":\"PropertyValueSpecification\",\"valueRequired\":true,\"valueName\":\"search_term_string\"}}],\"inLanguage\":\"de\"}]}<\/script>\n<!-- \/ Yoast SEO plugin. -->","yoast_head_json":{"title":"Biohaus, Bioenergie, Biovertr\u00e4glichkeit - Biopietra","robots":{"index":"index","follow":"follow","max-snippet":"max-snippet:-1","max-image-preview":"max-image-preview:large","max-video-preview":"max-video-preview:-1"},"canonical":"https:\/\/biopietra.com\/de\/bioarchitecture\/biocasa-bioenergia-biocompatibilita\/","og_locale":"de_DE","og_type":"article","og_title":"Biohaus, Bioenergie, Biovertr\u00e4glichkeit - Biopietra","og_description":"Das Biohaus, das unser Leben verl\u00e4ngert Der Mensch lebt in [&hellip;]","og_url":"https:\/\/biopietra.com\/de\/bioarchitecture\/biocasa-bioenergia-biocompatibilita\/","og_site_name":"Biopietra","article_modified_time":"2017-09-29T19:05:16+00:00","og_image":[{"url":"http:\/\/biopietra.com\/wp-content\/uploads\/2017\/09\/Biocasa-Biopietra.jpg","type":"","width":"","height":""}],"twitter_card":"summary_large_image","twitter_misc":{"Gesch\u00e4tzte Lesezeit":"1\u00a0Minute"},"schema":{"@context":"https:\/\/schema.org","@graph":[{"@type":"WebPage","@id":"https:\/\/biopietra.com\/de\/bioarchitecture\/biocasa-bioenergia-biocompatibilita\/","url":"https:\/\/biopietra.com\/de\/bioarchitecture\/biocasa-bioenergia-biocompatibilita\/","name":"Biohaus, Bioenergie, Biovertr\u00e4glichkeit - Biopietra","isPartOf":{"@id":"https:\/\/biopietra.com\/#website"},"primaryImageOfPage":{"@id":"https:\/\/biopietra.com\/de\/bioarchitecture\/biocasa-bioenergia-biocompatibilita\/#primaryimage"},"image":{"@id":"https:\/\/biopietra.com\/de\/bioarchitecture\/biocasa-bioenergia-biocompatibilita\/#primaryimage"},"thumbnailUrl":"http:\/\/biopietra.com\/wp-content\/uploads\/2017\/09\/Biocasa-Biopietra.jpg","datePublished":"2017-09-20T09:34:19+00:00","dateModified":"2017-09-29T19:05:16+00:00","breadcrumb":{"@id":"https:\/\/biopietra.com\/de\/bioarchitecture\/biocasa-bioenergia-biocompatibilita\/#breadcrumb"},"inLanguage":"de","potentialAction":[{"@type":"ReadAction","target":["https:\/\/biopietra.com\/de\/bioarchitecture\/biocasa-bioenergia-biocompatibilita\/"]}]},{"@type":"ImageObject","inLanguage":"de","@id":"https:\/\/biopietra.com\/de\/bioarchitecture\/biocasa-bioenergia-biocompatibilita\/#primaryimage","url":"http:\/\/biopietra.com\/wp-content\/uploads\/2017\/09\/Biocasa-Biopietra.jpg","contentUrl":"http:\/\/biopietra.com\/wp-content\/uploads\/2017\/09\/Biocasa-Biopietra.jpg"},{"@type":"BreadcrumbList","@id":"https:\/\/biopietra.com\/de\/bioarchitecture\/biocasa-bioenergia-biocompatibilita\/#breadcrumb","itemListElement":[{"@type":"ListItem","position":1,"name":"Home","item":"https:\/\/biopietra.com\/de\/"},{"@type":"ListItem","position":2,"name":"Bio Architektur","item":"https:\/\/biopietra.com\/de\/bioarchitecture\/"},{"@type":"ListItem","position":3,"name":"Biohaus, Bioenergie, Biovertr\u00e4glichkeit"}]},{"@type":"WebSite","@id":"https:\/\/biopietra.com\/#website","url":"https:\/\/biopietra.com\/","name":"Biopietra","description":"The Green Stone Industry","potentialAction":[{"@type":"SearchAction","target":{"@type":"EntryPoint","urlTemplate":"https:\/\/biopietra.com\/?s={search_term_string}"},"query-input":{"@type":"PropertyValueSpecification","valueRequired":true,"valueName":"search_term_string"}}],"inLanguage":"de"}]}},"_links":{"self":[{"href":"https:\/\/biopietra.com\/de\/wp-json\/wp\/v2\/pages\/5593\/"}],"collection":[{"href":"https:\/\/biopietra.com\/de\/wp-json\/wp\/v2\/pages\/"}],"about":[{"href":"https:\/\/biopietra.com\/de\/wp-json\/wp\/v2\/types\/page\/"}],"author":[{"embeddable":true,"href":"https:\/\/biopietra.com\/de\/wp-json\/wp\/v2\/users\/4\/"}],"replies":[{"embeddable":true,"href":"https:\/\/biopietra.com\/de\/wp-json\/wp\/v2\/comments\/?post=5593"}],"version-history":[{"count":5,"href":"https:\/\/biopietra.com\/de\/wp-json\/wp\/v2\/pages\/5593\/revisions\/"}],"predecessor-version":[{"id":6656,"href":"https:\/\/biopietra.com\/de\/wp-json\/wp\/v2\/pages\/5593\/revisions\/6656\/"}],"up":[{"embeddable":true,"href":"https:\/\/biopietra.com\/de\/wp-json\/wp\/v2\/pages\/4512\/"}],"wp:attachment":[{"href":"https:\/\/biopietra.com\/de\/wp-json\/wp\/v2\/media\/?parent=5593"}],"curies":[{"name":"wp","href":"https:\/\/api.w.org\/{rel}","templated":true}]}}