{"id":5602,"date":"2017-09-20T11:36:51","date_gmt":"2017-09-20T09:36:51","guid":{"rendered":"http:\/\/biopietra.com\/ambiente-sano-qualita-della-vita\/"},"modified":"2025-10-07T15:09:30","modified_gmt":"2025-10-07T13:09:30","slug":"ambiente-sano-qualita-della-vita","status":"publish","type":"page","link":"https:\/\/biopietra.com\/de\/bioarchitecture\/ambiente-sano-qualita-della-vita\/","title":{"rendered":"Die Sichtweise des Spezialisten: Gesunde Umwelt, Lebensqualit\u00e4t"},"content":{"rendered":"<div class=\"row mt-25\"><div class=\"col-md-4\"><h4 class=\"text-right green text-uppercase\">Die Sichtweise des Spezialisten<\/h4><hr><\/div><div class=\"col-md-8\">\n<h3><strong>Warum sollte man Bio-Stein gegen\u00fcber traditionellem Stein w\u00e4hlen?<\/strong><\/h3>\n<p>Welche Vorteile hat jemand, der sich f\u00fcr Biopietra\u00ae-Materialien entscheidet \u2013 sei es f\u00fcr das eigene Zuhause oder f\u00fcr gewerbliche R\u00e4ume?<\/p>\n<p>Eine absolut berechtigte Frage, die wir hier aus medizinischer Sicht beantworten m\u00f6chten \u2013 durch die Worte von <strong>Dr. Orlando Schiappa<\/strong>, Spezialist f\u00fcr Hygiene und Umweltmedizin, angewendet auf die bio-\u00f6kologische Architektur.<\/p>\n<p>\u201eDie Vorteile der Verwendung nat\u00fcrlicher, pflanzlicher Materialien gegen\u00fcber synthetischen (petrochemischen) Produkten aus der traditionellen Bauweise sind vielf\u00e4ltig und von gro\u00dfer Bedeutung f\u00fcr die menschliche Gesundheit\u201c, erkl\u00e4rt Dr. Schiappa.<br \/>\n\u201eIn erster Linie reduzieren sie die Quellen der Innenraumverschmutzung erheblich, sorgen f\u00fcr Energieeinsparungen und respektieren die Umwelt \u2013 alles mit dem Ziel, die Lebensqualit\u00e4t und das psychische sowie physische Wohlbefinden zu verbessern.\u201c<\/p>\n<hr \/>\n<h3><strong>Innen- und Au\u00dfenverschmutzung verstehen<\/strong><\/h3>\n<p>Oft h\u00f6rt man von \u201eIndoor-\u201c und \u201eOutdoor-\u201cVerschmutzung, jedoch ohne tiefes Verst\u00e4ndnis in der \u00d6ffentlichkeit.<\/p>\n<p>Auch hier hilft uns Dr. Schiappa weiter:<\/p>\n<p>\u201eDie \u201aIndoor\u2018-Verschmutzung, die die \u201aGesundheit des Hauses\u2018 beeintr\u00e4chtigt, wird durch Substanzen verursacht, die in geschlossenen R\u00e4umen (Wohnungen, B\u00fcros, Industrie) freigesetzt werden \u2013 etwa Feinstaub durch Staubsauger, Sprays, Dampfb\u00fcgeleisen, Heizk\u00f6rper und \u00d6fen sowie elektromagnetische Felder durch Mobiltelefone und Computer.<br \/>\nIhre Auswirkungen betreffen die menschliche Gesundheit sowohl kurzfristig als auch langfristig und f\u00fchren zu Atemwegserkrankungen, Herz-Kreislauf-Problemen und psychischen St\u00f6rungen.<br \/>\nDie Quellen der \u201aOutdoor\u2018-Verschmutzung hingegen sind Emissionen von Kohlenmonoxid, Stickoxiden, Schwefeldioxid \u2013 deren Gef\u00e4hrlichkeit in Bezug auf die Expositionswerte bekannt ist (Messstationen) \u2013 sowie Feinstaub.\u201c<\/p>\n<p>\u201eDie medizinische Forschung konnte dank der Bioarchitektur gro\u00dfe Fortschritte in der Pneumologie und Kardiologie erzielen und hat die Umweltverschmutzung als eine der Hauptursachen f\u00fcr die genannten Krankheiten identifiziert.\u201c<\/p>\n<hr \/>\n<h3><strong>Praktische Empfehlungen f\u00fcr ein gesundes Zuhause<\/strong><\/h3>\n<p>\u201eDie praktischen Empfehlungen f\u00fcr B\u00fcrger\u201c, so Dr. Schiappa, \u201ekonzentrieren sich vor allem auf die Wahl von Gebieten mit nat\u00fcrlichen Ressourcen wie Wasser und Gr\u00fcnfl\u00e4chen sowie auf die Verwendung von Bio-Baumaterialien \u2013 etwa Holz, D\u00e4mmplatten, Abdichtungsbahnen, elektrische Systeme entlang der W\u00e4nde mit Trennschaltern und Wandheizungen.\u201c<\/p>\n<hr \/>\n<h3><strong>Was tun, wenn bereits mit traditionellen Materialien gebaut wurde?<\/strong><\/h3>\n<p>\u201eWenn ein Haus bereits mit traditionellen Materialien gebaut wurde\u201c, f\u00e4hrt Schiappa fort, \u201ebringt eine Renovierung mit \u00f6kologisch vertr\u00e4glichen Materialien und Techniken dennoch Vorteile \u2013 insbesondere bei der Reduzierung von Innen- und Au\u00dfenverschmutzung sowie beim Energieverbrauch. All das tr\u00e4gt zu einer besseren Lebensqualit\u00e4t und zum Umweltschutz bei.\u201c<\/p>\n<hr \/>\n<h3><strong>Besser bio \u2013 f\u00fcr Mensch und Umwelt<\/strong><\/h3>\n<p>Dar\u00fcber hinaus kann man sein Zuhause besser kennenlernen, als man denkt: Um herauszufinden, welche R\u00e4ume besonders anf\u00e4llig f\u00fcr Innenraumverschmutzung sind, wird eine Analyse durch ein Team von Bio-Spezialisten durchgef\u00fchrt (Geologen, Architekten, Ingenieure, \u00c4rzte, Psychologen), die jeweils anhand ihrer Fachkenntnisse die Zonen im Haus und in der Umgebung identifizieren, in denen Schadstoffe entstehen.<\/p>\n<p>Wenn wir \u00fcber Bioarchitektur sprechen, sprechen wir also auch \u00fcber <strong>Pr\u00e4vention<\/strong> \u2013 f\u00fcr uns selbst und f\u00fcr die Welt, die uns umgibt.<\/p>\n<hr \/>\n<h3><strong>M\u00f6chten Sie alle <a href=\"https:\/\/biopietra.com\/de\/company-2\/vorteile-endverbraucher\/\">Vorteile<\/a> von Biopietra\u00ae entdecken?<\/strong><\/h3>\n<p><a href=\"https:\/\/biopietra.com\/de\/ansprechpartner\/\">Kontaktieren Sie uns<\/a> f\u00fcr eine pers\u00f6nliche Beratung.<\/p>\n<\/div><\/div>\n","protected":false},"excerpt":{"rendered":"","protected":false},"author":4,"featured_media":0,"parent":4512,"menu_order":115,"comment_status":"closed","ping_status":"closed","template":"template-page-custom.php","meta":{"qubely_global_settings":"","qubely_interactions":"","rs_blank_template":"","rs_page_bg_color":"","slide_template_v7":"","rop_custom_images_group":[],"rop_custom_messages_group":[],"rop_publish_now":"initial","rop_publish_now_accounts":{"facebook_4317419521910128_433253626703258":""},"rop_publish_now_history":[],"rop_publish_now_status":"pending","footnotes":""},"class_list":["post-5602","page","type-page","status-publish","hentry"],"yoast_head":"<!-- This site is optimized with the Yoast SEO plugin v27.4 - https:\/\/yoast.com\/product\/yoast-seo-wordpress\/ -->\n<title>Biopietra Gesunde Steinverkleidung f\u00fcr nachhaltiges und schadstofffreies Wohnen<\/title>\n<meta name=\"description\" content=\"Biopietra reduziert Innenraumverschmutzung, sch\u00fctzt die Gesundheit und verbessert die Lebensqualit\u00e4t \u2013 empfohlen von Experten f\u00fcr Bioarchitektur.\" \/>\n<meta name=\"robots\" content=\"index, follow, max-snippet:-1, max-image-preview:large, max-video-preview:-1\" \/>\n<link rel=\"canonical\" href=\"https:\/\/biopietra.com\/de\/bioarchitecture\/ambiente-sano-qualita-della-vita\/\" \/>\n<meta property=\"og:locale\" content=\"de_DE\" \/>\n<meta property=\"og:type\" content=\"article\" \/>\n<meta property=\"og:title\" content=\"Biopietra Gesunde Steinverkleidung f\u00fcr nachhaltiges und schadstofffreies Wohnen\" \/>\n<meta property=\"og:description\" content=\"Biopietra reduziert Innenraumverschmutzung, sch\u00fctzt die Gesundheit und verbessert die Lebensqualit\u00e4t \u2013 empfohlen von Experten f\u00fcr Bioarchitektur.\" \/>\n<meta property=\"og:url\" content=\"https:\/\/biopietra.com\/de\/bioarchitecture\/ambiente-sano-qualita-della-vita\/\" \/>\n<meta property=\"og:site_name\" content=\"Biopietra\" \/>\n<meta property=\"article:modified_time\" content=\"2025-10-07T13:09:30+00:00\" \/>\n<meta name=\"twitter:card\" content=\"summary_large_image\" \/>\n<meta name=\"twitter:label1\" content=\"Gesch\u00e4tzte Lesezeit\" \/>\n\t<meta name=\"twitter:data1\" content=\"3\u00a0Minuten\" \/>\n<script type=\"application\/ld+json\" class=\"yoast-schema-graph\">{\"@context\":\"https:\\\/\\\/schema.org\",\"@graph\":[{\"@type\":\"WebPage\",\"@id\":\"https:\\\/\\\/biopietra.com\\\/de\\\/bioarchitecture\\\/ambiente-sano-qualita-della-vita\\\/\",\"url\":\"https:\\\/\\\/biopietra.com\\\/de\\\/bioarchitecture\\\/ambiente-sano-qualita-della-vita\\\/\",\"name\":\"Biopietra Gesunde Steinverkleidung f\u00fcr nachhaltiges und schadstofffreies Wohnen\",\"isPartOf\":{\"@id\":\"https:\\\/\\\/biopietra.com\\\/#website\"},\"datePublished\":\"2017-09-20T09:36:51+00:00\",\"dateModified\":\"2025-10-07T13:09:30+00:00\",\"description\":\"Biopietra reduziert Innenraumverschmutzung, sch\u00fctzt die Gesundheit und verbessert die Lebensqualit\u00e4t \u2013 empfohlen von Experten f\u00fcr Bioarchitektur.\",\"breadcrumb\":{\"@id\":\"https:\\\/\\\/biopietra.com\\\/de\\\/bioarchitecture\\\/ambiente-sano-qualita-della-vita\\\/#breadcrumb\"},\"inLanguage\":\"de\",\"potentialAction\":[{\"@type\":\"ReadAction\",\"target\":[\"https:\\\/\\\/biopietra.com\\\/de\\\/bioarchitecture\\\/ambiente-sano-qualita-della-vita\\\/\"]}]},{\"@type\":\"BreadcrumbList\",\"@id\":\"https:\\\/\\\/biopietra.com\\\/de\\\/bioarchitecture\\\/ambiente-sano-qualita-della-vita\\\/#breadcrumb\",\"itemListElement\":[{\"@type\":\"ListItem\",\"position\":1,\"name\":\"Home\",\"item\":\"https:\\\/\\\/biopietra.com\\\/de\\\/\"},{\"@type\":\"ListItem\",\"position\":2,\"name\":\"Bio Architektur\",\"item\":\"https:\\\/\\\/biopietra.com\\\/de\\\/bioarchitecture\\\/\"},{\"@type\":\"ListItem\",\"position\":3,\"name\":\"Die Sichtweise des Spezialisten: Gesunde Umwelt, Lebensqualit\u00e4t\"}]},{\"@type\":\"WebSite\",\"@id\":\"https:\\\/\\\/biopietra.com\\\/#website\",\"url\":\"https:\\\/\\\/biopietra.com\\\/\",\"name\":\"Biopietra\",\"description\":\"The Green Stone Industry\",\"potentialAction\":[{\"@type\":\"SearchAction\",\"target\":{\"@type\":\"EntryPoint\",\"urlTemplate\":\"https:\\\/\\\/biopietra.com\\\/?s={search_term_string}\"},\"query-input\":{\"@type\":\"PropertyValueSpecification\",\"valueRequired\":true,\"valueName\":\"search_term_string\"}}],\"inLanguage\":\"de\"}]}<\/script>\n<!-- \/ Yoast SEO plugin. -->","yoast_head_json":{"title":"Biopietra Gesunde Steinverkleidung f\u00fcr nachhaltiges und schadstofffreies Wohnen","description":"Biopietra reduziert Innenraumverschmutzung, sch\u00fctzt die Gesundheit und verbessert die Lebensqualit\u00e4t \u2013 empfohlen von Experten f\u00fcr Bioarchitektur.","robots":{"index":"index","follow":"follow","max-snippet":"max-snippet:-1","max-image-preview":"max-image-preview:large","max-video-preview":"max-video-preview:-1"},"canonical":"https:\/\/biopietra.com\/de\/bioarchitecture\/ambiente-sano-qualita-della-vita\/","og_locale":"de_DE","og_type":"article","og_title":"Biopietra Gesunde Steinverkleidung f\u00fcr nachhaltiges und schadstofffreies Wohnen","og_description":"Biopietra reduziert Innenraumverschmutzung, sch\u00fctzt die Gesundheit und verbessert die Lebensqualit\u00e4t \u2013 empfohlen von Experten f\u00fcr Bioarchitektur.","og_url":"https:\/\/biopietra.com\/de\/bioarchitecture\/ambiente-sano-qualita-della-vita\/","og_site_name":"Biopietra","article_modified_time":"2025-10-07T13:09:30+00:00","twitter_card":"summary_large_image","twitter_misc":{"Gesch\u00e4tzte Lesezeit":"3\u00a0Minuten"},"schema":{"@context":"https:\/\/schema.org","@graph":[{"@type":"WebPage","@id":"https:\/\/biopietra.com\/de\/bioarchitecture\/ambiente-sano-qualita-della-vita\/","url":"https:\/\/biopietra.com\/de\/bioarchitecture\/ambiente-sano-qualita-della-vita\/","name":"Biopietra Gesunde Steinverkleidung f\u00fcr nachhaltiges und schadstofffreies Wohnen","isPartOf":{"@id":"https:\/\/biopietra.com\/#website"},"datePublished":"2017-09-20T09:36:51+00:00","dateModified":"2025-10-07T13:09:30+00:00","description":"Biopietra reduziert Innenraumverschmutzung, sch\u00fctzt die Gesundheit und verbessert die Lebensqualit\u00e4t \u2013 empfohlen von Experten f\u00fcr Bioarchitektur.","breadcrumb":{"@id":"https:\/\/biopietra.com\/de\/bioarchitecture\/ambiente-sano-qualita-della-vita\/#breadcrumb"},"inLanguage":"de","potentialAction":[{"@type":"ReadAction","target":["https:\/\/biopietra.com\/de\/bioarchitecture\/ambiente-sano-qualita-della-vita\/"]}]},{"@type":"BreadcrumbList","@id":"https:\/\/biopietra.com\/de\/bioarchitecture\/ambiente-sano-qualita-della-vita\/#breadcrumb","itemListElement":[{"@type":"ListItem","position":1,"name":"Home","item":"https:\/\/biopietra.com\/de\/"},{"@type":"ListItem","position":2,"name":"Bio Architektur","item":"https:\/\/biopietra.com\/de\/bioarchitecture\/"},{"@type":"ListItem","position":3,"name":"Die Sichtweise des Spezialisten: Gesunde Umwelt, Lebensqualit\u00e4t"}]},{"@type":"WebSite","@id":"https:\/\/biopietra.com\/#website","url":"https:\/\/biopietra.com\/","name":"Biopietra","description":"The Green Stone Industry","potentialAction":[{"@type":"SearchAction","target":{"@type":"EntryPoint","urlTemplate":"https:\/\/biopietra.com\/?s={search_term_string}"},"query-input":{"@type":"PropertyValueSpecification","valueRequired":true,"valueName":"search_term_string"}}],"inLanguage":"de"}]}},"_links":{"self":[{"href":"https:\/\/biopietra.com\/de\/wp-json\/wp\/v2\/pages\/5602","targetHints":{"allow":["GET"]}}],"collection":[{"href":"https:\/\/biopietra.com\/de\/wp-json\/wp\/v2\/pages"}],"about":[{"href":"https:\/\/biopietra.com\/de\/wp-json\/wp\/v2\/types\/page"}],"author":[{"embeddable":true,"href":"https:\/\/biopietra.com\/de\/wp-json\/wp\/v2\/users\/4"}],"replies":[{"embeddable":true,"href":"https:\/\/biopietra.com\/de\/wp-json\/wp\/v2\/comments?post=5602"}],"version-history":[{"count":12,"href":"https:\/\/biopietra.com\/de\/wp-json\/wp\/v2\/pages\/5602\/revisions"}],"predecessor-version":[{"id":30280,"href":"https:\/\/biopietra.com\/de\/wp-json\/wp\/v2\/pages\/5602\/revisions\/30280"}],"up":[{"embeddable":true,"href":"https:\/\/biopietra.com\/de\/wp-json\/wp\/v2\/pages\/4512"}],"wp:attachment":[{"href":"https:\/\/biopietra.com\/de\/wp-json\/wp\/v2\/media?parent=5602"}],"curies":[{"name":"wp","href":"https:\/\/api.w.org\/{rel}","templated":true}]}}