{"id":9554,"date":"2018-05-16T08:54:46","date_gmt":"2018-05-16T06:54:46","guid":{"rendered":"http:\/\/biopietra.com\/?page_id=9554\/"},"modified":"2018-05-16T10:19:04","modified_gmt":"2018-05-16T08:19:04","slug":"farbtherapie","status":"publish","type":"page","link":"https:\/\/biopietra.com\/de\/company-2\/vorteile-endverbraucher\/farbtherapie\/","title":{"rendered":"Farbtherapie"},"content":{"rendered":"<div class=\"row mt-25\"><div class=\"col-md-4\"><h4 class=\"text-right green text-uppercase\">Farbtherapie<\/h4><hr><\/div><div class=\"col-md-8\">\n<p>Der Einfluss von Farben auf die Gesundheit ist ein bekannter Bestandteil der Naturmedizin.<\/p>\n<p>Auch die traditionelle Medizin hat dem Einfluss von Farben auf den Seelenzustand des Menschen immer eine gro\u00dfe Bedeutung beigemessen.<\/p>\n<p>&nbsp;<\/p>\n<p>&nbsp;<\/p>\n<p><img loading=\"lazy\" decoding=\"async\" src=\"http:\/\/biopietra.com\/wp-content\/uploads\/2018\/05\/come-attiva-effetto-luminance1-300x127.jpg\" alt=\"Farbtherapie\" width=\"354\" height=\"150\" class=\"wp-image-9536 alignleft\" srcset=\"https:\/\/biopietra.com\/wp-content\/uploads\/2018\/05\/come-attiva-effetto-luminance1-300x127.jpg 300w, https:\/\/biopietra.com\/wp-content\/uploads\/2018\/05\/come-attiva-effetto-luminance1-768x325.jpg 768w, https:\/\/biopietra.com\/wp-content\/uploads\/2018\/05\/come-attiva-effetto-luminance1.jpg 947w\" sizes=\"auto, (max-width: 354px) 100vw, 354px\" \/> <img loading=\"lazy\" decoding=\"async\" src=\"http:\/\/biopietra.com\/wp-content\/uploads\/2018\/05\/come-attiva-effetto-luminance2-300x127.jpg\" alt=\"Farbtherapie\" width=\"357\" height=\"151\" class=\"wp-image-9540 alignleft\" srcset=\"https:\/\/biopietra.com\/wp-content\/uploads\/2018\/05\/come-attiva-effetto-luminance2-300x127.jpg 300w, https:\/\/biopietra.com\/wp-content\/uploads\/2018\/05\/come-attiva-effetto-luminance2-768x325.jpg 768w, https:\/\/biopietra.com\/wp-content\/uploads\/2018\/05\/come-attiva-effetto-luminance2.jpg 947w\" sizes=\"auto, (max-width: 357px) 100vw, 357px\" \/><\/p>\n<p>&nbsp;<\/p>\n<p>&nbsp;<\/p>\n<p>&nbsp;<\/p>\n<p>&nbsp;<\/p>\n<p>&nbsp;<\/p>\n<p>&nbsp;<\/p>\n<p><strong>Nach den Grunds\u00e4tzen der Farbtherapie<\/strong> <span style=\"color: #008000;\"><strong>wirken Farben auf Seele und K\u00f6rper<\/strong><\/span>, bestimmen \u00fcber unseren Gem\u00fctszustand und \u00fcber das Gleichgewicht zwischen Psyche und Physis.\u00a0Die Verwendung der richtigen Farben ist bei Einrichtung und Dekoration von Wohnr\u00e4umen daher von grundlegender Bedeutung.<\/p>\n<p><span style=\"color: #ff0000;\"><\/span>Auch Architekten und Stadtplaner verbringen nicht ohne Grund immer mehr zeit mit der Farbauswahl f\u00fcr den \u00f6ffentlichen Raum, f\u00fcr Wohnh\u00e4user und B\u00fcrogeb\u00e4ude. Die Wahrnehmung eines Raumes \u00e4ndert sich mit der Wandfarbe. Dieser enge zusammenhang zwischen Farben und Seelenzust\u00e4nden f\u00fchrt dazu, dass Farben auch viel \u00fcber die Pers\u00f6nlichkeit dessen aussagen, der sie aus-w\u00e4hlt. <span style=\"color: #008000;\"><strong>Farben sind damit kommunikations- und Aus-drucksmittel<\/strong><\/span>, wie man ja vor allem in der Mode und in der kosmetik sieht.<\/p>\n<p>Die <strong>Biopietra Prestige Collection<\/strong> dr\u00fcckt diese tendenz aus: vier verschiedene Steine in f\u00fcnf verschiedenen Farbt\u00f6nen, die durch das Wechselspiel aus Licht und Dunkelheit lebendig werden.<\/p>\n<p>&nbsp;<\/p>\n<p><strong>In der nebenstehenden tabelle finden Sie die erh\u00e4ltlichen Luminance-Farben und ihre Wirkungen.<\/strong><\/p>\n<p>&nbsp;<\/p>\n<p>&nbsp;<\/p>\n<p><img loading=\"lazy\" decoding=\"async\" src=\"http:\/\/biopietra.com\/wp-content\/uploads\/2018\/05\/gamma-colori-Antares-Iridium-Luminance-Indaco-300x205.jpg\" alt=\"Farbtherapie\" width=\"219\" height=\"149\" class=\"wp-image-9517 alignleft\" srcset=\"https:\/\/biopietra.com\/wp-content\/uploads\/2018\/05\/gamma-colori-Antares-Iridium-Luminance-Indaco-300x205.jpg 300w, https:\/\/biopietra.com\/wp-content\/uploads\/2018\/05\/gamma-colori-Antares-Iridium-Luminance-Indaco.jpg 733w\" sizes=\"auto, (max-width: 219px) 100vw, 219px\" \/><strong>INDIGO<\/strong> Hilft gegen nervliche St\u00f6rungen und \u00c4ngste, erfrischt und beruhigt bei starker Entspannungswirkung und vermittelt Selbstsicherheit und Optimismus. Empfohlen f\u00fcr kinderzimmer, Wellness-Bereiche und B\u00e4der.<\/p>\n<p>&nbsp;<\/p>\n<p>&nbsp;<\/p>\n<p>&nbsp;<\/p>\n<p><img loading=\"lazy\" decoding=\"async\" src=\"http:\/\/biopietra.com\/wp-content\/uploads\/2018\/05\/gamma-colori-Antares-Platinum-Luminance-Blu-300x210.jpg\" alt=\"Farbtherapie\" width=\"219\" height=\"153\" class=\"wp-image-9525 alignleft\" srcset=\"https:\/\/biopietra.com\/wp-content\/uploads\/2018\/05\/gamma-colori-Antares-Platinum-Luminance-Blu-300x210.jpg 300w, https:\/\/biopietra.com\/wp-content\/uploads\/2018\/05\/gamma-colori-Antares-Platinum-Luminance-Blu.jpg 732w\" sizes=\"auto, (max-width: 219px) 100vw, 219px\" \/><\/p>\n<p><strong>BLAU\u00a0<\/strong>Wirkt beruhigend und entspannend bei k\u00f6rperlicher und geistiger Unruhe. Empfohlen f\u00fcr Schlafzimmer und den tages- und Wellness-Bereich.<\/p>\n<p>&nbsp;<\/p>\n<p>&nbsp;<\/p>\n<p>&nbsp;<\/p>\n<p><img loading=\"lazy\" decoding=\"async\" src=\"http:\/\/biopietra.com\/wp-content\/uploads\/2018\/05\/gamma-colori-Antares-Iridium-Luminance-Verde-300x203.jpg\" alt=\"Farbtherapie\" width=\"219\" height=\"148\" class=\"wp-image-9521 alignleft\" srcset=\"https:\/\/biopietra.com\/wp-content\/uploads\/2018\/05\/gamma-colori-Antares-Iridium-Luminance-Verde-300x203.jpg 300w, https:\/\/biopietra.com\/wp-content\/uploads\/2018\/05\/gamma-colori-Antares-Iridium-Luminance-Verde.jpg 732w\" sizes=\"auto, (max-width: 219px) 100vw, 219px\" \/><\/p>\n<p><strong><span>GR\u00dcN<\/span> <\/strong>Wirkt gegen Schlaflosigkeit und entspannt. Empfohlen f\u00fcr Schlafzimmer und B\u00e4der.<\/p>\n<p>&nbsp;<\/p>\n<p>&nbsp;<\/p>\n<p>&nbsp;<\/p>\n<p>&nbsp;<\/p>\n<\/div><\/div>\n<p>&nbsp;<\/p>\n<div class=\"row mt-25\"><div class=\"col-md-4\"><h4 class=\"text-right green text-uppercase\">Biopietra Prestige Collection<\/h4><hr><\/div><div class=\"col-md-8\">\n<p>Die Verkleidungen aus der Kollektion <strong>Biopietra Prestige Collection<\/strong> sind ein gesunder und sicherer Weg, Harmonie und Wohlbefinden in den eigenen vier W\u00e4nden herzustellen.\u00a0<span style=\"color: #008000;\"><strong>Die biokompatiblen Baustoffe spielen mit dem Licht und ver\u00e4n-dern sich st\u00e4ndig<\/strong><\/span>: durch das Licht bekommen sie neues Leben, sie reflektieren es und schimmern in leuchtenden Reflexen unter verschiedenen Bedingungen, sogar im Dunkeln.<\/p>\n<p><strong>Biopietra Prestige Collection:\u00a0<\/strong><strong><a href=\"http:\/\/biopietra.com\/de\/produkte\/prestige-collection-antares\/\">Antares<\/a>, <a href=\"http:\/\/biopietra.com\/de\/produkte\/prestige-collection-sirio\/\">Sirio<\/a>\u00a0und\u00a0<a href=\"http:\/\/biopietra.com\/de\/produkte\/prestige-collection-electra\/\">Electra<\/a>.<\/strong><\/p>\n<\/div><\/div>\n<div class=\"row mt-25\"><div class=\"col-md-4\"><h4 class=\"text-right green text-uppercase\">Effekt Luminance<\/h4><hr><\/div><div class=\"col-md-8\">\n<p><strong>Ohne dabei den Grundsatz der Biokompatibilit\u00e4t zu verletzen, werden Lichtreflexionen durch tr\u00e4ge Materialien ausgel\u00f6st, die vollkommen ungiftig und nicht radioaktiv sind und die das aufgenommene Licht in den folgenden Stunden abgeben.<\/strong><\/p>\n<p>Diese zukunftstr\u00e4chtige Interpretation des Biosteines wird durch Aufbringen besonderer Schimmerpulver auf der Oberfl\u00e4che des Steins erhalten. Der mit Goldsplittern oder wei\u00dfen Steinchen be-schichtete Stein passt ausgezeichnet zu Holz, Glas, Metall und weckt durch das harmonische Spiel mit Licht und Farbe ganz be-sondere Empfindungen. Die damit ausgestatteten R\u00e4ume erscheinen immer wieder an-ders, als ob sie sich unter den Blicken der Betrachter st\u00e4ndig wei-ter entwickeln w\u00fcrden, stets neu im Licht der unterschiedlichen Empfindungen derjenigen, die den Stein interpretieren.<\/p>\n<p><span style=\"color: #008000;\"><strong>Biopietra Luminance: Licht f\u00fcr die Erholung von K\u00f6rper und Geist.<\/strong><\/span><\/p>\n<p><img loading=\"lazy\" decoding=\"async\" src=\"http:\/\/biopietra.com\/wp-content\/uploads\/2016\/06\/Electra-Platinum-Luminance-Blu-876x1024.jpg\" alt=\"Farbtherapie\" width=\"876\" height=\"1024\" class=\"aligncenter wp-image-7854 size-large\" srcset=\"https:\/\/biopietra.com\/wp-content\/uploads\/2016\/06\/Electra-Platinum-Luminance-Blu-876x1024.jpg 876w, https:\/\/biopietra.com\/wp-content\/uploads\/2016\/06\/Electra-Platinum-Luminance-Blu-257x300.jpg 257w, https:\/\/biopietra.com\/wp-content\/uploads\/2016\/06\/Electra-Platinum-Luminance-Blu-768x897.jpg 768w\" sizes=\"auto, (max-width: 876px) 100vw, 876px\" \/><\/p>\n<\/div><\/div>\n","protected":false},"excerpt":{"rendered":"<p>&nbsp;<\/p>\n","protected":false},"author":6,"featured_media":0,"parent":8786,"menu_order":10,"comment_status":"closed","ping_status":"closed","template":"template-page-custom.php","meta":{"qubely_global_settings":"","qubely_interactions":"","rop_custom_images_group":[],"rop_custom_messages_group":[],"rop_publish_now":"initial","rop_publish_now_accounts":{"facebook_4317419521910128_433253626703258":""},"rop_publish_now_history":[],"rop_publish_now_status":"pending","footnotes":""},"class_list":["post-9554","page","type-page","status-publish","hentry"],"aioseo_notices":[],"yoast_head":"<!-- This site is optimized with the Yoast SEO plugin v27.4 - https:\/\/yoast.com\/product\/yoast-seo-wordpress\/ -->\n<title>Farbtherapie - Biopietra<\/title>\n<meta name=\"robots\" content=\"index, follow, max-snippet:-1, max-image-preview:large, max-video-preview:-1\" \/>\n<link rel=\"canonical\" href=\"https:\/\/biopietra.com\/de\/company-2\/vorteile-endverbraucher\/farbtherapie\/\" \/>\n<meta property=\"og:locale\" content=\"de_DE\" \/>\n<meta property=\"og:type\" content=\"article\" \/>\n<meta property=\"og:title\" content=\"Farbtherapie - Biopietra\" \/>\n<meta property=\"og:description\" content=\"&nbsp;\" \/>\n<meta property=\"og:url\" content=\"https:\/\/biopietra.com\/de\/company-2\/vorteile-endverbraucher\/farbtherapie\/\" \/>\n<meta property=\"og:site_name\" content=\"Biopietra\" \/>\n<meta property=\"article:modified_time\" content=\"2018-05-16T08:19:04+00:00\" \/>\n<meta property=\"og:image\" content=\"http:\/\/biopietra.com\/wp-content\/uploads\/2018\/05\/come-attiva-effetto-luminance1-300x127.jpg\" \/>\n<meta name=\"twitter:card\" content=\"summary_large_image\" \/>\n<meta name=\"twitter:label1\" content=\"Gesch\u00e4tzte Lesezeit\" \/>\n\t<meta name=\"twitter:data1\" content=\"2\u00a0Minuten\" \/>\n<script type=\"application\/ld+json\" class=\"yoast-schema-graph\">{\"@context\":\"https:\\\/\\\/schema.org\",\"@graph\":[{\"@type\":\"WebPage\",\"@id\":\"https:\\\/\\\/biopietra.com\\\/de\\\/company-2\\\/vorteile-endverbraucher\\\/farbtherapie\\\/\",\"url\":\"https:\\\/\\\/biopietra.com\\\/de\\\/company-2\\\/vorteile-endverbraucher\\\/farbtherapie\\\/\",\"name\":\"Farbtherapie - Biopietra\",\"isPartOf\":{\"@id\":\"https:\\\/\\\/biopietra.com\\\/#website\"},\"primaryImageOfPage\":{\"@id\":\"https:\\\/\\\/biopietra.com\\\/de\\\/company-2\\\/vorteile-endverbraucher\\\/farbtherapie\\\/#primaryimage\"},\"image\":{\"@id\":\"https:\\\/\\\/biopietra.com\\\/de\\\/company-2\\\/vorteile-endverbraucher\\\/farbtherapie\\\/#primaryimage\"},\"thumbnailUrl\":\"http:\\\/\\\/biopietra.com\\\/wp-content\\\/uploads\\\/2018\\\/05\\\/come-attiva-effetto-luminance1-300x127.jpg\",\"datePublished\":\"2018-05-16T06:54:46+00:00\",\"dateModified\":\"2018-05-16T08:19:04+00:00\",\"breadcrumb\":{\"@id\":\"https:\\\/\\\/biopietra.com\\\/de\\\/company-2\\\/vorteile-endverbraucher\\\/farbtherapie\\\/#breadcrumb\"},\"inLanguage\":\"de\",\"potentialAction\":[{\"@type\":\"ReadAction\",\"target\":[\"https:\\\/\\\/biopietra.com\\\/de\\\/company-2\\\/vorteile-endverbraucher\\\/farbtherapie\\\/\"]}]},{\"@type\":\"ImageObject\",\"inLanguage\":\"de\",\"@id\":\"https:\\\/\\\/biopietra.com\\\/de\\\/company-2\\\/vorteile-endverbraucher\\\/farbtherapie\\\/#primaryimage\",\"url\":\"http:\\\/\\\/biopietra.com\\\/wp-content\\\/uploads\\\/2018\\\/05\\\/come-attiva-effetto-luminance1-300x127.jpg\",\"contentUrl\":\"http:\\\/\\\/biopietra.com\\\/wp-content\\\/uploads\\\/2018\\\/05\\\/come-attiva-effetto-luminance1-300x127.jpg\"},{\"@type\":\"BreadcrumbList\",\"@id\":\"https:\\\/\\\/biopietra.com\\\/de\\\/company-2\\\/vorteile-endverbraucher\\\/farbtherapie\\\/#breadcrumb\",\"itemListElement\":[{\"@type\":\"ListItem\",\"position\":1,\"name\":\"Home\",\"item\":\"https:\\\/\\\/biopietra.com\\\/de\\\/\"},{\"@type\":\"ListItem\",\"position\":2,\"name\":\"Unternehmen\",\"item\":\"https:\\\/\\\/biopietra.com\\\/de\\\/company-2\\\/\"},{\"@type\":\"ListItem\",\"position\":3,\"name\":\"Vorteile und Leistungen\",\"item\":\"https:\\\/\\\/biopietra.com\\\/de\\\/company-2\\\/vorteile-endverbraucher\\\/\"},{\"@type\":\"ListItem\",\"position\":4,\"name\":\"Farbtherapie\"}]},{\"@type\":\"WebSite\",\"@id\":\"https:\\\/\\\/biopietra.com\\\/#website\",\"url\":\"https:\\\/\\\/biopietra.com\\\/\",\"name\":\"Biopietra\",\"description\":\"The Green Stone Industry\",\"potentialAction\":[{\"@type\":\"SearchAction\",\"target\":{\"@type\":\"EntryPoint\",\"urlTemplate\":\"https:\\\/\\\/biopietra.com\\\/?s={search_term_string}\"},\"query-input\":{\"@type\":\"PropertyValueSpecification\",\"valueRequired\":true,\"valueName\":\"search_term_string\"}}],\"inLanguage\":\"de\"}]}<\/script>\n<!-- \/ Yoast SEO plugin. -->","yoast_head_json":{"title":"Farbtherapie - Biopietra","robots":{"index":"index","follow":"follow","max-snippet":"max-snippet:-1","max-image-preview":"max-image-preview:large","max-video-preview":"max-video-preview:-1"},"canonical":"https:\/\/biopietra.com\/de\/company-2\/vorteile-endverbraucher\/farbtherapie\/","og_locale":"de_DE","og_type":"article","og_title":"Farbtherapie - Biopietra","og_description":"&nbsp;","og_url":"https:\/\/biopietra.com\/de\/company-2\/vorteile-endverbraucher\/farbtherapie\/","og_site_name":"Biopietra","article_modified_time":"2018-05-16T08:19:04+00:00","og_image":[{"url":"http:\/\/biopietra.com\/wp-content\/uploads\/2018\/05\/come-attiva-effetto-luminance1-300x127.jpg","type":"","width":"","height":""}],"twitter_card":"summary_large_image","twitter_misc":{"Gesch\u00e4tzte Lesezeit":"2\u00a0Minuten"},"schema":{"@context":"https:\/\/schema.org","@graph":[{"@type":"WebPage","@id":"https:\/\/biopietra.com\/de\/company-2\/vorteile-endverbraucher\/farbtherapie\/","url":"https:\/\/biopietra.com\/de\/company-2\/vorteile-endverbraucher\/farbtherapie\/","name":"Farbtherapie - Biopietra","isPartOf":{"@id":"https:\/\/biopietra.com\/#website"},"primaryImageOfPage":{"@id":"https:\/\/biopietra.com\/de\/company-2\/vorteile-endverbraucher\/farbtherapie\/#primaryimage"},"image":{"@id":"https:\/\/biopietra.com\/de\/company-2\/vorteile-endverbraucher\/farbtherapie\/#primaryimage"},"thumbnailUrl":"http:\/\/biopietra.com\/wp-content\/uploads\/2018\/05\/come-attiva-effetto-luminance1-300x127.jpg","datePublished":"2018-05-16T06:54:46+00:00","dateModified":"2018-05-16T08:19:04+00:00","breadcrumb":{"@id":"https:\/\/biopietra.com\/de\/company-2\/vorteile-endverbraucher\/farbtherapie\/#breadcrumb"},"inLanguage":"de","potentialAction":[{"@type":"ReadAction","target":["https:\/\/biopietra.com\/de\/company-2\/vorteile-endverbraucher\/farbtherapie\/"]}]},{"@type":"ImageObject","inLanguage":"de","@id":"https:\/\/biopietra.com\/de\/company-2\/vorteile-endverbraucher\/farbtherapie\/#primaryimage","url":"http:\/\/biopietra.com\/wp-content\/uploads\/2018\/05\/come-attiva-effetto-luminance1-300x127.jpg","contentUrl":"http:\/\/biopietra.com\/wp-content\/uploads\/2018\/05\/come-attiva-effetto-luminance1-300x127.jpg"},{"@type":"BreadcrumbList","@id":"https:\/\/biopietra.com\/de\/company-2\/vorteile-endverbraucher\/farbtherapie\/#breadcrumb","itemListElement":[{"@type":"ListItem","position":1,"name":"Home","item":"https:\/\/biopietra.com\/de\/"},{"@type":"ListItem","position":2,"name":"Unternehmen","item":"https:\/\/biopietra.com\/de\/company-2\/"},{"@type":"ListItem","position":3,"name":"Vorteile und Leistungen","item":"https:\/\/biopietra.com\/de\/company-2\/vorteile-endverbraucher\/"},{"@type":"ListItem","position":4,"name":"Farbtherapie"}]},{"@type":"WebSite","@id":"https:\/\/biopietra.com\/#website","url":"https:\/\/biopietra.com\/","name":"Biopietra","description":"The Green Stone Industry","potentialAction":[{"@type":"SearchAction","target":{"@type":"EntryPoint","urlTemplate":"https:\/\/biopietra.com\/?s={search_term_string}"},"query-input":{"@type":"PropertyValueSpecification","valueRequired":true,"valueName":"search_term_string"}}],"inLanguage":"de"}]}},"_links":{"self":[{"href":"https:\/\/biopietra.com\/de\/wp-json\/wp\/v2\/pages\/9554\/"}],"collection":[{"href":"https:\/\/biopietra.com\/de\/wp-json\/wp\/v2\/pages\/"}],"about":[{"href":"https:\/\/biopietra.com\/de\/wp-json\/wp\/v2\/types\/page\/"}],"author":[{"embeddable":true,"href":"https:\/\/biopietra.com\/de\/wp-json\/wp\/v2\/users\/6\/"}],"replies":[{"embeddable":true,"href":"https:\/\/biopietra.com\/de\/wp-json\/wp\/v2\/comments\/?post=9554"}],"version-history":[{"count":9,"href":"https:\/\/biopietra.com\/de\/wp-json\/wp\/v2\/pages\/9554\/revisions\/"}],"predecessor-version":[{"id":9584,"href":"https:\/\/biopietra.com\/de\/wp-json\/wp\/v2\/pages\/9554\/revisions\/9584\/"}],"up":[{"embeddable":true,"href":"https:\/\/biopietra.com\/de\/wp-json\/wp\/v2\/pages\/8786\/"}],"wp:attachment":[{"href":"https:\/\/biopietra.com\/de\/wp-json\/wp\/v2\/media\/?parent=9554"}],"curies":[{"name":"wp","href":"https:\/\/api.w.org\/{rel}","templated":true}]}}