{"id":9652,"date":"2018-05-09T12:17:19","date_gmt":"2018-05-09T10:17:19","guid":{"rendered":"http:\/\/biopietra.com\/bioarchitecture\/pareti-in-pietra\/"},"modified":"2023-05-09T09:31:50","modified_gmt":"2023-05-09T07:31:50","slug":"die-waende-aus-stei","status":"publish","type":"page","link":"https:\/\/biopietra.com\/de\/bioarchitecture\/die-waende-aus-stei\/","title":{"rendered":"Vom Naturstein zum \u00f6kologischen Stein"},"content":{"rendered":"<div class=\"row mt-25\"><div class=\"col-md-4\"><h4 class=\"text-right green text-uppercase\"><span>DIE W\u00c4NDE AUS STEIN: RAFFINESSE, DIE NIEMALS AUS DER MODE GEH<\/span><\/h4><hr><\/div><div class=\"col-md-8\">\n<p>&nbsp;<\/p>\n<p><strong>Der Stein<\/strong>, ein nat\u00fcrliches Material mit zeitlosem Charme, welches unz\u00e4hlig viele Farben und Schattierungen aufweist, die sich f\u00fcr jede Art von Architektur eignen. Seit immer wurde dieser als Verkleidung von Au\u00dfenbereichen von Bergh\u00e4usern verwendet; in den letzten Jahren hat sich der Stein auch in zeitgen\u00f6ssischen Ambiente mit geometrischen Formen und Innenverkleidungen in wei\u00dfer Farbe, die f\u00fcr Helligkeit und Modernit\u00e4t sorgen, durchgesetzt.<\/p>\n<p>Eine elegante und originelle Auswahl f\u00fcr die Wohnausstattung, mit der Sie, dank den nat\u00fcrlichen Formen des Steins, seiner exklusiven \u00c4sthetik sowie dem Gef\u00fchl von W\u00e4rme und Gastfreundschaft, jeden Raum individuell gestalten k\u00f6nnen. Ob glatt oder rau, por\u00f6s oder gl\u00e4nzend, der Stein ist immer angesagt und leicht in jeden Kontext einzuf\u00fcgen, sowie ein angenehmer Bezug zur Natur mit ihren einzigartigen Eigenschaften.<\/p>\n<p>Die mit Stein verkleideten W\u00e4nde k\u00f6nnen daher sowohl eine dekorative Funktion erf\u00fcllen, wie zum Beispiel die Aufwertung eines anonymen Korridors, als auch als Element bez. Schutz und Sicherheit in unserem Haus Einsatz finden.<\/p>\n<p>Nicht mehr nur einfache Trennw\u00e4nde, sondern W\u00e4nde, die auf neue Grenzen ausgerichtet sind und sich mit den verschiedensten Materialien, Farben und Strukturen bekleiden, um das Haus warm und behaglich zu gestalten.<\/p>\n<p><span><strong><\/strong><\/span><\/p>\n<p><span data-ccp-props=\"{&quot;201341983&quot;:0,&quot;335559739&quot;:160,&quot;335559740&quot;:259}\"><\/div><\/div><\/span><\/p>\n<div class=\"row mt-25\"><div class=\"col-md-4\"><h4 class=\"text-right green text-uppercase\"><span>WAS IST REKONSTRUIERTER STEIN<\/span> <\/h4><hr><\/div><div class=\"col-md-8\">\n<p>&nbsp;<\/p>\n<p>Der rekonstruierte Stein ist ein k\u00fcnstlicher Stein oder ein neu zusammengesetztes Material, <strong>welches das nat\u00fcrliche Aussehen der Steine getreu wiedergibt. Es ist daher ein &#8222;gef\u00e4lschter&#8220;, aber \u00e4sthetisch perfekter Stein mit den Vorteilen von rekonstruiertem Stein.<\/strong><\/p>\n<p><strong>Eine der Hauptst\u00e4rken dieses Materials, sind die geringe St\u00e4rke und das reduzierte Gewicht: der rekonstruierte Stein ist ein leichteres Material, welches in Bezug zu Naturstein einfacher zu verlegen ist.<\/strong><\/p>\n<p>Es kann auch in verschiedenen Ambiente, im Innen- sowie Au\u00dfenbereich und auf verschiedenen Oberfl\u00e4chen wie Stahlbetonw\u00e4nden, Beton, Gipskartonplatten, M\u00e4nteln, Holzw\u00e4nden u.v.a.m. verlegt werden, wie auch auf Oberfl\u00e4chen, wo es normalerweise schwierig ist, Naturstein zu verlegen.<\/p>\n<p>Diese Art von Kunststein wird nach dem Verfahren, mit dem er erhalten wird, als rekonstruiert bezeichnet: ausgehend von spezifischen und ausgew\u00e4hlten Rohstoffen, die aus der Verarbeitung von Naturprodukten stammen, wird eine Mischung entwickelt, die in Formen aus echten Natursteinen gegossen wird, was eine getreue Wiedergabe nat\u00fcrlicher Formen erm\u00f6glicht.<\/p>\n<\/div><\/div>\n<div class=\"row mt-25\"><div class=\"col-md-4\"><h4 class=\"text-right green text-uppercase\"><span>IST DER REKONSTRUIERTE STEIN \u00d6KOLOGISCH?<\/span><\/h4><hr><\/div><div class=\"col-md-8\">\n<p><strong>Nicht immer!<\/strong><\/p>\n<p><strong>Nicht alle rekonstruierten Steinprodukte sind umweltfreundliche Materialien<\/strong>. Oft wird der Begriff &#8222;\u00f6kologisch&#8220; mit Naturprodukten assoziiert, wobei das aber ist nicht der Fall ist. Es mag ein Widerspruch sein, aber der Begriff &#8222;\u00f6kologisch&#8220; bezieht sich auf all jene Materialien, welche die die Umwelt nicht sch\u00e4digen oder entstellen sowie die menschliche Gesundheit gef\u00e4hrden.<\/p>\n<p>Naturstein ist kein \u00f6kologisches Produkt (da seine Gewinnung die Umwelt entstellt), wie andere zusammengesetzte Produkte, die \u00fcberhaupt keine Zertifizierung haben: au\u00dferdem kann es die Emission von Radon Gas oder fl\u00fcchtigen organischen Verbindungen (VOCs) haben.<\/p>\n<p><strong>Die gute Nachricht ist<\/strong>, dass einige dieser nat\u00fcrlichen Materialien wiedergewonnen und f\u00fcr die Herstellung von Biopietra verwendet werden k\u00f6nnen. Zu den gebr\u00e4uchlichsten geh\u00f6ren die Abfallprodukte der Marmor- oder Porphyrverarbeitung, welche f\u00fcr die Herstellung <strong>von rekonstruierten Materialien mit ausgezeichneten technischen Eigenschaften n\u00fctzlich sind<\/strong>.<\/p>\n<p><strong><\/strong><\/p>\n<p><span data-ccp-props=\"{&quot;201341983&quot;:0,&quot;335559739&quot;:160,&quot;335559740&quot;:259}\"><\/div><\/div>\u00a0<\/span><\/p>\n<p>&nbsp;<\/p>\n<div class=\"row mt-25\"><div class=\"col-md-4\"><h4 class=\"text-right green text-uppercase\">BIOPIETRA IST EIN EINZIGARTIGER STEIN IN SEINER ART!<\/h4><hr><\/div><div class=\"col-md-8\">\n<p><strong>In der Tat ist Biopietra der einzige \u00f6kologische Stein, der f\u00fcr gr\u00fcnes Bauen zertifiziert wurde und vollst\u00e4ndig Made in Italy ist!<\/strong><\/p>\n<p>Hier wird in drei Punkten erkl\u00e4rt, was Biopietra anders und besser als alle anderen macht, sowie eine Liste der technischen Vorteile, die Sie im n\u00e4chsten Abschnitt oder auf der <a href=\"http:\/\/biopietra.com\/de\/company\/vorteile-endverbraucher\/\">eigens gewidmeten Seite finden k\u00f6nnen:<\/a><\/p>\n<p>&#8211; alle Biopietra-Produkte sind von extern <a href=\"http:\/\/biopietra.com\/de\/zertifizierungen\/\">akkreditierten <\/a>Stellen (<a href=\"http:\/\/www.anab.it\/\">ANAB<\/a>, <a href=\"http:\/\/icea.bio\/?lang=en\">ICEA<\/a>) zertifiziert und beschr\u00e4nken sich nicht darauf, \u201esich selbst zu deklarieren\u201c, ohne nachweisbare Beweise zu liefern. Biopietra wird sehr wohl aus Materialien realisiert, die vom Naturstein stammen, dennoch kommen diese aus vorhergehenden Bearbeitungsvorg\u00e4nge des Natursteins.\u00a0Externe Stellen \u00fcberpr\u00fcfen regelm\u00e4\u00dfig die von Biopietra verwendeten Materialien, um die Richtigkeit des Deklarierten zu best\u00e4tigen und so jegliche Form der \u201eEigenerkl\u00e4rung&#8220; zu vermeiden.<\/p>\n<p>&#8211; Die Verwendung von Zement als Bindemittel wird entsprechend den Einschr\u00e4nkungen erlaubt, die es erlauben, dass das Material zertifiziert wird;<\/p>\n<p>&#8211; Wesentliche und wichtigste Voraussetzung: um zertifizierte Produkte herzustellen, d\u00fcrfen in der Mischung keine chemischen Produkte oder Derivate verwendet werden.<\/p>\n<p>&#8211; Ebenso erfolgt die Einf\u00e4rbung nicht durch chemische Farben oder &#8222;Pinselstriche&#8220; auf der Oberfl\u00e4che, sondern durch den <strong>Massenf\u00e4rbungsprozess<\/strong>, der die Unver\u00e4nderbarkeit der Farbe gegen\u00fcber Witterungseinfl\u00fcssen und den Zeitablauf garantiert; ein zertifiziertes Verfahren laut den Normen der biologischen Architektur.<\/p>\n<p>Dieser Aspekt ist wirklich sehr wichtig und garantiert, dass die Produkte zu 100% \u00f6kologisch sind und dass sie die Gesundheit des Menschen und unseres Planeten nicht gef\u00e4hrden.<\/p>\n<p>Biopietra produziert zertifizierte Materialien f\u00fcr biologische Architektur, welche seit immer umweltfreundlich und nicht gesundheitssch\u00e4dlich sind. H\u00fcten Sie sich vor falschen Aussagen, die nicht durch Zertifikate von akkreditierten Institutionen unterst\u00fctzt werden und durch einfache Recherchen in der im Internet oder direkt auf unserer <a href=\"http:\/\/biopietra.com\/de\/zertifizierungen\/\">Zertifizierungsseite nachpr\u00fcfbar<\/a> sind.<\/p>\n<p><strong><\/strong><\/p>\n<p><span data-ccp-props=\"{&quot;201341983&quot;:0,&quot;335559739&quot;:160,&quot;335559740&quot;:259}\"><\/span><span data-ccp-props=\"{&quot;201341983&quot;:0,&quot;335559739&quot;:160,&quot;335559740&quot;:259}\"><\/div><\/div>\u00a0<\/span><\/p>\n<p>&nbsp;<\/p>\n<div class=\"row mt-25\"><div class=\"col-md-4\"><h4 class=\"text-right green text-uppercase\"><span>EIN WAHRHAFTIGES \u00d6KOLOGISCHES GEWISSEN<\/span><\/h4><hr><\/div><div class=\"col-md-8\">\n<p><span>Biopietra macht genau diesen Lebensstil, der die Notwendigkeit hervorbringt, in gesunden und komfortablen Geb\u00e4uden zu leben und zu arbeiten, eigen. <strong>Als Konsequenz bevorzugt man bei architektonischen Entscheidungen erneuerbare Materialien, um Geb\u00e4ude in perfekter Integration mit der Umwelt zu schaffen<\/strong>. <\/span><\/p>\n<p><span>Wenn wir das Konzept der <a href=\"http:\/\/biopietra.com\/de\/bioarchitecture\/\">Bio-Architektur<\/a> einf\u00fchren, <strong>sprechen wir daher von Selbstpr\u00e4vention und Umweltschutz<\/strong>. Im Allgemeinen wird das Geb\u00e4ude so gestaltet, dass es Wohlbefinden bietet, inspiriert durch die rationelle und effiziente Nutzung alternativer Energiequellen und durch den Einsatz von unbehandelten, wiederverwertbaren und recycelbaren Materialien, die vor Ort zur Verf\u00fcgung stehen.<\/span><\/p>\n<p><span><\/span><\/p>\n<p><span data-ccp-props=\"{&quot;201341983&quot;:0,&quot;335559739&quot;:160,&quot;335559740&quot;:259}\"><\/div><\/div><\/span><\/p>\n<p>&nbsp;<\/p>\n<div class=\"row mt-25\"><div class=\"col-md-4\"><h4 class=\"text-right green text-uppercase\"><span>EINIGE DER TECHNISCHEN VORTEILE VON BIOPIETRA<\/span><\/h4><hr><\/div><div class=\"col-md-8\">\n<p>&nbsp;<\/p>\n<p><strong>Biopietra hat einzigartige Eigenschaften.<\/strong><\/p>\n<p>Alle <a href=\"http:\/\/biopietra.com\/de\/produkte\/\">Biopietra-Artikel<\/a> werden in Italien entworfen und hergestellt und sind ein dekoratives Produkt, das in der Lage ist, jedes Ambiente zu verbessern: K\u00fcchen und Wohnzimmer, Schlafzimmer und Au\u00dfenw\u00e4nde, bis hin zur Renovierung und Restaurierung alter Mauern. Aber auch Restaurants, Gesch\u00e4fte, Wellness-Center sowie ma\u00dfgeschneiderte L\u00f6sungen f\u00fcr <a href=\"http:\/\/biopietra.com\/de\/projekt\/\">originelle Projekte<\/a>.<\/p>\n<p>Eine der wichtigsten Eigenschaften ist sicherlich seine geringe St\u00e4rke.<\/p>\n<p>Im Gegensatz zu anderen Materialien, die f\u00fcr Beschichtungen verwendet werden (z. B. Gips), sind Biopietra-Produkte nicht br\u00f6ckelig und zerbrechen nicht, da es sich um hochwertige zementbasierte Produkte handelt. Es ist daher ein \u00e4u\u00dferst widerstandsf\u00e4higes Material sowohl gegen St\u00f6\u00dfe als auch gegen Witterungseinfl\u00fcsse wie Frost &#8211; 100 Gefrier- und Auftauzyklen gem\u00e4\u00df der Norm UNI EN ISO &#8211; und Sonnenstrahlen, welches die Farbbest\u00e4ndigkeit im Laufe der Zeit gew\u00e4hrleistet.<\/p>\n<p>Diese Eigenschaften machen Biopietra-Beschichtungen, haupts\u00e4chlich wenn sie mit Biofin behandelt werden, ideal f\u00fcr Au\u00dfenbereiche in denen die Luft einen hohen Salzgehalt hat, (z. B. in K\u00fcstengebieten), aber auch in Gebieten, in denen die Luft aufgrund von Smog stark verschmutzt ist, wie es besonders in St\u00e4dten der Fall ist.<\/p>\n<p>Biopietra ist perfekt f\u00fcr langfristige Projekte im Innen- und Au\u00dfenbereich geeignet: das geringe Gewicht, die einfache Reinigung und die schnelle Verlegung, machen es zu einem idealen Produkt f\u00fcr die Selbstverlegung, welches auf der gesamten Welt versendet werden kann. Die Produktion von 90 \u00b0 -Eckst\u00fccken, die w\u00e4hrend des Produktionsprozesses perfekt geschnitten werden und in verschiedenen Gr\u00f6\u00dfen erh\u00e4ltlich sind, vereinfacht die Verlegung des Produkts weiter.<\/p>\n<p>Die Produkte von Biopietra sind au\u00dferdem feuerbest\u00e4ndig (Klasse A1), f\u00f6rdern die Schalld\u00e4mmung und sind hoch atmungsaktiv (\u03bc=20). Das bedeutet, dass die Abwesenheit von Schimmel und Allergenen sowie der Schutz vor Feuchtigkeit gew\u00e4hrleistet sind, dank auch der spezifischen Schutzbehandlung mit BIOFIN.<\/p>\n<p>Dies macht Biopietra zu einem hygienischen und vollkommen gesunden Material, ideal f\u00fcr jeden Raum im Haus: die Abwesenheit von VOC (Volatile Organic Compounds), <a href=\"http:\/\/biopietra.com\/de\/approfondimento-sul-radon\/\">Radongas<\/a> und anderen toxischen Substanzen wird aufgrund des Nichtvorhandensein von chemischen Harzen garantiert.<\/p>\n<p>Nehmen Sie Einsicht in der Seite bez. <a href=\"http:\/\/biopietra.com\/de\/technisches-bereich\/laborpruefungen\/\">Labortests<\/a><\/p>\n<p>Besuchen Sie auch die Seite zu den <a href=\"http:\/\/biopietra.com\/de\/company\/vorteile-endverbraucher\/\">Vorteilen von Biopietra und den Vorteilen f\u00fcr den Kunden<\/a><\/p>\n<p>Es ist heute wichtig zu denken, dass jeder von uns get\u00e4tigte Kauf da Ambiente beeinflusst, in dem wir leben und arbeiten. Ein neues \u00f6kologisches Bewusstsein breitet sich in der ganzen Welt in Form einer erneuten Aufmerksamkeit bez. der Beziehung zwischen Mensch und Umwelt aus, in der die Gesundheit der ersteren perfekt in den Schutz der letzteren integriert ist.<\/p>\n<p>Die Wahl von Biopietra wiederspiegelt sich ein gesundes, garantiertes und <a href=\"http:\/\/biopietra.com\/de\/zertifizierungen\/\">zertifiziertes <\/a>Produkt, welches Ihre Wohnprojekte einzigartig macht.<\/p>\n<p>Biopietra bietet Beschichtungsl\u00f6sungen an, die mit umweltfreundlichen und umweltkompatiblen Materialien hergestellt werden und f\u00fcr biologische Architektur zertifiziert sind, um das Haus im Respekt f\u00fcr das Wohlbefinden der Umwelt und der Bewohner stilvoll zu gestalten.<\/p>\n<p>&nbsp;<\/p>\n<p><span data-ccp-props=\"{&quot;201341983&quot;:0,&quot;335559739&quot;:160,&quot;335559740&quot;:259}\">\u00a0<\/div><\/div><\/span><\/p>\n","protected":false},"excerpt":{"rendered":"<p>\u00a0 &nbsp; \u00a0 &nbsp; &nbsp;<\/p>\n","protected":false},"author":6,"featured_media":0,"parent":4512,"menu_order":74,"comment_status":"closed","ping_status":"closed","template":"template-page-custom.php","meta":{"qubely_global_settings":"","qubely_interactions":"","rs_blank_template":"","rs_page_bg_color":"","slide_template_v7":"","rop_custom_images_group":[],"rop_custom_messages_group":[],"rop_publish_now":"initial","rop_publish_now_accounts":{"facebook_4317419521910128_433253626703258":""},"rop_publish_now_history":[],"rop_publish_now_status":"pending","footnotes":""},"class_list":["post-9652","page","type-page","status-publish","hentry"],"yoast_head":"<!-- This site is optimized with the Yoast SEO plugin v27.4 - https:\/\/yoast.com\/product\/yoast-seo-wordpress\/ -->\n<title>Dalla pietra naturale alla pietra rigenerata<\/title>\n<meta name=\"description\" content=\"Scopri le pareti in pietra rigenerata Biopietra\u00ae: dalla pietra naturale alla pietra rigenerata. Design ecologico e versatilit\u00e0 per interni ed esterni.\" \/>\n<meta name=\"robots\" content=\"index, follow, max-snippet:-1, max-image-preview:large, max-video-preview:-1\" \/>\n<link rel=\"canonical\" href=\"https:\/\/biopietra.com\/bioarchitecture\/die-waende-aus-stei\/\" \/>\n<meta property=\"og:locale\" content=\"de_DE\" \/>\n<meta property=\"og:type\" content=\"article\" \/>\n<meta property=\"og:title\" content=\"Dalla pietra naturale alla pietra rigenerata\" \/>\n<meta property=\"og:description\" content=\"Scopri le pareti in pietra rigenerata Biopietra\u00ae: dalla pietra naturale alla pietra rigenerata. Design ecologico e versatilit\u00e0 per interni ed esterni.\" \/>\n<meta property=\"og:url\" content=\"https:\/\/biopietra.com\/bioarchitecture\/die-waende-aus-stei\/\" \/>\n<meta property=\"og:site_name\" content=\"Biopietra\" \/>\n<meta property=\"article:modified_time\" content=\"2023-05-09T07:31:50+00:00\" \/>\n<meta name=\"twitter:card\" content=\"summary_large_image\" \/>\n<meta name=\"twitter:label1\" content=\"Gesch\u00e4tzte Lesezeit\" \/>\n\t<meta name=\"twitter:data1\" content=\"7\u00a0Minuten\" \/>\n<script type=\"application\/ld+json\" class=\"yoast-schema-graph\">{\"@context\":\"https:\\\/\\\/schema.org\",\"@graph\":[{\"@type\":\"WebPage\",\"@id\":\"https:\\\/\\\/biopietra.com\\\/bioarchitecture\\\/die-waende-aus-stei\\\/\",\"url\":\"https:\\\/\\\/biopietra.com\\\/bioarchitecture\\\/die-waende-aus-stei\\\/\",\"name\":\"Dalla pietra naturale alla pietra rigenerata\",\"isPartOf\":{\"@id\":\"https:\\\/\\\/biopietra.com\\\/#website\"},\"datePublished\":\"2018-05-09T10:17:19+00:00\",\"dateModified\":\"2023-05-09T07:31:50+00:00\",\"description\":\"Scopri le pareti in pietra rigenerata Biopietra\u00ae: dalla pietra naturale alla pietra rigenerata. Design ecologico e versatilit\u00e0 per interni ed esterni.\",\"breadcrumb\":{\"@id\":\"https:\\\/\\\/biopietra.com\\\/bioarchitecture\\\/die-waende-aus-stei\\\/#breadcrumb\"},\"inLanguage\":\"de\",\"potentialAction\":[{\"@type\":\"ReadAction\",\"target\":[\"https:\\\/\\\/biopietra.com\\\/bioarchitecture\\\/die-waende-aus-stei\\\/\"]}]},{\"@type\":\"BreadcrumbList\",\"@id\":\"https:\\\/\\\/biopietra.com\\\/bioarchitecture\\\/die-waende-aus-stei\\\/#breadcrumb\",\"itemListElement\":[{\"@type\":\"ListItem\",\"position\":1,\"name\":\"Home\",\"item\":\"https:\\\/\\\/biopietra.com\\\/de\\\/\"},{\"@type\":\"ListItem\",\"position\":2,\"name\":\"Bio Architektur\",\"item\":\"https:\\\/\\\/biopietra.com\\\/de\\\/bioarchitecture\\\/\"},{\"@type\":\"ListItem\",\"position\":3,\"name\":\"Vom Naturstein zum \u00f6kologischen Stein\"}]},{\"@type\":\"WebSite\",\"@id\":\"https:\\\/\\\/biopietra.com\\\/#website\",\"url\":\"https:\\\/\\\/biopietra.com\\\/\",\"name\":\"Biopietra\",\"description\":\"The Green Stone Industry\",\"potentialAction\":[{\"@type\":\"SearchAction\",\"target\":{\"@type\":\"EntryPoint\",\"urlTemplate\":\"https:\\\/\\\/biopietra.com\\\/?s={search_term_string}\"},\"query-input\":{\"@type\":\"PropertyValueSpecification\",\"valueRequired\":true,\"valueName\":\"search_term_string\"}}],\"inLanguage\":\"de\"}]}<\/script>\n<!-- \/ Yoast SEO plugin. -->","yoast_head_json":{"title":"Dalla pietra naturale alla pietra rigenerata","description":"Scopri le pareti in pietra rigenerata Biopietra\u00ae: dalla pietra naturale alla pietra rigenerata. Design ecologico e versatilit\u00e0 per interni ed esterni.","robots":{"index":"index","follow":"follow","max-snippet":"max-snippet:-1","max-image-preview":"max-image-preview:large","max-video-preview":"max-video-preview:-1"},"canonical":"https:\/\/biopietra.com\/bioarchitecture\/die-waende-aus-stei\/","og_locale":"de_DE","og_type":"article","og_title":"Dalla pietra naturale alla pietra rigenerata","og_description":"Scopri le pareti in pietra rigenerata Biopietra\u00ae: dalla pietra naturale alla pietra rigenerata. Design ecologico e versatilit\u00e0 per interni ed esterni.","og_url":"https:\/\/biopietra.com\/bioarchitecture\/die-waende-aus-stei\/","og_site_name":"Biopietra","article_modified_time":"2023-05-09T07:31:50+00:00","twitter_card":"summary_large_image","twitter_misc":{"Gesch\u00e4tzte Lesezeit":"7\u00a0Minuten"},"schema":{"@context":"https:\/\/schema.org","@graph":[{"@type":"WebPage","@id":"https:\/\/biopietra.com\/bioarchitecture\/die-waende-aus-stei\/","url":"https:\/\/biopietra.com\/bioarchitecture\/die-waende-aus-stei\/","name":"Dalla pietra naturale alla pietra rigenerata","isPartOf":{"@id":"https:\/\/biopietra.com\/#website"},"datePublished":"2018-05-09T10:17:19+00:00","dateModified":"2023-05-09T07:31:50+00:00","description":"Scopri le pareti in pietra rigenerata Biopietra\u00ae: dalla pietra naturale alla pietra rigenerata. Design ecologico e versatilit\u00e0 per interni ed esterni.","breadcrumb":{"@id":"https:\/\/biopietra.com\/bioarchitecture\/die-waende-aus-stei\/#breadcrumb"},"inLanguage":"de","potentialAction":[{"@type":"ReadAction","target":["https:\/\/biopietra.com\/bioarchitecture\/die-waende-aus-stei\/"]}]},{"@type":"BreadcrumbList","@id":"https:\/\/biopietra.com\/bioarchitecture\/die-waende-aus-stei\/#breadcrumb","itemListElement":[{"@type":"ListItem","position":1,"name":"Home","item":"https:\/\/biopietra.com\/de\/"},{"@type":"ListItem","position":2,"name":"Bio Architektur","item":"https:\/\/biopietra.com\/de\/bioarchitecture\/"},{"@type":"ListItem","position":3,"name":"Vom Naturstein zum \u00f6kologischen Stein"}]},{"@type":"WebSite","@id":"https:\/\/biopietra.com\/#website","url":"https:\/\/biopietra.com\/","name":"Biopietra","description":"The Green Stone Industry","potentialAction":[{"@type":"SearchAction","target":{"@type":"EntryPoint","urlTemplate":"https:\/\/biopietra.com\/?s={search_term_string}"},"query-input":{"@type":"PropertyValueSpecification","valueRequired":true,"valueName":"search_term_string"}}],"inLanguage":"de"}]}},"_links":{"self":[{"href":"https:\/\/biopietra.com\/de\/wp-json\/wp\/v2\/pages\/9652","targetHints":{"allow":["GET"]}}],"collection":[{"href":"https:\/\/biopietra.com\/de\/wp-json\/wp\/v2\/pages"}],"about":[{"href":"https:\/\/biopietra.com\/de\/wp-json\/wp\/v2\/types\/page"}],"author":[{"embeddable":true,"href":"https:\/\/biopietra.com\/de\/wp-json\/wp\/v2\/users\/6"}],"replies":[{"embeddable":true,"href":"https:\/\/biopietra.com\/de\/wp-json\/wp\/v2\/comments?post=9652"}],"version-history":[{"count":4,"href":"https:\/\/biopietra.com\/de\/wp-json\/wp\/v2\/pages\/9652\/revisions"}],"predecessor-version":[{"id":23520,"href":"https:\/\/biopietra.com\/de\/wp-json\/wp\/v2\/pages\/9652\/revisions\/23520"}],"up":[{"embeddable":true,"href":"https:\/\/biopietra.com\/de\/wp-json\/wp\/v2\/pages\/4512"}],"wp:attachment":[{"href":"https:\/\/biopietra.com\/de\/wp-json\/wp\/v2\/media?parent=9652"}],"curies":[{"name":"wp","href":"https:\/\/api.w.org\/{rel}","templated":true}]}}