{"id":10103,"date":"2018-07-25T10:30:00","date_gmt":"2018-07-25T08:30:00","guid":{"rendered":"http:\/\/biopietra.com\/?page_id=10103\/"},"modified":"2018-07-25T10:30:00","modified_gmt":"2018-07-25T08:30:00","slug":"sitemap","status":"publish","type":"page","link":"https:\/\/biopietra.com\/fr\/sitemap\/","title":{"rendered":"Sitemap"},"content":{"rendered":"<table style=\"font-weight: 400;\" width=\"1365\" height=\"685\">\n<tbody>\n<tr>\n<td>\n<ul>\n<li data-leveltext=\"\uf0b7\" data-font=\"Symbol\" data-listid=\"1\" aria-setsize=\"-1\" data-aria-posinset=\"1\" data-aria-level=\"1\"><a href=\"http:\/\/biopietra.com\/fr\/\"><b><span>Homepage<\/span><\/b><\/a><span data-ccp-props=\"{&quot;134233279&quot;:true,&quot;201341983&quot;:0,&quot;335559739&quot;:160,&quot;335559740&quot;:259}\">\u00a0<\/span><\/li>\n<\/ul>\n<p><span data-ccp-props=\"{&quot;201341983&quot;:0,&quot;335559685&quot;:360,&quot;335559739&quot;:160,&quot;335559740&quot;:259}\">\u00a0<\/span><\/p>\n<ul>\n<li data-leveltext=\"\uf0b7\" data-font=\"Symbol\" data-listid=\"1\" aria-setsize=\"-1\" data-aria-posinset=\"2\" data-aria-level=\"1\"><a href=\"http:\/\/biopietra.com\/fr\/company\/\"><b><span>Entreprise<\/span><\/b><\/a><span data-ccp-props=\"{&quot;134233279&quot;:true,&quot;201341983&quot;:0,&quot;335559739&quot;:160,&quot;335559740&quot;:259}\">\u00a0<\/span><\/li>\n<li data-leveltext=\"\uf0b7\" data-font=\"Symbol\" data-listid=\"1\" aria-setsize=\"-1\" data-aria-posinset=\"3\" data-aria-level=\"2\"><a href=\"http:\/\/biopietra.com\/fr\/company\/industria-4-0\/\"><b><span>Industri<\/span><\/b><b><span>e<\/span><\/b><b><span>\u00a04.0<\/span><\/b><\/a><span data-ccp-props=\"{&quot;134233279&quot;:true,&quot;201341983&quot;:0,&quot;335559739&quot;:160,&quot;335559740&quot;:259}\">\u00a0<\/span><\/li>\n<li data-leveltext=\"\uf0b7\" data-font=\"Symbol\" data-listid=\"1\" aria-setsize=\"-1\" data-aria-posinset=\"4\" data-aria-level=\"2\"><a href=\"http:\/\/biopietra.com\/fr\/packaging\/\"><b><span>Emballage<\/span><\/b><\/a><span data-ccp-props=\"{&quot;134233279&quot;:true,&quot;201341983&quot;:0,&quot;335559739&quot;:160,&quot;335559740&quot;:259}\">\u00a0<\/span><\/li>\n<li data-leveltext=\"\uf0b7\" data-font=\"Symbol\" data-listid=\"1\" aria-setsize=\"-1\" data-aria-posinset=\"5\" data-aria-level=\"2\"><a href=\"http:\/\/biopietra.com\/fr\/logistics\/\"><b><span>Logisti<\/span><\/b><b><span>que<\/span><\/b><\/a><span data-ccp-props=\"{&quot;134233279&quot;:true,&quot;201341983&quot;:0,&quot;335559739&quot;:160,&quot;335559740&quot;:259}\">\u00a0<\/span><\/li>\n<li data-leveltext=\"\uf0b7\" data-font=\"Symbol\" data-listid=\"1\" aria-setsize=\"-1\" data-aria-posinset=\"6\" data-aria-level=\"2\"><a href=\"http:\/\/biopietra.com\/fr\/company\/avantages-benefices-biopietra\/\"><b><span>Avantages et b\u00e9n\u00e9fices de<\/span><\/b><b><span>\u00a0Biopietra<\/span><\/b><\/a><span data-ccp-props=\"{&quot;134233279&quot;:true,&quot;201341983&quot;:0,&quot;335559739&quot;:160,&quot;335559740&quot;:259}\">\u00a0<\/span><\/li>\n<\/ul>\n<p><span data-ccp-props=\"{&quot;201341983&quot;:0,&quot;335559685&quot;:360,&quot;335559739&quot;:160,&quot;335559740&quot;:259}\">\u00a0<\/span><\/p>\n<ul>\n<li data-leveltext=\"\uf0b7\" data-font=\"Symbol\" data-listid=\"1\" aria-setsize=\"-1\" data-aria-posinset=\"7\" data-aria-level=\"1\"><a href=\"http:\/\/biopietra.com\/fr\/produit\/\"><b><span>Prod<\/span><\/b><b><span>uit<\/span><\/b><\/a><span data-ccp-props=\"{&quot;134233279&quot;:true,&quot;201341983&quot;:0,&quot;335559739&quot;:160,&quot;335559740&quot;:259}\">\u00a0<\/span><\/li>\n<li data-leveltext=\"\uf0b7\" data-font=\"Symbol\" data-listid=\"1\" aria-setsize=\"-1\" data-aria-posinset=\"8\" data-aria-level=\"2\"><a href=\"http:\/\/biopietra.com\/fr\/tipologia-prodotto\/rivestimenti-tradizionali-in-pietra-fr\/\"><b><span>R<\/span><\/b><b><span>ev\u00eatements Traditionnels en Pierre\u00a0<\/span><\/b><\/a><span data-ccp-props=\"{&quot;134233279&quot;:true,&quot;201341983&quot;:0,&quot;335559739&quot;:160,&quot;335559740&quot;:259}\">\u00a0<\/span><\/li>\n<li data-leveltext=\"\uf0b7\" data-font=\"Symbol\" data-listid=\"1\" aria-setsize=\"-1\" data-aria-posinset=\"9\" data-aria-level=\"2\"><a href=\"http:\/\/biopietra.com\/fr\/tipologia-prodotto\/rivestimenti-linea-pietra-leggera-fr\/\"><b><span>R<\/span><\/b><b><span>ev\u00eatements Collection<\/span><\/b><b><span>\u00a0Pietra Leggera<\/span><\/b><\/a><span data-ccp-props=\"{&quot;134233279&quot;:true,&quot;201341983&quot;:0,&quot;335559739&quot;:160,&quot;335559740&quot;:259}\">\u00a0<\/span><\/li>\n<li data-leveltext=\"\uf0b7\" data-font=\"Symbol\" data-listid=\"1\" aria-setsize=\"-1\" data-aria-posinset=\"10\" data-aria-level=\"2\"><a href=\"http:\/\/biopietra.com\/fr\/tipologia-prodotto\/rivestimenti-innovativi-in-pietra-de\/\"><b><span>R<\/span><\/b><b><span>ev\u00eatements en Pierre Innovants<\/span><\/b><\/a><span data-ccp-props=\"{&quot;134233279&quot;:true,&quot;201341983&quot;:0,&quot;335559739&quot;:160,&quot;335559740&quot;:259}\">\u00a0<\/span><\/li>\n<li data-leveltext=\"\uf0b7\" data-font=\"Symbol\" data-listid=\"1\" aria-setsize=\"-1\" data-aria-posinset=\"11\" data-aria-level=\"2\"><a href=\"http:\/\/biopietra.com\/fr\/tipologia-prodotto\/rivestimenti-in-gres-porcellanato-fr\/\"><b><span>R<\/span><\/b><b><span>ev\u00eatements en Gr\u00e8s Porcelain\u00e9<\/span><\/b><\/a><span data-ccp-props=\"{&quot;134233279&quot;:true,&quot;201341983&quot;:0,&quot;335559739&quot;:160,&quot;335559740&quot;:259}\">\u00a0<\/span><\/li>\n<li data-leveltext=\"\uf0b7\" data-font=\"Symbol\" data-listid=\"1\" aria-setsize=\"-1\" data-aria-posinset=\"12\" data-aria-level=\"2\"><a href=\"http:\/\/biopietra.com\/fr\/tipologia-prodotto\/muretti-in-gres-porcellanato-fr\/\"><b><span>Muret<\/span><\/b><b><span>s en Gr\u00e8s Porcelain\u00e9<\/span><\/b><\/a><span data-ccp-props=\"{&quot;134233279&quot;:true,&quot;201341983&quot;:0,&quot;335559739&quot;:160,&quot;335559740&quot;:259}\">\u00a0<\/span><\/li>\n<li data-leveltext=\"\uf0b7\" data-font=\"Symbol\" data-listid=\"1\" aria-setsize=\"-1\" data-aria-posinset=\"13\" data-aria-level=\"2\"><a href=\"http:\/\/biopietra.com\/fr\/tipologia-prodotto\/pavimenti-in-gres-porcellanato-fr\/\"><b><span>Sols en Gr\u00e8s Porcelain\u00e9<\/span><\/b><\/a><span data-ccp-props=\"{&quot;134233279&quot;:true,&quot;201341983&quot;:0,&quot;335559739&quot;:160,&quot;335559740&quot;:259}\">\u00a0<\/span><\/li>\n<li data-leveltext=\"\uf0b7\" data-font=\"Symbol\" data-listid=\"1\" aria-setsize=\"-1\" data-aria-posinset=\"14\" data-aria-level=\"2\"><a href=\"http:\/\/biopietra.com\/fr\/angles-et-pieces-speciales\/\"><b><span>Ang<\/span><\/b><b><span>les et Pi\u00e8ces Speciales<\/span><\/b><\/a><span data-ccp-props=\"{&quot;134233279&quot;:true,&quot;201341983&quot;:0,&quot;335559739&quot;:160,&quot;335559740&quot;:259}\">\u00a0<\/span><\/li>\n<li data-leveltext=\"\uf0b7\" data-font=\"Symbol\" data-listid=\"1\" aria-setsize=\"-1\" data-aria-posinset=\"15\" data-aria-level=\"2\"><a href=\"http:\/\/biopietra.com\/fr\/accessoire\/\"><b><span>Accesso<\/span><\/b><b><span>ire<\/span><\/b><\/a><span data-ccp-props=\"{&quot;134233279&quot;:true,&quot;201341983&quot;:0,&quot;335559739&quot;:160,&quot;335559740&quot;:259}\">\u00a0<\/span><\/li>\n<\/ul>\n<p><span data-ccp-props=\"{&quot;201341983&quot;:0,&quot;335559685&quot;:360,&quot;335559739&quot;:160,&quot;335559740&quot;:259}\">\u00a0<\/span><\/p>\n<ul>\n<li data-leveltext=\"\uf0b7\" data-font=\"Symbol\" data-listid=\"1\" aria-setsize=\"-1\" data-aria-posinset=\"16\" data-aria-level=\"1\"><a href=\"http:\/\/biopietra.com\/fr\/certifications\/\"><b><span>Certifica<\/span><\/b><b><span>tions<\/span><\/b><\/a><span data-ccp-props=\"{&quot;134233279&quot;:true,&quot;201341983&quot;:0,&quot;335559739&quot;:160,&quot;335559740&quot;:259}\">\u00a0<\/span><\/li>\n<\/ul>\n<p><span data-ccp-props=\"{&quot;201341983&quot;:0,&quot;335559685&quot;:360,&quot;335559739&quot;:160,&quot;335559740&quot;:259}\">\u00a0<\/span><\/p>\n<ul>\n<li data-leveltext=\"\uf0b7\" data-font=\"Symbol\" data-listid=\"1\" aria-setsize=\"-1\" data-aria-posinset=\"17\" data-aria-level=\"1\"><a href=\"http:\/\/biopietra.com\/fr\/projet\/\"><b><span>Pro<\/span><\/b><b><span>ject<\/span><\/b><\/a><span data-ccp-props=\"{&quot;134233279&quot;:true,&quot;201341983&quot;:0,&quot;335559739&quot;:160,&quot;335559740&quot;:259}\">\u00a0<\/span><\/li>\n<\/ul>\n<p><span data-ccp-props=\"{&quot;201341983&quot;:0,&quot;335559685&quot;:360,&quot;335559739&quot;:160,&quot;335559740&quot;:259}\">\u00a0<\/span><\/p>\n<p><span data-ccp-props=\"{&quot;134233279&quot;:true,&quot;201341983&quot;:0,&quot;335559685&quot;:708,&quot;335559739&quot;:160,&quot;335559740&quot;:259}\">\u00a0<\/span><\/td>\n<td>\n<ul>\n<li data-leveltext=\"\uf0b7\" data-font=\"Symbol\" data-listid=\"1\" aria-setsize=\"-1\" data-aria-posinset=\"1\" data-aria-level=\"1\"><a href=\"http:\/\/biopietra.com\/fr\/domaine-technique\/\"><b><span>Espace Technique<\/span><\/b><\/a><span data-ccp-props=\"{&quot;134233279&quot;:true,&quot;201341983&quot;:0,&quot;335559739&quot;:160,&quot;335559740&quot;:259}\">\u00a0<\/span><\/li>\n<li data-leveltext=\"\uf0b7\" data-font=\"Symbol\" data-listid=\"1\" aria-setsize=\"-1\" data-aria-posinset=\"2\" data-aria-level=\"2\"><a href=\"http:\/\/biopietra.com\/fr\/biopietra-istruzioni-posa\/\"><b><span>I<\/span><\/b><b><span>nstructions pour la pose<\/span><\/b><\/a><span data-ccp-props=\"{&quot;134233279&quot;:true,&quot;201341983&quot;:0,&quot;335559739&quot;:160,&quot;335559740&quot;:259}\">\u00a0<\/span><\/li>\n<li data-leveltext=\"\uf0b7\" data-font=\"Symbol\" data-listid=\"1\" aria-setsize=\"-1\" data-aria-posinset=\"3\" data-aria-level=\"2\"><a href=\"http:\/\/biopietra.com\/fr\/espace-technique\/tests-de-laboratoire\/\"><b><span>Tests de Laboratoire<\/span><\/b><\/a><span data-ccp-props=\"{&quot;134233279&quot;:true,&quot;201341983&quot;:0,&quot;335559739&quot;:160,&quot;335559740&quot;:259}\">\u00a0<\/span><\/li>\n<li data-leveltext=\"\uf0b7\" data-font=\"Symbol\" data-listid=\"1\" aria-setsize=\"-1\" data-aria-posinset=\"4\" data-aria-level=\"2\"><a href=\"http:\/\/biopietra.com\/area-tecnica\/informazioni-importanti\/\"><b><span>Informazioni Importanti<\/span><\/b><\/a><span data-ccp-props=\"{&quot;134233279&quot;:true,&quot;201341983&quot;:0,&quot;335559739&quot;:160,&quot;335559740&quot;:259}\">\u00a0<\/span><\/li>\n<li data-leveltext=\"\uf0b7\" data-font=\"Symbol\" data-listid=\"1\" aria-setsize=\"-1\" data-aria-posinset=\"5\" data-aria-level=\"2\"><a href=\"http:\/\/biopietra.com\/fr\/domaine-technique\/enduit-architectural-facile-biopietra\/\"><b><span>Enduit Architectural Facile<\/span><\/b><\/a><span data-ccp-props=\"{&quot;134233279&quot;:true,&quot;201341983&quot;:0,&quot;335559739&quot;:160,&quot;335559740&quot;:259}\">\u00a0<\/span><\/li>\n<li data-leveltext=\"\uf0b7\" data-font=\"Symbol\" data-listid=\"1\" aria-setsize=\"-1\" data-aria-posinset=\"6\" data-aria-level=\"2\"><a href=\"http:\/\/biopietra.com\/fr\/domaine-technique\/total-white\/\"><b><span>Total White<\/span><\/b><\/a><span data-ccp-props=\"{&quot;134233279&quot;:true,&quot;201341983&quot;:0,&quot;335559739&quot;:160,&quot;335559740&quot;:259}\">\u00a0<\/span><\/li>\n<li data-leveltext=\"\uf0b7\" data-font=\"Symbol\" data-listid=\"1\" aria-setsize=\"-1\" data-aria-posinset=\"7\" data-aria-level=\"2\"><a href=\"http:\/\/biopietra.com\/fr\/f-a-q\/\"><b><span>F<\/span><\/b><b><span>AQ<\/span><\/b><\/a><span data-ccp-props=\"{&quot;134233279&quot;:true,&quot;201341983&quot;:0,&quot;335559739&quot;:160,&quot;335559740&quot;:259}\">\u00a0<\/span><\/li>\n<\/ul>\n<p><span data-ccp-props=\"{&quot;201341983&quot;:0,&quot;335559685&quot;:360,&quot;335559739&quot;:160,&quot;335559740&quot;:259}\">\u00a0<\/span><\/p>\n<ul>\n<li data-leveltext=\"\uf0b7\" data-font=\"Symbol\" data-listid=\"1\" aria-setsize=\"-1\" data-aria-posinset=\"8\" data-aria-level=\"1\"><a href=\"http:\/\/biopietra.com\/fr\/bioarchitecture\/\"><b><span>Bioarchite<\/span><\/b><b><span>cture<\/span><\/b><\/a><span data-ccp-props=\"{&quot;134233279&quot;:true,&quot;201341983&quot;:0,&quot;335559739&quot;:160,&quot;335559740&quot;:259}\">\u00a0<\/span><\/li>\n<li data-leveltext=\"\uf0b7\" data-font=\"Symbol\" data-listid=\"1\" aria-setsize=\"-1\" data-aria-posinset=\"9\" data-aria-level=\"2\"><a href=\"http:\/\/biopietra.com\/fr\/bioarchitecture\/murs-en-pierre\/\"><b><span>D<\/span><\/b><b><span>e la pierre naturelle \u00e0 la pierre \u00e9cologique<\/span><\/b><\/a><span data-ccp-props=\"{&quot;134233279&quot;:true,&quot;201341983&quot;:0,&quot;335559739&quot;:160,&quot;335559740&quot;:259}\">\u00a0<\/span><\/li>\n<li data-leveltext=\"\uf0b7\" data-font=\"Symbol\" data-listid=\"1\" aria-setsize=\"-1\" data-aria-posinset=\"10\" data-aria-level=\"2\"><a href=\"http:\/\/biopietra.com\/fr\/bioarchitecture\/biopietra-veut-un-monde-sain-a-100\/\"><b><span>LEED\u00a0<\/span><\/b><b><span>Un monde sain \u00e0<\/span><\/b><b><span>\u00a0100%<\/span><\/b><\/a><span data-ccp-props=\"{&quot;134233279&quot;:true,&quot;201341983&quot;:0,&quot;335559739&quot;:160,&quot;335559740&quot;:259}\">\u00a0<\/span><\/li>\n<li data-leveltext=\"\uf0b7\" data-font=\"Symbol\" data-listid=\"1\" aria-setsize=\"-1\" data-aria-posinset=\"11\" data-aria-level=\"2\"><a href=\"http:\/\/biopietra.com\/fr\/bioarchitecture\/casa-passiva\/\"><b><span>Maison Passive<\/span><\/b><\/a><span data-ccp-props=\"{&quot;134233279&quot;:true,&quot;201341983&quot;:0,&quot;335559739&quot;:160,&quot;335559740&quot;:259}\">\u00a0<\/span><\/li>\n<\/ul>\n<p><span data-ccp-props=\"{&quot;201341983&quot;:0,&quot;335559685&quot;:360,&quot;335559739&quot;:160,&quot;335559740&quot;:259}\">\u00a0<\/span><\/p>\n<ul>\n<li data-leveltext=\"\uf0b7\" data-font=\"Symbol\" data-listid=\"1\" aria-setsize=\"-1\" data-aria-posinset=\"12\" data-aria-level=\"1\"><a href=\"http:\/\/biopietra.com\/fr\/informativa-privacy\/\"><b><span>Privacy Poli<\/span><\/b><b><span>cy<\/span><\/b><\/a><span data-ccp-props=\"{&quot;134233279&quot;:true,&quot;201341983&quot;:0,&quot;335559739&quot;:160,&quot;335559740&quot;:259}\">\u00a0<\/span><\/li>\n<li data-leveltext=\"\uf0b7\" data-font=\"Symbol\" data-listid=\"1\" aria-setsize=\"-1\" data-aria-posinset=\"13\" data-aria-level=\"1\"><a href=\"http:\/\/biopietra.com\/fr\/informativa-cookie\/\"><b><span>Cookies<\/span><\/b><\/a><span data-ccp-props=\"{&quot;134233279&quot;:true,&quot;201341983&quot;:0,&quot;335559739&quot;:160,&quot;335559740&quot;:259}\">\u00a0<\/span><\/li>\n<li data-leveltext=\"\uf0b7\" data-font=\"Symbol\" data-listid=\"1\" aria-setsize=\"-1\" data-aria-posinset=\"14\" data-aria-level=\"1\"><a href=\"http:\/\/biopietra.com\/fr\/informazioni-azienda\/\"><b><span>Entreprise Information<\/span><\/b><\/a><span data-ccp-props=\"{&quot;134233279&quot;:true,&quot;201341983&quot;:0,&quot;335559739&quot;:160,&quot;335559740&quot;:259}\">\u00a0<\/span><\/li>\n<\/ul>\n<p><span data-ccp-props=\"{&quot;201341983&quot;:0,&quot;335559739&quot;:160,&quot;335559740&quot;:259}\">\u00a0<\/span><\/p>\n<p><span data-ccp-props=\"{&quot;201341983&quot;:0,&quot;335559739&quot;:160,&quot;335559740&quot;:259}\">\u00a0<\/span><\/p>\n<ul>\n<li data-leveltext=\"\uf0b7\" data-font=\"Symbol\" data-listid=\"1\" aria-setsize=\"-1\" data-aria-posinset=\"15\" data-aria-level=\"1\"><a href=\"http:\/\/biopietra.com\/category\/news\/\"><b><span>News<\/span><\/b><\/a><span data-ccp-props=\"{&quot;134233279&quot;:true,&quot;201341983&quot;:0,&quot;335559739&quot;:160,&quot;335559740&quot;:259}\">\u00a0<\/span><\/li>\n<li data-leveltext=\"\uf0b7\" data-font=\"Symbol\" data-listid=\"1\" aria-setsize=\"-1\" data-aria-posinset=\"16\" data-aria-level=\"1\"><a href=\"http:\/\/biopietra.com\/fr\/contacts\/\"><b><span>Conta<\/span><\/b><b><span>cts<\/span><\/b><\/a><span data-ccp-props=\"{&quot;134233279&quot;:true,&quot;201341983&quot;:0,&quot;335559739&quot;:160,&quot;335559740&quot;:259}\">\u00a0<\/span><\/li>\n<\/ul>\n<p><span data-ccp-props=\"{&quot;201341983&quot;:0,&quot;335559739&quot;:160,&quot;335559740&quot;:259}\">\u00a0<\/span><\/p>\n<p><span data-ccp-props=\"{&quot;134233279&quot;:true,&quot;201341983&quot;:0,&quot;335559685&quot;:720,&quot;335559739&quot;:160,&quot;335559740&quot;:259}\">\u00a0<\/span><\/td>\n<\/tr>\n<\/tbody>\n<\/table>\n","protected":false},"excerpt":{"rendered":"<p>Homepage\u00a0 \u00a0 Entreprise\u00a0 Industrie\u00a04.0\u00a0 Emballage\u00a0 Logistique\u00a0 Avantages et b\u00e9n\u00e9fices de\u00a0Biopietra\u00a0 [&hellip;]<\/p>\n","protected":false},"author":6,"featured_media":0,"parent":0,"menu_order":4,"comment_status":"closed","ping_status":"closed","template":"template-page-custom.php","meta":{"qubely_global_settings":"","qubely_interactions":"","rop_custom_images_group":[],"rop_custom_messages_group":[],"rop_publish_now":"initial","rop_publish_now_accounts":{"facebook_4317419521910128_433253626703258":""},"rop_publish_now_history":[],"rop_publish_now_status":"pending","footnotes":""},"class_list":["post-10103","page","type-page","status-publish","hentry"],"aioseo_notices":[],"yoast_head":"<!-- This site is optimized with the Yoast SEO plugin v27.4 - https:\/\/yoast.com\/product\/yoast-seo-wordpress\/ -->\n<title>Sitemap - Biopietra<\/title>\n<meta name=\"robots\" content=\"index, follow, max-snippet:-1, max-image-preview:large, max-video-preview:-1\" \/>\n<link rel=\"canonical\" href=\"https:\/\/biopietra.com\/fr\/sitemap\/\" \/>\n<meta property=\"og:locale\" content=\"fr_FR\" \/>\n<meta property=\"og:type\" content=\"article\" \/>\n<meta property=\"og:title\" content=\"Sitemap - Biopietra\" \/>\n<meta property=\"og:description\" content=\"Homepage\u00a0 \u00a0 Entreprise\u00a0 Industrie\u00a04.0\u00a0 Emballage\u00a0 Logistique\u00a0 Avantages et b\u00e9n\u00e9fices de\u00a0Biopietra\u00a0 [&hellip;]\" \/>\n<meta property=\"og:url\" content=\"https:\/\/biopietra.com\/fr\/sitemap\/\" \/>\n<meta property=\"og:site_name\" content=\"Biopietra\" \/>\n<meta name=\"twitter:card\" content=\"summary_large_image\" \/>\n<script type=\"application\/ld+json\" class=\"yoast-schema-graph\">{\"@context\":\"https:\\\/\\\/schema.org\",\"@graph\":[{\"@type\":\"WebPage\",\"@id\":\"https:\\\/\\\/biopietra.com\\\/fr\\\/sitemap\\\/\",\"url\":\"https:\\\/\\\/biopietra.com\\\/fr\\\/sitemap\\\/\",\"name\":\"Sitemap - Biopietra\",\"isPartOf\":{\"@id\":\"https:\\\/\\\/biopietra.com\\\/#website\"},\"datePublished\":\"2018-07-25T08:30:00+00:00\",\"breadcrumb\":{\"@id\":\"https:\\\/\\\/biopietra.com\\\/fr\\\/sitemap\\\/#breadcrumb\"},\"inLanguage\":\"fr-FR\",\"potentialAction\":[{\"@type\":\"ReadAction\",\"target\":[\"https:\\\/\\\/biopietra.com\\\/fr\\\/sitemap\\\/\"]}]},{\"@type\":\"BreadcrumbList\",\"@id\":\"https:\\\/\\\/biopietra.com\\\/fr\\\/sitemap\\\/#breadcrumb\",\"itemListElement\":[{\"@type\":\"ListItem\",\"position\":1,\"name\":\"Home\",\"item\":\"https:\\\/\\\/biopietra.com\\\/fr\\\/\"},{\"@type\":\"ListItem\",\"position\":2,\"name\":\"Sitemap\"}]},{\"@type\":\"WebSite\",\"@id\":\"https:\\\/\\\/biopietra.com\\\/#website\",\"url\":\"https:\\\/\\\/biopietra.com\\\/\",\"name\":\"Biopietra\",\"description\":\"The Green Stone Industry\",\"potentialAction\":[{\"@type\":\"SearchAction\",\"target\":{\"@type\":\"EntryPoint\",\"urlTemplate\":\"https:\\\/\\\/biopietra.com\\\/?s={search_term_string}\"},\"query-input\":{\"@type\":\"PropertyValueSpecification\",\"valueRequired\":true,\"valueName\":\"search_term_string\"}}],\"inLanguage\":\"fr-FR\"}]}<\/script>\n<!-- \/ Yoast SEO plugin. -->","yoast_head_json":{"title":"Sitemap - Biopietra","robots":{"index":"index","follow":"follow","max-snippet":"max-snippet:-1","max-image-preview":"max-image-preview:large","max-video-preview":"max-video-preview:-1"},"canonical":"https:\/\/biopietra.com\/fr\/sitemap\/","og_locale":"fr_FR","og_type":"article","og_title":"Sitemap - Biopietra","og_description":"Homepage\u00a0 \u00a0 Entreprise\u00a0 Industrie\u00a04.0\u00a0 Emballage\u00a0 Logistique\u00a0 Avantages et b\u00e9n\u00e9fices de\u00a0Biopietra\u00a0 [&hellip;]","og_url":"https:\/\/biopietra.com\/fr\/sitemap\/","og_site_name":"Biopietra","twitter_card":"summary_large_image","schema":{"@context":"https:\/\/schema.org","@graph":[{"@type":"WebPage","@id":"https:\/\/biopietra.com\/fr\/sitemap\/","url":"https:\/\/biopietra.com\/fr\/sitemap\/","name":"Sitemap - Biopietra","isPartOf":{"@id":"https:\/\/biopietra.com\/#website"},"datePublished":"2018-07-25T08:30:00+00:00","breadcrumb":{"@id":"https:\/\/biopietra.com\/fr\/sitemap\/#breadcrumb"},"inLanguage":"fr-FR","potentialAction":[{"@type":"ReadAction","target":["https:\/\/biopietra.com\/fr\/sitemap\/"]}]},{"@type":"BreadcrumbList","@id":"https:\/\/biopietra.com\/fr\/sitemap\/#breadcrumb","itemListElement":[{"@type":"ListItem","position":1,"name":"Home","item":"https:\/\/biopietra.com\/fr\/"},{"@type":"ListItem","position":2,"name":"Sitemap"}]},{"@type":"WebSite","@id":"https:\/\/biopietra.com\/#website","url":"https:\/\/biopietra.com\/","name":"Biopietra","description":"The Green Stone Industry","potentialAction":[{"@type":"SearchAction","target":{"@type":"EntryPoint","urlTemplate":"https:\/\/biopietra.com\/?s={search_term_string}"},"query-input":{"@type":"PropertyValueSpecification","valueRequired":true,"valueName":"search_term_string"}}],"inLanguage":"fr-FR"}]}},"_links":{"self":[{"href":"https:\/\/biopietra.com\/fr\/wp-json\/wp\/v2\/pages\/10103\/"}],"collection":[{"href":"https:\/\/biopietra.com\/fr\/wp-json\/wp\/v2\/pages\/"}],"about":[{"href":"https:\/\/biopietra.com\/fr\/wp-json\/wp\/v2\/types\/page\/"}],"author":[{"embeddable":true,"href":"https:\/\/biopietra.com\/fr\/wp-json\/wp\/v2\/users\/6\/"}],"replies":[{"embeddable":true,"href":"https:\/\/biopietra.com\/fr\/wp-json\/wp\/v2\/comments\/?post=10103"}],"version-history":[{"count":1,"href":"https:\/\/biopietra.com\/fr\/wp-json\/wp\/v2\/pages\/10103\/revisions\/"}],"predecessor-version":[{"id":10104,"href":"https:\/\/biopietra.com\/fr\/wp-json\/wp\/v2\/pages\/10103\/revisions\/10104\/"}],"wp:attachment":[{"href":"https:\/\/biopietra.com\/fr\/wp-json\/wp\/v2\/media\/?parent=10103"}],"curies":[{"name":"wp","href":"https:\/\/api.w.org\/{rel}","templated":true}]}}