{"id":12713,"date":"2025-07-31T11:07:23","date_gmt":"2025-07-31T09:07:23","guid":{"rendered":"https:\/\/biopietra.com\/?page_id=12713"},"modified":"2025-09-04T12:24:27","modified_gmt":"2025-09-04T10:24:27","slug":"marquage-ce-securite-conformite-et-qualite-pour-la-pierre-reconstituee-ecologique","status":"publish","type":"page","link":"https:\/\/biopietra.com\/fr\/certifications\/marquage-ce-securite-conformite-et-qualite-pour-la-pierre-reconstituee-ecologique\/","title":{"rendered":"Marquage CE : S\u00e9curit\u00e9, Conformit\u00e9 et Qualit\u00e9 pour la Pierre Reconstitu\u00e9e \u00c9cologique"},"content":{"rendered":"<h3>Qu\u2019est-ce que le marquage CE et pourquoi est-il important ?<\/h3>\n<p>De nombreux produits doivent porter le<span>\u00a0<\/span><strong>marquage CE<\/strong><span>\u00a0<\/span>avant de pouvoir \u00eatre commercialis\u00e9s dans l\u2019Union europ\u00e9enne.<span>\u00a0<\/span><strong>En effet<\/strong>, ce marquage atteste que le produit a \u00e9t\u00e9<span>\u00a0<\/span><strong>\u00e9valu\u00e9 par le fabricant<\/strong><span>\u00a0<\/span>et qu\u2019il respecte les exigences de l\u2019UE en mati\u00e8re de<span>\u00a0<\/span><strong>s\u00e9curit\u00e9, de sant\u00e9 et de protection de l\u2019environnement<\/strong>.<\/p>\n<p><strong>De plus<\/strong>, le marquage CE est requis pour les produits fabriqu\u00e9s<span>\u00a0<\/span><strong>dans le monde entier<\/strong>,<span>\u00a0<\/span><strong>\u00e0 condition qu\u2019ils soient destin\u00e9s au march\u00e9 europ\u00e9en<\/strong>.<span>\u00a0<\/span><strong>C\u2019est pourquoi<\/strong><span>\u00a0<\/span>Biopietra consid\u00e8re le marquage CE non seulement comme une obligation l\u00e9gale,<span>\u00a0<\/span><strong>mais aussi<\/strong><span>\u00a0<\/span>comme un<span>\u00a0<\/span><strong>engagement envers la qualit\u00e9, la transparence et la durabilit\u00e9<\/strong>.<\/p>\n<h3>Quand le marquage CE est-il obligatoire ?<\/h3>\n<p>Le marquage CE est obligatoire uniquement pour les produits couverts par des<span>\u00a0<\/span><strong>sp\u00e9cifications harmonis\u00e9es au niveau europ\u00e9en<\/strong>.<span>\u00a0<\/span><strong>Par exemple<\/strong>, les rev\u00eatements en pierre reconstitu\u00e9e \u00e9cologique font partie des cat\u00e9gories de produits pour lesquelles le<span>\u00a0<\/span><strong>marquage CE est requis<\/strong>.<\/p>\n<p><strong>En outre<\/strong>, certains produits peuvent \u00eatre soumis \u00e0<span>\u00a0<\/span><strong>plusieurs r\u00e9glementations europ\u00e9ennes<\/strong><span>\u00a0<\/span>simultan\u00e9ment.<span>\u00a0<\/span><strong>Par cons\u00e9quent<\/strong>, il est essentiel de v\u00e9rifier que le produit respecte<span>\u00a0<\/span><strong>toutes les exigences applicables<\/strong><span>\u00a0<\/span>avant d\u2019apposer le marquage CE.<\/p>\n<p><strong>\u00c0 l\u2019inverse<\/strong>, il est interdit d\u2019apposer le marquage CE sur des produits<span>\u00a0<\/span><strong>non concern\u00e9s<\/strong><span>\u00a0<\/span>ou<span>\u00a0<\/span><strong>non couverts par des sp\u00e9cifications harmonis\u00e9es<\/strong>.<\/p>\n<hr \/>\n<h3>Une \u00e9valuation ind\u00e9pendante est-elle n\u00e9cessaire ?<\/h3>\n<p>La r\u00e9glementation europ\u00e9enne peut exiger que le produit soit<span>\u00a0<\/span><strong>test\u00e9 par un organisme notifi\u00e9<\/strong>. Lorsque cela est requis, le marquage CE doit \u00eatre accompagn\u00e9 du<span>\u00a0<\/span><strong>num\u00e9ro d\u2019identification de l\u2019organisme<\/strong><span>\u00a0<\/span>ayant r\u00e9alis\u00e9 l\u2019\u00e9valuation.<\/p>\n<p>Bien que cette proc\u00e9dure<span>\u00a0<\/span><strong>ne soit pas obligatoire pour tous les produits<\/strong>, il est<span>\u00a0<\/span><strong>fortement recommand\u00e9 de demander le certificat de marquage CE<\/strong><span>\u00a0<\/span>pour les produits en pierre reconstitu\u00e9e, car ils font partie des cat\u00e9gories g\u00e9n\u00e9ralement soumises \u00e0 cette obligation.<\/p>\n<hr \/>\n<h3>Biopietra et la conformit\u00e9 aux normes europ\u00e9ennes<\/h3>\n<p>Les produits Biopietra sont conformes aux r\u00e9glementations europ\u00e9ennes et sont accompagn\u00e9s d\u2019une<span>\u00a0<\/span><strong>D\u00e9claration de Performance (DoP)<\/strong>, qui d\u00e9crit les caract\u00e9ristiques techniques et fonctionnelles du mat\u00e9riau.<\/p>\n<p>Nos rev\u00eatements sont test\u00e9s pour :<\/p>\n<ul>\n<li><strong>R\u00e9action au feu<\/strong><\/li>\n<li><strong>Absorption d\u2019eau<\/strong><\/li>\n<li><strong>R\u00e9sistance m\u00e9canique<\/strong><\/li>\n<li><strong>Durabilit\u00e9 dans le temps<\/strong><\/li>\n<\/ul>\n<hr \/>\n<h3>Certifications compl\u00e9mentaires au marquage CE<\/h3>\n<p>Biopietra va au-del\u00e0 du marquage CE : nos produits b\u00e9n\u00e9ficient de<span>\u00a0<\/span><strong>certifications environnementales et de durabilit\u00e9 uniques<\/strong>, telles que :<\/p>\n<ul>\n<li><strong>VOC A+<\/strong><span>\u00a0<\/span>pour la qualit\u00e9 de l\u2019air int\u00e9rieur<\/li>\n<li><strong>LEED\u00ae<\/strong><span>\u00a0<\/span>pour la construction durable<\/li>\n<li><strong>ICEA<\/strong><span>\u00a0<\/span>pour la bio-construction<\/li>\n<\/ul>\n<p>\ud83d\udc49<span>\u00a0<\/span><a class=\"fui-Link ___w5et180 f2hkw1w f3rmtva f1ewtqcl fyind8e f1k6fduh f1w7gpdv f1mo0ibp fjoy568 ff5ikls f1s184ao f1mk8lai fnbmjn9 f1o700av f13mvf36 f1cmlufx f9n3di6 f1ids18y f1tx3yz7 f1deo86v f1eh06m1 f1iescvh fhgqx19 f1olyrje f1p93eir f1nev41a\" href=\"https:\/\/biopietra.com\/certificazioni-garanzie-pietra-ricostruita-ecologica\/\" target=\"_blank\" data-tabster=\"{&quot;restorer&quot;:{&quot;type&quot;:1}}\" rel=\"noopener\" tabindex=\"0\">D\u00e9couvrez toutes les certifications Biopietra<\/a><\/p>\n<hr \/>\n<h3>\ud83d\udcc4 T\u00e9l\u00e9chargez la D\u00e9claration de Performance (DoP)<\/h3>\n<p>Souhaitez-vous recevoir la documentation technique de nos produits ?<br \/>\n\ud83d\udce9<span>\u00a0<\/span><strong><a class=\"fui-Link ___w5et180 f2hkw1w f3rmtva f1ewtqcl fyind8e f1k6fduh f1w7gpdv f1mo0ibp fjoy568 ff5ikls f1s184ao f1mk8lai fnbmjn9 f1o700av f13mvf36 f1cmlufx f9n3di6 f1ids18y f1tx3yz7 f1deo86v f1eh06m1 f1iescvh fhgqx19 f1olyrje f1p93eir f1nev41a\" href=\"https:\/\/biopietra.com\/fr\/contacts\/\" target=\"_blank\" data-tabster=\"{&quot;restorer&quot;:{&quot;type&quot;:1}}\" rel=\"noopener\" tabindex=\"0\">Contactez-nous d\u00e8s maintenant<\/a><\/strong><span>\u00a0<\/span>ou<span>\u00a0<\/span><strong>t\u00e9l\u00e9chargez la DoP<\/strong><span>\u00a0<\/span>directement depuis la page produit.<\/p>\n","protected":false},"excerpt":{"rendered":"<p>Qu\u2019est-ce que le marquage CE et pourquoi est-il important ? [&hellip;]<\/p>\n","protected":false},"author":2,"featured_media":0,"parent":3126,"menu_order":47,"comment_status":"closed","ping_status":"closed","template":"template-page-custom.php","meta":{"qubely_global_settings":"","qubely_interactions":"","rs_blank_template":"","rs_page_bg_color":"","slide_template_v7":"","rop_custom_images_group":[],"rop_custom_messages_group":[],"rop_publish_now":"initial","rop_publish_now_accounts":{"facebook_4317419521910128_433253626703258":""},"rop_publish_now_history":[],"rop_publish_now_status":"pending","footnotes":""},"class_list":["post-12713","page","type-page","status-publish","hentry"],"aioseo_notices":[],"yoast_head":"<!-- This site is optimized with the Yoast SEO plugin v27.4 - https:\/\/yoast.com\/product\/yoast-seo-wordpress\/ -->\n<title>Marquage CE : S\u00e9curit\u00e9, Conformit\u00e9 et Qualit\u00e9 pour la Pierre Reconstitu\u00e9e \u00c9cologique - Biopietra<\/title>\n<meta name=\"description\" content=\"D\u00e9couvrez comment Biopietra garantit la s\u00e9curit\u00e9, la durabilit\u00e9 et la conformit\u00e9 aux normes europ\u00e9ennes gr\u00e2ce au marquage CE de ses rev\u00eatements en pierre reconstitu\u00e9e \u00e9cologique. T\u00e9l\u00e9chargez la D\u00e9claration de Performance.\" \/>\n<meta name=\"robots\" content=\"index, follow, max-snippet:-1, max-image-preview:large, max-video-preview:-1\" \/>\n<link rel=\"canonical\" href=\"https:\/\/biopietra.com\/fr\/certifications\/marquage-ce-securite-conformite-et-qualite-pour-la-pierre-reconstituee-ecologique\/\" \/>\n<meta property=\"og:locale\" content=\"fr_FR\" \/>\n<meta property=\"og:type\" content=\"article\" \/>\n<meta property=\"og:title\" content=\"Marquage CE : S\u00e9curit\u00e9, Conformit\u00e9 et Qualit\u00e9 pour la Pierre Reconstitu\u00e9e \u00c9cologique - Biopietra\" \/>\n<meta property=\"og:description\" content=\"D\u00e9couvrez comment Biopietra garantit la s\u00e9curit\u00e9, la durabilit\u00e9 et la conformit\u00e9 aux normes europ\u00e9ennes gr\u00e2ce au marquage CE de ses rev\u00eatements en pierre reconstitu\u00e9e \u00e9cologique. T\u00e9l\u00e9chargez la D\u00e9claration de Performance.\" \/>\n<meta property=\"og:url\" content=\"https:\/\/biopietra.com\/fr\/certifications\/marquage-ce-securite-conformite-et-qualite-pour-la-pierre-reconstituee-ecologique\/\" \/>\n<meta property=\"og:site_name\" content=\"Biopietra\" \/>\n<meta property=\"article:modified_time\" content=\"2025-09-04T10:24:27+00:00\" \/>\n<meta name=\"twitter:card\" content=\"summary_large_image\" \/>\n<meta name=\"twitter:label1\" content=\"Dur\u00e9e de lecture estim\u00e9e\" \/>\n\t<meta name=\"twitter:data1\" content=\"2 minutes\" \/>\n<script type=\"application\/ld+json\" class=\"yoast-schema-graph\">{\"@context\":\"https:\\\/\\\/schema.org\",\"@graph\":[{\"@type\":\"WebPage\",\"@id\":\"https:\\\/\\\/biopietra.com\\\/fr\\\/certifications\\\/marquage-ce-securite-conformite-et-qualite-pour-la-pierre-reconstituee-ecologique\\\/\",\"url\":\"https:\\\/\\\/biopietra.com\\\/fr\\\/certifications\\\/marquage-ce-securite-conformite-et-qualite-pour-la-pierre-reconstituee-ecologique\\\/\",\"name\":\"Marquage CE : S\u00e9curit\u00e9, Conformit\u00e9 et Qualit\u00e9 pour la Pierre Reconstitu\u00e9e \u00c9cologique - Biopietra\",\"isPartOf\":{\"@id\":\"https:\\\/\\\/biopietra.com\\\/#website\"},\"datePublished\":\"2025-07-31T09:07:23+00:00\",\"dateModified\":\"2025-09-04T10:24:27+00:00\",\"description\":\"D\u00e9couvrez comment Biopietra garantit la s\u00e9curit\u00e9, la durabilit\u00e9 et la conformit\u00e9 aux normes europ\u00e9ennes gr\u00e2ce au marquage CE de ses rev\u00eatements en pierre reconstitu\u00e9e \u00e9cologique. T\u00e9l\u00e9chargez la D\u00e9claration de Performance.\",\"breadcrumb\":{\"@id\":\"https:\\\/\\\/biopietra.com\\\/fr\\\/certifications\\\/marquage-ce-securite-conformite-et-qualite-pour-la-pierre-reconstituee-ecologique\\\/#breadcrumb\"},\"inLanguage\":\"fr-FR\",\"potentialAction\":[{\"@type\":\"ReadAction\",\"target\":[\"https:\\\/\\\/biopietra.com\\\/fr\\\/certifications\\\/marquage-ce-securite-conformite-et-qualite-pour-la-pierre-reconstituee-ecologique\\\/\"]}]},{\"@type\":\"BreadcrumbList\",\"@id\":\"https:\\\/\\\/biopietra.com\\\/fr\\\/certifications\\\/marquage-ce-securite-conformite-et-qualite-pour-la-pierre-reconstituee-ecologique\\\/#breadcrumb\",\"itemListElement\":[{\"@type\":\"ListItem\",\"position\":1,\"name\":\"Home\",\"item\":\"https:\\\/\\\/biopietra.com\\\/fr\\\/\"},{\"@type\":\"ListItem\",\"position\":2,\"name\":\"Certifications\",\"item\":\"https:\\\/\\\/biopietra.com\\\/fr\\\/certifications\\\/\"},{\"@type\":\"ListItem\",\"position\":3,\"name\":\"Marquage CE : S\u00e9curit\u00e9, Conformit\u00e9 et Qualit\u00e9 pour la Pierre Reconstitu\u00e9e \u00c9cologique\"}]},{\"@type\":\"WebSite\",\"@id\":\"https:\\\/\\\/biopietra.com\\\/#website\",\"url\":\"https:\\\/\\\/biopietra.com\\\/\",\"name\":\"Biopietra\",\"description\":\"The Green Stone Industry\",\"potentialAction\":[{\"@type\":\"SearchAction\",\"target\":{\"@type\":\"EntryPoint\",\"urlTemplate\":\"https:\\\/\\\/biopietra.com\\\/?s={search_term_string}\"},\"query-input\":{\"@type\":\"PropertyValueSpecification\",\"valueRequired\":true,\"valueName\":\"search_term_string\"}}],\"inLanguage\":\"fr-FR\"}]}<\/script>\n<!-- \/ Yoast SEO plugin. -->","yoast_head_json":{"title":"Marquage CE : S\u00e9curit\u00e9, Conformit\u00e9 et Qualit\u00e9 pour la Pierre Reconstitu\u00e9e \u00c9cologique - Biopietra","description":"D\u00e9couvrez comment Biopietra garantit la s\u00e9curit\u00e9, la durabilit\u00e9 et la conformit\u00e9 aux normes europ\u00e9ennes gr\u00e2ce au marquage CE de ses rev\u00eatements en pierre reconstitu\u00e9e \u00e9cologique. T\u00e9l\u00e9chargez la D\u00e9claration de Performance.","robots":{"index":"index","follow":"follow","max-snippet":"max-snippet:-1","max-image-preview":"max-image-preview:large","max-video-preview":"max-video-preview:-1"},"canonical":"https:\/\/biopietra.com\/fr\/certifications\/marquage-ce-securite-conformite-et-qualite-pour-la-pierre-reconstituee-ecologique\/","og_locale":"fr_FR","og_type":"article","og_title":"Marquage CE : S\u00e9curit\u00e9, Conformit\u00e9 et Qualit\u00e9 pour la Pierre Reconstitu\u00e9e \u00c9cologique - Biopietra","og_description":"D\u00e9couvrez comment Biopietra garantit la s\u00e9curit\u00e9, la durabilit\u00e9 et la conformit\u00e9 aux normes europ\u00e9ennes gr\u00e2ce au marquage CE de ses rev\u00eatements en pierre reconstitu\u00e9e \u00e9cologique. T\u00e9l\u00e9chargez la D\u00e9claration de Performance.","og_url":"https:\/\/biopietra.com\/fr\/certifications\/marquage-ce-securite-conformite-et-qualite-pour-la-pierre-reconstituee-ecologique\/","og_site_name":"Biopietra","article_modified_time":"2025-09-04T10:24:27+00:00","twitter_card":"summary_large_image","twitter_misc":{"Dur\u00e9e de lecture estim\u00e9e":"2 minutes"},"schema":{"@context":"https:\/\/schema.org","@graph":[{"@type":"WebPage","@id":"https:\/\/biopietra.com\/fr\/certifications\/marquage-ce-securite-conformite-et-qualite-pour-la-pierre-reconstituee-ecologique\/","url":"https:\/\/biopietra.com\/fr\/certifications\/marquage-ce-securite-conformite-et-qualite-pour-la-pierre-reconstituee-ecologique\/","name":"Marquage CE : S\u00e9curit\u00e9, Conformit\u00e9 et Qualit\u00e9 pour la Pierre Reconstitu\u00e9e \u00c9cologique - Biopietra","isPartOf":{"@id":"https:\/\/biopietra.com\/#website"},"datePublished":"2025-07-31T09:07:23+00:00","dateModified":"2025-09-04T10:24:27+00:00","description":"D\u00e9couvrez comment Biopietra garantit la s\u00e9curit\u00e9, la durabilit\u00e9 et la conformit\u00e9 aux normes europ\u00e9ennes gr\u00e2ce au marquage CE de ses rev\u00eatements en pierre reconstitu\u00e9e \u00e9cologique. T\u00e9l\u00e9chargez la D\u00e9claration de Performance.","breadcrumb":{"@id":"https:\/\/biopietra.com\/fr\/certifications\/marquage-ce-securite-conformite-et-qualite-pour-la-pierre-reconstituee-ecologique\/#breadcrumb"},"inLanguage":"fr-FR","potentialAction":[{"@type":"ReadAction","target":["https:\/\/biopietra.com\/fr\/certifications\/marquage-ce-securite-conformite-et-qualite-pour-la-pierre-reconstituee-ecologique\/"]}]},{"@type":"BreadcrumbList","@id":"https:\/\/biopietra.com\/fr\/certifications\/marquage-ce-securite-conformite-et-qualite-pour-la-pierre-reconstituee-ecologique\/#breadcrumb","itemListElement":[{"@type":"ListItem","position":1,"name":"Home","item":"https:\/\/biopietra.com\/fr\/"},{"@type":"ListItem","position":2,"name":"Certifications","item":"https:\/\/biopietra.com\/fr\/certifications\/"},{"@type":"ListItem","position":3,"name":"Marquage CE : S\u00e9curit\u00e9, Conformit\u00e9 et Qualit\u00e9 pour la Pierre Reconstitu\u00e9e \u00c9cologique"}]},{"@type":"WebSite","@id":"https:\/\/biopietra.com\/#website","url":"https:\/\/biopietra.com\/","name":"Biopietra","description":"The Green Stone Industry","potentialAction":[{"@type":"SearchAction","target":{"@type":"EntryPoint","urlTemplate":"https:\/\/biopietra.com\/?s={search_term_string}"},"query-input":{"@type":"PropertyValueSpecification","valueRequired":true,"valueName":"search_term_string"}}],"inLanguage":"fr-FR"}]}},"_links":{"self":[{"href":"https:\/\/biopietra.com\/fr\/wp-json\/wp\/v2\/pages\/12713","targetHints":{"allow":["GET"]}}],"collection":[{"href":"https:\/\/biopietra.com\/fr\/wp-json\/wp\/v2\/pages"}],"about":[{"href":"https:\/\/biopietra.com\/fr\/wp-json\/wp\/v2\/types\/page"}],"author":[{"embeddable":true,"href":"https:\/\/biopietra.com\/fr\/wp-json\/wp\/v2\/users\/2"}],"replies":[{"embeddable":true,"href":"https:\/\/biopietra.com\/fr\/wp-json\/wp\/v2\/comments?post=12713"}],"version-history":[{"count":5,"href":"https:\/\/biopietra.com\/fr\/wp-json\/wp\/v2\/pages\/12713\/revisions"}],"predecessor-version":[{"id":29869,"href":"https:\/\/biopietra.com\/fr\/wp-json\/wp\/v2\/pages\/12713\/revisions\/29869"}],"up":[{"embeddable":true,"href":"https:\/\/biopietra.com\/fr\/wp-json\/wp\/v2\/pages\/3126"}],"wp:attachment":[{"href":"https:\/\/biopietra.com\/fr\/wp-json\/wp\/v2\/media?parent=12713"}],"curies":[{"name":"wp","href":"https:\/\/api.w.org\/{rel}","templated":true}]}}