{"id":12717,"date":"2021-08-06T10:29:42","date_gmt":"2021-08-06T08:29:42","guid":{"rendered":"https:\/\/biopietra.com\/?page_id=12717"},"modified":"2025-09-25T11:54:45","modified_gmt":"2025-09-25T09:54:45","slug":"showroom-virtual-tour","status":"publish","type":"page","link":"https:\/\/biopietra.com\/fr\/showroom-virtual-tour\/","title":{"rendered":"Showroom Virtual Tour"},"content":{"rendered":"<div class=\"page\" title=\"Page 1\">\n<div class=\"layoutArea\">\n<div class=\"column\">\n<p><span data-contrast=\"auto\" xml:lang=\"FR-FR\" lang=\"FR-FR\" class=\"TextRun SCXW123903759 BCX0\"><span class=\"NormalTextRun SCXW123903759 BCX0\">Et n<\/span><span class=\"NormalTextRun SCXW123903759 BCX0\">ous<\/span><span class=\"NormalTextRun SCXW123903759 BCX0\">voil\u00e0 !\u00a0<strong>D\u00e9couvrez la visite virtuelle du showroom Biopietra<\/strong><span>, une exp\u00e9rience num\u00e9rique immersive qui vous permet d\u2019explorer nos espaces d\u2019exposition directement depuis votre appareil. N\u00e9 pendant le confinement de 2020, ce projet refl\u00e8te l\u2019engagement de Biopietra envers l\u2019innovation et la communication digitale, offrant une visite interactive et captivante.<\/span><\/span><\/span><\/p>\n<p><img loading=\"lazy\" decoding=\"async\" src=\"https:\/\/biopietra.com\/wp-content\/uploads\/2021\/08\/PRO360LogoGradient-300x140.png\" alt=\"\" width=\"300\" height=\"140\" class=\"alignnone size-medium wp-image-12673 aligncenter\" srcset=\"https:\/\/biopietra.com\/wp-content\/uploads\/2021\/08\/PRO360LogoGradient-300x140.png 300w, https:\/\/biopietra.com\/wp-content\/uploads\/2021\/08\/PRO360LogoGradient-768x358.png 768w, https:\/\/biopietra.com\/wp-content\/uploads\/2021\/08\/PRO360LogoGradient-1024x477.png 1024w\" sizes=\"auto, (max-width: 300px) 100vw, 300px\" \/><\/p>\n<p>Gr\u00e2ce aux photos panoramiques HDR prises avec <strong>l\u2019INSTA360 ONE X2<\/strong>, vous pouvez \u201cmarcher\u201d virtuellement dans nos deux showrooms situ\u00e9s \u00e0 Puegnago del Garda. Une vue de l\u2019unit\u00e9 de production \u2014 o\u00f9 sont fabriqu\u00e9s les rev\u00eatements en pierre r\u00e9g\u00e9n\u00e9r\u00e9e Biopietra, certifi\u00e9s CE et conformes aux normes UNI EN ISO \u2014 sera bient\u00f4t disponible.<\/p>\n<p>Pendant la visite, vous pouvez :<\/p>\n<ul>\n<li>Voir des <a href=\"https:\/\/biopietra.com\/fr\/tipologia-prodotto\/revetements-traditionnels-en-pierre-reconstituee\/\">murs et des angles<\/a> rev\u00eatus de pierre \u00e9cologique Biopietra.<\/li>\n<li>Parcourir des pr\u00e9sentoirs coulissants avec des solutions d\u00e9coratives pour l\u2019int\u00e9rieur et l\u2019ext\u00e9rieur.<\/li>\n<li>Acc\u00e9der \u00e0 des fiches techniques interactives pour chaque produit, utiles pour les clients priv\u00e9s et les professionnels.<\/li>\n<li>Zoomer sur les d\u00e9tails des surfaces.<\/li>\n<li>Naviguer dans des environnements r\u00e9alistes \u00e0 fort impact visuel et \u00e9motionnel.<\/li>\n<\/ul>\n<p>La visite est disponible sur tous les appareils : ordinateurs, tablettes, smartphones et casques cardboard. Elle est con\u00e7ue pour offrir une exp\u00e9rience fluide et accessible, mettant en valeur la qualit\u00e9 et l\u2019esth\u00e9tique des rev\u00eatements Biopietra, alliant design durable, bio-architecture et innovation technologique.<\/p>\n<\/div>\n<\/div>\n<\/div>\n<p>&nbsp;<\/p>\n<p style=\"text-align: center;\"><a href=\"http:\/\/www.biopietra.com\/VT\/index.htm\" target=\"_blank\" rel=\"noopener\"><img loading=\"lazy\" decoding=\"async\" src=\"https:\/\/biopietra.com\/wp-content\/uploads\/2022\/02\/Biopietra-VT-logo-300x80.gif\" alt=\"\" width=\"300\" height=\"80\" class=\"alignnone size-medium wp-image-19528\" srcset=\"https:\/\/biopietra.com\/wp-content\/uploads\/2022\/02\/Biopietra-VT-logo-300x80.gif 300w, https:\/\/biopietra.com\/wp-content\/uploads\/2022\/02\/Biopietra-VT-logo-768x205.gif 768w, https:\/\/biopietra.com\/wp-content\/uploads\/2022\/02\/Biopietra-VT-logo-1024x273.gif 1024w\" sizes=\"auto, (max-width: 300px) 100vw, 300px\" \/><\/a><\/p>\n","protected":false},"excerpt":{"rendered":"<p>Et nousvoil\u00e0 !\u00a0D\u00e9couvrez la visite virtuelle du showroom Biopietra, une [&hellip;]<\/p>\n","protected":false},"author":2,"featured_media":12585,"parent":0,"menu_order":0,"comment_status":"closed","ping_status":"closed","template":"template-page-faq.php","meta":{"qubely_global_settings":"","qubely_interactions":"","rop_custom_images_group":[],"rop_custom_messages_group":[],"rop_publish_now":"initial","rop_publish_now_accounts":{"facebook_4317419521910128_433253626703258":""},"rop_publish_now_history":[],"rop_publish_now_status":"pending","footnotes":""},"class_list":["post-12717","page","type-page","status-publish","has-post-thumbnail","hentry"],"aioseo_notices":[],"yoast_head":"<!-- This site is optimized with the Yoast SEO plugin v27.4 - https:\/\/yoast.com\/product\/yoast-seo-wordpress\/ -->\n<title>Visite Virtuelle du Showroom | Rev\u00eatements \u00c9cologiques Made in Italy<\/title>\n<meta name=\"description\" content=\"Explorez le showroom virtuel Biopietra : vues immersives \u00e0 360\u00b0, rev\u00eatements en pierre \u00e9cologique et fiches techniques interactives.\" \/>\n<meta name=\"robots\" content=\"index, follow, max-snippet:-1, max-image-preview:large, max-video-preview:-1\" \/>\n<link rel=\"canonical\" href=\"https:\/\/biopietra.com\/fr\/showroom-virtual-tour\/\" \/>\n<meta property=\"og:locale\" content=\"fr_FR\" \/>\n<meta property=\"og:type\" content=\"article\" \/>\n<meta property=\"og:title\" content=\"Visite Virtuelle du Showroom | Rev\u00eatements \u00c9cologiques Made in Italy\" \/>\n<meta property=\"og:description\" content=\"Explorez le showroom virtuel Biopietra : vues immersives \u00e0 360\u00b0, rev\u00eatements en pierre \u00e9cologique et fiches techniques interactives.\" \/>\n<meta property=\"og:url\" content=\"https:\/\/biopietra.com\/fr\/showroom-virtual-tour\/\" \/>\n<meta property=\"og:site_name\" content=\"Biopietra\" \/>\n<meta property=\"article:modified_time\" content=\"2025-09-25T09:54:45+00:00\" \/>\n<meta property=\"og:image\" content=\"https:\/\/biopietra.com\/wp-content\/uploads\/2021\/08\/Biopietra-Showroom1.jpg\" \/>\n\t<meta property=\"og:image:width\" content=\"1280\" \/>\n\t<meta property=\"og:image:height\" content=\"803\" \/>\n\t<meta property=\"og:image:type\" content=\"image\/jpeg\" \/>\n<meta name=\"twitter:card\" content=\"summary_large_image\" \/>\n<meta name=\"twitter:label1\" content=\"Dur\u00e9e de lecture estim\u00e9e\" \/>\n\t<meta name=\"twitter:data1\" content=\"1 minute\" \/>\n<script type=\"application\/ld+json\" class=\"yoast-schema-graph\">{\"@context\":\"https:\\\/\\\/schema.org\",\"@graph\":[{\"@type\":\"WebPage\",\"@id\":\"https:\\\/\\\/biopietra.com\\\/fr\\\/showroom-virtual-tour\\\/\",\"url\":\"https:\\\/\\\/biopietra.com\\\/fr\\\/showroom-virtual-tour\\\/\",\"name\":\"Visite Virtuelle du Showroom | Rev\u00eatements \u00c9cologiques Made in Italy\",\"isPartOf\":{\"@id\":\"https:\\\/\\\/biopietra.com\\\/#website\"},\"primaryImageOfPage\":{\"@id\":\"https:\\\/\\\/biopietra.com\\\/fr\\\/showroom-virtual-tour\\\/#primaryimage\"},\"image\":{\"@id\":\"https:\\\/\\\/biopietra.com\\\/fr\\\/showroom-virtual-tour\\\/#primaryimage\"},\"thumbnailUrl\":\"https:\\\/\\\/biopietra.com\\\/wp-content\\\/uploads\\\/2021\\\/08\\\/Biopietra-Showroom1.jpg\",\"datePublished\":\"2021-08-06T08:29:42+00:00\",\"dateModified\":\"2025-09-25T09:54:45+00:00\",\"description\":\"Explorez le showroom virtuel Biopietra : vues immersives \u00e0 360\u00b0, rev\u00eatements en pierre \u00e9cologique et fiches techniques interactives.\",\"breadcrumb\":{\"@id\":\"https:\\\/\\\/biopietra.com\\\/fr\\\/showroom-virtual-tour\\\/#breadcrumb\"},\"inLanguage\":\"fr-FR\",\"potentialAction\":[{\"@type\":\"ReadAction\",\"target\":[\"https:\\\/\\\/biopietra.com\\\/fr\\\/showroom-virtual-tour\\\/\"]}]},{\"@type\":\"ImageObject\",\"inLanguage\":\"fr-FR\",\"@id\":\"https:\\\/\\\/biopietra.com\\\/fr\\\/showroom-virtual-tour\\\/#primaryimage\",\"url\":\"https:\\\/\\\/biopietra.com\\\/wp-content\\\/uploads\\\/2021\\\/08\\\/Biopietra-Showroom1.jpg\",\"contentUrl\":\"https:\\\/\\\/biopietra.com\\\/wp-content\\\/uploads\\\/2021\\\/08\\\/Biopietra-Showroom1.jpg\",\"width\":1280,\"height\":803,\"caption\":\"salle d'exposition au rez-de-chauss\u00e9e\"},{\"@type\":\"BreadcrumbList\",\"@id\":\"https:\\\/\\\/biopietra.com\\\/fr\\\/showroom-virtual-tour\\\/#breadcrumb\",\"itemListElement\":[{\"@type\":\"ListItem\",\"position\":1,\"name\":\"Home\",\"item\":\"https:\\\/\\\/biopietra.com\\\/fr\\\/\"},{\"@type\":\"ListItem\",\"position\":2,\"name\":\"Showroom Virtual Tour\"}]},{\"@type\":\"WebSite\",\"@id\":\"https:\\\/\\\/biopietra.com\\\/#website\",\"url\":\"https:\\\/\\\/biopietra.com\\\/\",\"name\":\"Biopietra\",\"description\":\"The Green Stone Industry\",\"potentialAction\":[{\"@type\":\"SearchAction\",\"target\":{\"@type\":\"EntryPoint\",\"urlTemplate\":\"https:\\\/\\\/biopietra.com\\\/?s={search_term_string}\"},\"query-input\":{\"@type\":\"PropertyValueSpecification\",\"valueRequired\":true,\"valueName\":\"search_term_string\"}}],\"inLanguage\":\"fr-FR\"}]}<\/script>\n<!-- \/ Yoast SEO plugin. -->","yoast_head_json":{"title":"Visite Virtuelle du Showroom | Rev\u00eatements \u00c9cologiques Made in Italy","description":"Explorez le showroom virtuel Biopietra : vues immersives \u00e0 360\u00b0, rev\u00eatements en pierre \u00e9cologique et fiches techniques interactives.","robots":{"index":"index","follow":"follow","max-snippet":"max-snippet:-1","max-image-preview":"max-image-preview:large","max-video-preview":"max-video-preview:-1"},"canonical":"https:\/\/biopietra.com\/fr\/showroom-virtual-tour\/","og_locale":"fr_FR","og_type":"article","og_title":"Visite Virtuelle du Showroom | Rev\u00eatements \u00c9cologiques Made in Italy","og_description":"Explorez le showroom virtuel Biopietra : vues immersives \u00e0 360\u00b0, rev\u00eatements en pierre \u00e9cologique et fiches techniques interactives.","og_url":"https:\/\/biopietra.com\/fr\/showroom-virtual-tour\/","og_site_name":"Biopietra","article_modified_time":"2025-09-25T09:54:45+00:00","og_image":[{"width":1280,"height":803,"url":"https:\/\/biopietra.com\/wp-content\/uploads\/2021\/08\/Biopietra-Showroom1.jpg","type":"image\/jpeg"}],"twitter_card":"summary_large_image","twitter_misc":{"Dur\u00e9e de lecture estim\u00e9e":"1 minute"},"schema":{"@context":"https:\/\/schema.org","@graph":[{"@type":"WebPage","@id":"https:\/\/biopietra.com\/fr\/showroom-virtual-tour\/","url":"https:\/\/biopietra.com\/fr\/showroom-virtual-tour\/","name":"Visite Virtuelle du Showroom | Rev\u00eatements \u00c9cologiques Made in Italy","isPartOf":{"@id":"https:\/\/biopietra.com\/#website"},"primaryImageOfPage":{"@id":"https:\/\/biopietra.com\/fr\/showroom-virtual-tour\/#primaryimage"},"image":{"@id":"https:\/\/biopietra.com\/fr\/showroom-virtual-tour\/#primaryimage"},"thumbnailUrl":"https:\/\/biopietra.com\/wp-content\/uploads\/2021\/08\/Biopietra-Showroom1.jpg","datePublished":"2021-08-06T08:29:42+00:00","dateModified":"2025-09-25T09:54:45+00:00","description":"Explorez le showroom virtuel Biopietra : vues immersives \u00e0 360\u00b0, rev\u00eatements en pierre \u00e9cologique et fiches techniques interactives.","breadcrumb":{"@id":"https:\/\/biopietra.com\/fr\/showroom-virtual-tour\/#breadcrumb"},"inLanguage":"fr-FR","potentialAction":[{"@type":"ReadAction","target":["https:\/\/biopietra.com\/fr\/showroom-virtual-tour\/"]}]},{"@type":"ImageObject","inLanguage":"fr-FR","@id":"https:\/\/biopietra.com\/fr\/showroom-virtual-tour\/#primaryimage","url":"https:\/\/biopietra.com\/wp-content\/uploads\/2021\/08\/Biopietra-Showroom1.jpg","contentUrl":"https:\/\/biopietra.com\/wp-content\/uploads\/2021\/08\/Biopietra-Showroom1.jpg","width":1280,"height":803,"caption":"salle d'exposition au rez-de-chauss\u00e9e"},{"@type":"BreadcrumbList","@id":"https:\/\/biopietra.com\/fr\/showroom-virtual-tour\/#breadcrumb","itemListElement":[{"@type":"ListItem","position":1,"name":"Home","item":"https:\/\/biopietra.com\/fr\/"},{"@type":"ListItem","position":2,"name":"Showroom Virtual Tour"}]},{"@type":"WebSite","@id":"https:\/\/biopietra.com\/#website","url":"https:\/\/biopietra.com\/","name":"Biopietra","description":"The Green Stone Industry","potentialAction":[{"@type":"SearchAction","target":{"@type":"EntryPoint","urlTemplate":"https:\/\/biopietra.com\/?s={search_term_string}"},"query-input":{"@type":"PropertyValueSpecification","valueRequired":true,"valueName":"search_term_string"}}],"inLanguage":"fr-FR"}]}},"_links":{"self":[{"href":"https:\/\/biopietra.com\/fr\/wp-json\/wp\/v2\/pages\/12717\/"}],"collection":[{"href":"https:\/\/biopietra.com\/fr\/wp-json\/wp\/v2\/pages\/"}],"about":[{"href":"https:\/\/biopietra.com\/fr\/wp-json\/wp\/v2\/types\/page\/"}],"author":[{"embeddable":true,"href":"https:\/\/biopietra.com\/fr\/wp-json\/wp\/v2\/users\/2\/"}],"replies":[{"embeddable":true,"href":"https:\/\/biopietra.com\/fr\/wp-json\/wp\/v2\/comments\/?post=12717"}],"version-history":[{"count":12,"href":"https:\/\/biopietra.com\/fr\/wp-json\/wp\/v2\/pages\/12717\/revisions\/"}],"predecessor-version":[{"id":30126,"href":"https:\/\/biopietra.com\/fr\/wp-json\/wp\/v2\/pages\/12717\/revisions\/30126\/"}],"wp:featuredmedia":[{"embeddable":true,"href":"https:\/\/biopietra.com\/fr\/wp-json\/wp\/v2\/media\/12585\/"}],"wp:attachment":[{"href":"https:\/\/biopietra.com\/fr\/wp-json\/wp\/v2\/media\/?parent=12717"}],"curies":[{"name":"wp","href":"https:\/\/api.w.org\/{rel}","templated":true}]}}