{"id":29706,"date":"2025-07-31T16:43:00","date_gmt":"2025-07-31T14:43:00","guid":{"rendered":"https:\/\/biopietra.com\/?page_id=29706"},"modified":"2025-10-01T10:23:18","modified_gmt":"2025-10-01T08:23:18","slug":"biopietra-pierre-regeneree-bioarchitecture","status":"publish","type":"page","link":"https:\/\/biopietra.com\/fr\/biopietra-pierre-regeneree-bioarchitecture\/","title":{"rendered":"Qu\u2019est-ce que biopietra ? la r\u00e9volution de la pierre \u00e9cologique italienne"},"content":{"rendered":"<div class=\"page\" title=\"Page 1\">\n<div class=\"layoutArea\">\n<div class=\"column\">\n<h2>Biopietra :\u00a0solution \u00e9cologique et durable \u00e0 la pierre naturelle<\/h2>\n<h3><strong>Pierre naturelle, pierre reconstitu\u00e9e pour parement ou BIOPIETRA : le rev\u00eatement en pierre r\u00e9g\u00e9n\u00e9r\u00e9e pour la bioarchitecture.<\/strong><\/h3>\n<p>Biopietra est une pierre r\u00e9g\u00e9n\u00e9r\u00e9e innovante, n\u00e9e de la synergie entre<span>\u00a0<\/span><strong>recherche scientifique<\/strong>,<span>\u00a0<\/span><strong>technologie avanc\u00e9e<\/strong><span>\u00a0<\/span>et une forte<span>\u00a0<\/span><strong>vision \u00e9cologique<\/strong>.<br \/>\nCe n\u2019est pas une pierre reconstitu\u00e9e, mais un<span>\u00a0<\/span><strong>mat\u00e9riau de nouvelle g\u00e9n\u00e9ration<\/strong>, con\u00e7u pour d\u00e9passer les limites de la pierre naturelle, en offrant des<span>\u00a0<\/span><strong>performances techniques sup\u00e9rieures<\/strong>, une<span>\u00a0<\/span><strong>v\u00e9ritable durabilit\u00e9<\/strong><span>\u00a0<\/span>et une<span>\u00a0<\/span><strong>s\u00e9curit\u00e9 sanitaire maximale<\/strong>.<\/p>\n<p>Biopietra est<span>\u00a0<\/span><strong>l\u00e9g\u00e8re<\/strong>,<span>\u00a0<\/span><strong>r\u00e9sistante<\/strong>,<span>\u00a0<\/span><strong>respirante<\/strong>,<span>\u00a0<\/span><strong>100 % recyclable<\/strong><span>\u00a0<\/span>et<span>\u00a0<\/span><strong>exempte de substances toxiques<\/strong>.<br \/>\nElle est con\u00e7ue pour r\u00e9pondre aux exigences de l\u2019<strong>architecture durable<\/strong><span>\u00a0<\/span>et de la<span>\u00a0<\/span><strong>construction \u00e9cologique<\/strong>, et constitue le choix id\u00e9al pour ceux qui souhaitent construire avec style, responsabilit\u00e9 et innovation.<\/p>\n<hr \/>\n<h3>Une pierre de pointe pour la bioarchitecture<\/h3>\n<p>Biopietra est la seule pierre certifi\u00e9e pour la bioarchitecture. Elle est enti\u00e8rement produite en Italie gr\u00e2ce \u00e0 un proc\u00e9d\u00e9 innovant qui r\u00e9cup\u00e8re jusqu\u2019\u00e0 80 % de mati\u00e8res premi\u00e8res naturelles, r\u00e9duit les \u00e9missions et garantit<span>\u00a0<\/span><strong>z\u00e9ro substance toxique<\/strong>.<br \/>\nElle est<span>\u00a0<\/span><strong>sans COV<\/strong>,<span>\u00a0<\/span><strong>sans radon<\/strong>,<span>\u00a0<\/span><strong>sans m\u00e9taux lourds<\/strong>,<span>\u00a0<\/span><strong>sans r\u00e9sines chimiques<\/strong>, et<span>\u00a0<\/span><strong>color\u00e9e dans la masse<\/strong><span>\u00a0<\/span>pour une esth\u00e9tique durable sans traitement de surface.<\/p>\n<hr \/>\n<h3>Une durabilit\u00e9 r\u00e9elle, pas seulement d\u00e9clar\u00e9e<\/h3>\n<ul>\n<li>100 % recyclable<\/li>\n<li>80 % de mat\u00e9riaux recycl\u00e9s<\/li>\n<li>Z\u00e9ro \u00e9mission<\/li>\n<li>10 cr\u00e9dits LEED pour la certification Green Building<\/li>\n<li>Certifi\u00e9e par ANAB \u2013 Architecture Bio\u00e9cologique, ICEA et CE<\/li>\n<\/ul>\n<p>Biopietra est la solution id\u00e9ale pour ceux qui souhaitent construire ou r\u00e9nover de mani\u00e8re responsable, sans compromis sur l\u2019esth\u00e9tique, le confort ou la performance.<\/p>\n<hr \/>\n<h3>Performances techniques sup\u00e9rieures<\/h3>\n<p>Biopietra est<span>\u00a0<\/span><strong>plus l\u00e9g\u00e8re<\/strong>,<span>\u00a0<\/span><strong>plus r\u00e9sistante<\/strong><span>\u00a0<\/span>et<span>\u00a0<\/span><strong>plus performante<\/strong><span>\u00a0<\/span>que la pierre naturelle ou reconstitu\u00e9e :<\/p>\n<ul>\n<li><strong>Respirante<\/strong><span>\u00a0<\/span>: \u00e9vite la condensation et donc le d\u00e9collement d\u00fb aux cycles de gel\/d\u00e9gel<\/li>\n<li><strong>R\u00e9sistante au gel<\/strong><span>\u00a0<\/span>: certifi\u00e9e selon UNI EN 771-5:2015<\/li>\n<li><strong>Ignifuge<\/strong><span>\u00a0<\/span>: classe A1, incombustible, r\u00e9sistante au feu et sans fum\u00e9e<\/li>\n<li><strong>Isolante acoustique<\/strong><span>\u00a0<\/span>: r\u00e9duit la propagation du son<\/li>\n<li><strong>Solar Reflex<\/strong><span>\u00a0<\/span>: r\u00e9fl\u00e9chit la chaleur et am\u00e9liore l\u2019efficacit\u00e9 \u00e9nerg\u00e9tique<\/li>\n<li><strong>Total White<\/strong><span>\u00a0<\/span>: jusqu\u2019\u00e0 30 % d\u2019\u00e9conomies d\u2019\u00e9nergie gr\u00e2ce \u00e0 la r\u00e9flexion de la lumi\u00e8re<\/li>\n<\/ul>\n<hr \/>\n<h3>Fiert\u00e9 italienne, qualit\u00e9 certifi\u00e9e<\/h3>\n<p>Biopietra est<span>\u00a0<\/span><strong>enti\u00e8rement fabriqu\u00e9e en Italie<\/strong>, avec une<span>\u00a0<\/span><strong>double certification CE<\/strong><span>\u00a0<\/span>(UNI EN 771-5:2015 et UNI EN 15286).<br \/>\nChaque produit est accompagn\u00e9 d\u2019une<span>\u00a0<\/span><strong>vid\u00e9o de pose accessible via QR code<\/strong>, garantissant une application parfaite m\u00eame sur chantier, gr\u00e2ce au syst\u00e8me<span>\u00a0<\/span><strong>Ecokoll, Biostucco et Biofin<\/strong>.<\/p>\n<hr \/>\n<h3>Parfaite pour tous les projets<\/h3>\n<p>Biopietra est id\u00e9ale pour :<\/p>\n<ul>\n<li><a href=\"https:\/\/biopietra.com\/gallery\/residenziale\/\">Rev\u00eatements muraux\u00a0ext\u00e9rieurs<\/a><\/li>\n<li><a href=\"https:\/\/biopietra.com\/gallery\/interior-design\/\">Rev\u00eatements muraux int\u00e9rieurs<\/a><\/li>\n<li><a href=\"https:\/\/biopietra.com\/gallery\/work-in-progress\/\">Syst\u00e8mes d\u2019isolation thermique et panneaux isolants<\/a><\/li>\n<li><a href=\"https:\/\/biopietra.com\/gallery\/hospitality-wellness\/\">Espaces priv\u00e9s et publics<\/a><\/li>\n<li><a href=\"https:\/\/biopietra.com\/gallery\/restauro-conservativo\/\">H\u00f4tels, spas, restaurants, boutiques, r\u00e9sidences et projets de restauration<\/a><\/li>\n<\/ul>\n<hr \/>\n<p>\ud83d\udd17<span>\u00a0<\/span><strong>Liens utiles<\/strong><\/p>\n<ul>\n<li><a class=\"fui-Link ___w5et180 f2hkw1w f3rmtva f1ewtqcl fyind8e f1k6fduh f1w7gpdv f1mo0ibp fjoy568 ff5ikls f1s184ao f1mk8lai fnbmjn9 f1o700av f13mvf36 f1cmlufx f9n3di6 f1ids18y f1tx3yz7 f1deo86v f1eh06m1 f1iescvh fhgqx19 f1olyrje f1p93eir f1nev41a\" href=\"https:\/\/biopietra.com\/fr\/tipologia-prodotto\/revetements-traditionnels-en-pierre-reconstituee\/\" target=\"_blank\" data-tabster=\"{&quot;restorer&quot;:{&quot;type&quot;:1}}\" rel=\"noopener\" tabindex=\"0\">Collections Biopietra<\/a><\/li>\n<li><a class=\"fui-Link ___w5et180 f2hkw1w f3rmtva f1ewtqcl fyind8e f1k6fduh f1w7gpdv f1mo0ibp fjoy568 ff5ikls f1s184ao f1mk8lai fnbmjn9 f1o700av f13mvf36 f1cmlufx f9n3di6 f1ids18y f1tx3yz7 f1deo86v f1eh06m1 f1iescvh fhgqx19 f1olyrje f1p93eir f1nev41a\" href=\"https:\/\/biopietra.com\/fr\/certifications\/\" target=\"_blank\" data-tabster=\"{&quot;restorer&quot;:{&quot;type&quot;:1}}\" rel=\"noopener\" tabindex=\"0\">Certifications et durabilit\u00e9<\/a><\/li>\n<li><a class=\"fui-Link ___w5et180 f2hkw1w f3rmtva f1ewtqcl fyind8e f1k6fduh f1w7gpdv f1mo0ibp fjoy568 ff5ikls f1s184ao f1mk8lai fnbmjn9 f1o700av f13mvf36 f1cmlufx f9n3di6 f1ids18y f1tx3yz7 f1deo86v f1eh06m1 f1iescvh fhgqx19 f1olyrje f1p93eir f1nev41a\" href=\"https:\/\/biopietra.com\/fr\/espace-technique\/tests-de-laboratoire\/\" target=\"_blank\" data-tabster=\"{&quot;restorer&quot;:{&quot;type&quot;:1}}\" rel=\"noopener\" tabindex=\"0\">Avantages techniques<\/a><\/li>\n<li><a class=\"fui-Link ___w5et180 f2hkw1w f3rmtva f1ewtqcl fyind8e f1k6fduh f1w7gpdv f1mo0ibp fjoy568 ff5ikls f1s184ao f1mk8lai fnbmjn9 f1o700av f13mvf36 f1cmlufx f9n3di6 f1ids18y f1tx3yz7 f1deo86v f1eh06m1 f1iescvh fhgqx19 f1olyrje f1p93eir f1nev41a\" href=\"https:\/\/biopietra.com\/fr\/contacts\/\" target=\"_blank\" data-tabster=\"{&quot;restorer&quot;:{&quot;type&quot;:1}}\" rel=\"noopener\" tabindex=\"0\">Demander un devis<\/a><\/li>\n<\/ul>\n<\/div>\n<\/div>\n<\/div>\n<p>&nbsp;<\/p>\n<p style=\"text-align: center;\"><a href=\"http:\/\/www.biopietra.com\/VT\/index.htm\" target=\"_blank\" rel=\"noopener\"><img loading=\"lazy\" decoding=\"async\" src=\"https:\/\/biopietra.com\/wp-content\/uploads\/2022\/02\/Biopietra-VT-logo-300x80.gif\" alt=\"\" width=\"300\" height=\"80\" class=\"alignnone size-medium wp-image-19528\" srcset=\"https:\/\/biopietra.com\/wp-content\/uploads\/2022\/02\/Biopietra-VT-logo-300x80.gif 300w, https:\/\/biopietra.com\/wp-content\/uploads\/2022\/02\/Biopietra-VT-logo-768x205.gif 768w, https:\/\/biopietra.com\/wp-content\/uploads\/2022\/02\/Biopietra-VT-logo-1024x273.gif 1024w\" sizes=\"auto, (max-width: 300px) 100vw, 300px\" \/><\/a><\/p>\n","protected":false},"excerpt":{"rendered":"<p>Biopietra :\u00a0solution \u00e9cologique et durable \u00e0 la pierre naturelle Pierre [&hellip;]<\/p>\n","protected":false},"author":4,"featured_media":12585,"parent":0,"menu_order":20,"comment_status":"closed","ping_status":"closed","template":"template-page-faq.php","meta":{"qubely_global_settings":"","qubely_interactions":"","rs_blank_template":"","rs_page_bg_color":"","slide_template_v7":"","rop_custom_images_group":[],"rop_custom_messages_group":[],"rop_publish_now":"initial","rop_publish_now_accounts":{"facebook_4317419521910128_433253626703258":""},"rop_publish_now_history":[],"rop_publish_now_status":"pending","footnotes":""},"class_list":["post-29706","page","type-page","status-publish","has-post-thumbnail","hentry"],"aioseo_notices":[],"yoast_head":"<!-- This site is optimized with the Yoast SEO plugin v27.4 - https:\/\/yoast.com\/product\/yoast-seo-wordpress\/ -->\n<title>Biopietra \u2013 Pierre r\u00e9g\u00e9n\u00e9r\u00e9e pour la bioarchitecture | Alternative durable au granit naturel<\/title>\n<meta name=\"description\" content=\"D\u00e9couvrez Biopietra, la pierre r\u00e9g\u00e9n\u00e9r\u00e9e pour la bioarchitecture : \u00e9cologique, non toxique, 100 % recyclable et fabriqu\u00e9e en Italie.\" \/>\n<meta name=\"robots\" content=\"index, follow, max-snippet:-1, max-image-preview:large, max-video-preview:-1\" \/>\n<link rel=\"canonical\" href=\"https:\/\/biopietra.com\/fr\/biopietra-pierre-regeneree-bioarchitecture\/\" \/>\n<meta property=\"og:locale\" content=\"fr_FR\" \/>\n<meta property=\"og:type\" content=\"article\" \/>\n<meta property=\"og:title\" content=\"Biopietra \u2013 Pierre r\u00e9g\u00e9n\u00e9r\u00e9e pour la bioarchitecture | Alternative durable au granit naturel\" \/>\n<meta property=\"og:description\" content=\"D\u00e9couvrez Biopietra, la pierre r\u00e9g\u00e9n\u00e9r\u00e9e pour la bioarchitecture : \u00e9cologique, non toxique, 100 % recyclable et fabriqu\u00e9e en Italie.\" \/>\n<meta property=\"og:url\" content=\"https:\/\/biopietra.com\/fr\/biopietra-pierre-regeneree-bioarchitecture\/\" \/>\n<meta property=\"og:site_name\" content=\"Biopietra\" \/>\n<meta property=\"article:modified_time\" content=\"2025-10-01T08:23:18+00:00\" \/>\n<meta property=\"og:image\" content=\"https:\/\/biopietra.com\/wp-content\/uploads\/2021\/08\/Biopietra-Showroom1.jpg\" \/>\n\t<meta property=\"og:image:width\" content=\"1280\" \/>\n\t<meta property=\"og:image:height\" content=\"803\" \/>\n\t<meta property=\"og:image:type\" content=\"image\/jpeg\" \/>\n<meta name=\"twitter:card\" content=\"summary_large_image\" \/>\n<meta name=\"twitter:label1\" content=\"Dur\u00e9e de lecture estim\u00e9e\" \/>\n\t<meta name=\"twitter:data1\" content=\"3 minutes\" \/>\n<script type=\"application\/ld+json\" class=\"yoast-schema-graph\">{\"@context\":\"https:\\\/\\\/schema.org\",\"@graph\":[{\"@type\":\"WebPage\",\"@id\":\"https:\\\/\\\/biopietra.com\\\/fr\\\/biopietra-pierre-regeneree-bioarchitecture\\\/\",\"url\":\"https:\\\/\\\/biopietra.com\\\/fr\\\/biopietra-pierre-regeneree-bioarchitecture\\\/\",\"name\":\"Biopietra \u2013 Pierre r\u00e9g\u00e9n\u00e9r\u00e9e pour la bioarchitecture | Alternative durable au granit naturel\",\"isPartOf\":{\"@id\":\"https:\\\/\\\/biopietra.com\\\/#website\"},\"primaryImageOfPage\":{\"@id\":\"https:\\\/\\\/biopietra.com\\\/fr\\\/biopietra-pierre-regeneree-bioarchitecture\\\/#primaryimage\"},\"image\":{\"@id\":\"https:\\\/\\\/biopietra.com\\\/fr\\\/biopietra-pierre-regeneree-bioarchitecture\\\/#primaryimage\"},\"thumbnailUrl\":\"https:\\\/\\\/biopietra.com\\\/wp-content\\\/uploads\\\/2021\\\/08\\\/Biopietra-Showroom1.jpg\",\"datePublished\":\"2025-07-31T14:43:00+00:00\",\"dateModified\":\"2025-10-01T08:23:18+00:00\",\"description\":\"D\u00e9couvrez Biopietra, la pierre r\u00e9g\u00e9n\u00e9r\u00e9e pour la bioarchitecture : \u00e9cologique, non toxique, 100 % recyclable et fabriqu\u00e9e en Italie.\",\"breadcrumb\":{\"@id\":\"https:\\\/\\\/biopietra.com\\\/fr\\\/biopietra-pierre-regeneree-bioarchitecture\\\/#breadcrumb\"},\"inLanguage\":\"fr-FR\",\"potentialAction\":[{\"@type\":\"ReadAction\",\"target\":[\"https:\\\/\\\/biopietra.com\\\/fr\\\/biopietra-pierre-regeneree-bioarchitecture\\\/\"]}]},{\"@type\":\"ImageObject\",\"inLanguage\":\"fr-FR\",\"@id\":\"https:\\\/\\\/biopietra.com\\\/fr\\\/biopietra-pierre-regeneree-bioarchitecture\\\/#primaryimage\",\"url\":\"https:\\\/\\\/biopietra.com\\\/wp-content\\\/uploads\\\/2021\\\/08\\\/Biopietra-Showroom1.jpg\",\"contentUrl\":\"https:\\\/\\\/biopietra.com\\\/wp-content\\\/uploads\\\/2021\\\/08\\\/Biopietra-Showroom1.jpg\",\"width\":1280,\"height\":803,\"caption\":\"salle d'exposition au rez-de-chauss\u00e9e\"},{\"@type\":\"BreadcrumbList\",\"@id\":\"https:\\\/\\\/biopietra.com\\\/fr\\\/biopietra-pierre-regeneree-bioarchitecture\\\/#breadcrumb\",\"itemListElement\":[{\"@type\":\"ListItem\",\"position\":1,\"name\":\"Home\",\"item\":\"https:\\\/\\\/biopietra.com\\\/fr\\\/\"},{\"@type\":\"ListItem\",\"position\":2,\"name\":\"Qu\u2019est-ce que biopietra ? la r\u00e9volution de la pierre \u00e9cologique italienne\"}]},{\"@type\":\"WebSite\",\"@id\":\"https:\\\/\\\/biopietra.com\\\/#website\",\"url\":\"https:\\\/\\\/biopietra.com\\\/\",\"name\":\"Biopietra\",\"description\":\"The Green Stone Industry\",\"potentialAction\":[{\"@type\":\"SearchAction\",\"target\":{\"@type\":\"EntryPoint\",\"urlTemplate\":\"https:\\\/\\\/biopietra.com\\\/?s={search_term_string}\"},\"query-input\":{\"@type\":\"PropertyValueSpecification\",\"valueRequired\":true,\"valueName\":\"search_term_string\"}}],\"inLanguage\":\"fr-FR\"}]}<\/script>\n<!-- \/ Yoast SEO plugin. -->","yoast_head_json":{"title":"Biopietra \u2013 Pierre r\u00e9g\u00e9n\u00e9r\u00e9e pour la bioarchitecture | Alternative durable au granit naturel","description":"D\u00e9couvrez Biopietra, la pierre r\u00e9g\u00e9n\u00e9r\u00e9e pour la bioarchitecture : \u00e9cologique, non toxique, 100 % recyclable et fabriqu\u00e9e en Italie.","robots":{"index":"index","follow":"follow","max-snippet":"max-snippet:-1","max-image-preview":"max-image-preview:large","max-video-preview":"max-video-preview:-1"},"canonical":"https:\/\/biopietra.com\/fr\/biopietra-pierre-regeneree-bioarchitecture\/","og_locale":"fr_FR","og_type":"article","og_title":"Biopietra \u2013 Pierre r\u00e9g\u00e9n\u00e9r\u00e9e pour la bioarchitecture | Alternative durable au granit naturel","og_description":"D\u00e9couvrez Biopietra, la pierre r\u00e9g\u00e9n\u00e9r\u00e9e pour la bioarchitecture : \u00e9cologique, non toxique, 100 % recyclable et fabriqu\u00e9e en Italie.","og_url":"https:\/\/biopietra.com\/fr\/biopietra-pierre-regeneree-bioarchitecture\/","og_site_name":"Biopietra","article_modified_time":"2025-10-01T08:23:18+00:00","og_image":[{"width":1280,"height":803,"url":"https:\/\/biopietra.com\/wp-content\/uploads\/2021\/08\/Biopietra-Showroom1.jpg","type":"image\/jpeg"}],"twitter_card":"summary_large_image","twitter_misc":{"Dur\u00e9e de lecture estim\u00e9e":"3 minutes"},"schema":{"@context":"https:\/\/schema.org","@graph":[{"@type":"WebPage","@id":"https:\/\/biopietra.com\/fr\/biopietra-pierre-regeneree-bioarchitecture\/","url":"https:\/\/biopietra.com\/fr\/biopietra-pierre-regeneree-bioarchitecture\/","name":"Biopietra \u2013 Pierre r\u00e9g\u00e9n\u00e9r\u00e9e pour la bioarchitecture | Alternative durable au granit naturel","isPartOf":{"@id":"https:\/\/biopietra.com\/#website"},"primaryImageOfPage":{"@id":"https:\/\/biopietra.com\/fr\/biopietra-pierre-regeneree-bioarchitecture\/#primaryimage"},"image":{"@id":"https:\/\/biopietra.com\/fr\/biopietra-pierre-regeneree-bioarchitecture\/#primaryimage"},"thumbnailUrl":"https:\/\/biopietra.com\/wp-content\/uploads\/2021\/08\/Biopietra-Showroom1.jpg","datePublished":"2025-07-31T14:43:00+00:00","dateModified":"2025-10-01T08:23:18+00:00","description":"D\u00e9couvrez Biopietra, la pierre r\u00e9g\u00e9n\u00e9r\u00e9e pour la bioarchitecture : \u00e9cologique, non toxique, 100 % recyclable et fabriqu\u00e9e en Italie.","breadcrumb":{"@id":"https:\/\/biopietra.com\/fr\/biopietra-pierre-regeneree-bioarchitecture\/#breadcrumb"},"inLanguage":"fr-FR","potentialAction":[{"@type":"ReadAction","target":["https:\/\/biopietra.com\/fr\/biopietra-pierre-regeneree-bioarchitecture\/"]}]},{"@type":"ImageObject","inLanguage":"fr-FR","@id":"https:\/\/biopietra.com\/fr\/biopietra-pierre-regeneree-bioarchitecture\/#primaryimage","url":"https:\/\/biopietra.com\/wp-content\/uploads\/2021\/08\/Biopietra-Showroom1.jpg","contentUrl":"https:\/\/biopietra.com\/wp-content\/uploads\/2021\/08\/Biopietra-Showroom1.jpg","width":1280,"height":803,"caption":"salle d'exposition au rez-de-chauss\u00e9e"},{"@type":"BreadcrumbList","@id":"https:\/\/biopietra.com\/fr\/biopietra-pierre-regeneree-bioarchitecture\/#breadcrumb","itemListElement":[{"@type":"ListItem","position":1,"name":"Home","item":"https:\/\/biopietra.com\/fr\/"},{"@type":"ListItem","position":2,"name":"Qu\u2019est-ce que biopietra ? la r\u00e9volution de la pierre \u00e9cologique italienne"}]},{"@type":"WebSite","@id":"https:\/\/biopietra.com\/#website","url":"https:\/\/biopietra.com\/","name":"Biopietra","description":"The Green Stone Industry","potentialAction":[{"@type":"SearchAction","target":{"@type":"EntryPoint","urlTemplate":"https:\/\/biopietra.com\/?s={search_term_string}"},"query-input":{"@type":"PropertyValueSpecification","valueRequired":true,"valueName":"search_term_string"}}],"inLanguage":"fr-FR"}]}},"_links":{"self":[{"href":"https:\/\/biopietra.com\/fr\/wp-json\/wp\/v2\/pages\/29706","targetHints":{"allow":["GET"]}}],"collection":[{"href":"https:\/\/biopietra.com\/fr\/wp-json\/wp\/v2\/pages"}],"about":[{"href":"https:\/\/biopietra.com\/fr\/wp-json\/wp\/v2\/types\/page"}],"author":[{"embeddable":true,"href":"https:\/\/biopietra.com\/fr\/wp-json\/wp\/v2\/users\/4"}],"replies":[{"embeddable":true,"href":"https:\/\/biopietra.com\/fr\/wp-json\/wp\/v2\/comments?post=29706"}],"version-history":[{"count":7,"href":"https:\/\/biopietra.com\/fr\/wp-json\/wp\/v2\/pages\/29706\/revisions"}],"predecessor-version":[{"id":30224,"href":"https:\/\/biopietra.com\/fr\/wp-json\/wp\/v2\/pages\/29706\/revisions\/30224"}],"wp:featuredmedia":[{"embeddable":true,"href":"https:\/\/biopietra.com\/fr\/wp-json\/wp\/v2\/media\/12585"}],"wp:attachment":[{"href":"https:\/\/biopietra.com\/fr\/wp-json\/wp\/v2\/media?parent=29706"}],"curies":[{"name":"wp","href":"https:\/\/api.w.org\/{rel}","templated":true}]}}