{"id":3122,"date":"2016-05-31T17:29:47","date_gmt":"2016-05-31T15:29:47","guid":{"rendered":"http:\/\/biopietra.com\/home\/"},"modified":"2025-09-30T09:38:29","modified_gmt":"2025-09-30T07:38:29","slug":"revetements-ecologiques-pierre-regeneree-biopietra-artificielle-reconstituee","status":"publish","type":"page","link":"https:\/\/biopietra.com\/fr\/","title":{"rendered":"BIOPIETRA &#8211; rev\u00eatements \u00e9cologiques en pierre r\u00e9g\u00e9n\u00e9r\u00e9e Made in Italy"},"content":{"rendered":"<h3><strong>REV\u00caTEMENT \u00c9COLOGIQUE EN PIERRE R\u00c9G\u00c9N\u00c9R\u00c9E POUR UNE CONSTRUCTION DURABLE<\/strong><\/h3>\n<h4><strong>Un rev\u00eatement durable pour l\u2019architecture moderne<\/strong><\/h4>\n<p>Biopietra con\u00e7oit et fabrique des\u00a0<span style=\"font-size: 16px;\"> <\/span><a href=\"https:\/\/biopietra.com\/fr\/tipologia-prodotto\/revetements-traditionnels-en-pierre-reconstituee\/\" style=\"font-size: 16px;\"><strong>rev\u00eatements \u00e9cologiques en pierre r\u00e9g\u00e9n\u00e9r\u00e9e<\/strong><\/a><span style=\"font-size: 16px;\">,\u00a0<\/span>parfaits pour les <strong>projets de construction durable<\/strong>, en int\u00e9rieur comme en ext\u00e9rieur. Dans l\u2019architecture contemporaine, la pierre r\u00e9g\u00e9n\u00e9r\u00e9e est un <strong>\u00e9l\u00e9ment cl\u00e9<\/strong> gr\u00e2ce \u00e0 sa <strong>grande r\u00e9sistance m\u00e9canique<\/strong>, sup\u00e9rieure \u00e0 celle de la pierre reconstitu\u00e9e traditionnelle.<br \/>\nNos produits allient <strong>savoir-faire italien<\/strong>, <strong>solidit\u00e9 structurelle<\/strong> et <strong>responsabilit\u00e9 environnementale<\/strong>, ce qui en fait le choix id\u00e9al pour les architectes, designers et particuliers.<\/p>\n<p>Chaque produit est <strong>Made in Italy<\/strong>,\u00a0<a href=\"https:\/\/europa.eu\/youreurope\/business\/product-requirements\/labels-markings\/ce-marking\/index_fr.htm\"><strong>marqu\u00e9 CE<\/strong><\/a> et conforme aux\u00a0<a href=\"https:\/\/europa.eu\/youreurope\/business\/product-requirements\/standards\/standards-in-europe\/index_fr.htm\"><strong>normes UNI EN ISO<\/strong><\/a>,\u00a0<a href=\"https:\/\/eur-lex.europa.eu\/legal-content\/FR\/LSU\/?uri=oj%3AJOL_2014_013_R_0001_01\"><strong>sans \u00e9missions radioactives<\/strong><\/a>.<\/p>\n<h3><strong>Pourquoi choisir les rev\u00eatements \u00e9cologiques Biopietra ?<\/strong><\/h3>\n<p>Depuis plus de <strong>35 ans<\/strong>, Biopietra est un acteur de r\u00e9f\u00e9rence dans les <strong>solutions de construction durable<\/strong>. Nos rev\u00eatements en pierre r\u00e9g\u00e9n\u00e9r\u00e9e associent <strong>design, durabilit\u00e9 et confort de vie<\/strong>. Ils sont con\u00e7us pour une <strong>\u00e9conomie circulaire<\/strong>, contribuant \u00e0 des <strong>espaces plus sains<\/strong> et \u00e0 un <strong>impact environnemental r\u00e9duit<\/strong>.<\/p>\n<p>D\u00e9couvrez \u00e9galement notre collection de<span>\u00a0<\/span><a href=\"https:\/\/biopietra.com\/fr\/projet\/interior-design\/\"><strong>rev\u00eatements pour int\u00e9rieurs<\/strong><\/a>.<\/p>\n<h3><strong>Design personnalisable et installation facile<\/strong><\/h3>\n<p>Gr\u00e2ce \u00e0 leurs <strong>profils fins (1\u20133 cm)<\/strong> et \u00e0 leur <strong>poids r\u00e9duit<\/strong>, nos rev\u00eatements sont faciles \u00e0 poser sur toutes les surfaces et offrent <strong>des possibilit\u00e9s de design infinies<\/strong> \u2013 parfaits pour :<\/p>\n<h4><a href=\"https:\/\/biopietra.com\/fr\/projet\/residenziale\/\"><strong>Applications ext\u00e9rieures<\/strong><\/a><\/h4>\n<ul>\n<li><strong>Fa\u00e7ades ventil\u00e9es<\/strong> \u2013 Am\u00e9liorez l\u2019efficacit\u00e9 \u00e9nerg\u00e9tique et l\u2019esth\u00e9tique<\/li>\n<li><strong>Syst\u00e8mes d\u2019isolation thermique (ITE)<\/strong> \u2013 Alliez isolation et design<\/li>\n<li><strong>Balcons &amp; terrasses<\/strong> \u2013 \u00c9l\u00e9gance sans surcharge structurelle<\/li>\n<li><strong>Sur\u00e9l\u00e9vations &amp; combles<\/strong> \u2013 Id\u00e9al pour les zones sensibles au poids<\/li>\n<li><strong>Murets &amp; cuisines ext\u00e9rieures<\/strong> \u2013 R\u00e9sistants et durables<\/li>\n<\/ul>\n<h4><a href=\"https:\/\/biopietra.com\/fr\/projet\/interior-design\/\"><strong>Applications int\u00e9rieures<\/strong><\/a><\/h4>\n<ul>\n<li><strong>Murs d\u00e9coratifs dans le salon<\/strong> \u2013 Effet pierre naturelle<\/li>\n<li><strong>Habillage de chemin\u00e9e<\/strong> \u2013 R\u00e9sistant \u00e0 la chaleur et facile \u00e0 poser<\/li>\n<li><strong>Cr\u00e9dences de cuisine<\/strong> \u2013 \u00c9l\u00e9gantes et pratiques<\/li>\n<li><strong>Murs d\u2019accent dans la salle de bain<\/strong> \u2013 R\u00e9sistants \u00e0 l\u2019humidit\u00e9<\/li>\n<li><strong>Murs d\u2019escaliers<\/strong> \u2013 Sublimez les espaces verticaux<\/li>\n<\/ul>\n<h4><a href=\"https:\/\/biopietra.com\/fr\/projet\/hospitality-wellness\/\"><strong>Espaces commerciaux &amp; publics<\/strong><\/a><\/h4>\n<ul>\n<li><strong>Halls d\u2019h\u00f4tel &amp; r\u00e9ceptions<\/strong> \u2013 Luxueux et durables<\/li>\n<li><strong>Magasins<\/strong> \u2013 R\u00e9novations rapides avec un look premium<\/li>\n<li><strong>Restaurants &amp; caf\u00e9s<\/strong> \u2013 Ambiance chaleureuse et naturelle<\/li>\n<li><strong>Murs d\u00e9coratifs de bureaux<\/strong> \u2013 Design moderne et \u00e9cologique<\/li>\n<\/ul>\n<p>Nos<span style=\"font-size: 16px;\"> <\/span><strong style=\"font-size: 16px;\"><a href=\"https:\/\/www.bimobject.com\/it\/biopietra-srl?location=us\">textures<\/a> sont disponibles dans diff\u00e9rentes variantes chromatiques<\/strong><span style=\"font-size: 16px;\">, mettant en valeur c<a href=\"https:\/\/biopietra.com\/fr\/projet\/work-in-progress\/\">haque projet\u00a0avec<\/a><\/span><span style=\"font-size: 16px;\">\u00a0<\/span><strong style=\"font-size: 16px;\">\u00e9l\u00e9gance et authenticit\u00e9<\/strong><span style=\"font-size: 16px;\">.<\/span><\/p>\n<h3><strong>Int\u00e9gration architecturale et respect du paysage<\/strong><\/h3>\n<p>Biopietra reproduit fid\u00e8lement <strong>l\u2019esth\u00e9tique des pierres locales<\/strong>, garantissant une <strong>int\u00e9gration harmonieuse<\/strong> dans tout style architectural, tout en respectant <strong>l\u2019identit\u00e9 culturelle et environnementale<\/strong> des lieux.<\/p>\n<p>\u27a1 Pour en savoir plus sur les normes, consultez le site officiel de<span style=\"font-size: 16px;\"> <\/span><a href=\"https:\/\/www.uni.com\/en\/\" style=\"font-size: 16px;\"><strong>l\u2019UNI \u2013 Ente Italiano di Normazione<\/strong><\/a><span style=\"font-size: 16px;\">.<\/span><\/p>\n<h3><a href=\"https:\/\/biopietra.com\/fr\/company\/avantages-benefices-biopietra\/\">Avantages<\/a> des rev\u00eatements Biopietra<\/h3>\n<ul>\n<li>100 % Made in Italy<\/li>\n<li>Marquage CE \/ UKCA et conformit\u00e9 UNI EN ISO<\/li>\n<li>Mat\u00e9riaux \u00e9cologiques et s\u00fbrs<\/li>\n<li>Personnalisation sur demande<\/li>\n<li>Id\u00e9al pour la construction \u00e9cologique et les r\u00e9novations vertes<\/li>\n<\/ul>\n<h3><strong>Demandez d\u00e8s maintenant votre devis gratuit et lancez votre projet durable !<\/strong><\/h3>\n<p>D\u00e9couvrez comment les\u00a0<a href=\"https:\/\/www.biopietra.com\/VT\/index.htm\"><strong>rev\u00eatements \u00e9cologiques en pierre r\u00e9g\u00e9n\u00e9r\u00e9e Biopietra<\/strong>\u00a0<\/a>peuvent transformer votre projet de construction.<\/p>\n<p>Transformez votre b\u00e2timent avec les <strong>rev\u00eatements \u00e9cologiques en pierre r\u00e9g\u00e9n\u00e9r\u00e9e Biopietra<\/strong>.<\/p>\n<p>\ud83d\udcde <strong>Appelez-nous :<\/strong> +39 0365 503943<br \/>\n\ud83d\udce7 <strong>E-mail :<\/strong> info@biopietra.com<br \/>\n\u2705 <strong>Demandez votre devis gratuit d\u00e8s maintenant<\/strong><\/p>\n<p>&nbsp;<\/p>\n","protected":false},"excerpt":{"rendered":"<p>REV\u00caTEMENT \u00c9COLOGIQUE EN PIERRE R\u00c9G\u00c9N\u00c9R\u00c9E POUR UNE CONSTRUCTION DURABLE Un [&hellip;]<\/p>\n","protected":false},"author":2,"featured_media":0,"parent":0,"menu_order":119,"comment_status":"closed","ping_status":"closed","template":"front-page.php","meta":{"qubely_global_settings":"","qubely_interactions":"","rop_custom_images_group":[],"rop_custom_messages_group":[],"rop_publish_now":"initial","rop_publish_now_accounts":{"facebook_4317419521910128_433253626703258":""},"rop_publish_now_history":[],"rop_publish_now_status":"pending","footnotes":""},"class_list":["post-3122","page","type-page","status-publish","hentry"],"aioseo_notices":[],"yoast_head":"<!-- This site is optimized with the Yoast SEO plugin v27.4 - https:\/\/yoast.com\/product\/yoast-seo-wordpress\/ -->\n<title>BIOPIETRA - rev\u00eatements \u00e9cologiques en pierre r\u00e9g\u00e9n\u00e9r\u00e9e Made in Italy<\/title>\n<meta name=\"description\" content=\"D\u00e9couvrez les rev\u00eatements \u00e9cologiques en pierre r\u00e9g\u00e9n\u00e9r\u00e9e Biopietra : durables, certifi\u00e9s et id\u00e9aux pour l\u2019int\u00e9rieur et l\u2019ext\u00e9rieur.\" \/>\n<meta name=\"robots\" content=\"index, follow, max-snippet:-1, max-image-preview:large, max-video-preview:-1\" \/>\n<link rel=\"canonical\" href=\"https:\/\/biopietra.com\/fr\/\" \/>\n<meta property=\"og:locale\" content=\"fr_FR\" \/>\n<meta property=\"og:type\" content=\"article\" \/>\n<meta property=\"og:title\" content=\"BIOPIETRA - rev\u00eatements \u00e9cologiques en pierre r\u00e9g\u00e9n\u00e9r\u00e9e Made in Italy\" \/>\n<meta property=\"og:description\" content=\"D\u00e9couvrez les rev\u00eatements \u00e9cologiques en pierre r\u00e9g\u00e9n\u00e9r\u00e9e Biopietra : durables, certifi\u00e9s et id\u00e9aux pour l\u2019int\u00e9rieur et l\u2019ext\u00e9rieur.\" \/>\n<meta property=\"og:url\" content=\"https:\/\/biopietra.com\/fr\/\" \/>\n<meta property=\"og:site_name\" content=\"Biopietra\" \/>\n<meta property=\"article:modified_time\" content=\"2025-09-30T07:38:29+00:00\" \/>\n<meta name=\"twitter:card\" content=\"summary_large_image\" \/>\n<meta name=\"twitter:label1\" content=\"Dur\u00e9e de lecture estim\u00e9e\" \/>\n\t<meta name=\"twitter:data1\" content=\"3 minutes\" \/>\n<script type=\"application\/ld+json\" class=\"yoast-schema-graph\">{\"@context\":\"https:\\\/\\\/schema.org\",\"@graph\":[{\"@type\":\"WebPage\",\"@id\":\"https:\\\/\\\/biopietra.com\\\/fr\\\/\",\"url\":\"https:\\\/\\\/biopietra.com\\\/fr\\\/\",\"name\":\"BIOPIETRA - rev\u00eatements \u00e9cologiques en pierre r\u00e9g\u00e9n\u00e9r\u00e9e Made in Italy\",\"isPartOf\":{\"@id\":\"https:\\\/\\\/biopietra.com\\\/#website\"},\"datePublished\":\"2016-05-31T15:29:47+00:00\",\"dateModified\":\"2025-09-30T07:38:29+00:00\",\"description\":\"D\u00e9couvrez les rev\u00eatements \u00e9cologiques en pierre r\u00e9g\u00e9n\u00e9r\u00e9e Biopietra : durables, certifi\u00e9s et id\u00e9aux pour l\u2019int\u00e9rieur et l\u2019ext\u00e9rieur.\",\"breadcrumb\":{\"@id\":\"https:\\\/\\\/biopietra.com\\\/fr\\\/#breadcrumb\"},\"inLanguage\":\"fr-FR\",\"potentialAction\":[{\"@type\":\"ReadAction\",\"target\":[\"https:\\\/\\\/biopietra.com\\\/fr\\\/\"]}]},{\"@type\":\"BreadcrumbList\",\"@id\":\"https:\\\/\\\/biopietra.com\\\/fr\\\/#breadcrumb\",\"itemListElement\":[{\"@type\":\"ListItem\",\"position\":1,\"name\":\"Home\",\"item\":\"https:\\\/\\\/biopietra.com\\\/fr\\\/\"},{\"@type\":\"ListItem\",\"position\":2,\"name\":\"BIOPIETRA &#8211; rev\u00eatements \u00e9cologiques en pierre r\u00e9g\u00e9n\u00e9r\u00e9e Made in Italy\"}]},{\"@type\":\"WebSite\",\"@id\":\"https:\\\/\\\/biopietra.com\\\/#website\",\"url\":\"https:\\\/\\\/biopietra.com\\\/\",\"name\":\"Biopietra\",\"description\":\"The Green Stone Industry\",\"potentialAction\":[{\"@type\":\"SearchAction\",\"target\":{\"@type\":\"EntryPoint\",\"urlTemplate\":\"https:\\\/\\\/biopietra.com\\\/?s={search_term_string}\"},\"query-input\":{\"@type\":\"PropertyValueSpecification\",\"valueRequired\":true,\"valueName\":\"search_term_string\"}}],\"inLanguage\":\"fr-FR\"}]}<\/script>\n<!-- \/ Yoast SEO plugin. -->","yoast_head_json":{"title":"BIOPIETRA - rev\u00eatements \u00e9cologiques en pierre r\u00e9g\u00e9n\u00e9r\u00e9e Made in Italy","description":"D\u00e9couvrez les rev\u00eatements \u00e9cologiques en pierre r\u00e9g\u00e9n\u00e9r\u00e9e Biopietra : durables, certifi\u00e9s et id\u00e9aux pour l\u2019int\u00e9rieur et l\u2019ext\u00e9rieur.","robots":{"index":"index","follow":"follow","max-snippet":"max-snippet:-1","max-image-preview":"max-image-preview:large","max-video-preview":"max-video-preview:-1"},"canonical":"https:\/\/biopietra.com\/fr\/","og_locale":"fr_FR","og_type":"article","og_title":"BIOPIETRA - rev\u00eatements \u00e9cologiques en pierre r\u00e9g\u00e9n\u00e9r\u00e9e Made in Italy","og_description":"D\u00e9couvrez les rev\u00eatements \u00e9cologiques en pierre r\u00e9g\u00e9n\u00e9r\u00e9e Biopietra : durables, certifi\u00e9s et id\u00e9aux pour l\u2019int\u00e9rieur et l\u2019ext\u00e9rieur.","og_url":"https:\/\/biopietra.com\/fr\/","og_site_name":"Biopietra","article_modified_time":"2025-09-30T07:38:29+00:00","twitter_card":"summary_large_image","twitter_misc":{"Dur\u00e9e de lecture estim\u00e9e":"3 minutes"},"schema":{"@context":"https:\/\/schema.org","@graph":[{"@type":"WebPage","@id":"https:\/\/biopietra.com\/fr\/","url":"https:\/\/biopietra.com\/fr\/","name":"BIOPIETRA - rev\u00eatements \u00e9cologiques en pierre r\u00e9g\u00e9n\u00e9r\u00e9e Made in Italy","isPartOf":{"@id":"https:\/\/biopietra.com\/#website"},"datePublished":"2016-05-31T15:29:47+00:00","dateModified":"2025-09-30T07:38:29+00:00","description":"D\u00e9couvrez les rev\u00eatements \u00e9cologiques en pierre r\u00e9g\u00e9n\u00e9r\u00e9e Biopietra : durables, certifi\u00e9s et id\u00e9aux pour l\u2019int\u00e9rieur et l\u2019ext\u00e9rieur.","breadcrumb":{"@id":"https:\/\/biopietra.com\/fr\/#breadcrumb"},"inLanguage":"fr-FR","potentialAction":[{"@type":"ReadAction","target":["https:\/\/biopietra.com\/fr\/"]}]},{"@type":"BreadcrumbList","@id":"https:\/\/biopietra.com\/fr\/#breadcrumb","itemListElement":[{"@type":"ListItem","position":1,"name":"Home","item":"https:\/\/biopietra.com\/fr\/"},{"@type":"ListItem","position":2,"name":"BIOPIETRA &#8211; rev\u00eatements \u00e9cologiques en pierre r\u00e9g\u00e9n\u00e9r\u00e9e Made in Italy"}]},{"@type":"WebSite","@id":"https:\/\/biopietra.com\/#website","url":"https:\/\/biopietra.com\/","name":"Biopietra","description":"The Green Stone Industry","potentialAction":[{"@type":"SearchAction","target":{"@type":"EntryPoint","urlTemplate":"https:\/\/biopietra.com\/?s={search_term_string}"},"query-input":{"@type":"PropertyValueSpecification","valueRequired":true,"valueName":"search_term_string"}}],"inLanguage":"fr-FR"}]}},"_links":{"self":[{"href":"https:\/\/biopietra.com\/fr\/wp-json\/wp\/v2\/pages\/3122\/"}],"collection":[{"href":"https:\/\/biopietra.com\/fr\/wp-json\/wp\/v2\/pages\/"}],"about":[{"href":"https:\/\/biopietra.com\/fr\/wp-json\/wp\/v2\/types\/page\/"}],"author":[{"embeddable":true,"href":"https:\/\/biopietra.com\/fr\/wp-json\/wp\/v2\/users\/2\/"}],"replies":[{"embeddable":true,"href":"https:\/\/biopietra.com\/fr\/wp-json\/wp\/v2\/comments\/?post=3122"}],"version-history":[{"count":16,"href":"https:\/\/biopietra.com\/fr\/wp-json\/wp\/v2\/pages\/3122\/revisions\/"}],"predecessor-version":[{"id":30193,"href":"https:\/\/biopietra.com\/fr\/wp-json\/wp\/v2\/pages\/3122\/revisions\/30193\/"}],"wp:attachment":[{"href":"https:\/\/biopietra.com\/fr\/wp-json\/wp\/v2\/media\/?parent=3122"}],"curies":[{"name":"wp","href":"https:\/\/api.w.org\/{rel}","templated":true}]}}