{"id":3124,"date":"2016-06-20T12:03:18","date_gmt":"2016-06-20T10:03:18","guid":{"rendered":"http:\/\/biopietra.com\/company\/"},"modified":"2025-10-02T11:06:54","modified_gmt":"2025-10-02T09:06:54","slug":"company-2","status":"publish","type":"page","link":"https:\/\/biopietra.com\/fr\/company-2\/","title":{"rendered":"Entreprise"},"content":{"rendered":"<div class=\"col-md-6\"><a href=\"https:\/\/biopietra.com\/fr\/\"><strong>Biopietra Srl\u00a0<\/strong><\/a>est une entreprise italienne, leader sur le march\u00e9 des solutions de rev\u00eatement en pierre \u00e9cologique de haute qualit\u00e9, esth\u00e9tiques et faciles \u00e0 installer, pour l\u2019int\u00e9rieur comme pour l\u2019ext\u00e9rieur. Fi\u00e8rement fabriqu\u00e9e et d\u00e9tenue en Italie. Fond\u00e9e en 1999, elle est situ\u00e9e au c\u0153ur d\u2019un parc naturel sur le lac de Garde, \u00e0 Brescia. L\u2019entreprise est sp\u00e9cialis\u00e9e dans la production de rev\u00eatements \u00e9cologiques en pierre naturelle r\u00e9g\u00e9n\u00e9r\u00e9e, certifi\u00e9s pour les installations en int\u00e9rieur et sur les fa\u00e7ades ext\u00e9rieures. Biopietra r\u00e9pond ainsi parfaitement aux exigences de l\u2019habitat contemporain.<\/div>\n<div class=\"col-md-8 col-md-offset-2\">\n<p>De plus, Biopietra est la seule pierre r\u00e9g\u00e9n\u00e9r\u00e9e en Europe \u00e0 disposer de certifications pour le secteur du b\u00e2timent durable. Gr\u00e2ce \u00e0 ces certifications, elle contribue activement \u00e0 l\u2019obtention de la certification LEED (Leadership in Energy and Environmental Design) pour l\u2019architecture \u00e9cologique.<\/p>\n<hr \/>\n<p><strong>Mission et Valeurs<\/strong><br \/>\nBiopietra s\u2019engage activement \u00e0 promouvoir la durabilit\u00e9 environnementale, l\u2019innovation et la qualit\u00e9. Pour atteindre ces objectifs, l\u2019entreprise utilise des mati\u00e8res premi\u00e8res recycl\u00e9es et renouvelables, garantissant l\u2019absence totale d\u2019\u00e9missions nocives et de substances chimiques telles que les COV (compos\u00e9s organiques volatils), le radon, le formald\u00e9hyde, les r\u00e9sines et autres substances toxiques. En accord avec cette vision, la mission de Biopietra est de cr\u00e9er un environnement sans toxines, visant \u00e0 am\u00e9liorer la qualit\u00e9 de vie de ses clients et \u00e0 contribuer \u00e0 la construction d\u2019un avenir durable.<\/p>\n<hr \/>\n<p><strong>Produits et Services<\/strong><br \/>\nBiopietra propose une gamme de solutions innovantes et certifi\u00e9es pour la construction durable. En particulier, ses rev\u00eatements en pierre r\u00e9g\u00e9n\u00e9r\u00e9e se distinguent par leur respirabilit\u00e9 et l\u2019absence d\u2019\u00e9missions nocives, ce qui les rend id\u00e9aux pour les applications int\u00e9rieures et ext\u00e9rieures.<\/p>\n<p>L\u2019entreprise s\u2019adresse \u00e0 une client\u00e8le vari\u00e9e, incluant ceux qui recherchent des produits durables au design traditionnel ou contemporain. Gr\u00e2ce \u00e0 cette polyvalence, Biopietra est en mesure de r\u00e9pondre aux attentes des clients soucieux \u00e0 la fois de l\u2019esth\u00e9tique et des caract\u00e9ristiques \u00e9cologiques, que ce soit pour une r\u00e9sidence principale ou secondaire.<\/p>\n<hr \/>\n<p><strong>Projets Futurs<\/strong><br \/>\nTourn\u00e9e vers l\u2019avenir, Biopietra mise sur la recherche, le d\u00e9veloppement et des investissements cibl\u00e9s. L\u2019entreprise souhaite \u00e9largir son offre durable, anticiper les besoins du march\u00e9 et promouvoir des solutions innovantes dans le respect de l\u2019environnement.<\/p>\n<hr \/>\n<p><strong>Prix et Distinctions<\/strong><br \/>\nBiopietra a re\u00e7u de nombreux prix et distinctions pour son excellence dans le secteur des rev\u00eatements en pierre \u00e9cologique et pour son engagement en faveur de la durabilit\u00e9 et de l\u2019innovation. Offrant une gamme de produits certifi\u00e9s et \u00e0 la pointe de la technologie, alliant esth\u00e9tique, performance et respect de l\u2019environnement, les mat\u00e9riaux Biopietra sont respirants et exempts d\u2019\u00e9missions nocives \u2013 le choix id\u00e9al pour des projets de design int\u00e9rieur et ext\u00e9rieur, garantissant bien-\u00eatre et valeur durable.<\/p>\n<div class=\"col-md-8 col-md-offset-2\">\n<h3 style=\"text-align: center;\"><a href=\"http:\/\/biopietra.com\/fr\/company\/industria-4-0\/\">D\u00c9COUVREZ L\u2019INDUSTRIE 4.0 DE BIOPIETRA<\/a><\/h3>\n<p>&nbsp;<\/p>\n<\/div>\n<p>&nbsp;<\/p>\n<hr \/>\n<p>&nbsp;<\/p>\n<p>&nbsp;<\/p>\n<p><strong>Vid\u00e9o d\u2019entreprise <\/strong><\/p>\n<p><iframe loading=\"lazy\" title=\"Biopietra\" src=\"https:\/\/player.vimeo.com\/video\/233960935?dnt=1&amp;app_id=122963\" width=\"500\" height=\"213\" frameborder=\"0\" allow=\"autoplay; fullscreen; picture-in-picture; clipboard-write; encrypted-media; web-share\" referrerpolicy=\"strict-origin-when-cross-origin\"><\/iframe><\/p>\n<hr \/>\n<p><strong>Showroom<\/strong><\/p>\n<p><iframe loading=\"lazy\" title=\"Showroom Biopietra\" src=\"https:\/\/player.vimeo.com\/video\/265340953?dnt=1&amp;app_id=122963\" width=\"500\" height=\"280\" frameborder=\"0\" allow=\"autoplay; fullscreen; picture-in-picture; clipboard-write; encrypted-media; web-share\" referrerpolicy=\"strict-origin-when-cross-origin\"><\/iframe><\/p>\n<\/div>\n","protected":false},"excerpt":{"rendered":"<p>Biopietra Srl\u00a0est une entreprise italienne, leader sur le march\u00e9 des [&hellip;]<\/p>\n","protected":false},"author":2,"featured_media":0,"parent":0,"menu_order":120,"comment_status":"closed","ping_status":"closed","template":"template-page-istituzionale.php","meta":{"qubely_global_settings":"","qubely_interactions":"","rop_custom_images_group":[],"rop_custom_messages_group":[],"rop_publish_now":"initial","rop_publish_now_accounts":{"facebook_4317419521910128_433253626703258":""},"rop_publish_now_history":[],"rop_publish_now_status":"pending","footnotes":""},"class_list":["post-3124","page","type-page","status-publish","hentry"],"aioseo_notices":[],"yoast_head":"<!-- This site is optimized with the Yoast SEO plugin v27.4 - https:\/\/yoast.com\/product\/yoast-seo-wordpress\/ -->\n<title>Biopietra \u2013 Rev\u00eatements en Pierre R\u00e9g\u00e9n\u00e9r\u00e9e pour la Construction Durable<\/title>\n<meta name=\"description\" content=\"D\u00e9couvrez Biopietra, entreprise italienne leader dans les rev\u00eatements en pierre r\u00e9g\u00e9n\u00e9r\u00e9e. Des solutions durables, certifi\u00e9es LEED, id\u00e9ales pour les espaces int\u00e9rieurs et ext\u00e9rieurs.\" \/>\n<meta name=\"robots\" content=\"index, follow, max-snippet:-1, max-image-preview:large, max-video-preview:-1\" \/>\n<link rel=\"canonical\" href=\"https:\/\/biopietra.com\/fr\/company-2\/\" \/>\n<meta property=\"og:locale\" content=\"fr_FR\" \/>\n<meta property=\"og:type\" content=\"article\" \/>\n<meta property=\"og:title\" content=\"Biopietra \u2013 Rev\u00eatements en Pierre R\u00e9g\u00e9n\u00e9r\u00e9e pour la Construction Durable\" \/>\n<meta property=\"og:description\" content=\"D\u00e9couvrez Biopietra, entreprise italienne leader dans les rev\u00eatements en pierre r\u00e9g\u00e9n\u00e9r\u00e9e. Des solutions durables, certifi\u00e9es LEED, id\u00e9ales pour les espaces int\u00e9rieurs et ext\u00e9rieurs.\" \/>\n<meta property=\"og:url\" content=\"https:\/\/biopietra.com\/fr\/company-2\/\" \/>\n<meta property=\"og:site_name\" content=\"Biopietra\" \/>\n<meta property=\"article:modified_time\" content=\"2025-10-02T09:06:54+00:00\" \/>\n<meta name=\"twitter:card\" content=\"summary_large_image\" \/>\n<meta name=\"twitter:label1\" content=\"Dur\u00e9e de lecture estim\u00e9e\" \/>\n\t<meta name=\"twitter:data1\" content=\"3 minutes\" \/>\n<script type=\"application\/ld+json\" class=\"yoast-schema-graph\">{\"@context\":\"https:\\\/\\\/schema.org\",\"@graph\":[{\"@type\":\"WebPage\",\"@id\":\"https:\\\/\\\/biopietra.com\\\/fr\\\/company-2\\\/\",\"url\":\"https:\\\/\\\/biopietra.com\\\/fr\\\/company-2\\\/\",\"name\":\"Biopietra \u2013 Rev\u00eatements en Pierre R\u00e9g\u00e9n\u00e9r\u00e9e pour la Construction Durable\",\"isPartOf\":{\"@id\":\"https:\\\/\\\/biopietra.com\\\/#website\"},\"datePublished\":\"2016-06-20T10:03:18+00:00\",\"dateModified\":\"2025-10-02T09:06:54+00:00\",\"description\":\"D\u00e9couvrez Biopietra, entreprise italienne leader dans les rev\u00eatements en pierre r\u00e9g\u00e9n\u00e9r\u00e9e. Des solutions durables, certifi\u00e9es LEED, id\u00e9ales pour les espaces int\u00e9rieurs et ext\u00e9rieurs.\",\"breadcrumb\":{\"@id\":\"https:\\\/\\\/biopietra.com\\\/fr\\\/company-2\\\/#breadcrumb\"},\"inLanguage\":\"fr-FR\",\"potentialAction\":[{\"@type\":\"ReadAction\",\"target\":[\"https:\\\/\\\/biopietra.com\\\/fr\\\/company-2\\\/\"]}]},{\"@type\":\"BreadcrumbList\",\"@id\":\"https:\\\/\\\/biopietra.com\\\/fr\\\/company-2\\\/#breadcrumb\",\"itemListElement\":[{\"@type\":\"ListItem\",\"position\":1,\"name\":\"Home\",\"item\":\"https:\\\/\\\/biopietra.com\\\/fr\\\/\"},{\"@type\":\"ListItem\",\"position\":2,\"name\":\"Entreprise\"}]},{\"@type\":\"WebSite\",\"@id\":\"https:\\\/\\\/biopietra.com\\\/#website\",\"url\":\"https:\\\/\\\/biopietra.com\\\/\",\"name\":\"Biopietra\",\"description\":\"The Green Stone Industry\",\"potentialAction\":[{\"@type\":\"SearchAction\",\"target\":{\"@type\":\"EntryPoint\",\"urlTemplate\":\"https:\\\/\\\/biopietra.com\\\/?s={search_term_string}\"},\"query-input\":{\"@type\":\"PropertyValueSpecification\",\"valueRequired\":true,\"valueName\":\"search_term_string\"}}],\"inLanguage\":\"fr-FR\"}]}<\/script>\n<!-- \/ Yoast SEO plugin. -->","yoast_head_json":{"title":"Biopietra \u2013 Rev\u00eatements en Pierre R\u00e9g\u00e9n\u00e9r\u00e9e pour la Construction Durable","description":"D\u00e9couvrez Biopietra, entreprise italienne leader dans les rev\u00eatements en pierre r\u00e9g\u00e9n\u00e9r\u00e9e. Des solutions durables, certifi\u00e9es LEED, id\u00e9ales pour les espaces int\u00e9rieurs et ext\u00e9rieurs.","robots":{"index":"index","follow":"follow","max-snippet":"max-snippet:-1","max-image-preview":"max-image-preview:large","max-video-preview":"max-video-preview:-1"},"canonical":"https:\/\/biopietra.com\/fr\/company-2\/","og_locale":"fr_FR","og_type":"article","og_title":"Biopietra \u2013 Rev\u00eatements en Pierre R\u00e9g\u00e9n\u00e9r\u00e9e pour la Construction Durable","og_description":"D\u00e9couvrez Biopietra, entreprise italienne leader dans les rev\u00eatements en pierre r\u00e9g\u00e9n\u00e9r\u00e9e. Des solutions durables, certifi\u00e9es LEED, id\u00e9ales pour les espaces int\u00e9rieurs et ext\u00e9rieurs.","og_url":"https:\/\/biopietra.com\/fr\/company-2\/","og_site_name":"Biopietra","article_modified_time":"2025-10-02T09:06:54+00:00","twitter_card":"summary_large_image","twitter_misc":{"Dur\u00e9e de lecture estim\u00e9e":"3 minutes"},"schema":{"@context":"https:\/\/schema.org","@graph":[{"@type":"WebPage","@id":"https:\/\/biopietra.com\/fr\/company-2\/","url":"https:\/\/biopietra.com\/fr\/company-2\/","name":"Biopietra \u2013 Rev\u00eatements en Pierre R\u00e9g\u00e9n\u00e9r\u00e9e pour la Construction Durable","isPartOf":{"@id":"https:\/\/biopietra.com\/#website"},"datePublished":"2016-06-20T10:03:18+00:00","dateModified":"2025-10-02T09:06:54+00:00","description":"D\u00e9couvrez Biopietra, entreprise italienne leader dans les rev\u00eatements en pierre r\u00e9g\u00e9n\u00e9r\u00e9e. Des solutions durables, certifi\u00e9es LEED, id\u00e9ales pour les espaces int\u00e9rieurs et ext\u00e9rieurs.","breadcrumb":{"@id":"https:\/\/biopietra.com\/fr\/company-2\/#breadcrumb"},"inLanguage":"fr-FR","potentialAction":[{"@type":"ReadAction","target":["https:\/\/biopietra.com\/fr\/company-2\/"]}]},{"@type":"BreadcrumbList","@id":"https:\/\/biopietra.com\/fr\/company-2\/#breadcrumb","itemListElement":[{"@type":"ListItem","position":1,"name":"Home","item":"https:\/\/biopietra.com\/fr\/"},{"@type":"ListItem","position":2,"name":"Entreprise"}]},{"@type":"WebSite","@id":"https:\/\/biopietra.com\/#website","url":"https:\/\/biopietra.com\/","name":"Biopietra","description":"The Green Stone Industry","potentialAction":[{"@type":"SearchAction","target":{"@type":"EntryPoint","urlTemplate":"https:\/\/biopietra.com\/?s={search_term_string}"},"query-input":{"@type":"PropertyValueSpecification","valueRequired":true,"valueName":"search_term_string"}}],"inLanguage":"fr-FR"}]}},"_links":{"self":[{"href":"https:\/\/biopietra.com\/fr\/wp-json\/wp\/v2\/pages\/3124\/"}],"collection":[{"href":"https:\/\/biopietra.com\/fr\/wp-json\/wp\/v2\/pages\/"}],"about":[{"href":"https:\/\/biopietra.com\/fr\/wp-json\/wp\/v2\/types\/page\/"}],"author":[{"embeddable":true,"href":"https:\/\/biopietra.com\/fr\/wp-json\/wp\/v2\/users\/2\/"}],"replies":[{"embeddable":true,"href":"https:\/\/biopietra.com\/fr\/wp-json\/wp\/v2\/comments\/?post=3124"}],"version-history":[{"count":17,"href":"https:\/\/biopietra.com\/fr\/wp-json\/wp\/v2\/pages\/3124\/revisions\/"}],"predecessor-version":[{"id":30254,"href":"https:\/\/biopietra.com\/fr\/wp-json\/wp\/v2\/pages\/3124\/revisions\/30254\/"}],"wp:attachment":[{"href":"https:\/\/biopietra.com\/fr\/wp-json\/wp\/v2\/media\/?parent=3124"}],"curies":[{"name":"wp","href":"https:\/\/api.w.org\/{rel}","templated":true}]}}