{"id":3130,"date":"2016-09-21T14:17:09","date_gmt":"2016-09-21T12:17:09","guid":{"rendered":"http:\/\/biopietra.com\/area-tecnica\/leed\/"},"modified":"2018-06-29T09:59:46","modified_gmt":"2018-06-29T07:59:46","slug":"biopietra-veut-un-monde-sain-a-100","status":"publish","type":"page","link":"https:\/\/biopietra.com\/fr\/bioarchitecture\/biopietra-veut-un-monde-sain-a-100\/","title":{"rendered":"Biopietra Veut Un Monde Sain \u00e0 100%"},"content":{"rendered":"<div class=\"row mt-25\"><div class=\"col-md-4\"><h4 class=\"text-right green text-uppercase\">\u00c9missions Z\u00e9ro dans la maison durable au c\u0153ur bio \u00ab Cuore Bio \u00bb<\/h4><hr><\/div><div class=\"col-md-8\">\n<div class=\"page\" title=\"Page 11\">\n<div class=\"section\">\n<div class=\"layoutArea\">\n<div class=\"column\">\n<p><span>Comme pour le march\u00e9 de l\u2018automobile, le secteur du b\u00e2timent aussi \u00e9l\u00e8ve progressivement le niveau, au del\u00e0 duquel on peut parler de solutions \u00ab vertes \u00bb. Toutefois, la sensibilit\u00e9 du consommateur final n\u2018est pas la m\u00eame et si pour les quatre roues, des termes comme Euro 5 et Euro 6 sont \u00e0 la port\u00e9e de tous, l\u2018unit\u00e9 de mesure pour \u00e9valuer la durabilit\u00e9 (et donc la qualit\u00e9) d\u2018un b\u00e2timent n\u2018est pas encore tr\u00e8s claire et n\u2018est pas partag\u00e9e par tous. Pourtant, m\u00eame dans ce cas, certains programmes reconnus au niveau international peuvent nous guider dans nos choix. Pour continuer \u00e0 faire le parall\u00e8le, un v\u00e9hicule automobile Euro 6 (la classe environnementale la plus \u00e9lev\u00e9e), correspond \u00e0 un v<\/span><\/p>\n<\/div>\n<\/div>\n<\/div>\n<\/div>\n<div class=\"page\" title=\"Page 11\">\n<div class=\"section\">\n<div class=\"layoutArea\">\n<div class=\"column\">\n<p><span>.LEED est un syst\u00e8me de certification des b\u00e2timents d\u00e9velopp\u00e9 aux \u00e9tats unis par l\u2018US Green Building Council et r\u00e9pandu aujourd\u2018hui dans plus de 140 pays \u00e0 travers le monde, parmi lesquels l\u2018Italie, o\u00f9 son application se fait encore sur la base du volontariat. Selon le programme, les b\u00e2timents peuvent appartenir \u00e0 quatre classes diff\u00e9rentes de durabilit\u00e9 &#8211; base, argent, or et platine &#8211; en fonction du nombre de points obtenus sur les 6 facteurs cl\u00e9 qui en garantissent la qualit\u00e9 et l\u2018efficacit\u00e9. <\/span><\/p>\n<\/div>\n<\/div>\n<\/div>\n<\/div>\n<p>Par rapport \u00e0 la marque la plus connue, CasaClima, le syst\u00e8me LEED va en effet au del\u00e0 de l\u2018efficacit\u00e9 \u00e9nerg\u00e9tique et elle \u00e9value \u00e9galement : durabilit\u00e9 du site, gestion efficace de l\u2018eau, conception et innovation, mat\u00e9riaux et ressources, qualit\u00e9 de l\u2018air dans les environnements int\u00e9rieurs. 100 \u00e9tant le nombre de points maximum, il est int\u00e9ressant de noter combien le choix des mat\u00e9riaux et la pollution des int\u00e9rieurs contribuent au r\u00e9sultat final (29%) alors que l\u2018influence de l\u2018\u00e9nergie n\u2018est que de 20%. La raison est simple : nous passons 90% de notre temps \u00e0 l\u2018int\u00e9rieur des \u00e9difices, o\u00f9 les traitements utilis\u00e9s pour le bois, mais aussi les vernis, les colles, les tissus ou les plastiques peuvent provoquer l\u2018\u00e9mission de substances nocives pour la sant\u00e9 de l\u2018homme.<br \/>\nAch\u00e8teriez-vous une voiture Euro 0 ? Habiteriez-vous dans une maison qui pollue ?<\/p>\n<\/div><\/div>\n<div class=\"row mt-25\"><div class=\"col-md-4\"><h4 class=\"text-right green text-uppercase\">Biopietra\u00ae : pour la certification LEED<\/h4><hr><\/div><div class=\"col-md-8\">\n<p>La sant\u00e9 des \u00eatres humains et la sauvegarde de l\u2018environnement sont des valeurs incontournables pour Biopietra\u00ae qui s\u2018engage depuis longtemps d\u00e9j\u00e0 pour promouvoir &#8211; en innovant &#8211; la culture de la durabilit\u00e9 sur le march\u00e9 du b\u00e2timent. Biopietra\u00ae est aujourd\u2018hui associ\u00e9e \u00e0 Green Building Council Italia et les chiffres prouvent largement l\u2018importance et le concret de l\u2018engagement de Biopietra\u00ae dans la production de mat\u00e9riaux \u00e0 faible impact environnemental. Cependant, Biopietra\u00ae, ce n\u2018est pas seulement une production, mais c\u2018est surtout un produit \u00ab durable \u00bb : Biopietra\u00ae est un alli\u00e9 de la sant\u00e9, c\u2018est un mat\u00e9riau qui ne contient aucun des principaux facteurs de pollution domestique et il est \u00e9galement sans \u00e9mission de radon.<\/p>\n<div class=\"col-md-6 mt-50 mb-50\"><img loading=\"lazy\" decoding=\"async\" src=\"http:\/\/biopietra.com\/wp-content\/uploads\/2018\/06\/ciclo.png\" alt=\"\" width=\"592\" height=\"825\" class=\"alignnone size-full wp-image-9992\" srcset=\"https:\/\/biopietra.com\/wp-content\/uploads\/2018\/06\/ciclo.png 592w, https:\/\/biopietra.com\/wp-content\/uploads\/2018\/06\/ciclo-215x300.png 215w\" sizes=\"auto, (max-width: 592px) 100vw, 592px\" \/><\/div>\n<\/div><\/div>\n","protected":false},"excerpt":{"rendered":"","protected":false},"author":2,"featured_media":0,"parent":4514,"menu_order":177,"comment_status":"closed","ping_status":"closed","template":"template-page-custom.php","meta":{"qubely_global_settings":"","qubely_interactions":"","rs_blank_template":"","rs_page_bg_color":"","slide_template_v7":"","rop_custom_images_group":[],"rop_custom_messages_group":[],"rop_publish_now":"initial","rop_publish_now_accounts":{"facebook_4317419521910128_433253626703258":""},"rop_publish_now_history":[],"rop_publish_now_status":"pending","footnotes":""},"class_list":["post-3130","page","type-page","status-publish","hentry"],"aioseo_notices":[],"yoast_head":"<!-- This site is optimized with the Yoast SEO plugin v27.4 - https:\/\/yoast.com\/product\/yoast-seo-wordpress\/ -->\n<title>Biopietra Veut Un Monde Sain \u00e0 100% - Biopietra<\/title>\n<meta name=\"robots\" content=\"index, follow, max-snippet:-1, max-image-preview:large, max-video-preview:-1\" \/>\n<link rel=\"canonical\" href=\"https:\/\/biopietra.com\/fr\/bioarchitecture\/biopietra-veut-un-monde-sain-a-100\/\" \/>\n<meta property=\"og:locale\" content=\"fr_FR\" \/>\n<meta property=\"og:type\" content=\"article\" \/>\n<meta property=\"og:title\" content=\"Biopietra Veut Un Monde Sain \u00e0 100% - Biopietra\" \/>\n<meta property=\"og:url\" content=\"https:\/\/biopietra.com\/fr\/bioarchitecture\/biopietra-veut-un-monde-sain-a-100\/\" \/>\n<meta property=\"og:site_name\" content=\"Biopietra\" \/>\n<meta property=\"article:modified_time\" content=\"2018-06-29T07:59:46+00:00\" \/>\n<meta property=\"og:image\" content=\"http:\/\/biopietra.com\/wp-content\/uploads\/2018\/06\/ciclo.png\" \/>\n<meta name=\"twitter:card\" content=\"summary_large_image\" \/>\n<meta name=\"twitter:label1\" content=\"Dur\u00e9e de lecture estim\u00e9e\" \/>\n\t<meta name=\"twitter:data1\" content=\"3 minutes\" \/>\n<script type=\"application\/ld+json\" class=\"yoast-schema-graph\">{\"@context\":\"https:\\\/\\\/schema.org\",\"@graph\":[{\"@type\":\"WebPage\",\"@id\":\"https:\\\/\\\/biopietra.com\\\/fr\\\/bioarchitecture\\\/biopietra-veut-un-monde-sain-a-100\\\/\",\"url\":\"https:\\\/\\\/biopietra.com\\\/fr\\\/bioarchitecture\\\/biopietra-veut-un-monde-sain-a-100\\\/\",\"name\":\"Biopietra Veut Un Monde Sain \u00e0 100% - Biopietra\",\"isPartOf\":{\"@id\":\"https:\\\/\\\/biopietra.com\\\/#website\"},\"primaryImageOfPage\":{\"@id\":\"https:\\\/\\\/biopietra.com\\\/fr\\\/bioarchitecture\\\/biopietra-veut-un-monde-sain-a-100\\\/#primaryimage\"},\"image\":{\"@id\":\"https:\\\/\\\/biopietra.com\\\/fr\\\/bioarchitecture\\\/biopietra-veut-un-monde-sain-a-100\\\/#primaryimage\"},\"thumbnailUrl\":\"http:\\\/\\\/biopietra.com\\\/wp-content\\\/uploads\\\/2018\\\/06\\\/ciclo.png\",\"datePublished\":\"2016-09-21T12:17:09+00:00\",\"dateModified\":\"2018-06-29T07:59:46+00:00\",\"breadcrumb\":{\"@id\":\"https:\\\/\\\/biopietra.com\\\/fr\\\/bioarchitecture\\\/biopietra-veut-un-monde-sain-a-100\\\/#breadcrumb\"},\"inLanguage\":\"fr-FR\",\"potentialAction\":[{\"@type\":\"ReadAction\",\"target\":[\"https:\\\/\\\/biopietra.com\\\/fr\\\/bioarchitecture\\\/biopietra-veut-un-monde-sain-a-100\\\/\"]}]},{\"@type\":\"ImageObject\",\"inLanguage\":\"fr-FR\",\"@id\":\"https:\\\/\\\/biopietra.com\\\/fr\\\/bioarchitecture\\\/biopietra-veut-un-monde-sain-a-100\\\/#primaryimage\",\"url\":\"http:\\\/\\\/biopietra.com\\\/wp-content\\\/uploads\\\/2018\\\/06\\\/ciclo.png\",\"contentUrl\":\"http:\\\/\\\/biopietra.com\\\/wp-content\\\/uploads\\\/2018\\\/06\\\/ciclo.png\"},{\"@type\":\"BreadcrumbList\",\"@id\":\"https:\\\/\\\/biopietra.com\\\/fr\\\/bioarchitecture\\\/biopietra-veut-un-monde-sain-a-100\\\/#breadcrumb\",\"itemListElement\":[{\"@type\":\"ListItem\",\"position\":1,\"name\":\"Home\",\"item\":\"https:\\\/\\\/biopietra.com\\\/fr\\\/\"},{\"@type\":\"ListItem\",\"position\":2,\"name\":\"Bioarchitecture\",\"item\":\"https:\\\/\\\/biopietra.com\\\/fr\\\/bioarchitecture\\\/\"},{\"@type\":\"ListItem\",\"position\":3,\"name\":\"Biopietra Veut Un Monde Sain \u00e0 100%\"}]},{\"@type\":\"WebSite\",\"@id\":\"https:\\\/\\\/biopietra.com\\\/#website\",\"url\":\"https:\\\/\\\/biopietra.com\\\/\",\"name\":\"Biopietra\",\"description\":\"The Green Stone Industry\",\"potentialAction\":[{\"@type\":\"SearchAction\",\"target\":{\"@type\":\"EntryPoint\",\"urlTemplate\":\"https:\\\/\\\/biopietra.com\\\/?s={search_term_string}\"},\"query-input\":{\"@type\":\"PropertyValueSpecification\",\"valueRequired\":true,\"valueName\":\"search_term_string\"}}],\"inLanguage\":\"fr-FR\"}]}<\/script>\n<!-- \/ Yoast SEO plugin. -->","yoast_head_json":{"title":"Biopietra Veut Un Monde Sain \u00e0 100% - Biopietra","robots":{"index":"index","follow":"follow","max-snippet":"max-snippet:-1","max-image-preview":"max-image-preview:large","max-video-preview":"max-video-preview:-1"},"canonical":"https:\/\/biopietra.com\/fr\/bioarchitecture\/biopietra-veut-un-monde-sain-a-100\/","og_locale":"fr_FR","og_type":"article","og_title":"Biopietra Veut Un Monde Sain \u00e0 100% - Biopietra","og_url":"https:\/\/biopietra.com\/fr\/bioarchitecture\/biopietra-veut-un-monde-sain-a-100\/","og_site_name":"Biopietra","article_modified_time":"2018-06-29T07:59:46+00:00","og_image":[{"url":"http:\/\/biopietra.com\/wp-content\/uploads\/2018\/06\/ciclo.png","type":"","width":"","height":""}],"twitter_card":"summary_large_image","twitter_misc":{"Dur\u00e9e de lecture estim\u00e9e":"3 minutes"},"schema":{"@context":"https:\/\/schema.org","@graph":[{"@type":"WebPage","@id":"https:\/\/biopietra.com\/fr\/bioarchitecture\/biopietra-veut-un-monde-sain-a-100\/","url":"https:\/\/biopietra.com\/fr\/bioarchitecture\/biopietra-veut-un-monde-sain-a-100\/","name":"Biopietra Veut Un Monde Sain \u00e0 100% - Biopietra","isPartOf":{"@id":"https:\/\/biopietra.com\/#website"},"primaryImageOfPage":{"@id":"https:\/\/biopietra.com\/fr\/bioarchitecture\/biopietra-veut-un-monde-sain-a-100\/#primaryimage"},"image":{"@id":"https:\/\/biopietra.com\/fr\/bioarchitecture\/biopietra-veut-un-monde-sain-a-100\/#primaryimage"},"thumbnailUrl":"http:\/\/biopietra.com\/wp-content\/uploads\/2018\/06\/ciclo.png","datePublished":"2016-09-21T12:17:09+00:00","dateModified":"2018-06-29T07:59:46+00:00","breadcrumb":{"@id":"https:\/\/biopietra.com\/fr\/bioarchitecture\/biopietra-veut-un-monde-sain-a-100\/#breadcrumb"},"inLanguage":"fr-FR","potentialAction":[{"@type":"ReadAction","target":["https:\/\/biopietra.com\/fr\/bioarchitecture\/biopietra-veut-un-monde-sain-a-100\/"]}]},{"@type":"ImageObject","inLanguage":"fr-FR","@id":"https:\/\/biopietra.com\/fr\/bioarchitecture\/biopietra-veut-un-monde-sain-a-100\/#primaryimage","url":"http:\/\/biopietra.com\/wp-content\/uploads\/2018\/06\/ciclo.png","contentUrl":"http:\/\/biopietra.com\/wp-content\/uploads\/2018\/06\/ciclo.png"},{"@type":"BreadcrumbList","@id":"https:\/\/biopietra.com\/fr\/bioarchitecture\/biopietra-veut-un-monde-sain-a-100\/#breadcrumb","itemListElement":[{"@type":"ListItem","position":1,"name":"Home","item":"https:\/\/biopietra.com\/fr\/"},{"@type":"ListItem","position":2,"name":"Bioarchitecture","item":"https:\/\/biopietra.com\/fr\/bioarchitecture\/"},{"@type":"ListItem","position":3,"name":"Biopietra Veut Un Monde Sain \u00e0 100%"}]},{"@type":"WebSite","@id":"https:\/\/biopietra.com\/#website","url":"https:\/\/biopietra.com\/","name":"Biopietra","description":"The Green Stone Industry","potentialAction":[{"@type":"SearchAction","target":{"@type":"EntryPoint","urlTemplate":"https:\/\/biopietra.com\/?s={search_term_string}"},"query-input":{"@type":"PropertyValueSpecification","valueRequired":true,"valueName":"search_term_string"}}],"inLanguage":"fr-FR"}]}},"_links":{"self":[{"href":"https:\/\/biopietra.com\/fr\/wp-json\/wp\/v2\/pages\/3130","targetHints":{"allow":["GET"]}}],"collection":[{"href":"https:\/\/biopietra.com\/fr\/wp-json\/wp\/v2\/pages"}],"about":[{"href":"https:\/\/biopietra.com\/fr\/wp-json\/wp\/v2\/types\/page"}],"author":[{"embeddable":true,"href":"https:\/\/biopietra.com\/fr\/wp-json\/wp\/v2\/users\/2"}],"replies":[{"embeddable":true,"href":"https:\/\/biopietra.com\/fr\/wp-json\/wp\/v2\/comments?post=3130"}],"version-history":[{"count":7,"href":"https:\/\/biopietra.com\/fr\/wp-json\/wp\/v2\/pages\/3130\/revisions"}],"predecessor-version":[{"id":9998,"href":"https:\/\/biopietra.com\/fr\/wp-json\/wp\/v2\/pages\/3130\/revisions\/9998"}],"up":[{"embeddable":true,"href":"https:\/\/biopietra.com\/fr\/wp-json\/wp\/v2\/pages\/4514"}],"wp:attachment":[{"href":"https:\/\/biopietra.com\/fr\/wp-json\/wp\/v2\/media?parent=3130"}],"curies":[{"name":"wp","href":"https:\/\/api.w.org\/{rel}","templated":true}]}}