{"id":3132,"date":"2016-09-21T10:45:28","date_gmt":"2016-09-21T08:45:28","guid":{"rendered":"http:\/\/biopietra.com\/area-tecnica\/cappotto-facile-biopietra\/"},"modified":"2025-10-09T09:01:32","modified_gmt":"2025-10-09T07:01:32","slug":"enduit-architectural-facile-biopietra","status":"publish","type":"page","link":"https:\/\/biopietra.com\/fr\/domaine-technique\/enduit-architectural-facile-biopietra\/","title":{"rendered":"Enduit Architectural Facile Biopietra\u00ae"},"content":{"rendered":"<div class=\"row\">\n<div class=\"col-md-4\"><img loading=\"lazy\" decoding=\"async\" src=\"https:\/\/biopietra.com\/wp-content\/uploads\/2016\/07\/cappotto-300x300.png\" alt=\"Biopietra cappottofacile esterno\" width=\"300\" height=\"300\" class=\"alignnone wp-image-391 size-medium\" srcset=\"https:\/\/biopietra.com\/wp-content\/uploads\/2016\/07\/cappotto-300x300.png 300w, https:\/\/biopietra.com\/wp-content\/uploads\/2016\/07\/cappotto-150x150.png 150w, https:\/\/biopietra.com\/wp-content\/uploads\/2016\/07\/cappotto.png 400w\" sizes=\"auto, (max-width: 300px) 100vw, 300px\" \/><\/div>\n<div class=\"col-md-8\">\n<p>Ces derni\u00e8res ann\u00e9es, le secteur du b\u00e2timent a connu une transformation rapide, port\u00e9e par des r\u00e9glementations plus strictes et une attention croissante \u00e0 l\u2019efficacit\u00e9 \u00e9nerg\u00e9tique et \u00e0 la qualit\u00e9 de l\u2019air int\u00e9rieur. Le rev\u00eatement en pierre reconstitu\u00e9e <a href=\"http:\/\/www.biopietra.com\/fr\"><strong>Biopietra<\/strong><\/a>, gr\u00e2ce \u00e0 ses certifications et ses propri\u00e9t\u00e9s techniques, est de plus en plus utilis\u00e9 sur les syst\u00e8mes d\u2019isolation thermique ext\u00e9rieure. Sa <strong>r\u00e9sistance m\u00e9canique<\/strong>, sa <strong>respirabilit\u00e9<\/strong>, son <strong>isolation acoustique<\/strong>, sa <strong>facilit\u00e9 de pose<\/strong> et sa <strong>durabilit\u00e9<\/strong> en font une solution id\u00e9ale pour am\u00e9liorer les performances et la long\u00e9vit\u00e9 des syst\u00e8mes d\u2019isolation.<\/p>\n<p>&nbsp;<\/p>\n<\/div>\n<\/div>\n<div class=\"row mt-25\"><div class=\"col-md-4\"><h4 class=\"text-right green text-uppercase\">L\u2019EVOLUTION<\/h4><hr><\/div><div class=\"col-md-8\">\n<h5>CONCEPT<\/h5>\n<p>Le syst\u00e8me <strong>CappottoFacile Biopietra<\/strong>\u00a0vise \u00e0 am\u00e9liorer les performances des isolations traditionnelles, en les rendant plus efficaces et durables. Biopietra s\u2019int\u00e8gre parfaitement au panneau isolant, le transformant d\u2019une simple couche protectrice en un \u00e9l\u00e9ment structurel du mur, \u00e0 l\u2019image de l\u2019\u00e9corce qui prot\u00e8ge un arbre.<\/p>\n<h5>QU\u2019EST CE QUE C\u2019EST<\/h5>\n<p>Le syst\u00e8me <strong>CappottoFacile Biopietra<\/strong>\u00a0transforme le panneau isolant en un \u00e9l\u00e9ment structurel prot\u00e9g\u00e9, renfor\u00e7ant sa r\u00e9sistance aux intemp\u00e9ries et aux chocs. Biopietra agit comme un bouclier naturel, garantissant protection et respirabilit\u00e9.<\/p>\n<h5>POURQUOI<\/h5>\n<p>Le rev\u00eatement ext\u00e9rieur Biopietra valorise l\u2019esth\u00e9tique du b\u00e2timent et offre une infinit\u00e9 de possibilit\u00e9s architecturales. La libert\u00e9 cr\u00e9ative se conjugue \u00e0 l\u2019efficacit\u00e9 \u00e9nerg\u00e9tique, rendant chaque projet unique et performant.<\/p>\n<h5>COMMENT<\/h5>\n<p>Gr\u00e2ce \u00e0 une large gamme de <a href=\"https:\/\/biopietra.com\/fr\/tipologia-prodotto\/revetements-traditionnels-en-pierre-reconstituee\/\"><strong>couleurs, textures et pi\u00e8ces sp\u00e9ciales<\/strong><\/a>, Biopietra s\u2019adapte \u00e0 toutes les exigences architecturales. Des <strong>finitions personnalis\u00e9es<\/strong> et des angles en L sont disponibles pour une pose continue et harmonieuse.<\/p>\n<\/div><\/div>\n<div class=\"row mt-25\"><div class=\"col-md-4\"><h4 class=\"text-right green text-uppercase\">LA SANT\u00c9<\/h4><hr><\/div><div class=\"col-md-8\">\n<p>Biopietra est sans \u00e9missions nocives, \u00e9cologique et certifi\u00e9e pour la construction durable. Elle est id\u00e9ale pour les rev\u00eatements int\u00e9rieurs et ext\u00e9rieurs, contribuant \u00e0 la sant\u00e9 des espaces et \u00e0 la protection de l\u2019environnement.<\/p>\n<h5>ACOUSTIQUE<\/h5>\n<p>Appliqu\u00e9e sur une isolation ext\u00e9rieure, Biopietra ajoute de la masse \u00e0 l\u2019enveloppe du b\u00e2timent, att\u00e9nuant les ondes sonores selon le principe masse-ressort-masse. Cela garantit une r\u00e9duction efficace du bruit.<\/p>\n<h5>THERMIQUE &#8211; CONFORT D\u2019\u00c9T\u00c9<\/h5>\n<p>Pendant les mois chauds, Biopietra r\u00e9duit la transmission thermique p\u00e9riodique (Yie) et augmente le d\u00e9phasage de l\u2019onde thermique solaire. Sa surface irr\u00e9guli\u00e8re cr\u00e9e des micro-ombrages qui limitent la surchauffe des murs.<\/p>\n<h5>R\u00c9SISTANCE AU FEU<\/h5>\n<p>Biopietra est totalement incombustible et prot\u00e8ge les couches isolantes sous-jacentes, renfor\u00e7ant la s\u00e9curit\u00e9 du b\u00e2timent en cas d\u2019incendie.<\/p>\n<h5>R\u00c9SISTANCE AU\u00a0CHOC<\/h5>\n<p>Contrairement aux syst\u00e8mes traditionnels, Biopietra offre une \u00e9paisseur de 25 \u00e0 60 mm, cr\u00e9ant une barri\u00e8re solide contre les chocs et les contraintes m\u00e9caniques.<\/p>\n<h5>RESISTANCE AUX AGENTS ATMOSPH\u00c9RIQUES<\/h5>\n<p>Biopietra\u00ae r\u00e9siste aux rayons UV, au gel, \u00e0 la gr\u00eale et \u00e0 l\u2019humidit\u00e9. Elle favorise la respirabilit\u00e9 et, trait\u00e9e avec <strong>Biofin<\/strong>, emp\u00eache la formation d\u2019algues et de moisissures.<\/p>\n<\/div><\/div>\n<div class=\"row mt-25\"><div class=\"col-md-4\"><h4 class=\"text-right green text-uppercase\">ECONOMIE D\u2019ENERGIE<\/h4><hr><\/div><div class=\"col-md-8\">\n<h5>BIOPIETRA\u00ae EST UN REV\u00caTEMENT SIMPLE<\/h5>\n<p>La pose sur des mat\u00e9riaux isolants comme le polystyr\u00e8ne expans\u00e9 (EPS), la laine de roche ou le li\u00e8ge est simple et polyvalente. Bien que la qualit\u00e9 du mat\u00e9riau exige une pose soign\u00e9e, elle garantit <strong>durabilit\u00e9 et hautes performances dans le temps<\/strong>. Pour ult\u00e9rieures sp\u00e9cifications techniques ou conseils,\u00a0 vous pouvez demander des informations en remplissant le <a href=\"http:\/\/biopietra.com\/fr\/contacts\/\">Formulaire Contact<\/a><\/p>\n<\/div><\/div>\n","protected":false},"excerpt":{"rendered":"<p>Ces derni\u00e8res ann\u00e9es, le secteur du b\u00e2timent a connu une [&hellip;]<\/p>\n","protected":false},"author":2,"featured_media":0,"parent":7275,"menu_order":115,"comment_status":"closed","ping_status":"closed","template":"template-page-custom.php","meta":{"qubely_global_settings":"","qubely_interactions":"","rop_custom_images_group":[],"rop_custom_messages_group":[],"rop_publish_now":"initial","rop_publish_now_accounts":{"facebook_4317419521910128_433253626703258":""},"rop_publish_now_history":[],"rop_publish_now_status":"pending","footnotes":""},"class_list":["post-3132","page","type-page","status-publish","hentry"],"aioseo_notices":[],"yoast_head":"<!-- This site is optimized with the Yoast SEO plugin v27.4 - https:\/\/yoast.com\/product\/yoast-seo-wordpress\/ -->\n<title>Rev\u00eatement en Pierre pour Isolation Thermique Ext\u00e9rieure | Biopietra<\/title>\n<meta name=\"description\" content=\"D\u00e9couvrez Biopietra, le rev\u00eatement \u00e9cologique pour isolation thermique ext\u00e9rieure. Haute r\u00e9sistance, confort estival, isolation acoustique et design personnalisable.\" \/>\n<meta name=\"robots\" content=\"index, follow, max-snippet:-1, max-image-preview:large, max-video-preview:-1\" \/>\n<link rel=\"canonical\" href=\"https:\/\/biopietra.com\/fr\/domaine-technique\/enduit-architectural-facile-biopietra\/\" \/>\n<meta property=\"og:locale\" content=\"fr_FR\" \/>\n<meta property=\"og:type\" content=\"article\" \/>\n<meta property=\"og:title\" content=\"Rev\u00eatement en Pierre pour Isolation Thermique Ext\u00e9rieure | Biopietra\" \/>\n<meta property=\"og:description\" content=\"D\u00e9couvrez Biopietra, le rev\u00eatement \u00e9cologique pour isolation thermique ext\u00e9rieure. Haute r\u00e9sistance, confort estival, isolation acoustique et design personnalisable.\" \/>\n<meta property=\"og:url\" content=\"https:\/\/biopietra.com\/fr\/domaine-technique\/enduit-architectural-facile-biopietra\/\" \/>\n<meta property=\"og:site_name\" content=\"Biopietra\" \/>\n<meta property=\"article:modified_time\" content=\"2025-10-09T07:01:32+00:00\" \/>\n<meta property=\"og:image\" content=\"https:\/\/biopietra.com\/wp-content\/uploads\/2016\/07\/cappotto-300x300.png\" \/>\n<meta name=\"twitter:card\" content=\"summary_large_image\" \/>\n<meta name=\"twitter:label1\" content=\"Dur\u00e9e de lecture estim\u00e9e\" \/>\n\t<meta name=\"twitter:data1\" content=\"3 minutes\" \/>\n<script type=\"application\/ld+json\" class=\"yoast-schema-graph\">{\"@context\":\"https:\\\/\\\/schema.org\",\"@graph\":[{\"@type\":\"WebPage\",\"@id\":\"https:\\\/\\\/biopietra.com\\\/fr\\\/domaine-technique\\\/enduit-architectural-facile-biopietra\\\/\",\"url\":\"https:\\\/\\\/biopietra.com\\\/fr\\\/domaine-technique\\\/enduit-architectural-facile-biopietra\\\/\",\"name\":\"Rev\u00eatement en Pierre pour Isolation Thermique Ext\u00e9rieure | Biopietra\",\"isPartOf\":{\"@id\":\"https:\\\/\\\/biopietra.com\\\/#website\"},\"primaryImageOfPage\":{\"@id\":\"https:\\\/\\\/biopietra.com\\\/fr\\\/domaine-technique\\\/enduit-architectural-facile-biopietra\\\/#primaryimage\"},\"image\":{\"@id\":\"https:\\\/\\\/biopietra.com\\\/fr\\\/domaine-technique\\\/enduit-architectural-facile-biopietra\\\/#primaryimage\"},\"thumbnailUrl\":\"https:\\\/\\\/biopietra.com\\\/wp-content\\\/uploads\\\/2016\\\/07\\\/cappotto-300x300.png\",\"datePublished\":\"2016-09-21T08:45:28+00:00\",\"dateModified\":\"2025-10-09T07:01:32+00:00\",\"description\":\"D\u00e9couvrez Biopietra, le rev\u00eatement \u00e9cologique pour isolation thermique ext\u00e9rieure. Haute r\u00e9sistance, confort estival, isolation acoustique et design personnalisable.\",\"breadcrumb\":{\"@id\":\"https:\\\/\\\/biopietra.com\\\/fr\\\/domaine-technique\\\/enduit-architectural-facile-biopietra\\\/#breadcrumb\"},\"inLanguage\":\"fr-FR\",\"potentialAction\":[{\"@type\":\"ReadAction\",\"target\":[\"https:\\\/\\\/biopietra.com\\\/fr\\\/domaine-technique\\\/enduit-architectural-facile-biopietra\\\/\"]}]},{\"@type\":\"ImageObject\",\"inLanguage\":\"fr-FR\",\"@id\":\"https:\\\/\\\/biopietra.com\\\/fr\\\/domaine-technique\\\/enduit-architectural-facile-biopietra\\\/#primaryimage\",\"url\":\"https:\\\/\\\/biopietra.com\\\/wp-content\\\/uploads\\\/2016\\\/07\\\/cappotto-300x300.png\",\"contentUrl\":\"https:\\\/\\\/biopietra.com\\\/wp-content\\\/uploads\\\/2016\\\/07\\\/cappotto-300x300.png\"},{\"@type\":\"BreadcrumbList\",\"@id\":\"https:\\\/\\\/biopietra.com\\\/fr\\\/domaine-technique\\\/enduit-architectural-facile-biopietra\\\/#breadcrumb\",\"itemListElement\":[{\"@type\":\"ListItem\",\"position\":1,\"name\":\"Home\",\"item\":\"https:\\\/\\\/biopietra.com\\\/fr\\\/\"},{\"@type\":\"ListItem\",\"position\":2,\"name\":\"Domaine Technique\",\"item\":\"https:\\\/\\\/biopietra.com\\\/fr\\\/domaine-technique\\\/\"},{\"@type\":\"ListItem\",\"position\":3,\"name\":\"Enduit Architectural Facile Biopietra\u00ae\"}]},{\"@type\":\"WebSite\",\"@id\":\"https:\\\/\\\/biopietra.com\\\/#website\",\"url\":\"https:\\\/\\\/biopietra.com\\\/\",\"name\":\"Biopietra\",\"description\":\"The Green Stone Industry\",\"potentialAction\":[{\"@type\":\"SearchAction\",\"target\":{\"@type\":\"EntryPoint\",\"urlTemplate\":\"https:\\\/\\\/biopietra.com\\\/?s={search_term_string}\"},\"query-input\":{\"@type\":\"PropertyValueSpecification\",\"valueRequired\":true,\"valueName\":\"search_term_string\"}}],\"inLanguage\":\"fr-FR\"}]}<\/script>\n<!-- \/ Yoast SEO plugin. -->","yoast_head_json":{"title":"Rev\u00eatement en Pierre pour Isolation Thermique Ext\u00e9rieure | Biopietra","description":"D\u00e9couvrez Biopietra, le rev\u00eatement \u00e9cologique pour isolation thermique ext\u00e9rieure. Haute r\u00e9sistance, confort estival, isolation acoustique et design personnalisable.","robots":{"index":"index","follow":"follow","max-snippet":"max-snippet:-1","max-image-preview":"max-image-preview:large","max-video-preview":"max-video-preview:-1"},"canonical":"https:\/\/biopietra.com\/fr\/domaine-technique\/enduit-architectural-facile-biopietra\/","og_locale":"fr_FR","og_type":"article","og_title":"Rev\u00eatement en Pierre pour Isolation Thermique Ext\u00e9rieure | Biopietra","og_description":"D\u00e9couvrez Biopietra, le rev\u00eatement \u00e9cologique pour isolation thermique ext\u00e9rieure. Haute r\u00e9sistance, confort estival, isolation acoustique et design personnalisable.","og_url":"https:\/\/biopietra.com\/fr\/domaine-technique\/enduit-architectural-facile-biopietra\/","og_site_name":"Biopietra","article_modified_time":"2025-10-09T07:01:32+00:00","og_image":[{"url":"https:\/\/biopietra.com\/wp-content\/uploads\/2016\/07\/cappotto-300x300.png","type":"","width":"","height":""}],"twitter_card":"summary_large_image","twitter_misc":{"Dur\u00e9e de lecture estim\u00e9e":"3 minutes"},"schema":{"@context":"https:\/\/schema.org","@graph":[{"@type":"WebPage","@id":"https:\/\/biopietra.com\/fr\/domaine-technique\/enduit-architectural-facile-biopietra\/","url":"https:\/\/biopietra.com\/fr\/domaine-technique\/enduit-architectural-facile-biopietra\/","name":"Rev\u00eatement en Pierre pour Isolation Thermique Ext\u00e9rieure | Biopietra","isPartOf":{"@id":"https:\/\/biopietra.com\/#website"},"primaryImageOfPage":{"@id":"https:\/\/biopietra.com\/fr\/domaine-technique\/enduit-architectural-facile-biopietra\/#primaryimage"},"image":{"@id":"https:\/\/biopietra.com\/fr\/domaine-technique\/enduit-architectural-facile-biopietra\/#primaryimage"},"thumbnailUrl":"https:\/\/biopietra.com\/wp-content\/uploads\/2016\/07\/cappotto-300x300.png","datePublished":"2016-09-21T08:45:28+00:00","dateModified":"2025-10-09T07:01:32+00:00","description":"D\u00e9couvrez Biopietra, le rev\u00eatement \u00e9cologique pour isolation thermique ext\u00e9rieure. Haute r\u00e9sistance, confort estival, isolation acoustique et design personnalisable.","breadcrumb":{"@id":"https:\/\/biopietra.com\/fr\/domaine-technique\/enduit-architectural-facile-biopietra\/#breadcrumb"},"inLanguage":"fr-FR","potentialAction":[{"@type":"ReadAction","target":["https:\/\/biopietra.com\/fr\/domaine-technique\/enduit-architectural-facile-biopietra\/"]}]},{"@type":"ImageObject","inLanguage":"fr-FR","@id":"https:\/\/biopietra.com\/fr\/domaine-technique\/enduit-architectural-facile-biopietra\/#primaryimage","url":"https:\/\/biopietra.com\/wp-content\/uploads\/2016\/07\/cappotto-300x300.png","contentUrl":"https:\/\/biopietra.com\/wp-content\/uploads\/2016\/07\/cappotto-300x300.png"},{"@type":"BreadcrumbList","@id":"https:\/\/biopietra.com\/fr\/domaine-technique\/enduit-architectural-facile-biopietra\/#breadcrumb","itemListElement":[{"@type":"ListItem","position":1,"name":"Home","item":"https:\/\/biopietra.com\/fr\/"},{"@type":"ListItem","position":2,"name":"Domaine Technique","item":"https:\/\/biopietra.com\/fr\/domaine-technique\/"},{"@type":"ListItem","position":3,"name":"Enduit Architectural Facile Biopietra\u00ae"}]},{"@type":"WebSite","@id":"https:\/\/biopietra.com\/#website","url":"https:\/\/biopietra.com\/","name":"Biopietra","description":"The Green Stone Industry","potentialAction":[{"@type":"SearchAction","target":{"@type":"EntryPoint","urlTemplate":"https:\/\/biopietra.com\/?s={search_term_string}"},"query-input":{"@type":"PropertyValueSpecification","valueRequired":true,"valueName":"search_term_string"}}],"inLanguage":"fr-FR"}]}},"_links":{"self":[{"href":"https:\/\/biopietra.com\/fr\/wp-json\/wp\/v2\/pages\/3132\/"}],"collection":[{"href":"https:\/\/biopietra.com\/fr\/wp-json\/wp\/v2\/pages\/"}],"about":[{"href":"https:\/\/biopietra.com\/fr\/wp-json\/wp\/v2\/types\/page\/"}],"author":[{"embeddable":true,"href":"https:\/\/biopietra.com\/fr\/wp-json\/wp\/v2\/users\/2\/"}],"replies":[{"embeddable":true,"href":"https:\/\/biopietra.com\/fr\/wp-json\/wp\/v2\/comments\/?post=3132"}],"version-history":[{"count":11,"href":"https:\/\/biopietra.com\/fr\/wp-json\/wp\/v2\/pages\/3132\/revisions\/"}],"predecessor-version":[{"id":30296,"href":"https:\/\/biopietra.com\/fr\/wp-json\/wp\/v2\/pages\/3132\/revisions\/30296\/"}],"up":[{"embeddable":true,"href":"https:\/\/biopietra.com\/fr\/wp-json\/wp\/v2\/pages\/7275\/"}],"wp:attachment":[{"href":"https:\/\/biopietra.com\/fr\/wp-json\/wp\/v2\/media\/?parent=3132"}],"curies":[{"name":"wp","href":"https:\/\/api.w.org\/{rel}","templated":true}]}}