{"id":3134,"date":"2016-07-22T15:47:11","date_gmt":"2016-07-22T13:47:11","guid":{"rendered":"http:\/\/biopietra.com\/area-tecnica\/prove-di-laboratorio\/"},"modified":"2018-05-17T09:40:39","modified_gmt":"2018-05-17T07:40:39","slug":"tests-de-laboratoire","status":"publish","type":"page","link":"https:\/\/biopietra.com\/fr\/espace-technique\/tests-de-laboratoire\/","title":{"rendered":"Tests de Laboratoire"},"content":{"rendered":"<p><strong>Perspirant \u03bc 20<\/strong><\/p>\n<p>Analyses selon le test, conforme \u00e0 la norme EN 12572 pour d\u00e9terminer la perm\u00e9abilit\u00e9 \u00e0 la vapeur.<\/p>\n<p><strong>Absence de pr\u00e9sence de m\u00e9tal lourd dans l\u2019eau<\/strong><\/p>\n<p>Analyse par rapport \u00e0 la norme UNI EN 12457-2\/04<\/p>\n<p><strong>Absence de composants organiques volatils.<\/strong><\/p>\n<p>Analise selon norme UNI EN ISO 16000-9: 2006 + ISO 16000-6: 2011<\/p>\n<p><strong><span class=\"TextRun SCXW87613565\" xml:lang=\"FR-FR\" lang=\"FR-FR\"><span class=\"NormalTextRun SCXW87613565\">Anal<\/span><\/span><span class=\"TextRun SCXW87613565\" xml:lang=\"FR-FR\" lang=\"FR-FR\"><span class=\"NormalTextRun SCXW87613565\">y<\/span><\/span><span class=\"TextRun SCXW87613565\" xml:lang=\"FR-FR\" lang=\"FR-FR\"><span class=\"NormalTextRun SCXW87613565\">se d<\/span><\/span><span class=\"TextRun SCXW87613565\" xml:lang=\"FR-FR\" lang=\"FR-FR\"><span class=\"NormalTextRun SCXW87613565\">\u2019<\/span><\/span><span class=\"TextRun SCXW87613565\" xml:lang=\"FR-FR\" lang=\"FR-FR\"><span class=\"NormalTextRun SCXW87613565\">Inalt<\/span><\/span><span class=\"TextRun SCXW87613565\" xml:lang=\"FR-FR\" lang=\"FR-FR\"><span class=\"NormalTextRun SCXW87613565\">\u00e9<\/span><\/span><span class=\"TextRun SCXW87613565\" xml:lang=\"FR-FR\" lang=\"FR-FR\"><span class=\"NormalTextRun SCXW87613565\">rabilit\u00e9 d<\/span><\/span><span class=\"TextRun SCXW87613565\" xml:lang=\"FR-FR\" lang=\"FR-FR\"><span class=\"NormalTextRun SCXW87613565\">e la<\/span><\/span><span class=\"TextRun SCXW87613565\" xml:lang=\"FR-FR\" lang=\"FR-FR\"><span class=\"NormalTextRun SCXW87613565\">\u00a0couleur\u00a0<\/span><\/span><span class=\"TextRun SCXW87613565\" xml:lang=\"FR-FR\" lang=\"FR-FR\"><span class=\"NormalTextRun SCXW87613565\">\u00e0<\/span><\/span><span class=\"TextRun SCXW87613565\" xml:lang=\"FR-FR\" lang=\"FR-FR\"><span class=\"NormalTextRun SCXW87613565\">\u00a0la lumi\u00e8re<\/span><\/span><span class=\"EOP SCXW87613565\" data-ccp-props=\"{&quot;201341983&quot;:0,&quot;335559739&quot;:160,&quot;335559740&quot;:240}\">\u00a0<\/span><\/strong><\/p>\n<p>Norme DIN 51094<\/p>\n<p><strong>Index de r\u00e9fraction solaire<\/strong><\/p>\n<p>Selon norme E903-96 standards; ASTM G173-03 (2008); ASTM C1371-04a; ASTM E1980-98e1<\/p>\n<p><strong>Absence de radioactivit\u00e9<\/strong><\/p>\n<p>Selon norme UNI 10797:1999<\/p>\n<p><strong>R\u00e9sistance au gel<\/strong><\/p>\n<p>100 cycles gel\/d\u00e9gel selon norme UNI EN ISO.<\/p>\n<p><a href=\"mailto:marketing@biopietra.com\" class=\"btn btn-color-out\">Demander les certifications<\/a><\/p>\n","protected":false},"excerpt":{"rendered":"<p>Perspirant \u03bc 20 Analyses selon le test, conforme \u00e0 la [&hellip;]<\/p>\n","protected":false},"author":2,"featured_media":0,"parent":3128,"menu_order":135,"comment_status":"closed","ping_status":"closed","template":"template-page-custom.php","meta":{"qubely_global_settings":"","qubely_interactions":"","rop_custom_images_group":[],"rop_custom_messages_group":[],"rop_publish_now":"initial","rop_publish_now_accounts":{"facebook_4317419521910128_433253626703258":""},"rop_publish_now_history":[],"rop_publish_now_status":"pending","footnotes":""},"class_list":["post-3134","page","type-page","status-publish","hentry"],"aioseo_notices":[],"yoast_head":"<!-- This site is optimized with the Yoast SEO plugin v27.4 - https:\/\/yoast.com\/product\/yoast-seo-wordpress\/ -->\n<title>Tests de Laboratoire - Biopietra<\/title>\n<meta name=\"robots\" content=\"index, follow, max-snippet:-1, max-image-preview:large, max-video-preview:-1\" \/>\n<link rel=\"canonical\" href=\"https:\/\/biopietra.com\/fr\/espace-technique\/tests-de-laboratoire\/\" \/>\n<meta property=\"og:locale\" content=\"fr_FR\" \/>\n<meta property=\"og:type\" content=\"article\" \/>\n<meta property=\"og:title\" content=\"Tests de Laboratoire - Biopietra\" \/>\n<meta property=\"og:description\" content=\"Perspirant \u03bc 20 Analyses selon le test, conforme \u00e0 la [&hellip;]\" \/>\n<meta property=\"og:url\" content=\"https:\/\/biopietra.com\/fr\/espace-technique\/tests-de-laboratoire\/\" \/>\n<meta property=\"og:site_name\" content=\"Biopietra\" \/>\n<meta property=\"article:modified_time\" content=\"2018-05-17T07:40:39+00:00\" \/>\n<meta name=\"twitter:card\" content=\"summary_large_image\" \/>\n<meta name=\"twitter:label1\" content=\"Dur\u00e9e de lecture estim\u00e9e\" \/>\n\t<meta name=\"twitter:data1\" content=\"1 minute\" \/>\n<script type=\"application\/ld+json\" class=\"yoast-schema-graph\">{\"@context\":\"https:\\\/\\\/schema.org\",\"@graph\":[{\"@type\":\"WebPage\",\"@id\":\"https:\\\/\\\/biopietra.com\\\/fr\\\/espace-technique\\\/tests-de-laboratoire\\\/\",\"url\":\"https:\\\/\\\/biopietra.com\\\/fr\\\/espace-technique\\\/tests-de-laboratoire\\\/\",\"name\":\"Tests de Laboratoire - Biopietra\",\"isPartOf\":{\"@id\":\"https:\\\/\\\/biopietra.com\\\/#website\"},\"datePublished\":\"2016-07-22T13:47:11+00:00\",\"dateModified\":\"2018-05-17T07:40:39+00:00\",\"breadcrumb\":{\"@id\":\"https:\\\/\\\/biopietra.com\\\/fr\\\/espace-technique\\\/tests-de-laboratoire\\\/#breadcrumb\"},\"inLanguage\":\"fr-FR\",\"potentialAction\":[{\"@type\":\"ReadAction\",\"target\":[\"https:\\\/\\\/biopietra.com\\\/fr\\\/espace-technique\\\/tests-de-laboratoire\\\/\"]}]},{\"@type\":\"BreadcrumbList\",\"@id\":\"https:\\\/\\\/biopietra.com\\\/fr\\\/espace-technique\\\/tests-de-laboratoire\\\/#breadcrumb\",\"itemListElement\":[{\"@type\":\"ListItem\",\"position\":1,\"name\":\"Home\",\"item\":\"https:\\\/\\\/biopietra.com\\\/fr\\\/\"},{\"@type\":\"ListItem\",\"position\":2,\"name\":\"Espace Technique\",\"item\":\"https:\\\/\\\/biopietra.com\\\/fr\\\/espace-technique\\\/\"},{\"@type\":\"ListItem\",\"position\":3,\"name\":\"Tests de Laboratoire\"}]},{\"@type\":\"WebSite\",\"@id\":\"https:\\\/\\\/biopietra.com\\\/#website\",\"url\":\"https:\\\/\\\/biopietra.com\\\/\",\"name\":\"Biopietra\",\"description\":\"The Green Stone Industry\",\"potentialAction\":[{\"@type\":\"SearchAction\",\"target\":{\"@type\":\"EntryPoint\",\"urlTemplate\":\"https:\\\/\\\/biopietra.com\\\/?s={search_term_string}\"},\"query-input\":{\"@type\":\"PropertyValueSpecification\",\"valueRequired\":true,\"valueName\":\"search_term_string\"}}],\"inLanguage\":\"fr-FR\"}]}<\/script>\n<!-- \/ Yoast SEO plugin. -->","yoast_head_json":{"title":"Tests de Laboratoire - Biopietra","robots":{"index":"index","follow":"follow","max-snippet":"max-snippet:-1","max-image-preview":"max-image-preview:large","max-video-preview":"max-video-preview:-1"},"canonical":"https:\/\/biopietra.com\/fr\/espace-technique\/tests-de-laboratoire\/","og_locale":"fr_FR","og_type":"article","og_title":"Tests de Laboratoire - Biopietra","og_description":"Perspirant \u03bc 20 Analyses selon le test, conforme \u00e0 la [&hellip;]","og_url":"https:\/\/biopietra.com\/fr\/espace-technique\/tests-de-laboratoire\/","og_site_name":"Biopietra","article_modified_time":"2018-05-17T07:40:39+00:00","twitter_card":"summary_large_image","twitter_misc":{"Dur\u00e9e de lecture estim\u00e9e":"1 minute"},"schema":{"@context":"https:\/\/schema.org","@graph":[{"@type":"WebPage","@id":"https:\/\/biopietra.com\/fr\/espace-technique\/tests-de-laboratoire\/","url":"https:\/\/biopietra.com\/fr\/espace-technique\/tests-de-laboratoire\/","name":"Tests de Laboratoire - Biopietra","isPartOf":{"@id":"https:\/\/biopietra.com\/#website"},"datePublished":"2016-07-22T13:47:11+00:00","dateModified":"2018-05-17T07:40:39+00:00","breadcrumb":{"@id":"https:\/\/biopietra.com\/fr\/espace-technique\/tests-de-laboratoire\/#breadcrumb"},"inLanguage":"fr-FR","potentialAction":[{"@type":"ReadAction","target":["https:\/\/biopietra.com\/fr\/espace-technique\/tests-de-laboratoire\/"]}]},{"@type":"BreadcrumbList","@id":"https:\/\/biopietra.com\/fr\/espace-technique\/tests-de-laboratoire\/#breadcrumb","itemListElement":[{"@type":"ListItem","position":1,"name":"Home","item":"https:\/\/biopietra.com\/fr\/"},{"@type":"ListItem","position":2,"name":"Espace Technique","item":"https:\/\/biopietra.com\/fr\/espace-technique\/"},{"@type":"ListItem","position":3,"name":"Tests de Laboratoire"}]},{"@type":"WebSite","@id":"https:\/\/biopietra.com\/#website","url":"https:\/\/biopietra.com\/","name":"Biopietra","description":"The Green Stone Industry","potentialAction":[{"@type":"SearchAction","target":{"@type":"EntryPoint","urlTemplate":"https:\/\/biopietra.com\/?s={search_term_string}"},"query-input":{"@type":"PropertyValueSpecification","valueRequired":true,"valueName":"search_term_string"}}],"inLanguage":"fr-FR"}]}},"_links":{"self":[{"href":"https:\/\/biopietra.com\/fr\/wp-json\/wp\/v2\/pages\/3134\/"}],"collection":[{"href":"https:\/\/biopietra.com\/fr\/wp-json\/wp\/v2\/pages\/"}],"about":[{"href":"https:\/\/biopietra.com\/fr\/wp-json\/wp\/v2\/types\/page\/"}],"author":[{"embeddable":true,"href":"https:\/\/biopietra.com\/fr\/wp-json\/wp\/v2\/users\/2\/"}],"replies":[{"embeddable":true,"href":"https:\/\/biopietra.com\/fr\/wp-json\/wp\/v2\/comments\/?post=3134"}],"version-history":[{"count":10,"href":"https:\/\/biopietra.com\/fr\/wp-json\/wp\/v2\/pages\/3134\/revisions\/"}],"predecessor-version":[{"id":9606,"href":"https:\/\/biopietra.com\/fr\/wp-json\/wp\/v2\/pages\/3134\/revisions\/9606\/"}],"up":[{"embeddable":true,"href":"https:\/\/biopietra.com\/fr\/wp-json\/wp\/v2\/pages\/3128\/"}],"wp:attachment":[{"href":"https:\/\/biopietra.com\/fr\/wp-json\/wp\/v2\/media\/?parent=3134"}],"curies":[{"name":"wp","href":"https:\/\/api.w.org\/{rel}","templated":true}]}}