{"id":3138,"date":"2016-07-22T16:08:42","date_gmt":"2016-07-22T14:08:42","guid":{"rendered":"http:\/\/biopietra.com\/area-tecnica\/total-white\/"},"modified":"2025-10-20T14:15:23","modified_gmt":"2025-10-20T12:15:23","slug":"total-white","status":"publish","type":"page","link":"https:\/\/biopietra.com\/fr\/domaine-technique\/total-white\/","title":{"rendered":"Total white"},"content":{"rendered":"<div class=\"row\">\n<div class=\"col-md-8 mt-25\">\n<p>Dans le domaine de l\u2019\u00e9co-construction et du design durable, la lumi\u00e8re naturelle joue un r\u00f4le essentiel pour am\u00e9liorer le confort de vie et l\u2019efficacit\u00e9 \u00e9nerg\u00e9tique. C\u2019est dans cette optique que Biopietra a d\u00e9velopp\u00e9 la <strong>technologie Total White<\/strong>, une <strong>caract\u00e9ristique technique exclusive<\/strong> des rev\u00eatements dans les couleurs <strong>Blanc<\/strong> et <strong>Quartz<\/strong>, permettant d\u2019obtenir une finition appel\u00e9e <strong>\u00ab blanc absolu \u00bb<\/strong>.<\/p>\n<h3>Un Blanc Absolu qui Transforme les Espaces<\/h3>\n<p>Le blanc absolu est une teinte extr\u00eamement pure, sans d\u00e9rive vers des couleurs voisines ni inclusion de mat\u00e9riaux alt\u00e9rant la r\u00e9fraction. Cette puret\u00e9 chromatique, associ\u00e9e \u00e0 la g\u00e9om\u00e9trie des surfaces Biopietra, permet une <strong>r\u00e9flexion homog\u00e8ne de la lumi\u00e8re<\/strong> dans toutes les directions. Par cons\u00e9quent, les espaces paraissent <strong>plus lumineux<\/strong>, <strong>visuellement plus spacieux<\/strong> et <strong>plus efficaces sur le plan \u00e9nerg\u00e9tique<\/strong>.<\/p>\n<\/div>\n<div class=\"col-md-3 col-md-offset-1 mt-25\"><img decoding=\"async\" src=\"https:\/\/biopietra.com\/wp-content\/uploads\/2016\/07\/Schermata-2016-07-22-alle-16.11.56.png\" alt=\"#\" \/><\/div>\n<\/div>\n<div class=\"row\">\n<div class=\"col-md-8 col-md-offset-2 mt-25\">\n<p>Ci-dessous, nous pr\u00e9sentons une analyse selon la norme UNI EN 12464 pour mesurer l&rsquo;indice de la performance d&rsquo;\u00e9clairage et de la r\u00e9fraction de la lumi\u00e8re dans un environnement domestique con\u00e7u en plan (Demo 2 et 3) o\u00f9 sur deux parois (P1 et P2) de taille de 6x3m \u00e9clair\u00e9es par 3 appliques (A1, A2, A3) o\u00f9 a \u00e9t\u00e9 install\u00e9 un rev\u00eatement Biopietra\u00ae (Demo 3) Living Collection couleur Quartz et compar\u00e9e avec le m\u00eame environnement sans le rev\u00eatement Biopietra\u00ae (Demo 2); en utilisant un logiciel de simulation pour les \u00e9tudes d&rsquo;\u00e9clairage on calcule l&rsquo;\u00e9clairement moyen sur les murs avant et apr\u00e8s l\u2019intervention.<\/p>\n<\/div>\n<\/div>\n<div class=\"row mt-50\">\n<div class=\"col-md-6 mt-25\">\n<p><img decoding=\"async\" src=\"https:\/\/biopietra.com\/wp-content\/uploads\/2016\/07\/Schermata-2016-07-22-alle-16.13.21.png\" alt=\"\" \/>Environnement sans rev\u00eatement Biopietra\u00ae sur les parois P1 et P2<\/p>\n<\/div>\n<div class=\"col-md-6 mt-25\">\n<p><img decoding=\"async\" src=\"https:\/\/biopietra.com\/wp-content\/uploads\/2016\/07\/Schermata-2016-07-22-alle-16.13.32.png\" alt=\"\" \/>Environnement apr\u00e8s l&rsquo;application d&rsquo;un rev\u00eatement Biopietra\u00ae en couleur Quartz sur les parois P1 et P2<\/p>\n<\/div>\n<\/div>\n<div class=\"row\">\n<div class=\"col-md-8 col-md-offset-2 mt-50\">\n<h3>Efficacit\u00e9 \u00c9nerg\u00e9tique et \u00c9conomies<\/h3>\n<p>Une \u00e9tude r\u00e9alis\u00e9e selon la norme <strong>UNI EN 12464<\/strong> a d\u00e9montr\u00e9 qu\u2019\u00e0 nombre \u00e9gal de points lumineux install\u00e9s, un mur rev\u00eatu avec Biopietra en teinte Blanc ou Quartz g\u00e9n\u00e8re un <strong>\u00e9clairement moyen sup\u00e9rieur<\/strong> par rapport \u00e0 une surface non trait\u00e9e. Cela se traduit par une <strong>\u00e9conomie d\u2019\u00e9nergie de 25 \u00e0 30 %<\/strong>, r\u00e9duisant ainsi le besoin en \u00e9clairage artificiel.<\/p>\n<h3>Applications Id\u00e9ales<\/h3>\n<p>La technologie Total White est particuli\u00e8rement adapt\u00e9e aux :<\/p>\n<ul>\n<li>Espaces peu expos\u00e9s \u00e0 la lumi\u00e8re naturelle<\/li>\n<li>Int\u00e9rieurs avec mobilier sombre ou classique<\/li>\n<li>Projets de r\u00e9novation ax\u00e9s sur la durabilit\u00e9<\/li>\n<li>B\u00e2timents publics et commerciaux o\u00f9 la lumi\u00e8re est un \u00e9l\u00e9ment fonctionnel<\/li>\n<\/ul>\n<p>De plus, gr\u00e2ce \u00e0 la <strong>polyvalence des rev\u00eatements Biopietra<\/strong>, ils peuvent \u00eatre appliqu\u00e9s sur du placopl\u00e2tre, du b\u00e9ton arm\u00e9, du bois et des syst\u00e8mes d\u2019isolation thermique, garantissant <strong>durabilit\u00e9<\/strong>, <strong>facilit\u00e9 de pose<\/strong> et <strong>compatibilit\u00e9 avec l\u2019architecture \u00e9cologique<\/strong>.<\/p>\n<p><strong>Moins les murs absorbent la lumi\u00e8re<\/strong>, <strong>moins il est n\u00e9cessaire d\u2019utiliser un \u00e9clairage artificiel<\/strong>, ce qui entra\u00eene une <strong>r\u00e9duction de la consommation \u00e9nerg\u00e9tique<\/strong>.<\/p>\n<\/div>\n<\/div>\n","protected":false},"excerpt":{"rendered":"<p>Dans le domaine de l\u2019\u00e9co-construction et du design durable, la [&hellip;]<\/p>\n","protected":false},"author":2,"featured_media":0,"parent":7275,"menu_order":141,"comment_status":"closed","ping_status":"closed","template":"template-page-custom.php","meta":{"qubely_global_settings":"","qubely_interactions":"","rop_custom_images_group":[],"rop_custom_messages_group":[],"rop_publish_now":"initial","rop_publish_now_accounts":{"facebook_4317419521910128_433253626703258":""},"rop_publish_now_history":[],"rop_publish_now_status":"pending","footnotes":""},"class_list":["post-3138","page","type-page","status-publish","hentry"],"aioseo_notices":[],"yoast_head":"<!-- This site is optimized with the Yoast SEO plugin v27.4 - https:\/\/yoast.com\/product\/yoast-seo-wordpress\/ -->\n<title>Total White Biopietra : Rev\u00eatements pour des Espaces Lumineux<\/title>\n<meta name=\"description\" content=\"D\u00e9couvrez Total White de Biopietra : technologie du blanc absolu appliqu\u00e9e aux rev\u00eatements dans les teintes Blanc et Quartz. Luminosit\u00e9 accrue, \u00e9conomies d\u2019\u00e9nergie et confort visuel.\" \/>\n<meta name=\"robots\" content=\"index, follow, max-snippet:-1, max-image-preview:large, max-video-preview:-1\" \/>\n<link rel=\"canonical\" href=\"https:\/\/biopietra.com\/fr\/domaine-technique\/total-white\/\" \/>\n<meta property=\"og:locale\" content=\"fr_FR\" \/>\n<meta property=\"og:type\" content=\"article\" \/>\n<meta property=\"og:title\" content=\"Total White Biopietra : Rev\u00eatements pour des Espaces Lumineux\" \/>\n<meta property=\"og:description\" content=\"D\u00e9couvrez Total White de Biopietra : technologie du blanc absolu appliqu\u00e9e aux rev\u00eatements dans les teintes Blanc et Quartz. Luminosit\u00e9 accrue, \u00e9conomies d\u2019\u00e9nergie et confort visuel.\" \/>\n<meta property=\"og:url\" content=\"https:\/\/biopietra.com\/fr\/domaine-technique\/total-white\/\" \/>\n<meta property=\"og:site_name\" content=\"Biopietra\" \/>\n<meta property=\"article:modified_time\" content=\"2025-10-20T12:15:23+00:00\" \/>\n<meta property=\"og:image\" content=\"https:\/\/biopietra.com\/wp-content\/uploads\/2016\/07\/Schermata-2016-07-22-alle-16.11.56.png\" \/>\n<meta name=\"twitter:card\" content=\"summary_large_image\" \/>\n<meta name=\"twitter:label1\" content=\"Dur\u00e9e de lecture estim\u00e9e\" \/>\n\t<meta name=\"twitter:data1\" content=\"2 minutes\" \/>\n<script type=\"application\/ld+json\" class=\"yoast-schema-graph\">{\"@context\":\"https:\\\/\\\/schema.org\",\"@graph\":[{\"@type\":\"WebPage\",\"@id\":\"https:\\\/\\\/biopietra.com\\\/fr\\\/domaine-technique\\\/total-white\\\/\",\"url\":\"https:\\\/\\\/biopietra.com\\\/fr\\\/domaine-technique\\\/total-white\\\/\",\"name\":\"Total White Biopietra : Rev\u00eatements pour des Espaces Lumineux\",\"isPartOf\":{\"@id\":\"https:\\\/\\\/biopietra.com\\\/#website\"},\"primaryImageOfPage\":{\"@id\":\"https:\\\/\\\/biopietra.com\\\/fr\\\/domaine-technique\\\/total-white\\\/#primaryimage\"},\"image\":{\"@id\":\"https:\\\/\\\/biopietra.com\\\/fr\\\/domaine-technique\\\/total-white\\\/#primaryimage\"},\"thumbnailUrl\":\"https:\\\/\\\/biopietra.com\\\/wp-content\\\/uploads\\\/2016\\\/07\\\/Schermata-2016-07-22-alle-16.11.56.png\",\"datePublished\":\"2016-07-22T14:08:42+00:00\",\"dateModified\":\"2025-10-20T12:15:23+00:00\",\"description\":\"D\u00e9couvrez Total White de Biopietra : technologie du blanc absolu appliqu\u00e9e aux rev\u00eatements dans les teintes Blanc et Quartz. Luminosit\u00e9 accrue, \u00e9conomies d\u2019\u00e9nergie et confort visuel.\",\"breadcrumb\":{\"@id\":\"https:\\\/\\\/biopietra.com\\\/fr\\\/domaine-technique\\\/total-white\\\/#breadcrumb\"},\"inLanguage\":\"fr-FR\",\"potentialAction\":[{\"@type\":\"ReadAction\",\"target\":[\"https:\\\/\\\/biopietra.com\\\/fr\\\/domaine-technique\\\/total-white\\\/\"]}]},{\"@type\":\"ImageObject\",\"inLanguage\":\"fr-FR\",\"@id\":\"https:\\\/\\\/biopietra.com\\\/fr\\\/domaine-technique\\\/total-white\\\/#primaryimage\",\"url\":\"https:\\\/\\\/biopietra.com\\\/wp-content\\\/uploads\\\/2016\\\/07\\\/Schermata-2016-07-22-alle-16.11.56.png\",\"contentUrl\":\"https:\\\/\\\/biopietra.com\\\/wp-content\\\/uploads\\\/2016\\\/07\\\/Schermata-2016-07-22-alle-16.11.56.png\"},{\"@type\":\"BreadcrumbList\",\"@id\":\"https:\\\/\\\/biopietra.com\\\/fr\\\/domaine-technique\\\/total-white\\\/#breadcrumb\",\"itemListElement\":[{\"@type\":\"ListItem\",\"position\":1,\"name\":\"Home\",\"item\":\"https:\\\/\\\/biopietra.com\\\/fr\\\/\"},{\"@type\":\"ListItem\",\"position\":2,\"name\":\"Domaine Technique\",\"item\":\"https:\\\/\\\/biopietra.com\\\/fr\\\/domaine-technique\\\/\"},{\"@type\":\"ListItem\",\"position\":3,\"name\":\"Total white\"}]},{\"@type\":\"WebSite\",\"@id\":\"https:\\\/\\\/biopietra.com\\\/#website\",\"url\":\"https:\\\/\\\/biopietra.com\\\/\",\"name\":\"Biopietra\",\"description\":\"The Green Stone Industry\",\"potentialAction\":[{\"@type\":\"SearchAction\",\"target\":{\"@type\":\"EntryPoint\",\"urlTemplate\":\"https:\\\/\\\/biopietra.com\\\/?s={search_term_string}\"},\"query-input\":{\"@type\":\"PropertyValueSpecification\",\"valueRequired\":true,\"valueName\":\"search_term_string\"}}],\"inLanguage\":\"fr-FR\"}]}<\/script>\n<!-- \/ Yoast SEO plugin. -->","yoast_head_json":{"title":"Total White Biopietra : Rev\u00eatements pour des Espaces Lumineux","description":"D\u00e9couvrez Total White de Biopietra : technologie du blanc absolu appliqu\u00e9e aux rev\u00eatements dans les teintes Blanc et Quartz. Luminosit\u00e9 accrue, \u00e9conomies d\u2019\u00e9nergie et confort visuel.","robots":{"index":"index","follow":"follow","max-snippet":"max-snippet:-1","max-image-preview":"max-image-preview:large","max-video-preview":"max-video-preview:-1"},"canonical":"https:\/\/biopietra.com\/fr\/domaine-technique\/total-white\/","og_locale":"fr_FR","og_type":"article","og_title":"Total White Biopietra : Rev\u00eatements pour des Espaces Lumineux","og_description":"D\u00e9couvrez Total White de Biopietra : technologie du blanc absolu appliqu\u00e9e aux rev\u00eatements dans les teintes Blanc et Quartz. Luminosit\u00e9 accrue, \u00e9conomies d\u2019\u00e9nergie et confort visuel.","og_url":"https:\/\/biopietra.com\/fr\/domaine-technique\/total-white\/","og_site_name":"Biopietra","article_modified_time":"2025-10-20T12:15:23+00:00","og_image":[{"url":"https:\/\/biopietra.com\/wp-content\/uploads\/2016\/07\/Schermata-2016-07-22-alle-16.11.56.png","type":"","width":"","height":""}],"twitter_card":"summary_large_image","twitter_misc":{"Dur\u00e9e de lecture estim\u00e9e":"2 minutes"},"schema":{"@context":"https:\/\/schema.org","@graph":[{"@type":"WebPage","@id":"https:\/\/biopietra.com\/fr\/domaine-technique\/total-white\/","url":"https:\/\/biopietra.com\/fr\/domaine-technique\/total-white\/","name":"Total White Biopietra : Rev\u00eatements pour des Espaces Lumineux","isPartOf":{"@id":"https:\/\/biopietra.com\/#website"},"primaryImageOfPage":{"@id":"https:\/\/biopietra.com\/fr\/domaine-technique\/total-white\/#primaryimage"},"image":{"@id":"https:\/\/biopietra.com\/fr\/domaine-technique\/total-white\/#primaryimage"},"thumbnailUrl":"https:\/\/biopietra.com\/wp-content\/uploads\/2016\/07\/Schermata-2016-07-22-alle-16.11.56.png","datePublished":"2016-07-22T14:08:42+00:00","dateModified":"2025-10-20T12:15:23+00:00","description":"D\u00e9couvrez Total White de Biopietra : technologie du blanc absolu appliqu\u00e9e aux rev\u00eatements dans les teintes Blanc et Quartz. Luminosit\u00e9 accrue, \u00e9conomies d\u2019\u00e9nergie et confort visuel.","breadcrumb":{"@id":"https:\/\/biopietra.com\/fr\/domaine-technique\/total-white\/#breadcrumb"},"inLanguage":"fr-FR","potentialAction":[{"@type":"ReadAction","target":["https:\/\/biopietra.com\/fr\/domaine-technique\/total-white\/"]}]},{"@type":"ImageObject","inLanguage":"fr-FR","@id":"https:\/\/biopietra.com\/fr\/domaine-technique\/total-white\/#primaryimage","url":"https:\/\/biopietra.com\/wp-content\/uploads\/2016\/07\/Schermata-2016-07-22-alle-16.11.56.png","contentUrl":"https:\/\/biopietra.com\/wp-content\/uploads\/2016\/07\/Schermata-2016-07-22-alle-16.11.56.png"},{"@type":"BreadcrumbList","@id":"https:\/\/biopietra.com\/fr\/domaine-technique\/total-white\/#breadcrumb","itemListElement":[{"@type":"ListItem","position":1,"name":"Home","item":"https:\/\/biopietra.com\/fr\/"},{"@type":"ListItem","position":2,"name":"Domaine Technique","item":"https:\/\/biopietra.com\/fr\/domaine-technique\/"},{"@type":"ListItem","position":3,"name":"Total white"}]},{"@type":"WebSite","@id":"https:\/\/biopietra.com\/#website","url":"https:\/\/biopietra.com\/","name":"Biopietra","description":"The Green Stone Industry","potentialAction":[{"@type":"SearchAction","target":{"@type":"EntryPoint","urlTemplate":"https:\/\/biopietra.com\/?s={search_term_string}"},"query-input":{"@type":"PropertyValueSpecification","valueRequired":true,"valueName":"search_term_string"}}],"inLanguage":"fr-FR"}]}},"_links":{"self":[{"href":"https:\/\/biopietra.com\/fr\/wp-json\/wp\/v2\/pages\/3138\/"}],"collection":[{"href":"https:\/\/biopietra.com\/fr\/wp-json\/wp\/v2\/pages\/"}],"about":[{"href":"https:\/\/biopietra.com\/fr\/wp-json\/wp\/v2\/types\/page\/"}],"author":[{"embeddable":true,"href":"https:\/\/biopietra.com\/fr\/wp-json\/wp\/v2\/users\/2\/"}],"replies":[{"embeddable":true,"href":"https:\/\/biopietra.com\/fr\/wp-json\/wp\/v2\/comments\/?post=3138"}],"version-history":[{"count":8,"href":"https:\/\/biopietra.com\/fr\/wp-json\/wp\/v2\/pages\/3138\/revisions\/"}],"predecessor-version":[{"id":9607,"href":"https:\/\/biopietra.com\/fr\/wp-json\/wp\/v2\/pages\/3138\/revisions\/9607\/"}],"up":[{"embeddable":true,"href":"https:\/\/biopietra.com\/fr\/wp-json\/wp\/v2\/pages\/7275\/"}],"wp:attachment":[{"href":"https:\/\/biopietra.com\/fr\/wp-json\/wp\/v2\/media\/?parent=3138"}],"curies":[{"name":"wp","href":"https:\/\/api.w.org\/{rel}","templated":true}]}}