{"id":3142,"date":"2016-07-22T17:49:14","date_gmt":"2016-07-22T15:49:14","guid":{"rendered":"http:\/\/biopietra.com\/area-tecnica\/informazioni-importanti\/"},"modified":"2025-10-07T15:06:04","modified_gmt":"2025-10-07T13:06:04","slug":"information-pour-la-pose","status":"publish","type":"page","link":"https:\/\/biopietra.com\/fr\/espace-technique\/information-pour-la-pose\/","title":{"rendered":"Information importantes"},"content":{"rendered":"<div class=\"row mt-25\"><div class=\"col-md-4\"><h4 class=\"text-right green text-uppercase\">POUR OBTENIR UN MEILLEUR R\u00c9SULTAT FINAL NOUS CONSEILLONS DE LIRE CES INSTRUCTIONS <\/h4><hr><\/div><div class=\"col-md-8\">\n<p>Pour garantir une pose parfaite des rev\u00eatements Biopietra, il est essentiel d\u2019utiliser des produits sp\u00e9cifiques tels que la colle respirante <a href=\"https:\/\/biopietra.com\/fr\/accessoire\/eco-koll\/\"><strong>ECO-KOLL<\/strong><\/a> et le joint <a href=\"https:\/\/biopietra.com\/fr\/accessoire\/biostucco\/\"><strong>Biostucco<\/strong><\/a>. Ces mat\u00e9riaux sont con\u00e7us pour assurer durabilit\u00e9, respirabilit\u00e9 et adh\u00e9rence optimale. De plus, pour prot\u00e9ger les surfaces contre les agents ext\u00e9rieurs, il est recommand\u00e9 d\u2019appliquer le traitement <a href=\"https:\/\/biopietra.com\/fr\/accessoire\/biofin\/\"><strong>Biofin<\/strong><\/a>, qui pr\u00e9serve l\u2019esth\u00e9tique et la fonctionnalit\u00e9 du rev\u00eatement.<\/p>\n<\/div><\/div>\n<div class=\"row mt-25\"><div class=\"col-md-4\"><h4 class=\"text-right green text-uppercase\">NETTOYAGE ET ENTRETIEN<\/h4><hr><\/div><div class=\"col-md-8\">\n<h5>\u00c0 L\u2019INTERIEUR<\/h5>\n<p>Pour maintenir <a href=\"https:\/\/www.bimobject.com\/en\/biopietra-srl?location=us\">les rev\u00eatements Biopietra<\/a> en parfait \u00e9tat \u2014 notamment les teintes claires comme Quartz-Blanc et Perle \u2014 il est conseill\u00e9 de les traiter avec <strong>Biofin<\/strong>. Le nettoyage est simple : d\u00e9poussi\u00e9rer avec un plumeau ou utiliser un aspirateur muni de brosses douces. Il faut absolument \u00e9viter l\u2019usage d\u2019acides ou de chlore, qui pourraient endommager la surface.<\/p>\n<h5 class=\"mt-25\">EN EXTERIEUR<\/h5>\n<p>Les rev\u00eatements Biopietra\u00ae poss\u00e8dent les m\u00eames caract\u00e9ristiques que la pierre naturelle et peuvent se salir avec le temps. Pour les prot\u00e9ger, il est essentiel d\u2019appliquer <strong>Biofin<\/strong> environ un mois apr\u00e8s la pose, sur une surface s\u00e8che. Ce traitement rend les surfaces imperm\u00e9ables et r\u00e9sistantes aux intemp\u00e9ries, sans alt\u00e9rer leur couleur ni leur apparence.<\/p>\n<\/div><\/div>\n<div class=\"row mt-25\"><div class=\"col-md-4\"><h4 class=\"text-right green text-uppercase\">IMPORTANCE DE JOINTOIEMENT<\/h4><hr><\/div><div class=\"col-md-8\">\n<p>L\u2019authenticit\u00e9 d\u2019un mur en pierre d\u00e9pend de la bonne r\u00e9partition des joints. Pour un effet r\u00e9aliste, l\u2019espace entre les pierres doit \u00eatre d\u2019au moins 4 \u00e0 5 cm.<\/p>\n<p>Des joints trop \u00e9troits nuisent \u00e0 l\u2019esth\u00e9tique et au r\u00e9alisme. Ceux qui souhaitent une pose \u00e0 sec ou avec des joints r\u00e9duits doivent pr\u00e9voir jusqu\u2019\u00e0 20 % de pierres suppl\u00e9mentaires..<\/p>\n<\/div><\/div>\n","protected":false},"excerpt":{"rendered":"","protected":false},"author":2,"featured_media":0,"parent":3128,"menu_order":236,"comment_status":"closed","ping_status":"closed","template":"template-page-custom.php","meta":{"qubely_global_settings":"","qubely_interactions":"","rs_blank_template":"","rs_page_bg_color":"","slide_template_v7":"","rop_custom_images_group":[],"rop_custom_messages_group":[],"rop_publish_now":"initial","rop_publish_now_accounts":{"facebook_4317419521910128_433253626703258":""},"rop_publish_now_history":[],"rop_publish_now_status":"pending","footnotes":""},"class_list":["post-3142","page","type-page","status-publish","hentry"],"yoast_head":"<!-- This site is optimized with the Yoast SEO plugin v27.4 - https:\/\/yoast.com\/product\/yoast-seo-wordpress\/ -->\n<title>Guide de pose et d\u2019entretien des rev\u00eatements Biopietra\u00ae : conseils techniques et produits recommand\u00e9s<\/title>\n<meta name=\"description\" content=\"D\u00e9couvrez comment r\u00e9ussir la pose des rev\u00eatements Biopietra\u00ae gr\u00e2ce \u00e0 des colles et traitements sp\u00e9cifiques. Guide d\u2019entretien et de jointement pour int\u00e9rieur et ext\u00e9rieur.\" \/>\n<meta name=\"robots\" content=\"index, follow, max-snippet:-1, max-image-preview:large, max-video-preview:-1\" \/>\n<link rel=\"canonical\" href=\"https:\/\/biopietra.com\/fr\/espace-technique\/information-pour-la-pose\/\" \/>\n<meta property=\"og:locale\" content=\"fr_FR\" \/>\n<meta property=\"og:type\" content=\"article\" \/>\n<meta property=\"og:title\" content=\"Guide de pose et d\u2019entretien des rev\u00eatements Biopietra\u00ae : conseils techniques et produits recommand\u00e9s\" \/>\n<meta property=\"og:description\" content=\"D\u00e9couvrez comment r\u00e9ussir la pose des rev\u00eatements Biopietra\u00ae gr\u00e2ce \u00e0 des colles et traitements sp\u00e9cifiques. Guide d\u2019entretien et de jointement pour int\u00e9rieur et ext\u00e9rieur.\" \/>\n<meta property=\"og:url\" content=\"https:\/\/biopietra.com\/fr\/espace-technique\/information-pour-la-pose\/\" \/>\n<meta property=\"og:site_name\" content=\"Biopietra\" \/>\n<meta property=\"article:modified_time\" content=\"2025-10-07T13:06:04+00:00\" \/>\n<meta name=\"twitter:card\" content=\"summary_large_image\" \/>\n<meta name=\"twitter:label1\" content=\"Dur\u00e9e de lecture estim\u00e9e\" \/>\n\t<meta name=\"twitter:data1\" content=\"1 minute\" \/>\n<script type=\"application\/ld+json\" class=\"yoast-schema-graph\">{\"@context\":\"https:\\\/\\\/schema.org\",\"@graph\":[{\"@type\":\"WebPage\",\"@id\":\"https:\\\/\\\/biopietra.com\\\/fr\\\/espace-technique\\\/information-pour-la-pose\\\/\",\"url\":\"https:\\\/\\\/biopietra.com\\\/fr\\\/espace-technique\\\/information-pour-la-pose\\\/\",\"name\":\"Guide de pose et d\u2019entretien des rev\u00eatements Biopietra\u00ae : conseils techniques et produits recommand\u00e9s\",\"isPartOf\":{\"@id\":\"https:\\\/\\\/biopietra.com\\\/#website\"},\"datePublished\":\"2016-07-22T15:49:14+00:00\",\"dateModified\":\"2025-10-07T13:06:04+00:00\",\"description\":\"D\u00e9couvrez comment r\u00e9ussir la pose des rev\u00eatements Biopietra\u00ae gr\u00e2ce \u00e0 des colles et traitements sp\u00e9cifiques. Guide d\u2019entretien et de jointement pour int\u00e9rieur et ext\u00e9rieur.\",\"breadcrumb\":{\"@id\":\"https:\\\/\\\/biopietra.com\\\/fr\\\/espace-technique\\\/information-pour-la-pose\\\/#breadcrumb\"},\"inLanguage\":\"fr-FR\",\"potentialAction\":[{\"@type\":\"ReadAction\",\"target\":[\"https:\\\/\\\/biopietra.com\\\/fr\\\/espace-technique\\\/information-pour-la-pose\\\/\"]}]},{\"@type\":\"BreadcrumbList\",\"@id\":\"https:\\\/\\\/biopietra.com\\\/fr\\\/espace-technique\\\/information-pour-la-pose\\\/#breadcrumb\",\"itemListElement\":[{\"@type\":\"ListItem\",\"position\":1,\"name\":\"Home\",\"item\":\"https:\\\/\\\/biopietra.com\\\/fr\\\/\"},{\"@type\":\"ListItem\",\"position\":2,\"name\":\"Espace Technique\",\"item\":\"https:\\\/\\\/biopietra.com\\\/fr\\\/espace-technique\\\/\"},{\"@type\":\"ListItem\",\"position\":3,\"name\":\"Information importantes\"}]},{\"@type\":\"WebSite\",\"@id\":\"https:\\\/\\\/biopietra.com\\\/#website\",\"url\":\"https:\\\/\\\/biopietra.com\\\/\",\"name\":\"Biopietra\",\"description\":\"The Green Stone Industry\",\"potentialAction\":[{\"@type\":\"SearchAction\",\"target\":{\"@type\":\"EntryPoint\",\"urlTemplate\":\"https:\\\/\\\/biopietra.com\\\/?s={search_term_string}\"},\"query-input\":{\"@type\":\"PropertyValueSpecification\",\"valueRequired\":true,\"valueName\":\"search_term_string\"}}],\"inLanguage\":\"fr-FR\"}]}<\/script>\n<!-- \/ Yoast SEO plugin. -->","yoast_head_json":{"title":"Guide de pose et d\u2019entretien des rev\u00eatements Biopietra\u00ae : conseils techniques et produits recommand\u00e9s","description":"D\u00e9couvrez comment r\u00e9ussir la pose des rev\u00eatements Biopietra\u00ae gr\u00e2ce \u00e0 des colles et traitements sp\u00e9cifiques. Guide d\u2019entretien et de jointement pour int\u00e9rieur et ext\u00e9rieur.","robots":{"index":"index","follow":"follow","max-snippet":"max-snippet:-1","max-image-preview":"max-image-preview:large","max-video-preview":"max-video-preview:-1"},"canonical":"https:\/\/biopietra.com\/fr\/espace-technique\/information-pour-la-pose\/","og_locale":"fr_FR","og_type":"article","og_title":"Guide de pose et d\u2019entretien des rev\u00eatements Biopietra\u00ae : conseils techniques et produits recommand\u00e9s","og_description":"D\u00e9couvrez comment r\u00e9ussir la pose des rev\u00eatements Biopietra\u00ae gr\u00e2ce \u00e0 des colles et traitements sp\u00e9cifiques. Guide d\u2019entretien et de jointement pour int\u00e9rieur et ext\u00e9rieur.","og_url":"https:\/\/biopietra.com\/fr\/espace-technique\/information-pour-la-pose\/","og_site_name":"Biopietra","article_modified_time":"2025-10-07T13:06:04+00:00","twitter_card":"summary_large_image","twitter_misc":{"Dur\u00e9e de lecture estim\u00e9e":"1 minute"},"schema":{"@context":"https:\/\/schema.org","@graph":[{"@type":"WebPage","@id":"https:\/\/biopietra.com\/fr\/espace-technique\/information-pour-la-pose\/","url":"https:\/\/biopietra.com\/fr\/espace-technique\/information-pour-la-pose\/","name":"Guide de pose et d\u2019entretien des rev\u00eatements Biopietra\u00ae : conseils techniques et produits recommand\u00e9s","isPartOf":{"@id":"https:\/\/biopietra.com\/#website"},"datePublished":"2016-07-22T15:49:14+00:00","dateModified":"2025-10-07T13:06:04+00:00","description":"D\u00e9couvrez comment r\u00e9ussir la pose des rev\u00eatements Biopietra\u00ae gr\u00e2ce \u00e0 des colles et traitements sp\u00e9cifiques. Guide d\u2019entretien et de jointement pour int\u00e9rieur et ext\u00e9rieur.","breadcrumb":{"@id":"https:\/\/biopietra.com\/fr\/espace-technique\/information-pour-la-pose\/#breadcrumb"},"inLanguage":"fr-FR","potentialAction":[{"@type":"ReadAction","target":["https:\/\/biopietra.com\/fr\/espace-technique\/information-pour-la-pose\/"]}]},{"@type":"BreadcrumbList","@id":"https:\/\/biopietra.com\/fr\/espace-technique\/information-pour-la-pose\/#breadcrumb","itemListElement":[{"@type":"ListItem","position":1,"name":"Home","item":"https:\/\/biopietra.com\/fr\/"},{"@type":"ListItem","position":2,"name":"Espace Technique","item":"https:\/\/biopietra.com\/fr\/espace-technique\/"},{"@type":"ListItem","position":3,"name":"Information importantes"}]},{"@type":"WebSite","@id":"https:\/\/biopietra.com\/#website","url":"https:\/\/biopietra.com\/","name":"Biopietra","description":"The Green Stone Industry","potentialAction":[{"@type":"SearchAction","target":{"@type":"EntryPoint","urlTemplate":"https:\/\/biopietra.com\/?s={search_term_string}"},"query-input":{"@type":"PropertyValueSpecification","valueRequired":true,"valueName":"search_term_string"}}],"inLanguage":"fr-FR"}]}},"_links":{"self":[{"href":"https:\/\/biopietra.com\/fr\/wp-json\/wp\/v2\/pages\/3142","targetHints":{"allow":["GET"]}}],"collection":[{"href":"https:\/\/biopietra.com\/fr\/wp-json\/wp\/v2\/pages"}],"about":[{"href":"https:\/\/biopietra.com\/fr\/wp-json\/wp\/v2\/types\/page"}],"author":[{"embeddable":true,"href":"https:\/\/biopietra.com\/fr\/wp-json\/wp\/v2\/users\/2"}],"replies":[{"embeddable":true,"href":"https:\/\/biopietra.com\/fr\/wp-json\/wp\/v2\/comments?post=3142"}],"version-history":[{"count":8,"href":"https:\/\/biopietra.com\/fr\/wp-json\/wp\/v2\/pages\/3142\/revisions"}],"predecessor-version":[{"id":30278,"href":"https:\/\/biopietra.com\/fr\/wp-json\/wp\/v2\/pages\/3142\/revisions\/30278"}],"up":[{"embeddable":true,"href":"https:\/\/biopietra.com\/fr\/wp-json\/wp\/v2\/pages\/3128"}],"wp:attachment":[{"href":"https:\/\/biopietra.com\/fr\/wp-json\/wp\/v2\/media?parent=3142"}],"curies":[{"name":"wp","href":"https:\/\/api.w.org\/{rel}","templated":true}]}}