{"id":3152,"date":"2016-08-05T17:55:42","date_gmt":"2016-08-05T15:55:42","guid":{"rendered":"http:\/\/biopietra.com\/informazioni-azienda\/"},"modified":"2025-08-04T17:01:37","modified_gmt":"2025-08-04T15:01:37","slug":"informazioni-azienda","status":"publish","type":"page","link":"https:\/\/biopietra.com\/fr\/informazioni-azienda\/","title":{"rendered":"Informations sur l\u2019entreprise Biopietra entreprise italienne experts en rev\u00eatements en pierre \u00e9cologique"},"content":{"rendered":"<h2>Biopietra S.r.l. \u2013 Experts en rev\u00eatements en pierre \u00e9cologique Made in Italy<\/h2>\n<p><strong>Biopietra S.r.l.<\/strong><span>\u00a0<\/span>est une entreprise italienne situ\u00e9e dans la province de Brescia, sp\u00e9cialis\u00e9e dans la production de<span>\u00a0<\/span><strong>pierre \u00e9cologique r\u00e9g\u00e9n\u00e9r\u00e9e<\/strong><span>\u00a0<\/span>pour les rev\u00eatements muraux et les solutions architecturales durables. Depuis plus de vingt ans, Biopietra allie<span>\u00a0<\/span><strong>design naturel<\/strong>,<span>\u00a0<\/span><strong>innovation technique<\/strong><span>\u00a0<\/span>et<span>\u00a0<\/span><strong>respect de l\u2019environnement<\/strong>, en proposant des<span>\u00a0<\/span><strong>mat\u00e9riaux certifi\u00e9s<\/strong><span>\u00a0<\/span>pour des projets de construction de haute qualit\u00e9 dans le domaine de l\u2019<strong>architecture verte<\/strong>.<\/p>\n<hr \/>\n<h3>Informations sur l\u2019entreprise<\/h3>\n<ul>\n<li><strong>Raison sociale :<\/strong><span>\u00a0<\/span>Biopietra S.r.l.<\/li>\n<li><strong>Code fiscal \/ Num\u00e9ro de TVA :<\/strong><span>\u00a0<\/span>02040260982<\/li>\n<li><strong>Secteur d\u2019activit\u00e9 :<\/strong><span>\u00a0<\/span>Fabrication et commercialisation de rev\u00eatements en pierre \u00e9cologique<\/li>\n<li><strong>Certifications :<\/strong><span>\u00a0<\/span>Qualit\u00e9, durabilit\u00e9 environnementale, production italienne<\/li>\n<\/ul>\n<hr \/>\n<h3>Sites op\u00e9rationnels<\/h3>\n<ul>\n<li><strong>Showroom et bureaux commerciaux<\/strong><br \/>\n\ud83d\udccd Via Aldina, 3 \u2013 25080 Raffa di Puegnago (BS), Italie<br \/>\nNotre showroom accueille les clients, architectes et concepteurs pour des consultations personnalis\u00e9es et des pr\u00e9sentations de produits.<\/li>\n<li><strong>Unit\u00e9 de production<\/strong><br \/>\n\ud83c\udfed Via delle Pozzette, 22-22a \u2013 25080 Soiano del Lago (BS), Italie<br \/>\nLe c\u0153ur de notre production, o\u00f9 la pierre \u00e9cologique prend forme gr\u00e2ce \u00e0 des technologies avanc\u00e9es et des processus durables.<\/li>\n<li>info@biopietra.com<\/li>\n<\/ul>\n<hr \/>\n<h3>Les valeurs de Biopietra<\/h3>\n<ul>\n<li><strong>Production 100 % italienne<\/strong><span>\u00a0<\/span>avec cha\u00eene d\u2019approvisionnement contr\u00f4l\u00e9e<\/li>\n<li><strong>Mat\u00e9riaux \u00e9cologiques et r\u00e9g\u00e9n\u00e9r\u00e9s<\/strong>, id\u00e9aux pour la construction durable<\/li>\n<li><strong>Design et fonctionnalit\u00e9<\/strong><span>\u00a0<\/span>pour les espaces int\u00e9rieurs et ext\u00e9rieurs<\/li>\n<li><strong>Respect de l\u2019environnement<\/strong><span>\u00a0<\/span>et r\u00e9duction de l\u2019impact \u00e9cologique<\/li>\n<\/ul>\n<hr \/>\n","protected":false},"excerpt":{"rendered":"<p>Biopietra S.r.l. \u2013 Experts en rev\u00eatements en pierre \u00e9cologique Made [&hellip;]<\/p>\n","protected":false},"author":2,"featured_media":0,"parent":0,"menu_order":253,"comment_status":"closed","ping_status":"closed","template":"","meta":{"qubely_global_settings":"","qubely_interactions":"","rs_blank_template":"","rs_page_bg_color":"","slide_template_v7":"","rop_custom_images_group":[],"rop_custom_messages_group":[],"rop_publish_now":"initial","rop_publish_now_accounts":{"facebook_4317419521910128_433253626703258":""},"rop_publish_now_history":[],"rop_publish_now_status":"pending","footnotes":""},"class_list":["post-3152","page","type-page","status-publish","hentry"],"aioseo_notices":[],"yoast_head":"<!-- This site is optimized with the Yoast SEO plugin v27.4 - https:\/\/yoast.com\/product\/yoast-seo-wordpress\/ -->\n<title>Biopietra S.r.l. \u2013 Rev\u00eatements en pierre \u00e9cologique r\u00e9g\u00e9n\u00e9r\u00e9e Made in Italy<\/title>\n<meta name=\"description\" content=\"D\u00e9couvrez Biopietra S.r.l., entreprise italienne sp\u00e9cialis\u00e9e dans les rev\u00eatements en pierre \u00e9cologique r\u00e9g\u00e9n\u00e9r\u00e9e pour l\u2019architecture durable. Showroom et site de production en province de Brescia.\" \/>\n<meta name=\"robots\" content=\"index, follow, max-snippet:-1, max-image-preview:large, max-video-preview:-1\" \/>\n<link rel=\"canonical\" href=\"https:\/\/biopietra.com\/fr\/informazioni-azienda\/\" \/>\n<meta property=\"og:locale\" content=\"fr_FR\" \/>\n<meta property=\"og:type\" content=\"article\" \/>\n<meta property=\"og:title\" content=\"Biopietra S.r.l. \u2013 Rev\u00eatements en pierre \u00e9cologique r\u00e9g\u00e9n\u00e9r\u00e9e Made in Italy\" \/>\n<meta property=\"og:description\" content=\"D\u00e9couvrez Biopietra S.r.l., entreprise italienne sp\u00e9cialis\u00e9e dans les rev\u00eatements en pierre \u00e9cologique r\u00e9g\u00e9n\u00e9r\u00e9e pour l\u2019architecture durable. Showroom et site de production en province de Brescia.\" \/>\n<meta property=\"og:url\" content=\"https:\/\/biopietra.com\/fr\/informazioni-azienda\/\" \/>\n<meta property=\"og:site_name\" content=\"Biopietra\" \/>\n<meta property=\"article:modified_time\" content=\"2025-08-04T15:01:37+00:00\" \/>\n<meta name=\"twitter:card\" content=\"summary_large_image\" \/>\n<meta name=\"twitter:label1\" content=\"Dur\u00e9e de lecture estim\u00e9e\" \/>\n\t<meta name=\"twitter:data1\" content=\"1 minute\" \/>\n<script type=\"application\/ld+json\" class=\"yoast-schema-graph\">{\"@context\":\"https:\\\/\\\/schema.org\",\"@graph\":[{\"@type\":\"WebPage\",\"@id\":\"https:\\\/\\\/biopietra.com\\\/fr\\\/informazioni-azienda\\\/\",\"url\":\"https:\\\/\\\/biopietra.com\\\/fr\\\/informazioni-azienda\\\/\",\"name\":\"Biopietra S.r.l. \u2013 Rev\u00eatements en pierre \u00e9cologique r\u00e9g\u00e9n\u00e9r\u00e9e Made in Italy\",\"isPartOf\":{\"@id\":\"https:\\\/\\\/biopietra.com\\\/#website\"},\"datePublished\":\"2016-08-05T15:55:42+00:00\",\"dateModified\":\"2025-08-04T15:01:37+00:00\",\"description\":\"D\u00e9couvrez Biopietra S.r.l., entreprise italienne sp\u00e9cialis\u00e9e dans les rev\u00eatements en pierre \u00e9cologique r\u00e9g\u00e9n\u00e9r\u00e9e pour l\u2019architecture durable. Showroom et site de production en province de Brescia.\",\"breadcrumb\":{\"@id\":\"https:\\\/\\\/biopietra.com\\\/fr\\\/informazioni-azienda\\\/#breadcrumb\"},\"inLanguage\":\"fr-FR\",\"potentialAction\":[{\"@type\":\"ReadAction\",\"target\":[\"https:\\\/\\\/biopietra.com\\\/fr\\\/informazioni-azienda\\\/\"]}]},{\"@type\":\"BreadcrumbList\",\"@id\":\"https:\\\/\\\/biopietra.com\\\/fr\\\/informazioni-azienda\\\/#breadcrumb\",\"itemListElement\":[{\"@type\":\"ListItem\",\"position\":1,\"name\":\"Home\",\"item\":\"https:\\\/\\\/biopietra.com\\\/fr\\\/\"},{\"@type\":\"ListItem\",\"position\":2,\"name\":\"Informations sur l\u2019entreprise Biopietra entreprise italienne experts en rev\u00eatements en pierre \u00e9cologique\"}]},{\"@type\":\"WebSite\",\"@id\":\"https:\\\/\\\/biopietra.com\\\/#website\",\"url\":\"https:\\\/\\\/biopietra.com\\\/\",\"name\":\"Biopietra\",\"description\":\"The Green Stone Industry\",\"potentialAction\":[{\"@type\":\"SearchAction\",\"target\":{\"@type\":\"EntryPoint\",\"urlTemplate\":\"https:\\\/\\\/biopietra.com\\\/?s={search_term_string}\"},\"query-input\":{\"@type\":\"PropertyValueSpecification\",\"valueRequired\":true,\"valueName\":\"search_term_string\"}}],\"inLanguage\":\"fr-FR\"}]}<\/script>\n<!-- \/ Yoast SEO plugin. -->","yoast_head_json":{"title":"Biopietra S.r.l. \u2013 Rev\u00eatements en pierre \u00e9cologique r\u00e9g\u00e9n\u00e9r\u00e9e Made in Italy","description":"D\u00e9couvrez Biopietra S.r.l., entreprise italienne sp\u00e9cialis\u00e9e dans les rev\u00eatements en pierre \u00e9cologique r\u00e9g\u00e9n\u00e9r\u00e9e pour l\u2019architecture durable. Showroom et site de production en province de Brescia.","robots":{"index":"index","follow":"follow","max-snippet":"max-snippet:-1","max-image-preview":"max-image-preview:large","max-video-preview":"max-video-preview:-1"},"canonical":"https:\/\/biopietra.com\/fr\/informazioni-azienda\/","og_locale":"fr_FR","og_type":"article","og_title":"Biopietra S.r.l. \u2013 Rev\u00eatements en pierre \u00e9cologique r\u00e9g\u00e9n\u00e9r\u00e9e Made in Italy","og_description":"D\u00e9couvrez Biopietra S.r.l., entreprise italienne sp\u00e9cialis\u00e9e dans les rev\u00eatements en pierre \u00e9cologique r\u00e9g\u00e9n\u00e9r\u00e9e pour l\u2019architecture durable. Showroom et site de production en province de Brescia.","og_url":"https:\/\/biopietra.com\/fr\/informazioni-azienda\/","og_site_name":"Biopietra","article_modified_time":"2025-08-04T15:01:37+00:00","twitter_card":"summary_large_image","twitter_misc":{"Dur\u00e9e de lecture estim\u00e9e":"1 minute"},"schema":{"@context":"https:\/\/schema.org","@graph":[{"@type":"WebPage","@id":"https:\/\/biopietra.com\/fr\/informazioni-azienda\/","url":"https:\/\/biopietra.com\/fr\/informazioni-azienda\/","name":"Biopietra S.r.l. \u2013 Rev\u00eatements en pierre \u00e9cologique r\u00e9g\u00e9n\u00e9r\u00e9e Made in Italy","isPartOf":{"@id":"https:\/\/biopietra.com\/#website"},"datePublished":"2016-08-05T15:55:42+00:00","dateModified":"2025-08-04T15:01:37+00:00","description":"D\u00e9couvrez Biopietra S.r.l., entreprise italienne sp\u00e9cialis\u00e9e dans les rev\u00eatements en pierre \u00e9cologique r\u00e9g\u00e9n\u00e9r\u00e9e pour l\u2019architecture durable. Showroom et site de production en province de Brescia.","breadcrumb":{"@id":"https:\/\/biopietra.com\/fr\/informazioni-azienda\/#breadcrumb"},"inLanguage":"fr-FR","potentialAction":[{"@type":"ReadAction","target":["https:\/\/biopietra.com\/fr\/informazioni-azienda\/"]}]},{"@type":"BreadcrumbList","@id":"https:\/\/biopietra.com\/fr\/informazioni-azienda\/#breadcrumb","itemListElement":[{"@type":"ListItem","position":1,"name":"Home","item":"https:\/\/biopietra.com\/fr\/"},{"@type":"ListItem","position":2,"name":"Informations sur l\u2019entreprise Biopietra entreprise italienne experts en rev\u00eatements en pierre \u00e9cologique"}]},{"@type":"WebSite","@id":"https:\/\/biopietra.com\/#website","url":"https:\/\/biopietra.com\/","name":"Biopietra","description":"The Green Stone Industry","potentialAction":[{"@type":"SearchAction","target":{"@type":"EntryPoint","urlTemplate":"https:\/\/biopietra.com\/?s={search_term_string}"},"query-input":{"@type":"PropertyValueSpecification","valueRequired":true,"valueName":"search_term_string"}}],"inLanguage":"fr-FR"}]}},"_links":{"self":[{"href":"https:\/\/biopietra.com\/fr\/wp-json\/wp\/v2\/pages\/3152","targetHints":{"allow":["GET"]}}],"collection":[{"href":"https:\/\/biopietra.com\/fr\/wp-json\/wp\/v2\/pages"}],"about":[{"href":"https:\/\/biopietra.com\/fr\/wp-json\/wp\/v2\/types\/page"}],"author":[{"embeddable":true,"href":"https:\/\/biopietra.com\/fr\/wp-json\/wp\/v2\/users\/2"}],"replies":[{"embeddable":true,"href":"https:\/\/biopietra.com\/fr\/wp-json\/wp\/v2\/comments?post=3152"}],"version-history":[{"count":5,"href":"https:\/\/biopietra.com\/fr\/wp-json\/wp\/v2\/pages\/3152\/revisions"}],"predecessor-version":[{"id":29805,"href":"https:\/\/biopietra.com\/fr\/wp-json\/wp\/v2\/pages\/3152\/revisions\/29805"}],"wp:attachment":[{"href":"https:\/\/biopietra.com\/fr\/wp-json\/wp\/v2\/media?parent=3152"}],"curies":[{"name":"wp","href":"https:\/\/api.w.org\/{rel}","templated":true}]}}