{"id":4510,"date":"2017-04-28T12:47:58","date_gmt":"2017-04-28T10:47:58","guid":{"rendered":"http:\/\/biopietra.com\/?page_id=4510\/"},"modified":"2018-05-31T10:34:01","modified_gmt":"2018-05-31T08:34:01","slug":"casa-passiva","status":"publish","type":"page","link":"https:\/\/biopietra.com\/fr\/bioarchitecture\/casa-passiva\/","title":{"rendered":"Maison Passive"},"content":{"rendered":"<p><span>Le concept de \u00abmaison passive\u00bb (Passivhaus) est n\u00e9 en 1988 en Su\u00e8de, puis de plus en plus dans de nombreux pays du centre-nord Europ\u00e9en. <\/span><\/p>\n<p><span>Par \u00ab<strong>maison passive<\/strong>\u00bb, on entend par condition de logement bas\u00e9 sur l&rsquo;int\u00e9gration des mat\u00e9riaux et des technologies qui offrent au b\u00e2timent, un haut niveau de logement et une r<strong>\u00e9duction significative de la consommation d&rsquo;\u00e9nergie<\/strong>, environ 90% de moins par rapport aux maisons traditionnelles. C&rsquo;est une forme de structure \u00e9tudi\u00e9e et projet\u00e9e pour couvrir de fa\u00e7on autonome la plupart de ses besoins \u00e9nerg\u00e9tiques, pour le chauffage et le rafra\u00eechissement des int\u00e9rieurs, en utilisant des dispositifs passifs. <\/span><\/p>\n<p><span>Ces habitations assurent le bien-\u00eatre thermique avec ou sans source interne d&rsquo;\u00e9nergie au b\u00e2timent et ne n\u00e9cessitent d\u2019aucun\u00a0syst\u00e8me de chauffage conventionnel, \u00e9tant capable par lui-m\u00eame de maximiser l&rsquo;efficacit\u00e9 \u00e9nerg\u00e9tique. Dans la philosophie de la maison passive, <strong>on n&rsquo;utilise pas de combustibles fossiles, mais des syst\u00e8mes bas\u00e9s sur les \u00e9nergies renouvelables<\/strong>, autant que possible. Le syst\u00e8me le plus utilis\u00e9 pr\u00e9voit la pr\u00e9sence d&rsquo;une pompe \u00e0 chaleur qui sert \u00e0 produire de l&rsquo;eau chaude \u00e0 usage domestique et la r\u00e9duction de l\u2019\u00e9tagement de l\u2019air. <\/span><\/p>\n<p><span>Pour la climatisation en \u00e9t\u00e9, par contre il est possible d\u2019exploiter le syst\u00e8me de ventilation m\u00e9canique contr\u00f4l\u00e9e avec le syst\u00e8me de rafra\u00eechissement par g\u00e9othermie horizontale ou verticale pour exploiter la temp\u00e9rature constante du sous-sol. Le besoin \u00e9nerg\u00e9tique est extr\u00eamement faible et peut \u00eatre couvert avec les ressources d\u00e9j\u00e0 pr\u00e9sentes. <\/span><\/p>\n<p><span>L\u2019architecture passive r\u00e9cup\u00e8re donc la plus grande part des besoins \u00e9nerg\u00e9tiques des b\u00e2timents \u00e0 travers des flux chauds et froids, directement de l\u2019ext\u00e9rieur. Elle utilise dans la p\u00e9riode de transition \u00abla masse d&rsquo;accumulation thermique\u00bb, les quantit\u00e9s de mat\u00e9riaux ayant une grande capacit\u00e9 thermique.\u00a0<\/span><\/p>\n<p><span><strong>La maison passive est la base pour la protection de l&rsquo;environnement:<\/strong> avec ce standard de construction, aucun besoin d\u2019intervention pour r\u00e9duire les polluants avec des filtres ou autres, offre le maximum de contribution \u00e0 la conservation du territoire et du climat sans g\u00e9n\u00e9rer aucune sorte de substance nocive. Biopietra offre un produit \u00e9cologique et bio certifi\u00e9, respecte la plan\u00e8te, l&rsquo;homme et sa sant\u00e9 en r\u00e9duisant la consommation \u00e9nerg\u00e9tique tout au long du cycle de vie.<\/span><\/p>\n","protected":false},"excerpt":{"rendered":"<p>Le concept de \u00abmaison passive\u00bb (Passivhaus) est n\u00e9 en 1988 [&hellip;]<\/p>\n","protected":false},"author":3,"featured_media":0,"parent":4514,"menu_order":179,"comment_status":"closed","ping_status":"closed","template":"template-page-custom.php","meta":{"qubely_global_settings":"","qubely_interactions":"","rs_blank_template":"","rs_page_bg_color":"","slide_template_v7":"","rop_custom_images_group":[],"rop_custom_messages_group":[],"rop_publish_now":"initial","rop_publish_now_accounts":{"facebook_4317419521910128_433253626703258":""},"rop_publish_now_history":[],"rop_publish_now_status":"pending","footnotes":""},"class_list":["post-4510","page","type-page","status-publish","hentry"],"aioseo_notices":[],"yoast_head":"<!-- This site is optimized with the Yoast SEO plugin v27.4 - https:\/\/yoast.com\/product\/yoast-seo-wordpress\/ -->\n<title>Maison Passive - Biopietra<\/title>\n<meta name=\"robots\" content=\"index, follow, max-snippet:-1, max-image-preview:large, max-video-preview:-1\" \/>\n<link rel=\"canonical\" href=\"https:\/\/biopietra.com\/fr\/bioarchitecture\/casa-passiva\/\" \/>\n<meta property=\"og:locale\" content=\"fr_FR\" \/>\n<meta property=\"og:type\" content=\"article\" \/>\n<meta property=\"og:title\" content=\"Maison Passive - Biopietra\" \/>\n<meta property=\"og:description\" content=\"Le concept de \u00abmaison passive\u00bb (Passivhaus) est n\u00e9 en 1988 [&hellip;]\" \/>\n<meta property=\"og:url\" content=\"https:\/\/biopietra.com\/fr\/bioarchitecture\/casa-passiva\/\" \/>\n<meta property=\"og:site_name\" content=\"Biopietra\" \/>\n<meta property=\"article:modified_time\" content=\"2018-05-31T08:34:01+00:00\" \/>\n<meta name=\"twitter:card\" content=\"summary_large_image\" \/>\n<meta name=\"twitter:label1\" content=\"Dur\u00e9e de lecture estim\u00e9e\" \/>\n\t<meta name=\"twitter:data1\" content=\"2 minutes\" \/>\n<script type=\"application\/ld+json\" class=\"yoast-schema-graph\">{\"@context\":\"https:\\\/\\\/schema.org\",\"@graph\":[{\"@type\":\"WebPage\",\"@id\":\"https:\\\/\\\/biopietra.com\\\/fr\\\/bioarchitecture\\\/casa-passiva\\\/\",\"url\":\"https:\\\/\\\/biopietra.com\\\/fr\\\/bioarchitecture\\\/casa-passiva\\\/\",\"name\":\"Maison Passive - Biopietra\",\"isPartOf\":{\"@id\":\"https:\\\/\\\/biopietra.com\\\/#website\"},\"datePublished\":\"2017-04-28T10:47:58+00:00\",\"dateModified\":\"2018-05-31T08:34:01+00:00\",\"breadcrumb\":{\"@id\":\"https:\\\/\\\/biopietra.com\\\/fr\\\/bioarchitecture\\\/casa-passiva\\\/#breadcrumb\"},\"inLanguage\":\"fr-FR\",\"potentialAction\":[{\"@type\":\"ReadAction\",\"target\":[\"https:\\\/\\\/biopietra.com\\\/fr\\\/bioarchitecture\\\/casa-passiva\\\/\"]}]},{\"@type\":\"BreadcrumbList\",\"@id\":\"https:\\\/\\\/biopietra.com\\\/fr\\\/bioarchitecture\\\/casa-passiva\\\/#breadcrumb\",\"itemListElement\":[{\"@type\":\"ListItem\",\"position\":1,\"name\":\"Home\",\"item\":\"https:\\\/\\\/biopietra.com\\\/fr\\\/\"},{\"@type\":\"ListItem\",\"position\":2,\"name\":\"Bioarchitecture\",\"item\":\"https:\\\/\\\/biopietra.com\\\/fr\\\/bioarchitecture\\\/\"},{\"@type\":\"ListItem\",\"position\":3,\"name\":\"Maison Passive\"}]},{\"@type\":\"WebSite\",\"@id\":\"https:\\\/\\\/biopietra.com\\\/#website\",\"url\":\"https:\\\/\\\/biopietra.com\\\/\",\"name\":\"Biopietra\",\"description\":\"The Green Stone Industry\",\"potentialAction\":[{\"@type\":\"SearchAction\",\"target\":{\"@type\":\"EntryPoint\",\"urlTemplate\":\"https:\\\/\\\/biopietra.com\\\/?s={search_term_string}\"},\"query-input\":{\"@type\":\"PropertyValueSpecification\",\"valueRequired\":true,\"valueName\":\"search_term_string\"}}],\"inLanguage\":\"fr-FR\"}]}<\/script>\n<!-- \/ Yoast SEO plugin. -->","yoast_head_json":{"title":"Maison Passive - Biopietra","robots":{"index":"index","follow":"follow","max-snippet":"max-snippet:-1","max-image-preview":"max-image-preview:large","max-video-preview":"max-video-preview:-1"},"canonical":"https:\/\/biopietra.com\/fr\/bioarchitecture\/casa-passiva\/","og_locale":"fr_FR","og_type":"article","og_title":"Maison Passive - Biopietra","og_description":"Le concept de \u00abmaison passive\u00bb (Passivhaus) est n\u00e9 en 1988 [&hellip;]","og_url":"https:\/\/biopietra.com\/fr\/bioarchitecture\/casa-passiva\/","og_site_name":"Biopietra","article_modified_time":"2018-05-31T08:34:01+00:00","twitter_card":"summary_large_image","twitter_misc":{"Dur\u00e9e de lecture estim\u00e9e":"2 minutes"},"schema":{"@context":"https:\/\/schema.org","@graph":[{"@type":"WebPage","@id":"https:\/\/biopietra.com\/fr\/bioarchitecture\/casa-passiva\/","url":"https:\/\/biopietra.com\/fr\/bioarchitecture\/casa-passiva\/","name":"Maison Passive - Biopietra","isPartOf":{"@id":"https:\/\/biopietra.com\/#website"},"datePublished":"2017-04-28T10:47:58+00:00","dateModified":"2018-05-31T08:34:01+00:00","breadcrumb":{"@id":"https:\/\/biopietra.com\/fr\/bioarchitecture\/casa-passiva\/#breadcrumb"},"inLanguage":"fr-FR","potentialAction":[{"@type":"ReadAction","target":["https:\/\/biopietra.com\/fr\/bioarchitecture\/casa-passiva\/"]}]},{"@type":"BreadcrumbList","@id":"https:\/\/biopietra.com\/fr\/bioarchitecture\/casa-passiva\/#breadcrumb","itemListElement":[{"@type":"ListItem","position":1,"name":"Home","item":"https:\/\/biopietra.com\/fr\/"},{"@type":"ListItem","position":2,"name":"Bioarchitecture","item":"https:\/\/biopietra.com\/fr\/bioarchitecture\/"},{"@type":"ListItem","position":3,"name":"Maison Passive"}]},{"@type":"WebSite","@id":"https:\/\/biopietra.com\/#website","url":"https:\/\/biopietra.com\/","name":"Biopietra","description":"The Green Stone Industry","potentialAction":[{"@type":"SearchAction","target":{"@type":"EntryPoint","urlTemplate":"https:\/\/biopietra.com\/?s={search_term_string}"},"query-input":{"@type":"PropertyValueSpecification","valueRequired":true,"valueName":"search_term_string"}}],"inLanguage":"fr-FR"}]}},"_links":{"self":[{"href":"https:\/\/biopietra.com\/fr\/wp-json\/wp\/v2\/pages\/4510","targetHints":{"allow":["GET"]}}],"collection":[{"href":"https:\/\/biopietra.com\/fr\/wp-json\/wp\/v2\/pages"}],"about":[{"href":"https:\/\/biopietra.com\/fr\/wp-json\/wp\/v2\/types\/page"}],"author":[{"embeddable":true,"href":"https:\/\/biopietra.com\/fr\/wp-json\/wp\/v2\/users\/3"}],"replies":[{"embeddable":true,"href":"https:\/\/biopietra.com\/fr\/wp-json\/wp\/v2\/comments?post=4510"}],"version-history":[{"count":3,"href":"https:\/\/biopietra.com\/fr\/wp-json\/wp\/v2\/pages\/4510\/revisions"}],"predecessor-version":[{"id":9645,"href":"https:\/\/biopietra.com\/fr\/wp-json\/wp\/v2\/pages\/4510\/revisions\/9645"}],"up":[{"embeddable":true,"href":"https:\/\/biopietra.com\/fr\/wp-json\/wp\/v2\/pages\/4514"}],"wp:attachment":[{"href":"https:\/\/biopietra.com\/fr\/wp-json\/wp\/v2\/media?parent=4510"}],"curies":[{"name":"wp","href":"https:\/\/api.w.org\/{rel}","templated":true}]}}