{"id":4514,"date":"2017-04-28T12:44:56","date_gmt":"2017-04-28T10:44:56","guid":{"rendered":"http:\/\/biopietra.com\/?page_id=4514\/"},"modified":"2025-08-04T14:11:30","modified_gmt":"2025-08-04T12:11:30","slug":"bioarchitecture","status":"publish","type":"page","link":"https:\/\/biopietra.com\/fr\/bioarchitecture\/","title":{"rendered":"Bioarchitecture"},"content":{"rendered":"<p style=\"text-align: center;\"><em>La bio architecture ne peut pas \u00eatre attribu\u00e9e \u00e0 une typologie constructive, c\u2019est beaucoup plus. <\/em><\/p>\n<p style=\"text-align: center;\"><em>Elle exprime la forte alliance entre l\u2019architecte et la nature, la conscience que nous partageons tous une dimension beaucoup plus grande que nous.<\/em><\/p>\n<p>&nbsp;<\/p>\n<p>Comme l\u2019affirme l\u2019architecte Markus Tauber, il s\u2019agit d\u2019une v\u00e9ritable philosophie de la construction, de la r\u00e9novation et de l\u2019habitat. Elle vise \u00e0 cr\u00e9er un \u00e9quilibre harmonieux entre l\u2019environnement naturel et les \u0153uvres humaines.<\/p>\n<p>Au cours des derni\u00e8res d\u00e9cennies, il est devenu \u00e9vident que la d\u00e9gradation environnementale et paysag\u00e8re est souvent caus\u00e9e par une architecture conventionnelle, peu attentive au choix des formes, des mat\u00e9riaux et des structures. Par cons\u00e9quent, concevoir selon les principes de la bioarchitecture signifie proposer des solutions alternatives et concr\u00e8tes pour r\u00e9duire l\u2019impact environnemental et am\u00e9liorer la qualit\u00e9 de l\u2019air int\u00e9rieur.<\/p>\n<p>En particulier, dans les pays d\u2019Europe du Nord et dans certaines r\u00e9gions des \u00c9tats-Unis, une forte conscience \u00e9cologique s\u2019est d\u00e9velopp\u00e9e. Cela a conduit les citoyens \u00e0 rechercher des b\u00e2timents sains et confortables, favorisant l\u2019utilisation de mat\u00e9riaux renouvelables et de techniques de construction durables. Ainsi, introduire la bioarchitecture revient \u00e9galement \u00e0 promouvoir la pr\u00e9vention, tant pour le bien-\u00eatre personnel que pour la protection de l\u2019environnement.<\/p>\n<p>En g\u00e9n\u00e9ral, un b\u00e2timent bioarchitectural est con\u00e7u pour offrir confort et sant\u00e9, en exploitant de mani\u00e8re rationnelle les ressources \u00e9nerg\u00e9tiques alternatives et en utilisant des mat\u00e9riaux locaux, non trait\u00e9s, r\u00e9cup\u00e9rables et recyclables.<\/p>\n<p>La bonne nouvelle est que certains mat\u00e9riaux naturels peuvent \u00eatre utilis\u00e9s pour produire<span>\u00a0<\/span><strong>Biopietra<\/strong>. Parmi les plus courants, on trouve les d\u00e9chets issus du traitement du marbre et du porphyre, ainsi que les sables et les graviers, id\u00e9aux pour cr\u00e9er des mat\u00e9riaux reconstitu\u00e9s aux performances techniques \u00e9lev\u00e9es.<\/p>\n<p>Biopietra propose des <a href=\"https:\/\/www.bimobject.com\/en\/biopietra-srl?location=us\">rev\u00eatements<\/a> conformes aux principes de la bioarchitecture, r\u00e9alis\u00e9s avec des mat\u00e9riaux \u00e9cologiques et <a href=\"https:\/\/biopietra.com\/fr\/certifications\/\">certifi\u00e9s Bio<\/a>. Ces solutions permettent d\u2019am\u00e9nager la maison de mani\u00e8re durable, en respectant l\u2019environnement et en am\u00e9liorant la qualit\u00e9 de vie.<\/p>\n","protected":false},"excerpt":{"rendered":"<p>La bio architecture ne peut pas \u00eatre attribu\u00e9e \u00e0 une [&hellip;]<\/p>\n","protected":false},"author":3,"featured_media":0,"parent":0,"menu_order":208,"comment_status":"closed","ping_status":"closed","template":"template-page-custom.php","meta":{"qubely_global_settings":"","qubely_interactions":"","rs_blank_template":"","rs_page_bg_color":"","slide_template_v7":"","rop_custom_images_group":[],"rop_custom_messages_group":[],"rop_publish_now":"initial","rop_publish_now_accounts":{"facebook_4317419521910128_433253626703258":""},"rop_publish_now_history":[],"rop_publish_now_status":"pending","footnotes":""},"class_list":["post-4514","page","type-page","status-publish","hentry"],"yoast_head":"<!-- This site is optimized with the Yoast SEO plugin v27.4 - https:\/\/yoast.com\/product\/yoast-seo-wordpress\/ -->\n<title>Bioarchitecture : Vivre en harmonie avec la nature gr\u00e2ce \u00e0 Biopietra<\/title>\n<meta name=\"description\" content=\"D\u00e9couvrez la bioarchitecture et les solutions \u00e9cologiques certifi\u00e9es Bio de Biopietra. Des rev\u00eatements naturels pour construire et am\u00e9nager durablement, tout en respectant l\u2019environnement.\" \/>\n<meta name=\"robots\" content=\"index, follow, max-snippet:-1, max-image-preview:large, max-video-preview:-1\" \/>\n<link rel=\"canonical\" href=\"https:\/\/biopietra.com\/fr\/bioarchitecture\/\" \/>\n<meta property=\"og:locale\" content=\"fr_FR\" \/>\n<meta property=\"og:type\" content=\"article\" \/>\n<meta property=\"og:title\" content=\"Bioarchitecture : Vivre en harmonie avec la nature gr\u00e2ce \u00e0 Biopietra\" \/>\n<meta property=\"og:description\" content=\"D\u00e9couvrez la bioarchitecture et les solutions \u00e9cologiques certifi\u00e9es Bio de Biopietra. Des rev\u00eatements naturels pour construire et am\u00e9nager durablement, tout en respectant l\u2019environnement.\" \/>\n<meta property=\"og:url\" content=\"https:\/\/biopietra.com\/fr\/bioarchitecture\/\" \/>\n<meta property=\"og:site_name\" content=\"Biopietra\" \/>\n<meta property=\"article:modified_time\" content=\"2025-08-04T12:11:30+00:00\" \/>\n<meta name=\"twitter:card\" content=\"summary_large_image\" \/>\n<meta name=\"twitter:label1\" content=\"Dur\u00e9e de lecture estim\u00e9e\" \/>\n\t<meta name=\"twitter:data1\" content=\"2 minutes\" \/>\n<script type=\"application\/ld+json\" class=\"yoast-schema-graph\">{\"@context\":\"https:\\\/\\\/schema.org\",\"@graph\":[{\"@type\":\"WebPage\",\"@id\":\"https:\\\/\\\/biopietra.com\\\/fr\\\/bioarchitecture\\\/\",\"url\":\"https:\\\/\\\/biopietra.com\\\/fr\\\/bioarchitecture\\\/\",\"name\":\"Bioarchitecture : Vivre en harmonie avec la nature gr\u00e2ce \u00e0 Biopietra\",\"isPartOf\":{\"@id\":\"https:\\\/\\\/biopietra.com\\\/#website\"},\"datePublished\":\"2017-04-28T10:44:56+00:00\",\"dateModified\":\"2025-08-04T12:11:30+00:00\",\"description\":\"D\u00e9couvrez la bioarchitecture et les solutions \u00e9cologiques certifi\u00e9es Bio de Biopietra. Des rev\u00eatements naturels pour construire et am\u00e9nager durablement, tout en respectant l\u2019environnement.\",\"breadcrumb\":{\"@id\":\"https:\\\/\\\/biopietra.com\\\/fr\\\/bioarchitecture\\\/#breadcrumb\"},\"inLanguage\":\"fr-FR\",\"potentialAction\":[{\"@type\":\"ReadAction\",\"target\":[\"https:\\\/\\\/biopietra.com\\\/fr\\\/bioarchitecture\\\/\"]}]},{\"@type\":\"BreadcrumbList\",\"@id\":\"https:\\\/\\\/biopietra.com\\\/fr\\\/bioarchitecture\\\/#breadcrumb\",\"itemListElement\":[{\"@type\":\"ListItem\",\"position\":1,\"name\":\"Home\",\"item\":\"https:\\\/\\\/biopietra.com\\\/fr\\\/\"},{\"@type\":\"ListItem\",\"position\":2,\"name\":\"Bioarchitecture\"}]},{\"@type\":\"WebSite\",\"@id\":\"https:\\\/\\\/biopietra.com\\\/#website\",\"url\":\"https:\\\/\\\/biopietra.com\\\/\",\"name\":\"Biopietra\",\"description\":\"The Green Stone Industry\",\"potentialAction\":[{\"@type\":\"SearchAction\",\"target\":{\"@type\":\"EntryPoint\",\"urlTemplate\":\"https:\\\/\\\/biopietra.com\\\/?s={search_term_string}\"},\"query-input\":{\"@type\":\"PropertyValueSpecification\",\"valueRequired\":true,\"valueName\":\"search_term_string\"}}],\"inLanguage\":\"fr-FR\"}]}<\/script>\n<!-- \/ Yoast SEO plugin. -->","yoast_head_json":{"title":"Bioarchitecture : Vivre en harmonie avec la nature gr\u00e2ce \u00e0 Biopietra","description":"D\u00e9couvrez la bioarchitecture et les solutions \u00e9cologiques certifi\u00e9es Bio de Biopietra. Des rev\u00eatements naturels pour construire et am\u00e9nager durablement, tout en respectant l\u2019environnement.","robots":{"index":"index","follow":"follow","max-snippet":"max-snippet:-1","max-image-preview":"max-image-preview:large","max-video-preview":"max-video-preview:-1"},"canonical":"https:\/\/biopietra.com\/fr\/bioarchitecture\/","og_locale":"fr_FR","og_type":"article","og_title":"Bioarchitecture : Vivre en harmonie avec la nature gr\u00e2ce \u00e0 Biopietra","og_description":"D\u00e9couvrez la bioarchitecture et les solutions \u00e9cologiques certifi\u00e9es Bio de Biopietra. Des rev\u00eatements naturels pour construire et am\u00e9nager durablement, tout en respectant l\u2019environnement.","og_url":"https:\/\/biopietra.com\/fr\/bioarchitecture\/","og_site_name":"Biopietra","article_modified_time":"2025-08-04T12:11:30+00:00","twitter_card":"summary_large_image","twitter_misc":{"Dur\u00e9e de lecture estim\u00e9e":"2 minutes"},"schema":{"@context":"https:\/\/schema.org","@graph":[{"@type":"WebPage","@id":"https:\/\/biopietra.com\/fr\/bioarchitecture\/","url":"https:\/\/biopietra.com\/fr\/bioarchitecture\/","name":"Bioarchitecture : Vivre en harmonie avec la nature gr\u00e2ce \u00e0 Biopietra","isPartOf":{"@id":"https:\/\/biopietra.com\/#website"},"datePublished":"2017-04-28T10:44:56+00:00","dateModified":"2025-08-04T12:11:30+00:00","description":"D\u00e9couvrez la bioarchitecture et les solutions \u00e9cologiques certifi\u00e9es Bio de Biopietra. Des rev\u00eatements naturels pour construire et am\u00e9nager durablement, tout en respectant l\u2019environnement.","breadcrumb":{"@id":"https:\/\/biopietra.com\/fr\/bioarchitecture\/#breadcrumb"},"inLanguage":"fr-FR","potentialAction":[{"@type":"ReadAction","target":["https:\/\/biopietra.com\/fr\/bioarchitecture\/"]}]},{"@type":"BreadcrumbList","@id":"https:\/\/biopietra.com\/fr\/bioarchitecture\/#breadcrumb","itemListElement":[{"@type":"ListItem","position":1,"name":"Home","item":"https:\/\/biopietra.com\/fr\/"},{"@type":"ListItem","position":2,"name":"Bioarchitecture"}]},{"@type":"WebSite","@id":"https:\/\/biopietra.com\/#website","url":"https:\/\/biopietra.com\/","name":"Biopietra","description":"The Green Stone Industry","potentialAction":[{"@type":"SearchAction","target":{"@type":"EntryPoint","urlTemplate":"https:\/\/biopietra.com\/?s={search_term_string}"},"query-input":{"@type":"PropertyValueSpecification","valueRequired":true,"valueName":"search_term_string"}}],"inLanguage":"fr-FR"}]}},"_links":{"self":[{"href":"https:\/\/biopietra.com\/fr\/wp-json\/wp\/v2\/pages\/4514","targetHints":{"allow":["GET"]}}],"collection":[{"href":"https:\/\/biopietra.com\/fr\/wp-json\/wp\/v2\/pages"}],"about":[{"href":"https:\/\/biopietra.com\/fr\/wp-json\/wp\/v2\/types\/page"}],"author":[{"embeddable":true,"href":"https:\/\/biopietra.com\/fr\/wp-json\/wp\/v2\/users\/3"}],"replies":[{"embeddable":true,"href":"https:\/\/biopietra.com\/fr\/wp-json\/wp\/v2\/comments?post=4514"}],"version-history":[{"count":7,"href":"https:\/\/biopietra.com\/fr\/wp-json\/wp\/v2\/pages\/4514\/revisions"}],"predecessor-version":[{"id":29790,"href":"https:\/\/biopietra.com\/fr\/wp-json\/wp\/v2\/pages\/4514\/revisions\/29790"}],"wp:attachment":[{"href":"https:\/\/biopietra.com\/fr\/wp-json\/wp\/v2\/media?parent=4514"}],"curies":[{"name":"wp","href":"https:\/\/api.w.org\/{rel}","templated":true}]}}