{"id":4528,"date":"2017-04-28T12:45:58","date_gmt":"2017-04-28T10:45:58","guid":{"rendered":"http:\/\/biopietra.com\/?page_id=4528\/"},"modified":"2018-07-30T08:54:27","modified_gmt":"2018-07-30T06:54:27","slug":"maison-eco","status":"publish","type":"page","link":"https:\/\/biopietra.com\/fr\/bioarchitecture\/maison-eco\/","title":{"rendered":"Maison Eco"},"content":{"rendered":"<p><span>Le concept de <span style=\"color: #008000;\"><strong>d\u00e9veloppement durable<\/strong><\/span> est bas\u00e9 sur les th\u00e9ories de Herman Daly, professeur d&rsquo;\u00e9conomie \u00e0 l&rsquo;Universit\u00e9 du Maryland, selon lequel l&rsquo;utilisation des ressources renouvelables doit progressivement remplacer celles non-renouvelables sans d\u00e9passer leur taux de r\u00e9g\u00e9n\u00e9ration, l&rsquo;\u00e9mission de polluants dans l&rsquo;environnement, aussi ne doit pas d\u00e9passer la capacit\u00e9 de l&rsquo;environnement \u00e0 les m\u00e9taboliser. <\/span><\/p>\n<p><span>Pour construire une maison durable, vous devez consid\u00e9rer le choix des <strong>mat\u00e9riaux naturels et \u00e9cologiques<\/strong>, l&rsquo;efficacit\u00e9 \u00e9nerg\u00e9tique, la r\u00e9duction de la consommation, le recours aux sources d&rsquo;\u00e9nergie renouvelable. Votre projet vise \u00e0 pr\u00e9server l&rsquo;impact environnemental et limiter la pollution, vous devez donc \u00eatre suivi par des experts qui savent conseiller sur les meilleures techniques, que ce soit pour r\u00e9nover ou pour construire une maison \u00e0 partir de z\u00e9ro. <\/span><\/p>\n<p><span>Le choix des mat\u00e9riaux devient prioritaire et retombe sur ceux \u00e9cocompatibles avec des avantages pour la sant\u00e9 de l\u2019homme et de l\u2019environnement. <strong>Une r\u00e9ponse valide et concr\u00e8te est: ce sont les produits Biopietra, produits <a href=\"http:\/\/biopietra.com\/fr\/certifications\/\">certifi\u00e9s<\/a> qui respectent l&rsquo;environnement, l&rsquo;homme et sa sant\u00e9, \u00e0 travers des mat\u00e9riaux garantis, ins\u00e9r\u00e9s dans un cycle contr\u00f4l\u00e9 et surveill\u00e9 p\u00e9riodiquement. <\/strong><\/span><\/p>\n<p><span>Ces derni\u00e8res ann\u00e9es, nous avons tendance \u00e0 pr\u00e9f\u00e9rer les \u00e9l\u00e9ments rocheux pas nuisibles, verre au lieu de zircons, rev\u00eatements en naturel au lieu d&rsquo;\u00e9l\u00e9ments m\u00e9talliques. Quand on parle d&rsquo;\u00e9nergies renouvelables, aujourd&rsquo;hui, on a tendance \u00e0 associer le photovolta\u00efque avec l\u2019\u00e9nergie solaire pour chauffer l&rsquo;eau \u00e0 un usage domestique, les nouvelles techniques se concentrent sur l&rsquo;installation des batteries capables de retenir l&rsquo;\u00e9nergie produite et la lib\u00e9rer au moment de besoin. <\/span><\/p>\n<p><span>En ce qui concerne le chauffage des nouvelles maisons durables en phase de conception, il est pr\u00e9f\u00e9rable\u00a0une installation au sol, par contre pour le refroidissement, il vaut mieux les pompes \u00e0 chaleur, air\/air ou air\/eau, install\u00e9es dans les climatiseurs. Important \u00e9galement les ch\u00e2ssis de fen\u00eatre et les rev\u00eatements int\u00e9rieurs et ext\u00e9rieurs qui aident \u00e0 isoler la maison et maintenir la temp\u00e9rature id\u00e9ale \u00e0 l&rsquo;int\u00e9rieur de la maison. <\/span><\/p>\n<p><span>Toutes les solutions Biopietra sont <strong>\u00e9cologiques<\/strong> et con\u00e7ues pour le bien-\u00eatre des clients, elles sont fabriqu\u00e9es avec des mat\u00e9riaux respectueux de l&rsquo;environnement et <span style=\"color: #008000;\"><strong>certifi\u00e9es pour l\u2019\u00e9co-construction<\/strong><\/span> avec un \u0153il attentif \u00e0 l&rsquo;esth\u00e9tique et l&rsquo;innovation.<\/span><\/p>\n","protected":false},"excerpt":{"rendered":"<p>Le concept de d\u00e9veloppement durable est bas\u00e9 sur les th\u00e9ories [&hellip;]<\/p>\n","protected":false},"author":3,"featured_media":0,"parent":4514,"menu_order":107,"comment_status":"closed","ping_status":"closed","template":"template-page-custom.php","meta":{"qubely_global_settings":"","qubely_interactions":"","rop_custom_images_group":[],"rop_custom_messages_group":[],"rop_publish_now":"initial","rop_publish_now_accounts":{"facebook_4317419521910128_433253626703258":""},"rop_publish_now_history":[],"rop_publish_now_status":"pending","footnotes":""},"class_list":["post-4528","page","type-page","status-publish","hentry"],"aioseo_notices":[],"yoast_head":"<!-- This site is optimized with the Yoast SEO plugin v27.4 - https:\/\/yoast.com\/product\/yoast-seo-wordpress\/ -->\n<title>Maison Eco - Biopietra<\/title>\n<meta name=\"robots\" content=\"index, follow, max-snippet:-1, max-image-preview:large, max-video-preview:-1\" \/>\n<link rel=\"canonical\" href=\"https:\/\/biopietra.com\/fr\/bioarchitecture\/maison-eco\/\" \/>\n<meta property=\"og:locale\" content=\"fr_FR\" \/>\n<meta property=\"og:type\" content=\"article\" \/>\n<meta property=\"og:title\" content=\"Maison Eco - Biopietra\" \/>\n<meta property=\"og:description\" content=\"Le concept de d\u00e9veloppement durable est bas\u00e9 sur les th\u00e9ories [&hellip;]\" \/>\n<meta property=\"og:url\" content=\"https:\/\/biopietra.com\/fr\/bioarchitecture\/maison-eco\/\" \/>\n<meta property=\"og:site_name\" content=\"Biopietra\" \/>\n<meta property=\"article:modified_time\" content=\"2018-07-30T06:54:27+00:00\" \/>\n<meta name=\"twitter:card\" content=\"summary_large_image\" \/>\n<meta name=\"twitter:label1\" content=\"Dur\u00e9e de lecture estim\u00e9e\" \/>\n\t<meta name=\"twitter:data1\" content=\"2 minutes\" \/>\n<script type=\"application\/ld+json\" class=\"yoast-schema-graph\">{\"@context\":\"https:\\\/\\\/schema.org\",\"@graph\":[{\"@type\":\"WebPage\",\"@id\":\"https:\\\/\\\/biopietra.com\\\/fr\\\/bioarchitecture\\\/maison-eco\\\/\",\"url\":\"https:\\\/\\\/biopietra.com\\\/fr\\\/bioarchitecture\\\/maison-eco\\\/\",\"name\":\"Maison Eco - Biopietra\",\"isPartOf\":{\"@id\":\"https:\\\/\\\/biopietra.com\\\/#website\"},\"datePublished\":\"2017-04-28T10:45:58+00:00\",\"dateModified\":\"2018-07-30T06:54:27+00:00\",\"breadcrumb\":{\"@id\":\"https:\\\/\\\/biopietra.com\\\/fr\\\/bioarchitecture\\\/maison-eco\\\/#breadcrumb\"},\"inLanguage\":\"fr-FR\",\"potentialAction\":[{\"@type\":\"ReadAction\",\"target\":[\"https:\\\/\\\/biopietra.com\\\/fr\\\/bioarchitecture\\\/maison-eco\\\/\"]}]},{\"@type\":\"BreadcrumbList\",\"@id\":\"https:\\\/\\\/biopietra.com\\\/fr\\\/bioarchitecture\\\/maison-eco\\\/#breadcrumb\",\"itemListElement\":[{\"@type\":\"ListItem\",\"position\":1,\"name\":\"Home\",\"item\":\"https:\\\/\\\/biopietra.com\\\/fr\\\/\"},{\"@type\":\"ListItem\",\"position\":2,\"name\":\"Bioarchitecture\",\"item\":\"https:\\\/\\\/biopietra.com\\\/fr\\\/bioarchitecture\\\/\"},{\"@type\":\"ListItem\",\"position\":3,\"name\":\"Maison Eco\"}]},{\"@type\":\"WebSite\",\"@id\":\"https:\\\/\\\/biopietra.com\\\/#website\",\"url\":\"https:\\\/\\\/biopietra.com\\\/\",\"name\":\"Biopietra\",\"description\":\"The Green Stone Industry\",\"potentialAction\":[{\"@type\":\"SearchAction\",\"target\":{\"@type\":\"EntryPoint\",\"urlTemplate\":\"https:\\\/\\\/biopietra.com\\\/?s={search_term_string}\"},\"query-input\":{\"@type\":\"PropertyValueSpecification\",\"valueRequired\":true,\"valueName\":\"search_term_string\"}}],\"inLanguage\":\"fr-FR\"}]}<\/script>\n<!-- \/ Yoast SEO plugin. -->","yoast_head_json":{"title":"Maison Eco - Biopietra","robots":{"index":"index","follow":"follow","max-snippet":"max-snippet:-1","max-image-preview":"max-image-preview:large","max-video-preview":"max-video-preview:-1"},"canonical":"https:\/\/biopietra.com\/fr\/bioarchitecture\/maison-eco\/","og_locale":"fr_FR","og_type":"article","og_title":"Maison Eco - Biopietra","og_description":"Le concept de d\u00e9veloppement durable est bas\u00e9 sur les th\u00e9ories [&hellip;]","og_url":"https:\/\/biopietra.com\/fr\/bioarchitecture\/maison-eco\/","og_site_name":"Biopietra","article_modified_time":"2018-07-30T06:54:27+00:00","twitter_card":"summary_large_image","twitter_misc":{"Dur\u00e9e de lecture estim\u00e9e":"2 minutes"},"schema":{"@context":"https:\/\/schema.org","@graph":[{"@type":"WebPage","@id":"https:\/\/biopietra.com\/fr\/bioarchitecture\/maison-eco\/","url":"https:\/\/biopietra.com\/fr\/bioarchitecture\/maison-eco\/","name":"Maison Eco - Biopietra","isPartOf":{"@id":"https:\/\/biopietra.com\/#website"},"datePublished":"2017-04-28T10:45:58+00:00","dateModified":"2018-07-30T06:54:27+00:00","breadcrumb":{"@id":"https:\/\/biopietra.com\/fr\/bioarchitecture\/maison-eco\/#breadcrumb"},"inLanguage":"fr-FR","potentialAction":[{"@type":"ReadAction","target":["https:\/\/biopietra.com\/fr\/bioarchitecture\/maison-eco\/"]}]},{"@type":"BreadcrumbList","@id":"https:\/\/biopietra.com\/fr\/bioarchitecture\/maison-eco\/#breadcrumb","itemListElement":[{"@type":"ListItem","position":1,"name":"Home","item":"https:\/\/biopietra.com\/fr\/"},{"@type":"ListItem","position":2,"name":"Bioarchitecture","item":"https:\/\/biopietra.com\/fr\/bioarchitecture\/"},{"@type":"ListItem","position":3,"name":"Maison Eco"}]},{"@type":"WebSite","@id":"https:\/\/biopietra.com\/#website","url":"https:\/\/biopietra.com\/","name":"Biopietra","description":"The Green Stone Industry","potentialAction":[{"@type":"SearchAction","target":{"@type":"EntryPoint","urlTemplate":"https:\/\/biopietra.com\/?s={search_term_string}"},"query-input":{"@type":"PropertyValueSpecification","valueRequired":true,"valueName":"search_term_string"}}],"inLanguage":"fr-FR"}]}},"_links":{"self":[{"href":"https:\/\/biopietra.com\/fr\/wp-json\/wp\/v2\/pages\/4528\/"}],"collection":[{"href":"https:\/\/biopietra.com\/fr\/wp-json\/wp\/v2\/pages\/"}],"about":[{"href":"https:\/\/biopietra.com\/fr\/wp-json\/wp\/v2\/types\/page\/"}],"author":[{"embeddable":true,"href":"https:\/\/biopietra.com\/fr\/wp-json\/wp\/v2\/users\/3\/"}],"replies":[{"embeddable":true,"href":"https:\/\/biopietra.com\/fr\/wp-json\/wp\/v2\/comments\/?post=4528"}],"version-history":[{"count":4,"href":"https:\/\/biopietra.com\/fr\/wp-json\/wp\/v2\/pages\/4528\/revisions\/"}],"predecessor-version":[{"id":10185,"href":"https:\/\/biopietra.com\/fr\/wp-json\/wp\/v2\/pages\/4528\/revisions\/10185\/"}],"up":[{"embeddable":true,"href":"https:\/\/biopietra.com\/fr\/wp-json\/wp\/v2\/pages\/4514\/"}],"wp:attachment":[{"href":"https:\/\/biopietra.com\/fr\/wp-json\/wp\/v2\/media\/?parent=4528"}],"curies":[{"name":"wp","href":"https:\/\/api.w.org\/{rel}","templated":true}]}}