{"id":5171,"date":"2017-07-04T17:37:27","date_gmt":"2017-07-04T15:37:27","guid":{"rendered":"http:\/\/biopietra.com\/company\/industria-4-0\/"},"modified":"2018-08-10T11:16:34","modified_gmt":"2018-08-10T09:16:34","slug":"industria-4-0","status":"publish","type":"page","link":"https:\/\/biopietra.com\/fr\/company-2\/industria-4-0\/","title":{"rendered":"Industrie 4.0"},"content":{"rendered":"<h3><em>BIOPIETRA VERS L\u2019INDUSTRIE DU FUTUR 4.0<\/em><\/h3>\n<p>&nbsp;<\/p>\n<p><iframe loading=\"lazy\" title=\"Production\" src=\"https:\/\/player.vimeo.com\/video\/197758097?dnt=1&amp;app_id=122963\" width=\"500\" height=\"213\" frameborder=\"0\" allow=\"autoplay; fullscreen; picture-in-picture; clipboard-write; encrypted-media; web-share\" referrerpolicy=\"strict-origin-when-cross-origin\"><\/iframe><\/p>\n<p>Depuis 1998, <a href=\"http:\/\/biopietra.com\/fr\/\">Biopietra<\/a> produit en Italie, et <strong>la recherche\u00a0et le d\u00e9veloppement<\/strong> font partie int\u00e9grante de la philosophie d&rsquo;entreprise depuis toujours.\u00a0Innover les processus productifs signifie garantir la qualit\u00e9 \u00e0 travers l&rsquo;industrialisation du produit m\u00eame. Gr\u00e2ce \u00e0 des investissements en technologie, Biopietra <strong>a obtenu un r\u00e9sultat jamais atteint auparavant<\/strong>: <strong>cr\u00e9er une ligne automatis\u00e9e innovante avec cinq nouveaux robots qui travaillent ensemble pour la r\u00e9alisation d&rsquo;un produit <span style=\"color: #008000;\">\u00e9cologique et BIO certifi\u00e9<\/span><\/strong>, qui respecte l&rsquo;environnement et la sant\u00e9 de qui l\u2019utilisent dans les secteurs r\u00e9sidentiels, commerciaux, ou hospitalit\u00e9.<\/p>\n<p>Leonardo, Canova, Picasso, Michelangelo, Archimede e Newton, ce sont leurs noms! Tous s&rsquo;occupent de produire Biopietra dans les formes et dans les couleurs actuellement propos\u00e9es et \u00ab <strong>d\u2019inventer \u00bb nouvelles solutions<\/strong>.<\/p>\n<p>Comment se d\u00e9roule la <strong>production 4.0<\/strong>?\u00a0Le logiciel est construit \u00e0 partir de la philosophie Biopietra: une id\u00e9e lointaine de normalisation et aujourd&rsquo;hui permet de produire des produits \u00e9cologiques, certifi\u00e9s pour la bio-construction. Le r\u00e9sultat est un\u00a0<em>know-how <\/em>tout \u00e0 fait r\u00e9volutionnaire dans lequel <strong>les robots coop\u00e8rent et apprennent<\/strong> gr\u00e2ce \u00e0\u00a0un syst\u00e8me informatique int\u00e9gr\u00e9, qui rend ces machines intelligentes, pour atteindre la meilleure performance finale.<\/p>\n<p>Les robots m\u00e9langent, traitent, font des colorations, coulent, niv\u00e8lent, palettisent, manipulent, positionnent et contr\u00f4lent\u2026 Ceci est l&rsquo;industrie 4.0, une concentration de technologie qui permet de r\u00e9aliser les produits Biopietra.<\/p>\n<p>Les donn\u00e9es trait\u00e9es sont \u00e9chang\u00e9es par toutes les stations de l&rsquo;installation, <strong>ce qui permet d&rsquo;obtenir un tra\u00e7age historique des donn\u00e9es et retrouver ainsi\u00a0chaque traitement<\/strong> que le produit a \u00e9t\u00e9 soumis. Cela permet d&rsquo;avoir un <strong>contr\u00f4le en temps r\u00e9el de tout le proc\u00e8s productif<\/strong>, de la mati\u00e8re premi\u00e8re au produit fini.<\/p>\n<p>L\u2019\u00e9quipe des robots est attentive <strong>\u00e0 la durabilit\u00e9 et \u00e0 l\u2019\u00e9conomie d&rsquo;\u00e9nergie<\/strong>, en mettant en veille les machines lorsque le volume de travail est inf\u00e9rieur et en faisant attention \u00e0 ne pas faire des mouvements inutiles entra\u00eenant un gaspillage d&rsquo;\u00e9nergie.<\/p>\n<p>Toute l&rsquo;\u00e9quipe travaille en collaboration avec ces machines innovantes pour accomplir ce qui est maintenant <a href=\"http:\/\/biopietra.com\/fr\/\">Biopietra<\/a>, <strong>un produit <em>green<\/em> \u00e9cologique et certifi\u00e9 pour votre maison ou vos projets.<\/strong><\/p>\n<p>&nbsp;<\/p>\n<p><img loading=\"lazy\" decoding=\"async\" width=\"199\" height=\"253\" class=\"alignleft size-full wp-image-4963\" alt=\"\" src=\"http:\/\/biopietra.com\/wp-content\/uploads\/2017\/07\/Rob1-copia.jpeg\" \/>\u00a0<img loading=\"lazy\" decoding=\"async\" width=\"294\" height=\"171\" class=\"alignleft size-full wp-image-4972\" alt=\"\" src=\"http:\/\/biopietra.com\/wp-content\/uploads\/2017\/07\/Rob4.jpeg\" \/>\u00a0<img loading=\"lazy\" decoding=\"async\" width=\"259\" height=\"194\" class=\"alignleft size-full wp-image-4980\" alt=\"\" src=\"http:\/\/biopietra.com\/wp-content\/uploads\/2017\/07\/Rob2.jpeg\" \/><\/p>\n","protected":false},"excerpt":{"rendered":"<p>BIOPIETRA VERS L\u2019INDUSTRIE DU FUTUR 4.0 &nbsp; Depuis 1998, Biopietra [&hellip;]<\/p>\n","protected":false},"author":3,"featured_media":4970,"parent":3124,"menu_order":81,"comment_status":"closed","ping_status":"closed","template":"template-page-custom.php","meta":{"qubely_global_settings":"","qubely_interactions":"","rop_custom_images_group":[],"rop_custom_messages_group":[],"rop_publish_now":"initial","rop_publish_now_accounts":{"facebook_4317419521910128_433253626703258":""},"rop_publish_now_history":[],"rop_publish_now_status":"pending","footnotes":""},"class_list":["post-5171","page","type-page","status-publish","has-post-thumbnail","hentry"],"aioseo_notices":[],"yoast_head":"<!-- This site is optimized with the Yoast SEO plugin v27.4 - https:\/\/yoast.com\/product\/yoast-seo-wordpress\/ -->\n<title>Industrie 4.0 Fabricant de rev\u00eatements en pierre reconstitu\u00e9e \u00e9cologique - Biopietra<\/title>\n<meta name=\"description\" content=\"La philosophie Biopietra: une id\u00e9e lointaine de normalisation et aujourd&#039;hui permet de produire des produits \u00e9cologiques, certifi\u00e9s pour la bioconstruction.\" \/>\n<meta name=\"robots\" content=\"index, follow, max-snippet:-1, max-image-preview:large, max-video-preview:-1\" \/>\n<link rel=\"canonical\" href=\"https:\/\/biopietra.com\/fr\/company-2\/industria-4-0\/\" \/>\n<meta property=\"og:locale\" content=\"fr_FR\" \/>\n<meta property=\"og:type\" content=\"article\" \/>\n<meta property=\"og:title\" content=\"Industrie 4.0 Fabricant de rev\u00eatements en pierre reconstitu\u00e9e \u00e9cologique - Biopietra\" \/>\n<meta property=\"og:description\" content=\"La philosophie Biopietra: une id\u00e9e lointaine de normalisation et aujourd&#039;hui permet de produire des produits \u00e9cologiques, certifi\u00e9s pour la bioconstruction.\" \/>\n<meta property=\"og:url\" content=\"https:\/\/biopietra.com\/fr\/company-2\/industria-4-0\/\" \/>\n<meta property=\"og:site_name\" content=\"Biopietra\" \/>\n<meta property=\"article:modified_time\" content=\"2018-08-10T09:16:34+00:00\" \/>\n<meta property=\"og:image\" content=\"https:\/\/biopietra.com\/wp-content\/uploads\/2017\/07\/Rob5.jpeg\" \/>\n\t<meta property=\"og:image:width\" content=\"242\" \/>\n\t<meta property=\"og:image:height\" content=\"209\" \/>\n\t<meta property=\"og:image:type\" content=\"image\/jpeg\" \/>\n<meta name=\"twitter:card\" content=\"summary_large_image\" \/>\n<meta name=\"twitter:label1\" content=\"Dur\u00e9e de lecture estim\u00e9e\" \/>\n\t<meta name=\"twitter:data1\" content=\"2 minutes\" \/>\n<script type=\"application\/ld+json\" class=\"yoast-schema-graph\">{\"@context\":\"https:\\\/\\\/schema.org\",\"@graph\":[{\"@type\":\"WebPage\",\"@id\":\"https:\\\/\\\/biopietra.com\\\/fr\\\/company-2\\\/industria-4-0\\\/\",\"url\":\"https:\\\/\\\/biopietra.com\\\/fr\\\/company-2\\\/industria-4-0\\\/\",\"name\":\"Industrie 4.0 Fabricant de rev\u00eatements en pierre reconstitu\u00e9e \u00e9cologique - Biopietra\",\"isPartOf\":{\"@id\":\"https:\\\/\\\/biopietra.com\\\/#website\"},\"primaryImageOfPage\":{\"@id\":\"https:\\\/\\\/biopietra.com\\\/fr\\\/company-2\\\/industria-4-0\\\/#primaryimage\"},\"image\":{\"@id\":\"https:\\\/\\\/biopietra.com\\\/fr\\\/company-2\\\/industria-4-0\\\/#primaryimage\"},\"thumbnailUrl\":\"https:\\\/\\\/biopietra.com\\\/wp-content\\\/uploads\\\/2017\\\/07\\\/Rob5.jpeg\",\"datePublished\":\"2017-07-04T15:37:27+00:00\",\"dateModified\":\"2018-08-10T09:16:34+00:00\",\"description\":\"La philosophie Biopietra: une id\u00e9e lointaine de normalisation et aujourd'hui permet de produire des produits \u00e9cologiques, certifi\u00e9s pour la bioconstruction.\",\"breadcrumb\":{\"@id\":\"https:\\\/\\\/biopietra.com\\\/fr\\\/company-2\\\/industria-4-0\\\/#breadcrumb\"},\"inLanguage\":\"fr-FR\",\"potentialAction\":[{\"@type\":\"ReadAction\",\"target\":[\"https:\\\/\\\/biopietra.com\\\/fr\\\/company-2\\\/industria-4-0\\\/\"]}]},{\"@type\":\"ImageObject\",\"inLanguage\":\"fr-FR\",\"@id\":\"https:\\\/\\\/biopietra.com\\\/fr\\\/company-2\\\/industria-4-0\\\/#primaryimage\",\"url\":\"https:\\\/\\\/biopietra.com\\\/wp-content\\\/uploads\\\/2017\\\/07\\\/Rob5.jpeg\",\"contentUrl\":\"https:\\\/\\\/biopietra.com\\\/wp-content\\\/uploads\\\/2017\\\/07\\\/Rob5.jpeg\",\"width\":242,\"height\":209},{\"@type\":\"BreadcrumbList\",\"@id\":\"https:\\\/\\\/biopietra.com\\\/fr\\\/company-2\\\/industria-4-0\\\/#breadcrumb\",\"itemListElement\":[{\"@type\":\"ListItem\",\"position\":1,\"name\":\"Home\",\"item\":\"https:\\\/\\\/biopietra.com\\\/fr\\\/\"},{\"@type\":\"ListItem\",\"position\":2,\"name\":\"Entreprise\",\"item\":\"https:\\\/\\\/biopietra.com\\\/fr\\\/company-2\\\/\"},{\"@type\":\"ListItem\",\"position\":3,\"name\":\"Industrie 4.0\"}]},{\"@type\":\"WebSite\",\"@id\":\"https:\\\/\\\/biopietra.com\\\/#website\",\"url\":\"https:\\\/\\\/biopietra.com\\\/\",\"name\":\"Biopietra\",\"description\":\"The Green Stone Industry\",\"potentialAction\":[{\"@type\":\"SearchAction\",\"target\":{\"@type\":\"EntryPoint\",\"urlTemplate\":\"https:\\\/\\\/biopietra.com\\\/?s={search_term_string}\"},\"query-input\":{\"@type\":\"PropertyValueSpecification\",\"valueRequired\":true,\"valueName\":\"search_term_string\"}}],\"inLanguage\":\"fr-FR\"}]}<\/script>\n<!-- \/ Yoast SEO plugin. -->","yoast_head_json":{"title":"Industrie 4.0 Fabricant de rev\u00eatements en pierre reconstitu\u00e9e \u00e9cologique - Biopietra","description":"La philosophie Biopietra: une id\u00e9e lointaine de normalisation et aujourd'hui permet de produire des produits \u00e9cologiques, certifi\u00e9s pour la bioconstruction.","robots":{"index":"index","follow":"follow","max-snippet":"max-snippet:-1","max-image-preview":"max-image-preview:large","max-video-preview":"max-video-preview:-1"},"canonical":"https:\/\/biopietra.com\/fr\/company-2\/industria-4-0\/","og_locale":"fr_FR","og_type":"article","og_title":"Industrie 4.0 Fabricant de rev\u00eatements en pierre reconstitu\u00e9e \u00e9cologique - Biopietra","og_description":"La philosophie Biopietra: une id\u00e9e lointaine de normalisation et aujourd'hui permet de produire des produits \u00e9cologiques, certifi\u00e9s pour la bioconstruction.","og_url":"https:\/\/biopietra.com\/fr\/company-2\/industria-4-0\/","og_site_name":"Biopietra","article_modified_time":"2018-08-10T09:16:34+00:00","og_image":[{"width":242,"height":209,"url":"https:\/\/biopietra.com\/wp-content\/uploads\/2017\/07\/Rob5.jpeg","type":"image\/jpeg"}],"twitter_card":"summary_large_image","twitter_misc":{"Dur\u00e9e de lecture estim\u00e9e":"2 minutes"},"schema":{"@context":"https:\/\/schema.org","@graph":[{"@type":"WebPage","@id":"https:\/\/biopietra.com\/fr\/company-2\/industria-4-0\/","url":"https:\/\/biopietra.com\/fr\/company-2\/industria-4-0\/","name":"Industrie 4.0 Fabricant de rev\u00eatements en pierre reconstitu\u00e9e \u00e9cologique - Biopietra","isPartOf":{"@id":"https:\/\/biopietra.com\/#website"},"primaryImageOfPage":{"@id":"https:\/\/biopietra.com\/fr\/company-2\/industria-4-0\/#primaryimage"},"image":{"@id":"https:\/\/biopietra.com\/fr\/company-2\/industria-4-0\/#primaryimage"},"thumbnailUrl":"https:\/\/biopietra.com\/wp-content\/uploads\/2017\/07\/Rob5.jpeg","datePublished":"2017-07-04T15:37:27+00:00","dateModified":"2018-08-10T09:16:34+00:00","description":"La philosophie Biopietra: une id\u00e9e lointaine de normalisation et aujourd'hui permet de produire des produits \u00e9cologiques, certifi\u00e9s pour la bioconstruction.","breadcrumb":{"@id":"https:\/\/biopietra.com\/fr\/company-2\/industria-4-0\/#breadcrumb"},"inLanguage":"fr-FR","potentialAction":[{"@type":"ReadAction","target":["https:\/\/biopietra.com\/fr\/company-2\/industria-4-0\/"]}]},{"@type":"ImageObject","inLanguage":"fr-FR","@id":"https:\/\/biopietra.com\/fr\/company-2\/industria-4-0\/#primaryimage","url":"https:\/\/biopietra.com\/wp-content\/uploads\/2017\/07\/Rob5.jpeg","contentUrl":"https:\/\/biopietra.com\/wp-content\/uploads\/2017\/07\/Rob5.jpeg","width":242,"height":209},{"@type":"BreadcrumbList","@id":"https:\/\/biopietra.com\/fr\/company-2\/industria-4-0\/#breadcrumb","itemListElement":[{"@type":"ListItem","position":1,"name":"Home","item":"https:\/\/biopietra.com\/fr\/"},{"@type":"ListItem","position":2,"name":"Entreprise","item":"https:\/\/biopietra.com\/fr\/company-2\/"},{"@type":"ListItem","position":3,"name":"Industrie 4.0"}]},{"@type":"WebSite","@id":"https:\/\/biopietra.com\/#website","url":"https:\/\/biopietra.com\/","name":"Biopietra","description":"The Green Stone Industry","potentialAction":[{"@type":"SearchAction","target":{"@type":"EntryPoint","urlTemplate":"https:\/\/biopietra.com\/?s={search_term_string}"},"query-input":{"@type":"PropertyValueSpecification","valueRequired":true,"valueName":"search_term_string"}}],"inLanguage":"fr-FR"}]}},"_links":{"self":[{"href":"https:\/\/biopietra.com\/fr\/wp-json\/wp\/v2\/pages\/5171\/"}],"collection":[{"href":"https:\/\/biopietra.com\/fr\/wp-json\/wp\/v2\/pages\/"}],"about":[{"href":"https:\/\/biopietra.com\/fr\/wp-json\/wp\/v2\/types\/page\/"}],"author":[{"embeddable":true,"href":"https:\/\/biopietra.com\/fr\/wp-json\/wp\/v2\/users\/3\/"}],"replies":[{"embeddable":true,"href":"https:\/\/biopietra.com\/fr\/wp-json\/wp\/v2\/comments\/?post=5171"}],"version-history":[{"count":11,"href":"https:\/\/biopietra.com\/fr\/wp-json\/wp\/v2\/pages\/5171\/revisions\/"}],"predecessor-version":[{"id":9400,"href":"https:\/\/biopietra.com\/fr\/wp-json\/wp\/v2\/pages\/5171\/revisions\/9400\/"}],"up":[{"embeddable":true,"href":"https:\/\/biopietra.com\/fr\/wp-json\/wp\/v2\/pages\/3124\/"}],"wp:featuredmedia":[{"embeddable":true,"href":"https:\/\/biopietra.com\/fr\/wp-json\/wp\/v2\/media\/4970\/"}],"wp:attachment":[{"href":"https:\/\/biopietra.com\/fr\/wp-json\/wp\/v2\/media\/?parent=5171"}],"curies":[{"name":"wp","href":"https:\/\/api.w.org\/{rel}","templated":true}]}}