{"id":5540,"date":"2017-09-15T12:15:54","date_gmt":"2017-09-15T10:15:54","guid":{"rendered":"http:\/\/biopietra.com\/salute-ambiente\/"},"modified":"2019-09-03T12:10:14","modified_gmt":"2019-09-03T10:10:14","slug":"sante-environnement","status":"publish","type":"page","link":"https:\/\/biopietra.com\/fr\/bioarchitecture\/sante-environnement\/","title":{"rendered":"Sant\u00e9 et Environnement"},"content":{"rendered":"<div class=\"row mt-25\"><div class=\"col-md-4\"><h4 class=\"text-right green text-uppercase\"><span>BIOPIETRA RESPECTE L'ENVIRONNEMENT ET LA SANT\u00c9 HUMAINE<\/span><\/h4><hr><\/div><div class=\"col-md-8\">\n<p><span><strong>Respect, attention et qualit\u00e9<\/strong> sont les valeurs qui ont toujours inspir\u00e9 la recherche et le d\u00e9veloppement des rev\u00eatements Biopietra. <\/span><\/p>\n<p><span>\u00c0 ces valeurs fondamentales, s&rsquo;inspire la philosophie de Biopietra, aujourd&rsquo;hui leader du march\u00e9 dans les rev\u00eatements en pierre offrant une gamme de solutions innovantes et certifi\u00e9es que ce soit pour les rev\u00eatements int\u00e9rieurs qu\u2019ext\u00e9rieurs de la maison. <\/span><\/p>\n<p><span>Biopietra signifie \u00e9pouser une cause \u00e9cologique, signifie aussi s&rsquo;occuper du bien-\u00eatre de nos clients. Le choix de Biopietra est un choix qui unit \u00e0 l&rsquo;esth\u00e9tique, l&rsquo;\u00e9thique. Biopietra ne peut jamais \u00eatre remplac\u00e9 par des imitations, car avant tout, c\u2019est un produit qui respecte l&rsquo;homme et notre plan\u00e8te. Toute l&rsquo;innovation de Biopietra dans un rev\u00eatement de haute qualit\u00e9 et facile \u00e0 poser. <\/span><\/p>\n<p><span>Cette nouvelle interpr\u00e9tation de la pierre est le r\u00e9sultat de la recherche, de la sensibilit\u00e9 et de la cr\u00e9ativit\u00e9. La perception des nouvelles lignes directrices et aux nouveaux besoins du march\u00e9, le d\u00e9sir <strong>d&rsquo;innovation et l&rsquo;utilisation des nouvelles technologies<\/strong>, sont les signaux qui engendrent les produits Biopietra.<\/span><\/p>\n<\/div><\/div>\n<div class=\"row mt-25\"><div class=\"col-md-4\"><h4 class=\"text-right green text-uppercase\"><span>L\u2019\u00c9COCONSTRUCTION ET LE DROIT \u00c0 LA SANT\u00c9.<\/span><\/h4><hr><\/div><div class=\"col-md-8\">\n<p><span><strong>Pour Biopietra, l\u2019\u00e9coconstruction n&rsquo;est ni un style ni une mode passag\u00e8re.<\/strong> <\/span><\/p>\n<p><span>Juste quelques donn\u00e9es pour comprendre l\u2019importance : selon l&rsquo;Organisation Mondiale de la Sant\u00e9 (OMS), un Europ\u00e9en passe en moyenne 90% de sa vie \u00e0 l&rsquo;int\u00e9rieur des b\u00e2timents, o\u00f9 l&rsquo;air qu\u2019il respire est deux fois pire de celle \u00e0 l&rsquo;ext\u00e9rieur. La sant\u00e9 n\u2019est pas seulement l&rsquo;absence de maladie, mais un \u00e9tat de bien-\u00eatre physique et mentale et de paix int\u00e9rieure. <\/span><\/p>\n<p><span>C\u2019est pour cela que les collections Biopietra sont fabriqu\u00e9es avec des <strong>mat\u00e9riaux \u00e9cologiques, respectueux de l&rsquo;environnement et certifi\u00e9es pour l\u2019\u00e9co-construction<\/strong> avec des solutions esth\u00e9tiques cr\u00e9atives, capable de r\u00e9chauffer l&rsquo;atmosph\u00e8re de la maison et d\u2019utiliser les propri\u00e9t\u00e9s b\u00e9n\u00e9fiques des couleurs.<\/span><\/p>\n<\/div><\/div>\n","protected":false},"excerpt":{"rendered":"","protected":false},"author":4,"featured_media":0,"parent":4514,"menu_order":135,"comment_status":"closed","ping_status":"closed","template":"template-page-custom.php","meta":{"qubely_global_settings":"","qubely_interactions":"","rs_blank_template":"","rs_page_bg_color":"","slide_template_v7":"","rop_custom_images_group":[],"rop_custom_messages_group":[],"rop_publish_now":"initial","rop_publish_now_accounts":{"facebook_4317419521910128_433253626703258":""},"rop_publish_now_history":[],"rop_publish_now_status":"pending","footnotes":""},"class_list":["post-5540","page","type-page","status-publish","hentry"],"aioseo_notices":[],"yoast_head":"<!-- This site is optimized with the Yoast SEO plugin v27.4 - https:\/\/yoast.com\/product\/yoast-seo-wordpress\/ -->\n<title>Sant\u00e9 et Environnement - Biopietra<\/title>\n<meta name=\"description\" content=\"Pour Biopietra, l\u2019\u00e9coconstruction n&#039;est ni un style ni une mode passag\u00e8re.\" \/>\n<meta name=\"robots\" content=\"index, follow, max-snippet:-1, max-image-preview:large, max-video-preview:-1\" \/>\n<link rel=\"canonical\" href=\"https:\/\/biopietra.com\/fr\/bioarchitecture\/sante-environnement\/\" \/>\n<meta property=\"og:locale\" content=\"fr_FR\" \/>\n<meta property=\"og:type\" content=\"article\" \/>\n<meta property=\"og:title\" content=\"Sant\u00e9 et Environnement - Biopietra\" \/>\n<meta property=\"og:description\" content=\"Pour Biopietra, l\u2019\u00e9coconstruction n&#039;est ni un style ni une mode passag\u00e8re.\" \/>\n<meta property=\"og:url\" content=\"https:\/\/biopietra.com\/fr\/bioarchitecture\/sante-environnement\/\" \/>\n<meta property=\"og:site_name\" content=\"Biopietra\" \/>\n<meta property=\"article:modified_time\" content=\"2019-09-03T10:10:14+00:00\" \/>\n<meta name=\"twitter:card\" content=\"summary_large_image\" \/>\n<meta name=\"twitter:label1\" content=\"Dur\u00e9e de lecture estim\u00e9e\" \/>\n\t<meta name=\"twitter:data1\" content=\"2 minutes\" \/>\n<script type=\"application\/ld+json\" class=\"yoast-schema-graph\">{\"@context\":\"https:\\\/\\\/schema.org\",\"@graph\":[{\"@type\":\"WebPage\",\"@id\":\"https:\\\/\\\/biopietra.com\\\/fr\\\/bioarchitecture\\\/sante-environnement\\\/\",\"url\":\"https:\\\/\\\/biopietra.com\\\/fr\\\/bioarchitecture\\\/sante-environnement\\\/\",\"name\":\"Sant\u00e9 et Environnement - Biopietra\",\"isPartOf\":{\"@id\":\"https:\\\/\\\/biopietra.com\\\/#website\"},\"datePublished\":\"2017-09-15T10:15:54+00:00\",\"dateModified\":\"2019-09-03T10:10:14+00:00\",\"description\":\"Pour Biopietra, l\u2019\u00e9coconstruction n'est ni un style ni une mode passag\u00e8re.\",\"breadcrumb\":{\"@id\":\"https:\\\/\\\/biopietra.com\\\/fr\\\/bioarchitecture\\\/sante-environnement\\\/#breadcrumb\"},\"inLanguage\":\"fr-FR\",\"potentialAction\":[{\"@type\":\"ReadAction\",\"target\":[\"https:\\\/\\\/biopietra.com\\\/fr\\\/bioarchitecture\\\/sante-environnement\\\/\"]}]},{\"@type\":\"BreadcrumbList\",\"@id\":\"https:\\\/\\\/biopietra.com\\\/fr\\\/bioarchitecture\\\/sante-environnement\\\/#breadcrumb\",\"itemListElement\":[{\"@type\":\"ListItem\",\"position\":1,\"name\":\"Home\",\"item\":\"https:\\\/\\\/biopietra.com\\\/fr\\\/\"},{\"@type\":\"ListItem\",\"position\":2,\"name\":\"Bioarchitecture\",\"item\":\"https:\\\/\\\/biopietra.com\\\/fr\\\/bioarchitecture\\\/\"},{\"@type\":\"ListItem\",\"position\":3,\"name\":\"Sant\u00e9 et Environnement\"}]},{\"@type\":\"WebSite\",\"@id\":\"https:\\\/\\\/biopietra.com\\\/#website\",\"url\":\"https:\\\/\\\/biopietra.com\\\/\",\"name\":\"Biopietra\",\"description\":\"The Green Stone Industry\",\"potentialAction\":[{\"@type\":\"SearchAction\",\"target\":{\"@type\":\"EntryPoint\",\"urlTemplate\":\"https:\\\/\\\/biopietra.com\\\/?s={search_term_string}\"},\"query-input\":{\"@type\":\"PropertyValueSpecification\",\"valueRequired\":true,\"valueName\":\"search_term_string\"}}],\"inLanguage\":\"fr-FR\"}]}<\/script>\n<!-- \/ Yoast SEO plugin. -->","yoast_head_json":{"title":"Sant\u00e9 et Environnement - Biopietra","description":"Pour Biopietra, l\u2019\u00e9coconstruction n'est ni un style ni une mode passag\u00e8re.","robots":{"index":"index","follow":"follow","max-snippet":"max-snippet:-1","max-image-preview":"max-image-preview:large","max-video-preview":"max-video-preview:-1"},"canonical":"https:\/\/biopietra.com\/fr\/bioarchitecture\/sante-environnement\/","og_locale":"fr_FR","og_type":"article","og_title":"Sant\u00e9 et Environnement - Biopietra","og_description":"Pour Biopietra, l\u2019\u00e9coconstruction n'est ni un style ni une mode passag\u00e8re.","og_url":"https:\/\/biopietra.com\/fr\/bioarchitecture\/sante-environnement\/","og_site_name":"Biopietra","article_modified_time":"2019-09-03T10:10:14+00:00","twitter_card":"summary_large_image","twitter_misc":{"Dur\u00e9e de lecture estim\u00e9e":"2 minutes"},"schema":{"@context":"https:\/\/schema.org","@graph":[{"@type":"WebPage","@id":"https:\/\/biopietra.com\/fr\/bioarchitecture\/sante-environnement\/","url":"https:\/\/biopietra.com\/fr\/bioarchitecture\/sante-environnement\/","name":"Sant\u00e9 et Environnement - Biopietra","isPartOf":{"@id":"https:\/\/biopietra.com\/#website"},"datePublished":"2017-09-15T10:15:54+00:00","dateModified":"2019-09-03T10:10:14+00:00","description":"Pour Biopietra, l\u2019\u00e9coconstruction n'est ni un style ni une mode passag\u00e8re.","breadcrumb":{"@id":"https:\/\/biopietra.com\/fr\/bioarchitecture\/sante-environnement\/#breadcrumb"},"inLanguage":"fr-FR","potentialAction":[{"@type":"ReadAction","target":["https:\/\/biopietra.com\/fr\/bioarchitecture\/sante-environnement\/"]}]},{"@type":"BreadcrumbList","@id":"https:\/\/biopietra.com\/fr\/bioarchitecture\/sante-environnement\/#breadcrumb","itemListElement":[{"@type":"ListItem","position":1,"name":"Home","item":"https:\/\/biopietra.com\/fr\/"},{"@type":"ListItem","position":2,"name":"Bioarchitecture","item":"https:\/\/biopietra.com\/fr\/bioarchitecture\/"},{"@type":"ListItem","position":3,"name":"Sant\u00e9 et Environnement"}]},{"@type":"WebSite","@id":"https:\/\/biopietra.com\/#website","url":"https:\/\/biopietra.com\/","name":"Biopietra","description":"The Green Stone Industry","potentialAction":[{"@type":"SearchAction","target":{"@type":"EntryPoint","urlTemplate":"https:\/\/biopietra.com\/?s={search_term_string}"},"query-input":{"@type":"PropertyValueSpecification","valueRequired":true,"valueName":"search_term_string"}}],"inLanguage":"fr-FR"}]}},"_links":{"self":[{"href":"https:\/\/biopietra.com\/fr\/wp-json\/wp\/v2\/pages\/5540","targetHints":{"allow":["GET"]}}],"collection":[{"href":"https:\/\/biopietra.com\/fr\/wp-json\/wp\/v2\/pages"}],"about":[{"href":"https:\/\/biopietra.com\/fr\/wp-json\/wp\/v2\/types\/page"}],"author":[{"embeddable":true,"href":"https:\/\/biopietra.com\/fr\/wp-json\/wp\/v2\/users\/4"}],"replies":[{"embeddable":true,"href":"https:\/\/biopietra.com\/fr\/wp-json\/wp\/v2\/comments?post=5540"}],"version-history":[{"count":8,"href":"https:\/\/biopietra.com\/fr\/wp-json\/wp\/v2\/pages\/5540\/revisions"}],"predecessor-version":[{"id":10187,"href":"https:\/\/biopietra.com\/fr\/wp-json\/wp\/v2\/pages\/5540\/revisions\/10187"}],"up":[{"embeddable":true,"href":"https:\/\/biopietra.com\/fr\/wp-json\/wp\/v2\/pages\/4514"}],"wp:attachment":[{"href":"https:\/\/biopietra.com\/fr\/wp-json\/wp\/v2\/media?parent=5540"}],"curies":[{"name":"wp","href":"https:\/\/api.w.org\/{rel}","templated":true}]}}