{"id":5576,"date":"2017-09-20T11:06:01","date_gmt":"2017-09-20T09:06:01","guid":{"rendered":"http:\/\/biopietra.com\/rigenerarsi-casa-propria\/"},"modified":"2019-09-03T12:05:35","modified_gmt":"2019-09-03T10:05:35","slug":"se-regenerer-a-la-maison","status":"publish","type":"page","link":"https:\/\/biopietra.com\/fr\/bioarchitecture\/se-regenerer-a-la-maison\/","title":{"rendered":"Se r\u00e9g\u00e9n\u00e9rer \u00e0 la maison"},"content":{"rendered":"<div class=\"row mt-25\"><div class=\"col-md-4\"><h4 class=\"text-right green text-uppercase\"><span>Entre les murs de la maison, nous retrouvons l'harmonie qui na\u00eet aussi du fait de se sentir bien par l\u2019 environnement qui nous entoure.<\/span><\/h4><hr><\/div><div class=\"col-md-8\">\n<p>Durant notre vie, nous passons la plus grande partie du temps dans des espaces clos.<\/p>\n<p>Pour rendre nos milieux plus harmonieux et compatibles avec l&rsquo;homme, Biopietra pour plus de 35 ans , recherche la qualit\u00e9 d&rsquo;une production enti\u00e8rement italienne qui assure l&rsquo;absence d&rsquo;\u00e9missions nuisibles de gaz Radon et prot\u00e8ge la sant\u00e9 de l&rsquo;homme.<\/p>\n<p>Seulement avec Biopietra, il est possible de retrouver les sensations et le charme de la pierre naturelle unie \u00e0 toutes les qualit\u00e9s d&rsquo;un mat\u00e9riau innovant : base de ciment blanc pour la meilleure r\u00e9fraction de la lumi\u00e8re, gamme compl\u00e8te de couleurs, personnalisation \u00e0 l\u2019extr\u00eame.<\/p>\n<p>Biopietra est : amour et respect pour la nature et pour l&rsquo;homme.<\/p>\n<p>Quelques donn\u00e9es suffisent pour comprendre son importance: tel que publi\u00e9 par l&rsquo;Organisation mondiale de la sant\u00e9 (OMS), les Europ\u00e9ens passent en moyenne 90% de leur vie \u00e0 l&rsquo;int\u00e9rieur des b\u00e2timents, o\u00f9 l&rsquo;air qu\u2019ils respirent est deux fois pire qu&rsquo;\u00e0 l&rsquo;ext\u00e9rieur.<\/p>\n<\/div><\/div><img loading=\"lazy\" decoding=\"async\" src=\"http:\/\/biopietra.com\/wp-content\/uploads\/2017\/09\/abbraccio-famiglia.jpg\" alt=\"Rigenerarsi\" width=\"300\" height=\"351\" class=\"size-full wp-image-5702 alignnone\" srcset=\"https:\/\/biopietra.com\/wp-content\/uploads\/2017\/09\/abbraccio-famiglia.jpg 300w, https:\/\/biopietra.com\/wp-content\/uploads\/2017\/09\/abbraccio-famiglia-256x300.jpg 256w\" sizes=\"auto, (max-width: 300px) 100vw, 300px\" \/><\/p>\n<p>&nbsp;<\/p>\n<div class=\"wowbox\">\n<div class=\"inside\">\n<div class=\"wow-admin-col wow-wrap\">\n<div class=\"wow-admin-col-12\" id=\"shortcode\"><b><\/b><\/div>\n<\/div>\n<\/div>\n<\/div>\n<div class=\"wowbox\">\n<div class=\"wowbox\">\n<div class=\"wowbox\">\n<div class=\"inside\">\n<div class=\"wow-admin-col wow-wrap\"><\/div>\n<\/div>\n<\/div>\n<\/div>\n<\/div>\n","protected":false},"excerpt":{"rendered":"<p>&nbsp;<\/p>\n","protected":false},"author":4,"featured_media":0,"parent":4514,"menu_order":126,"comment_status":"closed","ping_status":"closed","template":"template-page-custom.php","meta":{"qubely_global_settings":"","qubely_interactions":"","rs_blank_template":"","rs_page_bg_color":"","slide_template_v7":"","rop_custom_images_group":[],"rop_custom_messages_group":[],"rop_publish_now":"initial","rop_publish_now_accounts":{"facebook_4317419521910128_433253626703258":""},"rop_publish_now_history":[],"rop_publish_now_status":"pending","footnotes":""},"class_list":["post-5576","page","type-page","status-publish","hentry"],"aioseo_notices":[],"yoast_head":"<!-- This site is optimized with the Yoast SEO plugin v27.4 - https:\/\/yoast.com\/product\/yoast-seo-wordpress\/ -->\n<title>Se r\u00e9g\u00e9n\u00e9rer \u00e0 la maison - Biopietra<\/title>\n<meta name=\"description\" content=\"Rigenerarsi in casa propria. Ecco come i prodotti Biopietra migliorano la salute dell&#039;uomo creando prodotti ecologici e privi di emissioni di Radon.\" \/>\n<meta name=\"robots\" content=\"index, follow, max-snippet:-1, max-image-preview:large, max-video-preview:-1\" \/>\n<link rel=\"canonical\" href=\"https:\/\/biopietra.com\/fr\/bioarchitecture\/se-regenerer-a-la-maison\/\" \/>\n<meta property=\"og:locale\" content=\"fr_FR\" \/>\n<meta property=\"og:type\" content=\"article\" \/>\n<meta property=\"og:title\" content=\"Se r\u00e9g\u00e9n\u00e9rer \u00e0 la maison - Biopietra\" \/>\n<meta property=\"og:description\" content=\"Rigenerarsi in casa propria. Ecco come i prodotti Biopietra migliorano la salute dell&#039;uomo creando prodotti ecologici e privi di emissioni di Radon.\" \/>\n<meta property=\"og:url\" content=\"https:\/\/biopietra.com\/fr\/bioarchitecture\/se-regenerer-a-la-maison\/\" \/>\n<meta property=\"og:site_name\" content=\"Biopietra\" \/>\n<meta property=\"article:modified_time\" content=\"2019-09-03T10:05:35+00:00\" \/>\n<meta property=\"og:image\" content=\"http:\/\/biopietra.com\/wp-content\/uploads\/2017\/09\/abbraccio-famiglia.jpg\" \/>\n<meta name=\"twitter:card\" content=\"summary_large_image\" \/>\n<meta name=\"twitter:label1\" content=\"Dur\u00e9e de lecture estim\u00e9e\" \/>\n\t<meta name=\"twitter:data1\" content=\"1 minute\" \/>\n<script type=\"application\/ld+json\" class=\"yoast-schema-graph\">{\"@context\":\"https:\\\/\\\/schema.org\",\"@graph\":[{\"@type\":\"WebPage\",\"@id\":\"https:\\\/\\\/biopietra.com\\\/fr\\\/bioarchitecture\\\/se-regenerer-a-la-maison\\\/\",\"url\":\"https:\\\/\\\/biopietra.com\\\/fr\\\/bioarchitecture\\\/se-regenerer-a-la-maison\\\/\",\"name\":\"Se r\u00e9g\u00e9n\u00e9rer \u00e0 la maison - Biopietra\",\"isPartOf\":{\"@id\":\"https:\\\/\\\/biopietra.com\\\/#website\"},\"primaryImageOfPage\":{\"@id\":\"https:\\\/\\\/biopietra.com\\\/fr\\\/bioarchitecture\\\/se-regenerer-a-la-maison\\\/#primaryimage\"},\"image\":{\"@id\":\"https:\\\/\\\/biopietra.com\\\/fr\\\/bioarchitecture\\\/se-regenerer-a-la-maison\\\/#primaryimage\"},\"thumbnailUrl\":\"http:\\\/\\\/biopietra.com\\\/wp-content\\\/uploads\\\/2017\\\/09\\\/abbraccio-famiglia.jpg\",\"datePublished\":\"2017-09-20T09:06:01+00:00\",\"dateModified\":\"2019-09-03T10:05:35+00:00\",\"description\":\"Rigenerarsi in casa propria. Ecco come i prodotti Biopietra migliorano la salute dell'uomo creando prodotti ecologici e privi di emissioni di Radon.\",\"breadcrumb\":{\"@id\":\"https:\\\/\\\/biopietra.com\\\/fr\\\/bioarchitecture\\\/se-regenerer-a-la-maison\\\/#breadcrumb\"},\"inLanguage\":\"fr-FR\",\"potentialAction\":[{\"@type\":\"ReadAction\",\"target\":[\"https:\\\/\\\/biopietra.com\\\/fr\\\/bioarchitecture\\\/se-regenerer-a-la-maison\\\/\"]}]},{\"@type\":\"ImageObject\",\"inLanguage\":\"fr-FR\",\"@id\":\"https:\\\/\\\/biopietra.com\\\/fr\\\/bioarchitecture\\\/se-regenerer-a-la-maison\\\/#primaryimage\",\"url\":\"http:\\\/\\\/biopietra.com\\\/wp-content\\\/uploads\\\/2017\\\/09\\\/abbraccio-famiglia.jpg\",\"contentUrl\":\"http:\\\/\\\/biopietra.com\\\/wp-content\\\/uploads\\\/2017\\\/09\\\/abbraccio-famiglia.jpg\"},{\"@type\":\"BreadcrumbList\",\"@id\":\"https:\\\/\\\/biopietra.com\\\/fr\\\/bioarchitecture\\\/se-regenerer-a-la-maison\\\/#breadcrumb\",\"itemListElement\":[{\"@type\":\"ListItem\",\"position\":1,\"name\":\"Home\",\"item\":\"https:\\\/\\\/biopietra.com\\\/fr\\\/\"},{\"@type\":\"ListItem\",\"position\":2,\"name\":\"Bioarchitecture\",\"item\":\"https:\\\/\\\/biopietra.com\\\/fr\\\/bioarchitecture\\\/\"},{\"@type\":\"ListItem\",\"position\":3,\"name\":\"Se r\u00e9g\u00e9n\u00e9rer \u00e0 la maison\"}]},{\"@type\":\"WebSite\",\"@id\":\"https:\\\/\\\/biopietra.com\\\/#website\",\"url\":\"https:\\\/\\\/biopietra.com\\\/\",\"name\":\"Biopietra\",\"description\":\"The Green Stone Industry\",\"potentialAction\":[{\"@type\":\"SearchAction\",\"target\":{\"@type\":\"EntryPoint\",\"urlTemplate\":\"https:\\\/\\\/biopietra.com\\\/?s={search_term_string}\"},\"query-input\":{\"@type\":\"PropertyValueSpecification\",\"valueRequired\":true,\"valueName\":\"search_term_string\"}}],\"inLanguage\":\"fr-FR\"}]}<\/script>\n<!-- \/ Yoast SEO plugin. -->","yoast_head_json":{"title":"Se r\u00e9g\u00e9n\u00e9rer \u00e0 la maison - Biopietra","description":"Rigenerarsi in casa propria. Ecco come i prodotti Biopietra migliorano la salute dell'uomo creando prodotti ecologici e privi di emissioni di Radon.","robots":{"index":"index","follow":"follow","max-snippet":"max-snippet:-1","max-image-preview":"max-image-preview:large","max-video-preview":"max-video-preview:-1"},"canonical":"https:\/\/biopietra.com\/fr\/bioarchitecture\/se-regenerer-a-la-maison\/","og_locale":"fr_FR","og_type":"article","og_title":"Se r\u00e9g\u00e9n\u00e9rer \u00e0 la maison - Biopietra","og_description":"Rigenerarsi in casa propria. Ecco come i prodotti Biopietra migliorano la salute dell'uomo creando prodotti ecologici e privi di emissioni di Radon.","og_url":"https:\/\/biopietra.com\/fr\/bioarchitecture\/se-regenerer-a-la-maison\/","og_site_name":"Biopietra","article_modified_time":"2019-09-03T10:05:35+00:00","og_image":[{"url":"http:\/\/biopietra.com\/wp-content\/uploads\/2017\/09\/abbraccio-famiglia.jpg","type":"","width":"","height":""}],"twitter_card":"summary_large_image","twitter_misc":{"Dur\u00e9e de lecture estim\u00e9e":"1 minute"},"schema":{"@context":"https:\/\/schema.org","@graph":[{"@type":"WebPage","@id":"https:\/\/biopietra.com\/fr\/bioarchitecture\/se-regenerer-a-la-maison\/","url":"https:\/\/biopietra.com\/fr\/bioarchitecture\/se-regenerer-a-la-maison\/","name":"Se r\u00e9g\u00e9n\u00e9rer \u00e0 la maison - Biopietra","isPartOf":{"@id":"https:\/\/biopietra.com\/#website"},"primaryImageOfPage":{"@id":"https:\/\/biopietra.com\/fr\/bioarchitecture\/se-regenerer-a-la-maison\/#primaryimage"},"image":{"@id":"https:\/\/biopietra.com\/fr\/bioarchitecture\/se-regenerer-a-la-maison\/#primaryimage"},"thumbnailUrl":"http:\/\/biopietra.com\/wp-content\/uploads\/2017\/09\/abbraccio-famiglia.jpg","datePublished":"2017-09-20T09:06:01+00:00","dateModified":"2019-09-03T10:05:35+00:00","description":"Rigenerarsi in casa propria. Ecco come i prodotti Biopietra migliorano la salute dell'uomo creando prodotti ecologici e privi di emissioni di Radon.","breadcrumb":{"@id":"https:\/\/biopietra.com\/fr\/bioarchitecture\/se-regenerer-a-la-maison\/#breadcrumb"},"inLanguage":"fr-FR","potentialAction":[{"@type":"ReadAction","target":["https:\/\/biopietra.com\/fr\/bioarchitecture\/se-regenerer-a-la-maison\/"]}]},{"@type":"ImageObject","inLanguage":"fr-FR","@id":"https:\/\/biopietra.com\/fr\/bioarchitecture\/se-regenerer-a-la-maison\/#primaryimage","url":"http:\/\/biopietra.com\/wp-content\/uploads\/2017\/09\/abbraccio-famiglia.jpg","contentUrl":"http:\/\/biopietra.com\/wp-content\/uploads\/2017\/09\/abbraccio-famiglia.jpg"},{"@type":"BreadcrumbList","@id":"https:\/\/biopietra.com\/fr\/bioarchitecture\/se-regenerer-a-la-maison\/#breadcrumb","itemListElement":[{"@type":"ListItem","position":1,"name":"Home","item":"https:\/\/biopietra.com\/fr\/"},{"@type":"ListItem","position":2,"name":"Bioarchitecture","item":"https:\/\/biopietra.com\/fr\/bioarchitecture\/"},{"@type":"ListItem","position":3,"name":"Se r\u00e9g\u00e9n\u00e9rer \u00e0 la maison"}]},{"@type":"WebSite","@id":"https:\/\/biopietra.com\/#website","url":"https:\/\/biopietra.com\/","name":"Biopietra","description":"The Green Stone Industry","potentialAction":[{"@type":"SearchAction","target":{"@type":"EntryPoint","urlTemplate":"https:\/\/biopietra.com\/?s={search_term_string}"},"query-input":{"@type":"PropertyValueSpecification","valueRequired":true,"valueName":"search_term_string"}}],"inLanguage":"fr-FR"}]}},"_links":{"self":[{"href":"https:\/\/biopietra.com\/fr\/wp-json\/wp\/v2\/pages\/5576","targetHints":{"allow":["GET"]}}],"collection":[{"href":"https:\/\/biopietra.com\/fr\/wp-json\/wp\/v2\/pages"}],"about":[{"href":"https:\/\/biopietra.com\/fr\/wp-json\/wp\/v2\/types\/page"}],"author":[{"embeddable":true,"href":"https:\/\/biopietra.com\/fr\/wp-json\/wp\/v2\/users\/4"}],"replies":[{"embeddable":true,"href":"https:\/\/biopietra.com\/fr\/wp-json\/wp\/v2\/comments?post=5576"}],"version-history":[{"count":16,"href":"https:\/\/biopietra.com\/fr\/wp-json\/wp\/v2\/pages\/5576\/revisions"}],"predecessor-version":[{"id":11249,"href":"https:\/\/biopietra.com\/fr\/wp-json\/wp\/v2\/pages\/5576\/revisions\/11249"}],"up":[{"embeddable":true,"href":"https:\/\/biopietra.com\/fr\/wp-json\/wp\/v2\/pages\/4514"}],"wp:attachment":[{"href":"https:\/\/biopietra.com\/fr\/wp-json\/wp\/v2\/media?parent=5576"}],"curies":[{"name":"wp","href":"https:\/\/api.w.org\/{rel}","templated":true}]}}