{"id":5584,"date":"2017-09-20T11:13:19","date_gmt":"2017-09-20T09:13:19","guid":{"rendered":"http:\/\/biopietra.com\/approfondimento-sul-radon\/"},"modified":"2018-07-30T09:29:47","modified_gmt":"2018-07-30T07:29:47","slug":"approfondimento-sul-radon","status":"publish","type":"page","link":"https:\/\/biopietra.com\/fr\/bioarchitecture\/approfondimento-sul-radon\/","title":{"rendered":"Approfondissement sur le Radon"},"content":{"rendered":"<div class=\"row mt-25\"><div class=\"col-md-4\"><h4 class=\"text-right green text-uppercase\"><span>LE RADON EST UN GAZ NATUREL RADIOACTIF QUI PROVIENT DES SOLS ET PAR CERTAINS MATERIAUX DE CONSTRUCTION.<\/span><\/h4><hr><\/div><div class=\"col-md-8\">\n<p><span>Il est consid\u00e9r\u00e9 la deuxi\u00e8me cause de d\u00e9c\u00e8s par cancer du poumon apr\u00e8s le tabagisme (J. O 276, du 27\/11\/2001 Suppl\u00e9ment no. 252). <\/span><\/p>\n<p><span>Sur nos lieux de travail et dans notre vie quotidienne, le radon peut accumuler et atteindre des concentrations dangereuses. <\/span><\/p>\n<p><span>Pour cette raison, l&rsquo;Union europ\u00e9enne et l&rsquo;\u00c9tat italien ont publi\u00e9 une s\u00e9rie de mesures juridiques pour prot\u00e9ger la sant\u00e9 de la population (recommandation 143\/90 Euratom) et des lieux de travail (d\u00e9cret 230-95 comme int\u00e9gr\u00e9 au Cap troisi\u00e8me bis de 241\/2000). <\/span><\/p>\n<p><span>Les rev\u00eatements Biopietra sont sans radon, perspirants, \u00e9cologiques et <a href=\"http:\/\/biopietra.com\/fr\/certifications\/\">certifi\u00e9s pour la bio-architecture.<\/a><\/span><\/p>\n<p><img loading=\"lazy\" decoding=\"async\" src=\"http:\/\/biopietra.com\/wp-content\/uploads\/2016\/07\/useries.jpg\" alt=\"radon\" width=\"93\" height=\"64\" class=\"size-full wp-image-8527 aligncenter\" \/><\/p>\n<\/div><\/div>\n","protected":false},"excerpt":{"rendered":"","protected":false},"author":4,"featured_media":0,"parent":4514,"menu_order":123,"comment_status":"closed","ping_status":"closed","template":"template-page-custom.php","meta":{"qubely_global_settings":"","qubely_interactions":"","rs_blank_template":"","rs_page_bg_color":"","slide_template_v7":"","rop_custom_images_group":[],"rop_custom_messages_group":[],"rop_publish_now":"initial","rop_publish_now_accounts":{"facebook_4317419521910128_433253626703258":""},"rop_publish_now_history":[],"rop_publish_now_status":"pending","footnotes":""},"class_list":["post-5584","page","type-page","status-publish","hentry"],"yoast_head":"<!-- This site is optimized with the Yoast SEO plugin v27.4 - https:\/\/yoast.com\/product\/yoast-seo-wordpress\/ -->\n<title>Approfondissement sur le gaz radioactif Radon - Biopietra<\/title>\n<meta name=\"robots\" content=\"index, follow, max-snippet:-1, max-image-preview:large, max-video-preview:-1\" \/>\n<link rel=\"canonical\" href=\"https:\/\/biopietra.com\/fr\/bioarchitecture\/approfondimento-sul-radon\/\" \/>\n<meta property=\"og:locale\" content=\"fr_FR\" \/>\n<meta property=\"og:type\" content=\"article\" \/>\n<meta property=\"og:title\" content=\"Approfondissement sur le gaz radioactif Radon - Biopietra\" \/>\n<meta property=\"og:url\" content=\"https:\/\/biopietra.com\/fr\/bioarchitecture\/approfondimento-sul-radon\/\" \/>\n<meta property=\"og:site_name\" content=\"Biopietra\" \/>\n<meta property=\"article:modified_time\" content=\"2018-07-30T07:29:47+00:00\" \/>\n<meta property=\"og:image\" content=\"http:\/\/biopietra.com\/wp-content\/uploads\/2016\/07\/useries.jpg\" \/>\n<meta name=\"twitter:card\" content=\"summary_large_image\" \/>\n<meta name=\"twitter:label1\" content=\"Dur\u00e9e de lecture estim\u00e9e\" \/>\n\t<meta name=\"twitter:data1\" content=\"1 minute\" \/>\n<script type=\"application\/ld+json\" class=\"yoast-schema-graph\">{\"@context\":\"https:\\\/\\\/schema.org\",\"@graph\":[{\"@type\":\"WebPage\",\"@id\":\"https:\\\/\\\/biopietra.com\\\/fr\\\/bioarchitecture\\\/approfondimento-sul-radon\\\/\",\"url\":\"https:\\\/\\\/biopietra.com\\\/fr\\\/bioarchitecture\\\/approfondimento-sul-radon\\\/\",\"name\":\"Approfondissement sur le gaz radioactif Radon - Biopietra\",\"isPartOf\":{\"@id\":\"https:\\\/\\\/biopietra.com\\\/#website\"},\"primaryImageOfPage\":{\"@id\":\"https:\\\/\\\/biopietra.com\\\/fr\\\/bioarchitecture\\\/approfondimento-sul-radon\\\/#primaryimage\"},\"image\":{\"@id\":\"https:\\\/\\\/biopietra.com\\\/fr\\\/bioarchitecture\\\/approfondimento-sul-radon\\\/#primaryimage\"},\"thumbnailUrl\":\"http:\\\/\\\/biopietra.com\\\/wp-content\\\/uploads\\\/2016\\\/07\\\/useries.jpg\",\"datePublished\":\"2017-09-20T09:13:19+00:00\",\"dateModified\":\"2018-07-30T07:29:47+00:00\",\"breadcrumb\":{\"@id\":\"https:\\\/\\\/biopietra.com\\\/fr\\\/bioarchitecture\\\/approfondimento-sul-radon\\\/#breadcrumb\"},\"inLanguage\":\"fr-FR\",\"potentialAction\":[{\"@type\":\"ReadAction\",\"target\":[\"https:\\\/\\\/biopietra.com\\\/fr\\\/bioarchitecture\\\/approfondimento-sul-radon\\\/\"]}]},{\"@type\":\"ImageObject\",\"inLanguage\":\"fr-FR\",\"@id\":\"https:\\\/\\\/biopietra.com\\\/fr\\\/bioarchitecture\\\/approfondimento-sul-radon\\\/#primaryimage\",\"url\":\"http:\\\/\\\/biopietra.com\\\/wp-content\\\/uploads\\\/2016\\\/07\\\/useries.jpg\",\"contentUrl\":\"http:\\\/\\\/biopietra.com\\\/wp-content\\\/uploads\\\/2016\\\/07\\\/useries.jpg\"},{\"@type\":\"BreadcrumbList\",\"@id\":\"https:\\\/\\\/biopietra.com\\\/fr\\\/bioarchitecture\\\/approfondimento-sul-radon\\\/#breadcrumb\",\"itemListElement\":[{\"@type\":\"ListItem\",\"position\":1,\"name\":\"Home\",\"item\":\"https:\\\/\\\/biopietra.com\\\/fr\\\/\"},{\"@type\":\"ListItem\",\"position\":2,\"name\":\"Bioarchitecture\",\"item\":\"https:\\\/\\\/biopietra.com\\\/fr\\\/bioarchitecture\\\/\"},{\"@type\":\"ListItem\",\"position\":3,\"name\":\"Approfondissement sur le Radon\"}]},{\"@type\":\"WebSite\",\"@id\":\"https:\\\/\\\/biopietra.com\\\/#website\",\"url\":\"https:\\\/\\\/biopietra.com\\\/\",\"name\":\"Biopietra\",\"description\":\"The Green Stone Industry\",\"potentialAction\":[{\"@type\":\"SearchAction\",\"target\":{\"@type\":\"EntryPoint\",\"urlTemplate\":\"https:\\\/\\\/biopietra.com\\\/?s={search_term_string}\"},\"query-input\":{\"@type\":\"PropertyValueSpecification\",\"valueRequired\":true,\"valueName\":\"search_term_string\"}}],\"inLanguage\":\"fr-FR\"}]}<\/script>\n<!-- \/ Yoast SEO plugin. -->","yoast_head_json":{"title":"Approfondissement sur le gaz radioactif Radon - Biopietra","robots":{"index":"index","follow":"follow","max-snippet":"max-snippet:-1","max-image-preview":"max-image-preview:large","max-video-preview":"max-video-preview:-1"},"canonical":"https:\/\/biopietra.com\/fr\/bioarchitecture\/approfondimento-sul-radon\/","og_locale":"fr_FR","og_type":"article","og_title":"Approfondissement sur le gaz radioactif Radon - Biopietra","og_url":"https:\/\/biopietra.com\/fr\/bioarchitecture\/approfondimento-sul-radon\/","og_site_name":"Biopietra","article_modified_time":"2018-07-30T07:29:47+00:00","og_image":[{"url":"http:\/\/biopietra.com\/wp-content\/uploads\/2016\/07\/useries.jpg","type":"","width":"","height":""}],"twitter_card":"summary_large_image","twitter_misc":{"Dur\u00e9e de lecture estim\u00e9e":"1 minute"},"schema":{"@context":"https:\/\/schema.org","@graph":[{"@type":"WebPage","@id":"https:\/\/biopietra.com\/fr\/bioarchitecture\/approfondimento-sul-radon\/","url":"https:\/\/biopietra.com\/fr\/bioarchitecture\/approfondimento-sul-radon\/","name":"Approfondissement sur le gaz radioactif Radon - Biopietra","isPartOf":{"@id":"https:\/\/biopietra.com\/#website"},"primaryImageOfPage":{"@id":"https:\/\/biopietra.com\/fr\/bioarchitecture\/approfondimento-sul-radon\/#primaryimage"},"image":{"@id":"https:\/\/biopietra.com\/fr\/bioarchitecture\/approfondimento-sul-radon\/#primaryimage"},"thumbnailUrl":"http:\/\/biopietra.com\/wp-content\/uploads\/2016\/07\/useries.jpg","datePublished":"2017-09-20T09:13:19+00:00","dateModified":"2018-07-30T07:29:47+00:00","breadcrumb":{"@id":"https:\/\/biopietra.com\/fr\/bioarchitecture\/approfondimento-sul-radon\/#breadcrumb"},"inLanguage":"fr-FR","potentialAction":[{"@type":"ReadAction","target":["https:\/\/biopietra.com\/fr\/bioarchitecture\/approfondimento-sul-radon\/"]}]},{"@type":"ImageObject","inLanguage":"fr-FR","@id":"https:\/\/biopietra.com\/fr\/bioarchitecture\/approfondimento-sul-radon\/#primaryimage","url":"http:\/\/biopietra.com\/wp-content\/uploads\/2016\/07\/useries.jpg","contentUrl":"http:\/\/biopietra.com\/wp-content\/uploads\/2016\/07\/useries.jpg"},{"@type":"BreadcrumbList","@id":"https:\/\/biopietra.com\/fr\/bioarchitecture\/approfondimento-sul-radon\/#breadcrumb","itemListElement":[{"@type":"ListItem","position":1,"name":"Home","item":"https:\/\/biopietra.com\/fr\/"},{"@type":"ListItem","position":2,"name":"Bioarchitecture","item":"https:\/\/biopietra.com\/fr\/bioarchitecture\/"},{"@type":"ListItem","position":3,"name":"Approfondissement sur le Radon"}]},{"@type":"WebSite","@id":"https:\/\/biopietra.com\/#website","url":"https:\/\/biopietra.com\/","name":"Biopietra","description":"The Green Stone Industry","potentialAction":[{"@type":"SearchAction","target":{"@type":"EntryPoint","urlTemplate":"https:\/\/biopietra.com\/?s={search_term_string}"},"query-input":{"@type":"PropertyValueSpecification","valueRequired":true,"valueName":"search_term_string"}}],"inLanguage":"fr-FR"}]}},"_links":{"self":[{"href":"https:\/\/biopietra.com\/fr\/wp-json\/wp\/v2\/pages\/5584","targetHints":{"allow":["GET"]}}],"collection":[{"href":"https:\/\/biopietra.com\/fr\/wp-json\/wp\/v2\/pages"}],"about":[{"href":"https:\/\/biopietra.com\/fr\/wp-json\/wp\/v2\/types\/page"}],"author":[{"embeddable":true,"href":"https:\/\/biopietra.com\/fr\/wp-json\/wp\/v2\/users\/4"}],"replies":[{"embeddable":true,"href":"https:\/\/biopietra.com\/fr\/wp-json\/wp\/v2\/comments?post=5584"}],"version-history":[{"count":4,"href":"https:\/\/biopietra.com\/fr\/wp-json\/wp\/v2\/pages\/5584\/revisions"}],"predecessor-version":[{"id":10194,"href":"https:\/\/biopietra.com\/fr\/wp-json\/wp\/v2\/pages\/5584\/revisions\/10194"}],"up":[{"embeddable":true,"href":"https:\/\/biopietra.com\/fr\/wp-json\/wp\/v2\/pages\/4514"}],"wp:attachment":[{"href":"https:\/\/biopietra.com\/fr\/wp-json\/wp\/v2\/media?parent=5584"}],"curies":[{"name":"wp","href":"https:\/\/api.w.org\/{rel}","templated":true}]}}