{"id":5592,"date":"2017-09-20T11:34:19","date_gmt":"2017-09-20T09:34:19","guid":{"rendered":"http:\/\/biopietra.com\/biocasa-bioenergia-biocompatibilita\/"},"modified":"2019-09-03T11:54:40","modified_gmt":"2019-09-03T09:54:40","slug":"maison-eco-bioenergie-ecocompatibilite","status":"publish","type":"page","link":"https:\/\/biopietra.com\/fr\/bioarchitecture\/maison-eco-bioenergie-ecocompatibilite\/","title":{"rendered":"Maison Eco, Bio-\u00e9nergie, \u00c9co-compatibilit\u00e9"},"content":{"rendered":"<div class=\"row mt-25\"><div class=\"col-md-4\"><h4 class=\"text-right green text-uppercase\"><span>LA MAISON ECO QUI PROLONGE LA VIE<\/span><\/h4><hr><\/div><div class=\"col-md-8\">\n<p><img loading=\"lazy\" decoding=\"async\" src=\"http:\/\/biopietra.com\/wp-content\/uploads\/2017\/09\/Biocasa-Biopietra.jpg\" alt=\"\" width=\"150\" height=\"283\" class=\"size-full wp-image-5657 alignleft\" \/><\/p>\n<p>&nbsp;<\/p>\n<p><span>L&rsquo;homme vit dans un syst\u00e8me compos\u00e9 de quatre peaux : la premi\u00e8re peau est le derme, qui prot\u00e8ge notre corps du monde ext\u00e9rieur. <\/span><\/p>\n<p><span>La seconde peau est l&rsquo;habit qui prot\u00e8ge le derme. <\/span><\/p>\n<p><span>La troisi\u00e8me peau est notre maison, l&rsquo;habitat qui nous enveloppe, nous c\u00e2line et nous prot\u00e8ge du monde ext\u00e9rieur. <\/span><\/p>\n<p><span>La quatri\u00e8me peau est l&rsquo;environnement qui se situe exactement o\u00f9 notre maison finit et o\u00f9 nous commen\u00e7ons : c&rsquo;est la terre, le soleil, l&rsquo;air que nous respirons.<\/span><\/p>\n<\/div><\/div>\n<h3><\/h3>\n<h3><\/h3>\n<h3><\/h3>\n<div class=\"row mt-25\"><div class=\"col-md-4\"><h4 class=\"text-right green text-uppercase\"><span>COMMENT R\u00c9CUP\u00c9RER ALORS CETTE NATURALIT\u00c9, CET \u00c9QUILIBRE ENTRE VIVRE ET HABITER, QUI SEMBLE D\u00c9SORMAIS SI COMPROMIS?<\/span><\/h4><hr><\/div><div class=\"col-md-8\">\n<p><span>Une des r\u00e9ponses est le choix des environnements dans lesquels nous vivons, nous respirons, nous dormons, nous mangeons, nous travaillons, nous \u00e9levons nos enfants. <\/span><\/p>\n<p><span>Concr\u00e8tement, cela signifie choisir des mat\u00e9riaux \u00e9cologiques, pierre \u00e9cologique pour notre environnement comme Biopietra, utilis\u00e9e dans nos cuisines, s\u00e9jours, chambres, salles de bains, et \u00e0 l\u2019ext\u00e9rieur de nos maisons. <\/span><\/p>\n<p><span>Biopietra est perspirante, \u00e9cologique et <a href=\"http:\/\/biopietra.com\/fr\/certifications\/\"><strong>certifi\u00e9e pour l\u2019\u00e9coconstruction<\/strong><\/a>.<\/span><\/p>\n<\/div><\/div>\n","protected":false},"excerpt":{"rendered":"","protected":false},"author":4,"featured_media":0,"parent":4514,"menu_order":55,"comment_status":"closed","ping_status":"closed","template":"template-page-custom.php","meta":{"qubely_global_settings":"","qubely_interactions":"","rop_custom_images_group":[],"rop_custom_messages_group":[],"rop_publish_now":"initial","rop_publish_now_accounts":{"facebook_4317419521910128_433253626703258":""},"rop_publish_now_history":[],"rop_publish_now_status":"pending","footnotes":""},"class_list":["post-5592","page","type-page","status-publish","hentry"],"aioseo_notices":[],"yoast_head":"<!-- This site is optimized with the Yoast SEO plugin v27.4 - https:\/\/yoast.com\/product\/yoast-seo-wordpress\/ -->\n<title>Maison Eco, Bio-\u00e9nergie, \u00c9co-compatibilit\u00e9 - Biopietra<\/title>\n<meta name=\"description\" content=\"Maison Eco, Bio-\u00e9nergie, \u00c9co-compatibilit\u00e9. Biopietra est perspirante, \u00e9cologique et certifi\u00e9e pour l\u2019\u00e9coconstruction.\" \/>\n<meta name=\"robots\" content=\"index, follow, max-snippet:-1, max-image-preview:large, max-video-preview:-1\" \/>\n<link rel=\"canonical\" href=\"https:\/\/biopietra.com\/fr\/bioarchitecture\/maison-eco-bioenergie-ecocompatibilite\/\" \/>\n<meta property=\"og:locale\" content=\"fr_FR\" \/>\n<meta property=\"og:type\" content=\"article\" \/>\n<meta property=\"og:title\" content=\"Maison Eco, Bio-\u00e9nergie, \u00c9co-compatibilit\u00e9 - Biopietra\" \/>\n<meta property=\"og:description\" content=\"Maison Eco, Bio-\u00e9nergie, \u00c9co-compatibilit\u00e9. Biopietra est perspirante, \u00e9cologique et certifi\u00e9e pour l\u2019\u00e9coconstruction.\" \/>\n<meta property=\"og:url\" content=\"https:\/\/biopietra.com\/fr\/bioarchitecture\/maison-eco-bioenergie-ecocompatibilite\/\" \/>\n<meta property=\"og:site_name\" content=\"Biopietra\" \/>\n<meta property=\"article:modified_time\" content=\"2019-09-03T09:54:40+00:00\" \/>\n<meta property=\"og:image\" content=\"http:\/\/biopietra.com\/wp-content\/uploads\/2017\/09\/Biocasa-Biopietra.jpg\" \/>\n<meta name=\"twitter:card\" content=\"summary_large_image\" \/>\n<meta name=\"twitter:label1\" content=\"Dur\u00e9e de lecture estim\u00e9e\" \/>\n\t<meta name=\"twitter:data1\" content=\"1 minute\" \/>\n<script type=\"application\/ld+json\" class=\"yoast-schema-graph\">{\"@context\":\"https:\\\/\\\/schema.org\",\"@graph\":[{\"@type\":\"WebPage\",\"@id\":\"https:\\\/\\\/biopietra.com\\\/fr\\\/bioarchitecture\\\/maison-eco-bioenergie-ecocompatibilite\\\/\",\"url\":\"https:\\\/\\\/biopietra.com\\\/fr\\\/bioarchitecture\\\/maison-eco-bioenergie-ecocompatibilite\\\/\",\"name\":\"Maison Eco, Bio-\u00e9nergie, \u00c9co-compatibilit\u00e9 - Biopietra\",\"isPartOf\":{\"@id\":\"https:\\\/\\\/biopietra.com\\\/#website\"},\"primaryImageOfPage\":{\"@id\":\"https:\\\/\\\/biopietra.com\\\/fr\\\/bioarchitecture\\\/maison-eco-bioenergie-ecocompatibilite\\\/#primaryimage\"},\"image\":{\"@id\":\"https:\\\/\\\/biopietra.com\\\/fr\\\/bioarchitecture\\\/maison-eco-bioenergie-ecocompatibilite\\\/#primaryimage\"},\"thumbnailUrl\":\"http:\\\/\\\/biopietra.com\\\/wp-content\\\/uploads\\\/2017\\\/09\\\/Biocasa-Biopietra.jpg\",\"datePublished\":\"2017-09-20T09:34:19+00:00\",\"dateModified\":\"2019-09-03T09:54:40+00:00\",\"description\":\"Maison Eco, Bio-\u00e9nergie, \u00c9co-compatibilit\u00e9. Biopietra est perspirante, \u00e9cologique et certifi\u00e9e pour l\u2019\u00e9coconstruction.\",\"breadcrumb\":{\"@id\":\"https:\\\/\\\/biopietra.com\\\/fr\\\/bioarchitecture\\\/maison-eco-bioenergie-ecocompatibilite\\\/#breadcrumb\"},\"inLanguage\":\"fr-FR\",\"potentialAction\":[{\"@type\":\"ReadAction\",\"target\":[\"https:\\\/\\\/biopietra.com\\\/fr\\\/bioarchitecture\\\/maison-eco-bioenergie-ecocompatibilite\\\/\"]}]},{\"@type\":\"ImageObject\",\"inLanguage\":\"fr-FR\",\"@id\":\"https:\\\/\\\/biopietra.com\\\/fr\\\/bioarchitecture\\\/maison-eco-bioenergie-ecocompatibilite\\\/#primaryimage\",\"url\":\"http:\\\/\\\/biopietra.com\\\/wp-content\\\/uploads\\\/2017\\\/09\\\/Biocasa-Biopietra.jpg\",\"contentUrl\":\"http:\\\/\\\/biopietra.com\\\/wp-content\\\/uploads\\\/2017\\\/09\\\/Biocasa-Biopietra.jpg\"},{\"@type\":\"BreadcrumbList\",\"@id\":\"https:\\\/\\\/biopietra.com\\\/fr\\\/bioarchitecture\\\/maison-eco-bioenergie-ecocompatibilite\\\/#breadcrumb\",\"itemListElement\":[{\"@type\":\"ListItem\",\"position\":1,\"name\":\"Home\",\"item\":\"https:\\\/\\\/biopietra.com\\\/fr\\\/\"},{\"@type\":\"ListItem\",\"position\":2,\"name\":\"Bioarchitecture\",\"item\":\"https:\\\/\\\/biopietra.com\\\/fr\\\/bioarchitecture\\\/\"},{\"@type\":\"ListItem\",\"position\":3,\"name\":\"Maison Eco, Bio-\u00e9nergie, \u00c9co-compatibilit\u00e9\"}]},{\"@type\":\"WebSite\",\"@id\":\"https:\\\/\\\/biopietra.com\\\/#website\",\"url\":\"https:\\\/\\\/biopietra.com\\\/\",\"name\":\"Biopietra\",\"description\":\"The Green Stone Industry\",\"potentialAction\":[{\"@type\":\"SearchAction\",\"target\":{\"@type\":\"EntryPoint\",\"urlTemplate\":\"https:\\\/\\\/biopietra.com\\\/?s={search_term_string}\"},\"query-input\":{\"@type\":\"PropertyValueSpecification\",\"valueRequired\":true,\"valueName\":\"search_term_string\"}}],\"inLanguage\":\"fr-FR\"}]}<\/script>\n<!-- \/ Yoast SEO plugin. -->","yoast_head_json":{"title":"Maison Eco, Bio-\u00e9nergie, \u00c9co-compatibilit\u00e9 - Biopietra","description":"Maison Eco, Bio-\u00e9nergie, \u00c9co-compatibilit\u00e9. Biopietra est perspirante, \u00e9cologique et certifi\u00e9e pour l\u2019\u00e9coconstruction.","robots":{"index":"index","follow":"follow","max-snippet":"max-snippet:-1","max-image-preview":"max-image-preview:large","max-video-preview":"max-video-preview:-1"},"canonical":"https:\/\/biopietra.com\/fr\/bioarchitecture\/maison-eco-bioenergie-ecocompatibilite\/","og_locale":"fr_FR","og_type":"article","og_title":"Maison Eco, Bio-\u00e9nergie, \u00c9co-compatibilit\u00e9 - Biopietra","og_description":"Maison Eco, Bio-\u00e9nergie, \u00c9co-compatibilit\u00e9. Biopietra est perspirante, \u00e9cologique et certifi\u00e9e pour l\u2019\u00e9coconstruction.","og_url":"https:\/\/biopietra.com\/fr\/bioarchitecture\/maison-eco-bioenergie-ecocompatibilite\/","og_site_name":"Biopietra","article_modified_time":"2019-09-03T09:54:40+00:00","og_image":[{"url":"http:\/\/biopietra.com\/wp-content\/uploads\/2017\/09\/Biocasa-Biopietra.jpg","type":"","width":"","height":""}],"twitter_card":"summary_large_image","twitter_misc":{"Dur\u00e9e de lecture estim\u00e9e":"1 minute"},"schema":{"@context":"https:\/\/schema.org","@graph":[{"@type":"WebPage","@id":"https:\/\/biopietra.com\/fr\/bioarchitecture\/maison-eco-bioenergie-ecocompatibilite\/","url":"https:\/\/biopietra.com\/fr\/bioarchitecture\/maison-eco-bioenergie-ecocompatibilite\/","name":"Maison Eco, Bio-\u00e9nergie, \u00c9co-compatibilit\u00e9 - Biopietra","isPartOf":{"@id":"https:\/\/biopietra.com\/#website"},"primaryImageOfPage":{"@id":"https:\/\/biopietra.com\/fr\/bioarchitecture\/maison-eco-bioenergie-ecocompatibilite\/#primaryimage"},"image":{"@id":"https:\/\/biopietra.com\/fr\/bioarchitecture\/maison-eco-bioenergie-ecocompatibilite\/#primaryimage"},"thumbnailUrl":"http:\/\/biopietra.com\/wp-content\/uploads\/2017\/09\/Biocasa-Biopietra.jpg","datePublished":"2017-09-20T09:34:19+00:00","dateModified":"2019-09-03T09:54:40+00:00","description":"Maison Eco, Bio-\u00e9nergie, \u00c9co-compatibilit\u00e9. Biopietra est perspirante, \u00e9cologique et certifi\u00e9e pour l\u2019\u00e9coconstruction.","breadcrumb":{"@id":"https:\/\/biopietra.com\/fr\/bioarchitecture\/maison-eco-bioenergie-ecocompatibilite\/#breadcrumb"},"inLanguage":"fr-FR","potentialAction":[{"@type":"ReadAction","target":["https:\/\/biopietra.com\/fr\/bioarchitecture\/maison-eco-bioenergie-ecocompatibilite\/"]}]},{"@type":"ImageObject","inLanguage":"fr-FR","@id":"https:\/\/biopietra.com\/fr\/bioarchitecture\/maison-eco-bioenergie-ecocompatibilite\/#primaryimage","url":"http:\/\/biopietra.com\/wp-content\/uploads\/2017\/09\/Biocasa-Biopietra.jpg","contentUrl":"http:\/\/biopietra.com\/wp-content\/uploads\/2017\/09\/Biocasa-Biopietra.jpg"},{"@type":"BreadcrumbList","@id":"https:\/\/biopietra.com\/fr\/bioarchitecture\/maison-eco-bioenergie-ecocompatibilite\/#breadcrumb","itemListElement":[{"@type":"ListItem","position":1,"name":"Home","item":"https:\/\/biopietra.com\/fr\/"},{"@type":"ListItem","position":2,"name":"Bioarchitecture","item":"https:\/\/biopietra.com\/fr\/bioarchitecture\/"},{"@type":"ListItem","position":3,"name":"Maison Eco, Bio-\u00e9nergie, \u00c9co-compatibilit\u00e9"}]},{"@type":"WebSite","@id":"https:\/\/biopietra.com\/#website","url":"https:\/\/biopietra.com\/","name":"Biopietra","description":"The Green Stone Industry","potentialAction":[{"@type":"SearchAction","target":{"@type":"EntryPoint","urlTemplate":"https:\/\/biopietra.com\/?s={search_term_string}"},"query-input":{"@type":"PropertyValueSpecification","valueRequired":true,"valueName":"search_term_string"}}],"inLanguage":"fr-FR"}]}},"_links":{"self":[{"href":"https:\/\/biopietra.com\/fr\/wp-json\/wp\/v2\/pages\/5592\/"}],"collection":[{"href":"https:\/\/biopietra.com\/fr\/wp-json\/wp\/v2\/pages\/"}],"about":[{"href":"https:\/\/biopietra.com\/fr\/wp-json\/wp\/v2\/types\/page\/"}],"author":[{"embeddable":true,"href":"https:\/\/biopietra.com\/fr\/wp-json\/wp\/v2\/users\/4\/"}],"replies":[{"embeddable":true,"href":"https:\/\/biopietra.com\/fr\/wp-json\/wp\/v2\/comments\/?post=5592"}],"version-history":[{"count":5,"href":"https:\/\/biopietra.com\/fr\/wp-json\/wp\/v2\/pages\/5592\/revisions\/"}],"predecessor-version":[{"id":10192,"href":"https:\/\/biopietra.com\/fr\/wp-json\/wp\/v2\/pages\/5592\/revisions\/10192\/"}],"up":[{"embeddable":true,"href":"https:\/\/biopietra.com\/fr\/wp-json\/wp\/v2\/pages\/4514\/"}],"wp:attachment":[{"href":"https:\/\/biopietra.com\/fr\/wp-json\/wp\/v2\/media\/?parent=5592"}],"curies":[{"name":"wp","href":"https:\/\/api.w.org\/{rel}","templated":true}]}}