{"id":5601,"date":"2017-09-20T11:36:51","date_gmt":"2017-09-20T09:36:51","guid":{"rendered":"http:\/\/biopietra.com\/ambiente-sano-qualita-della-vita\/"},"modified":"2025-10-07T15:20:54","modified_gmt":"2025-10-07T13:20:54","slug":"environnement-sain-qualite-de-vie","status":"publish","type":"page","link":"https:\/\/biopietra.com\/fr\/bioarchitecture\/environnement-sain-qualite-de-vie\/","title":{"rendered":"Le point de vue du sp\u00e9cialiste: Pourquoi choisir la pierre r\u00e9g\u00e9ner\u00e9 par rapport \u00e0 celle traditionnelle?"},"content":{"rendered":"<div class=\"row mt-25\"><div class=\"col-md-4\"><h4 class=\"text-right green text-uppercase\"><span>Le point de vue du sp\u00e9cialiste.<\/span><\/h4><hr><\/div><div class=\"col-md-8\">\n<p>Pourquoi choisir la pierre r\u00e9g\u00e9ner\u00e9 par rapport \u00e0 celle traditionnelle? <a href=\"https:\/\/biopietra.com\/fr\/company-2\/avantages-benefices-biopietra\/\">Quels sont les b\u00e9n\u00e9fices<\/a> obtenus pour qui choisit les mat\u00e9riaux Biopietra pour la maison ou pour les locaux commerciaux ?<\/p>\n<p>Question plus que l\u00e9gitime, \u00e0 laquelle nous voulons r\u00e9pondre sur un point de vue m\u00e9dical, par les mots du Dr Orlando Schiappa, sp\u00e9cialiste en hygi\u00e8ne et m\u00e9decine environnementale appliqu\u00e9e \u00e0 l\u2019architecture \u00e9cologique.<\/p>\n<p>\u00ab Les b\u00e9n\u00e9fices pour le choix des techniques et mat\u00e9riaux naturels d&rsquo;origine v\u00e9g\u00e9tale, par rapport \u00e0 celles de synth\u00e8se (p\u00e9trochimie), de la construction traditionnelle, sont nombreux et tous d&rsquo;une grande importance pour la sant\u00e9 humaine. Tout d&rsquo;abord, la consid\u00e9rable r\u00e9duction des sources de pollution int\u00e9rieure, mais aussi une grande \u00e9conomie d&rsquo;\u00e9nergie, par rapport \u00e0 l&rsquo;environnement ext\u00e9rieur, le tout visant \u00e0 favoriser la qualit\u00e9 de vie et le bien-\u00eatre physique et mental de l&rsquo;homme \u00bb.<\/p>\n<p>En effet, on entend souvent parler de pollution int\u00e9rieure et ext\u00e9rieure de la maison, soit \u00ab\u00a0in-door\u00a0\u00bb et \u00ab\u00a0out-door\u00a0\u00bb, mais sans grande connaissance de la part de l&rsquo;opinion publique.<\/p>\n<p>\u00c0 nouveau, le Dr. Schiappa nous explique : La pollution \u00ab\u00a0in-door\u00a0\u00bb, celle qui d\u00e9truit la \u00ab sant\u00e9 de la maison \u00bb est caus\u00e9e par des substances qui se d\u00e9gagent dans les espaces clos(logements, bureaux, industries) poussi\u00e8res par l&rsquo;utilisation des aspirateurs, spray, fers \u00e0 repasser \u00e0 vapeur, radiateurs et po\u00eales, champs \u00e9lectromagn\u00e9tiques g\u00e9n\u00e9r\u00e9s par les t\u00e9l\u00e9phones portables et les ordinateurs.<\/p>\n<p>Leurs effets affectent \u00e0 court et long terme sur la sant\u00e9 humaine par l&rsquo;apparition de maladies respiratoires, cardio-vasculaires et troubles psychologiques. Les sources de pollution \u00ab\u00a0out-door\u00a0\u00bb sont par contre les \u00e9missions de monoxyde de carbone et oxydes d&rsquo;azote, dioxyde de soufre, dont on conna\u00eet le danger en ce qui concerne le niveau d&rsquo;exposition (stations de surveillance), en plus des fines poussi\u00e8res.<\/p>\n<p>La m\u00e9decine a pu approfondir beaucoup la recherche dans le domaine pneumologique et cardio-vasculaire gr\u00e2ce \u00e0 la bio-architecture, identifiant comme une cause importante des maladies mentionn\u00e9es, \u00ab la pollution \u00bb.<\/p>\n<p>\u00ab\u00a0Les conseils pratiques qui peuvent \u00eatre fournis au citoyen, explique le Dr. Schiappa , s&rsquo;adressent en priorit\u00e9 sur le choix de zones riches en ressources naturelles comme l\u2019eau, zones vertes et l&rsquo;utilisation des mat\u00e9riaux pour l\u2019\u00e9co-construction, tels que le bois, les panneaux isolants, les gaines imperm\u00e9ables, les syst\u00e8mes \u00e9lectriques avec disjoncteurs, le chauffage par rayonnement mural \u00ab\u00a0.<\/p>\n<p>Et si le dommage est fait? Quelles sont les solutions pratiques \u00e0 mettre en \u0153uvre pour celui qui a construit sa propre maison avec des mat\u00e9riaux traditionnels et souhaite maintenant am\u00e9liorer la sant\u00e9 de son environnement?<\/p>\n<p>\u00ab Si une maison a d\u00e9j\u00e0 \u00e9t\u00e9 construite avec des mat\u00e9riaux traditionnels, continue Dr.Schiappa, la restructuration par l&#8217;emploi de mat\u00e9riaux et techniques \u00e9co-compatibles, comporte \u00e9galement des b\u00e9n\u00e9fices visant \u00e0 r\u00e9duire les sources de pollution int\u00e9rieure et ext\u00e9rieure, la consommation d&rsquo;\u00e9nergie, tout pour une meilleure qualit\u00e9 de la vie humaine et de l&rsquo;environnement \u00bb.<\/p>\n<p>Donc vaut mieux bio. En outre, nous pouvons conna\u00eetre notre maison plus que nous ne l\u2019imaginons: pour savoir quels sont les milieux les plus sujets \u00e0 la pollution in-door, une analyse de la maison est effectu\u00e9e par une \u00e9quipe de sp\u00e9cialistes bio (g\u00e9ologues, architectes, ing\u00e9nieurs,<\/p>\n<p>m\u00e9decins, psychologues, qui, chacun dans son domaine, d\u00e9terminent les zones de la maison et du milieu o\u00f9 se produisent les substances polluantes.<\/p>\n<p>Donc, quand on parle de bio architecture, on parle aussi de \u00ab\u00a0pr\u00e9vention\u00a0\u00bb pour soi- m\u00eame et pour l&rsquo;univers qui nous entoure.<\/p>\n<p><strong>Pr\u00eat \u00e0 transformer votre espace de vie en un environnement sain et durable ?<\/strong><br \/>\nD\u00e9couvrez les avantages de Biopietra\u00ae et b\u00e9n\u00e9ficiez d\u2019une <a href=\"https:\/\/biopietra.com\/fr\/contacts\/\">consultation personnalis\u00e9e<\/a> avec nos experts en bioarchitecture.<\/p>\n<\/div><\/div>\n","protected":false},"excerpt":{"rendered":"","protected":false},"author":4,"featured_media":0,"parent":4514,"menu_order":116,"comment_status":"closed","ping_status":"closed","template":"template-page-custom.php","meta":{"qubely_global_settings":"","qubely_interactions":"","rs_blank_template":"","rs_page_bg_color":"","slide_template_v7":"","rop_custom_images_group":[],"rop_custom_messages_group":[],"rop_publish_now":"initial","rop_publish_now_accounts":{"facebook_4317419521910128_433253626703258":""},"rop_publish_now_history":[],"rop_publish_now_status":"pending","footnotes":""},"class_list":["post-5601","page","type-page","status-publish","hentry"],"aioseo_notices":[],"yoast_head":"<!-- This site is optimized with the Yoast SEO plugin v27.4 - https:\/\/yoast.com\/product\/yoast-seo-wordpress\/ -->\n<title>Biopietra\u00ae \u2013 Pierre \u00e9cologique pour un habitat sain<\/title>\n<meta name=\"description\" content=\"Biopietra\u00ae r\u00e9duit la pollution int\u00e9rieure, prot\u00e8ge la sant\u00e9 et am\u00e9liore la qualit\u00e9 de vie \u2013 recommand\u00e9e par des experts en bioarchitecture.\" \/>\n<meta name=\"robots\" content=\"index, follow, max-snippet:-1, max-image-preview:large, max-video-preview:-1\" \/>\n<link rel=\"canonical\" href=\"https:\/\/biopietra.com\/fr\/bioarchitecture\/environnement-sain-qualite-de-vie\/\" \/>\n<meta property=\"og:locale\" content=\"fr_FR\" \/>\n<meta property=\"og:type\" content=\"article\" \/>\n<meta property=\"og:title\" content=\"Biopietra\u00ae \u2013 Pierre \u00e9cologique pour un habitat sain\" \/>\n<meta property=\"og:description\" content=\"Biopietra\u00ae r\u00e9duit la pollution int\u00e9rieure, prot\u00e8ge la sant\u00e9 et am\u00e9liore la qualit\u00e9 de vie \u2013 recommand\u00e9e par des experts en bioarchitecture.\" \/>\n<meta property=\"og:url\" content=\"https:\/\/biopietra.com\/fr\/bioarchitecture\/environnement-sain-qualite-de-vie\/\" \/>\n<meta property=\"og:site_name\" content=\"Biopietra\" \/>\n<meta property=\"article:modified_time\" content=\"2025-10-07T13:20:54+00:00\" \/>\n<meta name=\"twitter:card\" content=\"summary_large_image\" \/>\n<meta name=\"twitter:label1\" content=\"Dur\u00e9e de lecture estim\u00e9e\" \/>\n\t<meta name=\"twitter:data1\" content=\"3 minutes\" \/>\n<script type=\"application\/ld+json\" class=\"yoast-schema-graph\">{\"@context\":\"https:\\\/\\\/schema.org\",\"@graph\":[{\"@type\":\"WebPage\",\"@id\":\"https:\\\/\\\/biopietra.com\\\/fr\\\/bioarchitecture\\\/environnement-sain-qualite-de-vie\\\/\",\"url\":\"https:\\\/\\\/biopietra.com\\\/fr\\\/bioarchitecture\\\/environnement-sain-qualite-de-vie\\\/\",\"name\":\"Biopietra\u00ae \u2013 Pierre \u00e9cologique pour un habitat sain\",\"isPartOf\":{\"@id\":\"https:\\\/\\\/biopietra.com\\\/#website\"},\"datePublished\":\"2017-09-20T09:36:51+00:00\",\"dateModified\":\"2025-10-07T13:20:54+00:00\",\"description\":\"Biopietra\u00ae r\u00e9duit la pollution int\u00e9rieure, prot\u00e8ge la sant\u00e9 et am\u00e9liore la qualit\u00e9 de vie \u2013 recommand\u00e9e par des experts en bioarchitecture.\",\"breadcrumb\":{\"@id\":\"https:\\\/\\\/biopietra.com\\\/fr\\\/bioarchitecture\\\/environnement-sain-qualite-de-vie\\\/#breadcrumb\"},\"inLanguage\":\"fr-FR\",\"potentialAction\":[{\"@type\":\"ReadAction\",\"target\":[\"https:\\\/\\\/biopietra.com\\\/fr\\\/bioarchitecture\\\/environnement-sain-qualite-de-vie\\\/\"]}]},{\"@type\":\"BreadcrumbList\",\"@id\":\"https:\\\/\\\/biopietra.com\\\/fr\\\/bioarchitecture\\\/environnement-sain-qualite-de-vie\\\/#breadcrumb\",\"itemListElement\":[{\"@type\":\"ListItem\",\"position\":1,\"name\":\"Home\",\"item\":\"https:\\\/\\\/biopietra.com\\\/fr\\\/\"},{\"@type\":\"ListItem\",\"position\":2,\"name\":\"Bioarchitecture\",\"item\":\"https:\\\/\\\/biopietra.com\\\/fr\\\/bioarchitecture\\\/\"},{\"@type\":\"ListItem\",\"position\":3,\"name\":\"Le point de vue du sp\u00e9cialiste: Pourquoi choisir la pierre r\u00e9g\u00e9ner\u00e9 par rapport \u00e0 celle traditionnelle?\"}]},{\"@type\":\"WebSite\",\"@id\":\"https:\\\/\\\/biopietra.com\\\/#website\",\"url\":\"https:\\\/\\\/biopietra.com\\\/\",\"name\":\"Biopietra\",\"description\":\"The Green Stone Industry\",\"potentialAction\":[{\"@type\":\"SearchAction\",\"target\":{\"@type\":\"EntryPoint\",\"urlTemplate\":\"https:\\\/\\\/biopietra.com\\\/?s={search_term_string}\"},\"query-input\":{\"@type\":\"PropertyValueSpecification\",\"valueRequired\":true,\"valueName\":\"search_term_string\"}}],\"inLanguage\":\"fr-FR\"}]}<\/script>\n<!-- \/ Yoast SEO plugin. -->","yoast_head_json":{"title":"Biopietra\u00ae \u2013 Pierre \u00e9cologique pour un habitat sain","description":"Biopietra\u00ae r\u00e9duit la pollution int\u00e9rieure, prot\u00e8ge la sant\u00e9 et am\u00e9liore la qualit\u00e9 de vie \u2013 recommand\u00e9e par des experts en bioarchitecture.","robots":{"index":"index","follow":"follow","max-snippet":"max-snippet:-1","max-image-preview":"max-image-preview:large","max-video-preview":"max-video-preview:-1"},"canonical":"https:\/\/biopietra.com\/fr\/bioarchitecture\/environnement-sain-qualite-de-vie\/","og_locale":"fr_FR","og_type":"article","og_title":"Biopietra\u00ae \u2013 Pierre \u00e9cologique pour un habitat sain","og_description":"Biopietra\u00ae r\u00e9duit la pollution int\u00e9rieure, prot\u00e8ge la sant\u00e9 et am\u00e9liore la qualit\u00e9 de vie \u2013 recommand\u00e9e par des experts en bioarchitecture.","og_url":"https:\/\/biopietra.com\/fr\/bioarchitecture\/environnement-sain-qualite-de-vie\/","og_site_name":"Biopietra","article_modified_time":"2025-10-07T13:20:54+00:00","twitter_card":"summary_large_image","twitter_misc":{"Dur\u00e9e de lecture estim\u00e9e":"3 minutes"},"schema":{"@context":"https:\/\/schema.org","@graph":[{"@type":"WebPage","@id":"https:\/\/biopietra.com\/fr\/bioarchitecture\/environnement-sain-qualite-de-vie\/","url":"https:\/\/biopietra.com\/fr\/bioarchitecture\/environnement-sain-qualite-de-vie\/","name":"Biopietra\u00ae \u2013 Pierre \u00e9cologique pour un habitat sain","isPartOf":{"@id":"https:\/\/biopietra.com\/#website"},"datePublished":"2017-09-20T09:36:51+00:00","dateModified":"2025-10-07T13:20:54+00:00","description":"Biopietra\u00ae r\u00e9duit la pollution int\u00e9rieure, prot\u00e8ge la sant\u00e9 et am\u00e9liore la qualit\u00e9 de vie \u2013 recommand\u00e9e par des experts en bioarchitecture.","breadcrumb":{"@id":"https:\/\/biopietra.com\/fr\/bioarchitecture\/environnement-sain-qualite-de-vie\/#breadcrumb"},"inLanguage":"fr-FR","potentialAction":[{"@type":"ReadAction","target":["https:\/\/biopietra.com\/fr\/bioarchitecture\/environnement-sain-qualite-de-vie\/"]}]},{"@type":"BreadcrumbList","@id":"https:\/\/biopietra.com\/fr\/bioarchitecture\/environnement-sain-qualite-de-vie\/#breadcrumb","itemListElement":[{"@type":"ListItem","position":1,"name":"Home","item":"https:\/\/biopietra.com\/fr\/"},{"@type":"ListItem","position":2,"name":"Bioarchitecture","item":"https:\/\/biopietra.com\/fr\/bioarchitecture\/"},{"@type":"ListItem","position":3,"name":"Le point de vue du sp\u00e9cialiste: Pourquoi choisir la pierre r\u00e9g\u00e9ner\u00e9 par rapport \u00e0 celle traditionnelle?"}]},{"@type":"WebSite","@id":"https:\/\/biopietra.com\/#website","url":"https:\/\/biopietra.com\/","name":"Biopietra","description":"The Green Stone Industry","potentialAction":[{"@type":"SearchAction","target":{"@type":"EntryPoint","urlTemplate":"https:\/\/biopietra.com\/?s={search_term_string}"},"query-input":{"@type":"PropertyValueSpecification","valueRequired":true,"valueName":"search_term_string"}}],"inLanguage":"fr-FR"}]}},"_links":{"self":[{"href":"https:\/\/biopietra.com\/fr\/wp-json\/wp\/v2\/pages\/5601","targetHints":{"allow":["GET"]}}],"collection":[{"href":"https:\/\/biopietra.com\/fr\/wp-json\/wp\/v2\/pages"}],"about":[{"href":"https:\/\/biopietra.com\/fr\/wp-json\/wp\/v2\/types\/page"}],"author":[{"embeddable":true,"href":"https:\/\/biopietra.com\/fr\/wp-json\/wp\/v2\/users\/4"}],"replies":[{"embeddable":true,"href":"https:\/\/biopietra.com\/fr\/wp-json\/wp\/v2\/comments?post=5601"}],"version-history":[{"count":9,"href":"https:\/\/biopietra.com\/fr\/wp-json\/wp\/v2\/pages\/5601\/revisions"}],"predecessor-version":[{"id":30285,"href":"https:\/\/biopietra.com\/fr\/wp-json\/wp\/v2\/pages\/5601\/revisions\/30285"}],"up":[{"embeddable":true,"href":"https:\/\/biopietra.com\/fr\/wp-json\/wp\/v2\/pages\/4514"}],"wp:attachment":[{"href":"https:\/\/biopietra.com\/fr\/wp-json\/wp\/v2\/media?parent=5601"}],"curies":[{"name":"wp","href":"https:\/\/api.w.org\/{rel}","templated":true}]}}