{"id":5614,"date":"2017-09-20T11:38:58","date_gmt":"2017-09-20T09:38:58","guid":{"rendered":"http:\/\/biopietra.com\/approccio-multidisciplinare-alla-bioarchitettura-risposta-alle-insidie-della-salute\/"},"modified":"2018-07-30T09:08:00","modified_gmt":"2018-07-30T07:08:00","slug":"bioarchitettura-casa","status":"publish","type":"page","link":"https:\/\/biopietra.com\/fr\/bioarchitecture\/bioarchitettura-casa\/","title":{"rendered":"Approche Multidisciplinaire \u00e0 la Bioarchitecture"},"content":{"rendered":"<div class=\"row mt-25\"><div class=\"col-md-4\"><h4 class=\"text-right green text-uppercase\"><span>DE NOMBREUSES PERSONNES ESTIMENT ENCORE AUJOURD\u2019HUI QUE LE CHOIX DE LEUR MAISON REPR\u00c9SENTE UNE DES D\u00c9CISIONS LES PLUS IMPORTANTES POUR ELLES ET POUR LEUR FAMILLE.<\/span><\/h4><hr><\/div><div class=\"col-md-8\">\n<p><span>Notre refuge, la tani\u00e8re, le rappel \u00e0 l&rsquo;\u00e9tat f\u0153tal, mais aussi l&rsquo;endroit pour \u00e9lever une famille, o\u00f9 accueillir les amis, de personnaliser et transformer en fonction des besoins personnels de chacun d&rsquo;entre nous. Le choix des mat\u00e9riaux avec lesquels r\u00e9aliser notre maison devient une priorit\u00e9 visant au bien-\u00eatre g\u00e9n\u00e9ral de l&rsquo;occupant.<\/span><\/p>\n<\/div><\/div>\n<div class=\"row mt-25\"><div class=\"col-md-4\"><h4 class=\"text-right green text-uppercase\"><span>LA MAISON EST LE SEUL ESPACE O\u00d9 L'HOMME SE R\u00c9G\u00c9N\u00c8RE.<\/span><\/h4><hr><\/div><div class=\"col-md-8\">\n<p><em>\u00ab\u00a0Les avantages sont certainement nombreux &#8211;\u00a0<\/em>explique le Prof. Emilio Saccani, professeur de P\u00e9trographie de l&rsquo;universit\u00e9 de Ferrara &#8211;<em>\u00a0avant tout, la conscience de choisir des mat\u00e9riaux \u00e9co-compatibles, par cons\u00e9quent avec le plus grand respect envers la nature. Un autre important b\u00e9n\u00e9fice r\u00e9side dans le choix des mat\u00e9riaux qui ont des avantages indubitables pour la sant\u00e9 humaine, en tant que con\u00e7u et pr\u00e9vu dans ce but. Enfin, les techniques de production des pierres bio, permettent de cr\u00e9er des produits esth\u00e9tiquement estimables , et dans de nombreux cas, meilleurs que les mat\u00e9riaux traditionnels. Ce fait n&rsquo;est pas secondaire, l&rsquo;esth\u00e9tique a une influence consid\u00e9rable sur la qualit\u00e9 de la vie.\u00a0\u00bb<\/em><\/p>\n<\/div><\/div>\n","protected":false},"excerpt":{"rendered":"","protected":false},"author":4,"featured_media":0,"parent":4514,"menu_order":111,"comment_status":"closed","ping_status":"closed","template":"template-page-custom.php","meta":{"qubely_global_settings":"","qubely_interactions":"","rs_blank_template":"","rs_page_bg_color":"","slide_template_v7":"","rop_custom_images_group":[],"rop_custom_messages_group":[],"rop_publish_now":"initial","rop_publish_now_accounts":{"facebook_4317419521910128_433253626703258":""},"rop_publish_now_history":[],"rop_publish_now_status":"pending","footnotes":""},"class_list":["post-5614","page","type-page","status-publish","hentry"],"yoast_head":"<!-- This site is optimized with the Yoast SEO plugin v27.4 - https:\/\/yoast.com\/product\/yoast-seo-wordpress\/ -->\n<title>Approche Multidisciplinaire \u00e0 la Bioarchitecture - Biopietra<\/title>\n<meta name=\"description\" content=\"La scelta dei materiali con cui realizzare la nostra casa diventa prioritaria, finalizzata al benessere generale di chi la abita. Scopri di pi\u00f9!\" \/>\n<meta name=\"robots\" content=\"index, follow, max-snippet:-1, max-image-preview:large, max-video-preview:-1\" \/>\n<link rel=\"canonical\" href=\"https:\/\/biopietra.com\/fr\/bioarchitecture\/bioarchitettura-casa\/\" \/>\n<meta property=\"og:locale\" content=\"fr_FR\" \/>\n<meta property=\"og:type\" content=\"article\" \/>\n<meta property=\"og:title\" content=\"Approche Multidisciplinaire \u00e0 la Bioarchitecture - Biopietra\" \/>\n<meta property=\"og:description\" content=\"La scelta dei materiali con cui realizzare la nostra casa diventa prioritaria, finalizzata al benessere generale di chi la abita. Scopri di pi\u00f9!\" \/>\n<meta property=\"og:url\" content=\"https:\/\/biopietra.com\/fr\/bioarchitecture\/bioarchitettura-casa\/\" \/>\n<meta property=\"og:site_name\" content=\"Biopietra\" \/>\n<meta property=\"article:modified_time\" content=\"2018-07-30T07:08:00+00:00\" \/>\n<meta name=\"twitter:card\" content=\"summary_large_image\" \/>\n<meta name=\"twitter:label1\" content=\"Dur\u00e9e de lecture estim\u00e9e\" \/>\n\t<meta name=\"twitter:data1\" content=\"1 minute\" \/>\n<script type=\"application\/ld+json\" class=\"yoast-schema-graph\">{\"@context\":\"https:\\\/\\\/schema.org\",\"@graph\":[{\"@type\":\"WebPage\",\"@id\":\"https:\\\/\\\/biopietra.com\\\/fr\\\/bioarchitecture\\\/bioarchitettura-casa\\\/\",\"url\":\"https:\\\/\\\/biopietra.com\\\/fr\\\/bioarchitecture\\\/bioarchitettura-casa\\\/\",\"name\":\"Approche Multidisciplinaire \u00e0 la Bioarchitecture - Biopietra\",\"isPartOf\":{\"@id\":\"https:\\\/\\\/biopietra.com\\\/#website\"},\"datePublished\":\"2017-09-20T09:38:58+00:00\",\"dateModified\":\"2018-07-30T07:08:00+00:00\",\"description\":\"La scelta dei materiali con cui realizzare la nostra casa diventa prioritaria, finalizzata al benessere generale di chi la abita. Scopri di pi\u00f9!\",\"breadcrumb\":{\"@id\":\"https:\\\/\\\/biopietra.com\\\/fr\\\/bioarchitecture\\\/bioarchitettura-casa\\\/#breadcrumb\"},\"inLanguage\":\"fr-FR\",\"potentialAction\":[{\"@type\":\"ReadAction\",\"target\":[\"https:\\\/\\\/biopietra.com\\\/fr\\\/bioarchitecture\\\/bioarchitettura-casa\\\/\"]}]},{\"@type\":\"BreadcrumbList\",\"@id\":\"https:\\\/\\\/biopietra.com\\\/fr\\\/bioarchitecture\\\/bioarchitettura-casa\\\/#breadcrumb\",\"itemListElement\":[{\"@type\":\"ListItem\",\"position\":1,\"name\":\"Home\",\"item\":\"https:\\\/\\\/biopietra.com\\\/fr\\\/\"},{\"@type\":\"ListItem\",\"position\":2,\"name\":\"Bioarchitecture\",\"item\":\"https:\\\/\\\/biopietra.com\\\/fr\\\/bioarchitecture\\\/\"},{\"@type\":\"ListItem\",\"position\":3,\"name\":\"Approche Multidisciplinaire \u00e0 la Bioarchitecture\"}]},{\"@type\":\"WebSite\",\"@id\":\"https:\\\/\\\/biopietra.com\\\/#website\",\"url\":\"https:\\\/\\\/biopietra.com\\\/\",\"name\":\"Biopietra\",\"description\":\"The Green Stone Industry\",\"potentialAction\":[{\"@type\":\"SearchAction\",\"target\":{\"@type\":\"EntryPoint\",\"urlTemplate\":\"https:\\\/\\\/biopietra.com\\\/?s={search_term_string}\"},\"query-input\":{\"@type\":\"PropertyValueSpecification\",\"valueRequired\":true,\"valueName\":\"search_term_string\"}}],\"inLanguage\":\"fr-FR\"}]}<\/script>\n<!-- \/ Yoast SEO plugin. -->","yoast_head_json":{"title":"Approche Multidisciplinaire \u00e0 la Bioarchitecture - Biopietra","description":"La scelta dei materiali con cui realizzare la nostra casa diventa prioritaria, finalizzata al benessere generale di chi la abita. Scopri di pi\u00f9!","robots":{"index":"index","follow":"follow","max-snippet":"max-snippet:-1","max-image-preview":"max-image-preview:large","max-video-preview":"max-video-preview:-1"},"canonical":"https:\/\/biopietra.com\/fr\/bioarchitecture\/bioarchitettura-casa\/","og_locale":"fr_FR","og_type":"article","og_title":"Approche Multidisciplinaire \u00e0 la Bioarchitecture - Biopietra","og_description":"La scelta dei materiali con cui realizzare la nostra casa diventa prioritaria, finalizzata al benessere generale di chi la abita. Scopri di pi\u00f9!","og_url":"https:\/\/biopietra.com\/fr\/bioarchitecture\/bioarchitettura-casa\/","og_site_name":"Biopietra","article_modified_time":"2018-07-30T07:08:00+00:00","twitter_card":"summary_large_image","twitter_misc":{"Dur\u00e9e de lecture estim\u00e9e":"1 minute"},"schema":{"@context":"https:\/\/schema.org","@graph":[{"@type":"WebPage","@id":"https:\/\/biopietra.com\/fr\/bioarchitecture\/bioarchitettura-casa\/","url":"https:\/\/biopietra.com\/fr\/bioarchitecture\/bioarchitettura-casa\/","name":"Approche Multidisciplinaire \u00e0 la Bioarchitecture - Biopietra","isPartOf":{"@id":"https:\/\/biopietra.com\/#website"},"datePublished":"2017-09-20T09:38:58+00:00","dateModified":"2018-07-30T07:08:00+00:00","description":"La scelta dei materiali con cui realizzare la nostra casa diventa prioritaria, finalizzata al benessere generale di chi la abita. Scopri di pi\u00f9!","breadcrumb":{"@id":"https:\/\/biopietra.com\/fr\/bioarchitecture\/bioarchitettura-casa\/#breadcrumb"},"inLanguage":"fr-FR","potentialAction":[{"@type":"ReadAction","target":["https:\/\/biopietra.com\/fr\/bioarchitecture\/bioarchitettura-casa\/"]}]},{"@type":"BreadcrumbList","@id":"https:\/\/biopietra.com\/fr\/bioarchitecture\/bioarchitettura-casa\/#breadcrumb","itemListElement":[{"@type":"ListItem","position":1,"name":"Home","item":"https:\/\/biopietra.com\/fr\/"},{"@type":"ListItem","position":2,"name":"Bioarchitecture","item":"https:\/\/biopietra.com\/fr\/bioarchitecture\/"},{"@type":"ListItem","position":3,"name":"Approche Multidisciplinaire \u00e0 la Bioarchitecture"}]},{"@type":"WebSite","@id":"https:\/\/biopietra.com\/#website","url":"https:\/\/biopietra.com\/","name":"Biopietra","description":"The Green Stone Industry","potentialAction":[{"@type":"SearchAction","target":{"@type":"EntryPoint","urlTemplate":"https:\/\/biopietra.com\/?s={search_term_string}"},"query-input":{"@type":"PropertyValueSpecification","valueRequired":true,"valueName":"search_term_string"}}],"inLanguage":"fr-FR"}]}},"_links":{"self":[{"href":"https:\/\/biopietra.com\/fr\/wp-json\/wp\/v2\/pages\/5614","targetHints":{"allow":["GET"]}}],"collection":[{"href":"https:\/\/biopietra.com\/fr\/wp-json\/wp\/v2\/pages"}],"about":[{"href":"https:\/\/biopietra.com\/fr\/wp-json\/wp\/v2\/types\/page"}],"author":[{"embeddable":true,"href":"https:\/\/biopietra.com\/fr\/wp-json\/wp\/v2\/users\/4"}],"replies":[{"embeddable":true,"href":"https:\/\/biopietra.com\/fr\/wp-json\/wp\/v2\/comments?post=5614"}],"version-history":[{"count":6,"href":"https:\/\/biopietra.com\/fr\/wp-json\/wp\/v2\/pages\/5614\/revisions"}],"predecessor-version":[{"id":10189,"href":"https:\/\/biopietra.com\/fr\/wp-json\/wp\/v2\/pages\/5614\/revisions\/10189"}],"up":[{"embeddable":true,"href":"https:\/\/biopietra.com\/fr\/wp-json\/wp\/v2\/pages\/4514"}],"wp:attachment":[{"href":"https:\/\/biopietra.com\/fr\/wp-json\/wp\/v2\/media?parent=5614"}],"curies":[{"name":"wp","href":"https:\/\/api.w.org\/{rel}","templated":true}]}}