{"id":5663,"date":"2017-09-20T16:24:43","date_gmt":"2017-09-20T14:24:43","guid":{"rendered":"http:\/\/biopietra.com\/f-a-q\/"},"modified":"2018-08-10T09:28:39","modified_gmt":"2018-08-10T07:28:39","slug":"f-a-q","status":"publish","type":"page","link":"https:\/\/biopietra.com\/fr\/f-a-q\/","title":{"rendered":"F.A.Q."},"content":{"rendered":"<p><a name=\"tornasu\"><\/a> <span><strong>QUESTIONS SUR LE REV\u00caTEMENT<\/strong> <\/span><\/p>\n<p>1 &#8211; <a href=\"#domanda1\"> Je peux le poser sur l\u2019isolant? <\/a><\/p>\n<p>2 &#8211; <a href=\"#domanda2\"> Est-ce que c\u2019est facile \u00e0 poser? <\/a><\/p>\n<p>3 &#8211; <a href=\"#domanda3\"> Il agit comme isolant acoustique et thermique? <\/a><\/p>\n<p>4 &#8211;\u00a0<a href=\"#domanda4\"> Est-ce qu&rsquo;il se salit? <\/a><\/p>\n<p>5 &#8211; <a href=\"#domanda5\"> Est-ce qu&rsquo;il absorbe? <\/a><\/p>\n<p>6 &#8211; <a href=\"#domanda6\"> Comment je le nettoie? <\/a><\/p>\n<p>7 &#8211; <a href=\"#domanda7\"> Je peux le nettoyer avec un nettoyeur vapeur? <\/a><\/p>\n<p>8 &#8211; <a href=\"#domanda8\"> Je peux nettoyer les pierres? <\/a><\/p>\n<p>9 &#8211; <a href=\"#domanda9\"> Y a t-il un traitement qui le prot\u00e8ge de la salet\u00e9 \/poussi\u00e8re? <\/a><\/p>\n<p>10 &#8211; <a href=\"#domanda10\"> Sur quelles parois je peux le poser? <\/a><\/p>\n<p>11 &#8211; <a href=\"#domanda11\"> Il est antigel? <\/a><\/p>\n<p>12 &#8211; <a href=\"#domanda12\"> je voudrais le poser sur plaque de pl\u00e2tre, que dois-je faire? <\/a><\/p>\n<p>13 &#8211; <a href=\"#domanda13\"> Est-ce que je peux le poser sur une paroi en bois ?<\/a><\/p>\n<p>14 &#8211; <a href=\"#domanda14\"> Je peux utiliser n\u2019importe quelle colle et mortier ? <\/a><\/p>\n<p><a name=\"domanda1\"><\/a>15 &#8211; <a href=\"#domanda15\"> Je peux le poser dans une douche? <\/a><\/p>\n<p>16 &#8211; <a href=\"#domanda16\"> Le mat\u00e9riau est constitu\u00e9 de panneaux? Quelles sont les mesures ? <\/a><\/p>\n<p>17 &#8211; <a href=\"#domanda17\"> Je peux le mettre sur un mur qui a des probl\u00e8mes d&rsquo;humidit\u00e9? <\/a><\/p>\n<p>18 &#8211; <a href=\"#domanda18\"> Je peux le mettre sur un mur qui a probl\u00e8mes de moisissure? <\/a><\/p>\n<p><a name=\"domanda2\"><\/a> 19 &#8211; <a href=\"#domanda19\"> Est-ce qu\u2019il existe des pi\u00e8ces sp\u00e9ciales ? <\/a><\/p>\n<p>20 &#8211; <a href=\"#domanda20\"> Est-ce que je peux poser les pierres horizontalement, comme un \u00ab\u00a0couvre-mur\u00a0\u00bb?<\/a><\/p>\n<p>&nbsp;<\/p>\n<p><span><strong>R\u00c9PONSES SUR LE REV\u00caTEMENT<\/strong> <\/span><br \/>\n<a name=\"domanda3\"><\/a><br \/>\n<span>1- Oui, la pose sur isolant est possible. V\u00e9rifier au pr\u00e9alable que l\u2019isolant soit bien fix\u00e9 au mur et qu\u2019il puisse soutenir le poids du rev\u00eatement en pierres ; puis appliquer un enduit de lissage appropri\u00e9 et ensuite fixer directement une \u00e0 une les pierres avec la colle sp\u00e9ciale pour les rev\u00eatements Biopietra. <\/span><\/p>\n<p>&nbsp;<\/p>\n<p><span>2- Oui, le produit est fourni dans des bo\u00eetes en pi\u00e8ces d\u00e9tach\u00e9es. En utilisant la colle et le mortier con\u00e7u sp\u00e9cialement pour les rev\u00eatements Biopietra et visionnant nos vid\u00e9os sur le lien http:\/\/biopietra.com\/biopietra-istruzioni_posa.html , la pose semblera beaucoup plus simple et facile pour tous. Nous recommandons la colle Ecokoll et pour les joints Biostucco. <\/span><\/p>\n<p><a name=\"domanda4\"><\/a><\/p>\n<p>&nbsp;<\/p>\n<p><span>3- Les pierres ont une bonne isolation thermique et acoustique gr\u00e2ce \u00e0 l&rsquo;\u00e9paisseur de la pierre naturelle, qui varie d&rsquo;un minimum de 1 cm \u00e0 un maximum de 5-6 cm. <\/span><\/p>\n<p><a name=\"domanda5\"><\/a><\/p>\n<p>&nbsp;<\/p>\n<p><span>4- Tous les articles des collections Biopietra agissent exactement comme la pierre naturelle, en cons\u00e9quence si les pierres sont pos\u00e9es sur des murs qui ont subit des contraintes, ils peuvent se salir, donc il est recommand\u00e9 d\u2019appliquer le traitement de protection Biofin. <\/span><\/p>\n<p><a name=\"domanda6\"><\/a><\/p>\n<p>&nbsp;<\/p>\n<p><span>5- Oui, comme la pierre naturelle le rev\u00eatement se mouille au contact de l&rsquo;eau pour retourner ensuite \u00e0 son \u00e9tat d\u2019origine une fois sec. <\/span><\/p>\n<p><a name=\"domanda7\"><\/a><\/p>\n<p>&nbsp;<\/p>\n<p><span>6- Si les taches d\u00e9rivent de la pose, soit des taches de colle ou de mortier, vous pouvez les enlever en les laissant simplement s\u00e9cher et ensuite les brosser avec une brosse \u00e0 r\u00e9curer, puis appliquer le traitement ol\u00e9o- hydrofuge Biofin. <\/span><\/p>\n<p><a name=\"domanda8\"><\/a><\/p>\n<p>&nbsp;<\/p>\n<p><span>7- Non, ne pas utiliser un nettoyeur vapeur. <\/span><\/p>\n<p><a name=\"domanda9\"><\/a><\/p>\n<p>&nbsp;<\/p>\n<p><span>8- Oui, pour les rev\u00eatements pos\u00e9s en int\u00e9rieur, vous pouvez utiliser un aspirateur \u00e9quip\u00e9 d\u2019une brosse. Pour les rev\u00eatements pos\u00e9s en ext\u00e9rieur, vous pouvez utiliser l\u2019eau en maintenant une distance d&rsquo;au moins 1 ou 2 m\u00e8tres du mur. ATTENTION: NE PAS UTILISER DE D\u00c9TERGENTS ACIDES !! <\/span><\/p>\n<p><a name=\"domanda10\"><\/a><\/p>\n<p>&nbsp;<\/p>\n<p><span>9- Oui, il existe le Biofin, produit que vous pouvez appliquer quand le rev\u00eatement est pos\u00e9 dans les bars, restaurants, cuisines, etc., donc dans tous les environnements poussi\u00e9reux ou humides. L&rsquo;application du traitement Biofin peut \u00eatre effectu\u00e9e soit avec un rouleau ou avec un pinceau et ne modifie en rien l&rsquo;aspect esth\u00e9tique de la pierre. <\/span><\/p>\n<p><a name=\"domanda11\"><\/a><\/p>\n<p>&nbsp;<\/p>\n<p><span>10- En utilisant la colle Eco-koll, vous pouvez effectuer la pose dans tous les domaines d\u2019am\u00e9nagement en b\u00e9ton pr\u00e9par\u00e9 de fa\u00e7on appropri\u00e9e ou sur tout autre genre de surface en consultant les indications figurant dans notre manuel de pose. <\/span><\/p>\n<p><a name=\"domanda12\"><\/a><\/p>\n<p>&nbsp;<\/p>\n<p><span>11- Tous les rev\u00eatements des collections Tradition, Living et Pietra leggera sont garantis pour la pose en ext\u00e9rieur apr\u00e8s avoir d\u00e9pass\u00e9s 100 cycles de gel\/d\u00e9gel selon les normes UNI EN ISO avec validit\u00e9 europ\u00e9enne. <\/span><\/p>\n<p><a name=\"domanda13\"><\/a><\/p>\n<p>&nbsp;<\/p>\n<p><span>12- Appliquer une main de \u201cprimer\u201d pour r\u00e9duire l&rsquo;absorption d&rsquo;eau, puis coller en utilisant la colle sp\u00e9ciale garantie pour les rev\u00eatements Biopietra ( nous recommandons la colle Eco-koll et pour les mortiers-joints Biostucco). <\/span><\/p>\n<p><a name=\"domanda14\"><\/a><\/p>\n<p>&nbsp;<\/p>\n<p><span>13- Oui, vous devez imperm\u00e9abiliser avan le mur avec une ad\u00e9quate barri\u00e8re r\u00e9sistante \u00e0 l&rsquo;eau, donc fixer un treillis m\u00e9tallique avec des clous galvanis\u00e9s. Ensuite appliquer un enduit de lissage appropri\u00e9 et fixer directement chacune des pierres avec la colle sp\u00e9cifique pour les rev\u00eatements Biopietra ( nous conseillons la colle Eco-koll.) <\/span><\/p>\n<p><a name=\"domanda15\"><\/a><\/p>\n<p>&nbsp;<\/p>\n<p><span>14- Pour obtenir la garantie int\u00e9grale, nous conseillons d&rsquo;utiliser la colle et le mortier-joint sp\u00e9cifique pour les rev\u00eatements Biopietra(Eco-koll pour la colle et pour les joints Biostucco.) <\/span><\/p>\n<p><a name=\"domanda16\"><\/a><\/p>\n<p>&nbsp;<\/p>\n<p><span>15- Nous d\u00e9conseillons la pose dans les douches, car le produit \u00e9tant absorbant et rugueux est sujet \u00e0 la formation de calcaire et de moisissure. Pour les ambiances telles que douches ou centre Spa, <\/span><span>vous pouvez choisir les rev\u00eatements Pietraviva -Gr\u00e8s, con\u00e7us sp\u00e9cialement pour ces milieux humides, totalement imperm\u00e9ables. <\/span><\/p>\n<p><a name=\"domanda17\"><\/a><\/p>\n<p>&nbsp;<\/p>\n<p><span>16- Non, le mat\u00e9riel est fourni dans des bo\u00eetes en pi\u00e8ces d\u00e9tach\u00e9es, dans des tailles qui peuvent varier en fonction de la s\u00e9rie ou de la collection. <\/span><\/p>\n<p><a name=\"domanda18\"><\/a><\/p>\n<p>&nbsp;<\/p>\n<p><span>17- Oui. En pr\u00e9sence de remont\u00e9es capillaires, vous devriez avant tout r\u00e9tablir la paroi avec des mortiers sp\u00e9cifiques perspirants. <\/span><\/p>\n<p><a name=\"domanda19\"><\/a><\/p>\n<p>&nbsp;<\/p>\n<p><span>18- Oui. Vous devrez enlever les moisissures au pr\u00e9alable avec des produits sp\u00e9ciaux, ensuite poser le rev\u00eatement avec la colle et le mortier garantit pour les rev\u00eatements Biopietra . Il est recommandable la colle Eco-koll et pour les joints Biostucco. <\/span><\/p>\n<p><a name=\"domanda20\"><\/a><\/p>\n<p>&nbsp;<\/p>\n<p><span>19- Oui, il y a des \u00e9l\u00e9ments \u00e0 \u00ab L \u00bb pour couvrir des angles de 90 degr\u00e9s. <\/span><\/p>\n<p>&nbsp;<\/p>\n<p><a name=\"domanda21\"><\/a><\/p>\n<p><span>20- Non, il est fortement d\u00e9conseill\u00e9 la pose des pierres du genre \u00ab\u00a0couvre mur\u00a0\u00bb, car en horizontale, l&rsquo;eau tend \u00e0 stagner en impr\u00e9gnant ainsi la pierre en cr\u00e9ant plus de contraintes au gel, \u00e0 la r\u00e9colte de poussi\u00e8res et aux impuret\u00e9s en rendant ainsi le couvre mur inesth\u00e9tique.<\/span><\/p>\n","protected":false},"excerpt":{"rendered":"<p>QUESTIONS SUR LE REV\u00caTEMENT 1 &#8211; Je peux le poser [&hellip;]<\/p>\n","protected":false},"author":4,"featured_media":0,"parent":0,"menu_order":108,"comment_status":"closed","ping_status":"closed","template":"template-page-faq.php","meta":{"qubely_global_settings":"","qubely_interactions":"","rs_blank_template":"","rs_page_bg_color":"","slide_template_v7":"","rop_custom_images_group":[],"rop_custom_messages_group":[],"rop_publish_now":"initial","rop_publish_now_accounts":{"facebook_4317419521910128_433253626703258":""},"rop_publish_now_history":[],"rop_publish_now_status":"pending","footnotes":""},"class_list":["post-5663","page","type-page","status-publish","hentry"],"aioseo_notices":[],"yoast_head":"<!-- This site is optimized with the Yoast SEO plugin v27.4 - https:\/\/yoast.com\/product\/yoast-seo-wordpress\/ -->\n<title>F.A.Q. - Biopietra<\/title>\n<meta name=\"robots\" content=\"index, follow, max-snippet:-1, max-image-preview:large, max-video-preview:-1\" \/>\n<link rel=\"canonical\" href=\"https:\/\/biopietra.com\/fr\/f-a-q\/\" \/>\n<meta property=\"og:locale\" content=\"fr_FR\" \/>\n<meta property=\"og:type\" content=\"article\" \/>\n<meta property=\"og:title\" content=\"F.A.Q. - Biopietra\" \/>\n<meta property=\"og:description\" content=\"QUESTIONS SUR LE REV\u00caTEMENT 1 &#8211; Je peux le poser [&hellip;]\" \/>\n<meta property=\"og:url\" content=\"https:\/\/biopietra.com\/fr\/f-a-q\/\" \/>\n<meta property=\"og:site_name\" content=\"Biopietra\" \/>\n<meta property=\"article:modified_time\" content=\"2018-08-10T07:28:39+00:00\" \/>\n<meta name=\"twitter:card\" content=\"summary_large_image\" \/>\n<meta name=\"twitter:label1\" content=\"Dur\u00e9e de lecture estim\u00e9e\" \/>\n\t<meta name=\"twitter:data1\" content=\"5 minutes\" \/>\n<script type=\"application\/ld+json\" class=\"yoast-schema-graph\">{\"@context\":\"https:\\\/\\\/schema.org\",\"@graph\":[{\"@type\":\"WebPage\",\"@id\":\"https:\\\/\\\/biopietra.com\\\/fr\\\/f-a-q\\\/\",\"url\":\"https:\\\/\\\/biopietra.com\\\/fr\\\/f-a-q\\\/\",\"name\":\"F.A.Q. - Biopietra\",\"isPartOf\":{\"@id\":\"https:\\\/\\\/biopietra.com\\\/#website\"},\"datePublished\":\"2017-09-20T14:24:43+00:00\",\"dateModified\":\"2018-08-10T07:28:39+00:00\",\"breadcrumb\":{\"@id\":\"https:\\\/\\\/biopietra.com\\\/fr\\\/f-a-q\\\/#breadcrumb\"},\"inLanguage\":\"fr-FR\",\"potentialAction\":[{\"@type\":\"ReadAction\",\"target\":[\"https:\\\/\\\/biopietra.com\\\/fr\\\/f-a-q\\\/\"]}]},{\"@type\":\"BreadcrumbList\",\"@id\":\"https:\\\/\\\/biopietra.com\\\/fr\\\/f-a-q\\\/#breadcrumb\",\"itemListElement\":[{\"@type\":\"ListItem\",\"position\":1,\"name\":\"Home\",\"item\":\"https:\\\/\\\/biopietra.com\\\/fr\\\/\"},{\"@type\":\"ListItem\",\"position\":2,\"name\":\"F.A.Q.\"}]},{\"@type\":\"WebSite\",\"@id\":\"https:\\\/\\\/biopietra.com\\\/#website\",\"url\":\"https:\\\/\\\/biopietra.com\\\/\",\"name\":\"Biopietra\",\"description\":\"The Green Stone Industry\",\"potentialAction\":[{\"@type\":\"SearchAction\",\"target\":{\"@type\":\"EntryPoint\",\"urlTemplate\":\"https:\\\/\\\/biopietra.com\\\/?s={search_term_string}\"},\"query-input\":{\"@type\":\"PropertyValueSpecification\",\"valueRequired\":true,\"valueName\":\"search_term_string\"}}],\"inLanguage\":\"fr-FR\"}]}<\/script>\n<!-- \/ Yoast SEO plugin. -->","yoast_head_json":{"title":"F.A.Q. - Biopietra","robots":{"index":"index","follow":"follow","max-snippet":"max-snippet:-1","max-image-preview":"max-image-preview:large","max-video-preview":"max-video-preview:-1"},"canonical":"https:\/\/biopietra.com\/fr\/f-a-q\/","og_locale":"fr_FR","og_type":"article","og_title":"F.A.Q. - Biopietra","og_description":"QUESTIONS SUR LE REV\u00caTEMENT 1 &#8211; Je peux le poser [&hellip;]","og_url":"https:\/\/biopietra.com\/fr\/f-a-q\/","og_site_name":"Biopietra","article_modified_time":"2018-08-10T07:28:39+00:00","twitter_card":"summary_large_image","twitter_misc":{"Dur\u00e9e de lecture estim\u00e9e":"5 minutes"},"schema":{"@context":"https:\/\/schema.org","@graph":[{"@type":"WebPage","@id":"https:\/\/biopietra.com\/fr\/f-a-q\/","url":"https:\/\/biopietra.com\/fr\/f-a-q\/","name":"F.A.Q. - Biopietra","isPartOf":{"@id":"https:\/\/biopietra.com\/#website"},"datePublished":"2017-09-20T14:24:43+00:00","dateModified":"2018-08-10T07:28:39+00:00","breadcrumb":{"@id":"https:\/\/biopietra.com\/fr\/f-a-q\/#breadcrumb"},"inLanguage":"fr-FR","potentialAction":[{"@type":"ReadAction","target":["https:\/\/biopietra.com\/fr\/f-a-q\/"]}]},{"@type":"BreadcrumbList","@id":"https:\/\/biopietra.com\/fr\/f-a-q\/#breadcrumb","itemListElement":[{"@type":"ListItem","position":1,"name":"Home","item":"https:\/\/biopietra.com\/fr\/"},{"@type":"ListItem","position":2,"name":"F.A.Q."}]},{"@type":"WebSite","@id":"https:\/\/biopietra.com\/#website","url":"https:\/\/biopietra.com\/","name":"Biopietra","description":"The Green Stone Industry","potentialAction":[{"@type":"SearchAction","target":{"@type":"EntryPoint","urlTemplate":"https:\/\/biopietra.com\/?s={search_term_string}"},"query-input":{"@type":"PropertyValueSpecification","valueRequired":true,"valueName":"search_term_string"}}],"inLanguage":"fr-FR"}]}},"_links":{"self":[{"href":"https:\/\/biopietra.com\/fr\/wp-json\/wp\/v2\/pages\/5663","targetHints":{"allow":["GET"]}}],"collection":[{"href":"https:\/\/biopietra.com\/fr\/wp-json\/wp\/v2\/pages"}],"about":[{"href":"https:\/\/biopietra.com\/fr\/wp-json\/wp\/v2\/types\/page"}],"author":[{"embeddable":true,"href":"https:\/\/biopietra.com\/fr\/wp-json\/wp\/v2\/users\/4"}],"replies":[{"embeddable":true,"href":"https:\/\/biopietra.com\/fr\/wp-json\/wp\/v2\/comments?post=5663"}],"version-history":[{"count":10,"href":"https:\/\/biopietra.com\/fr\/wp-json\/wp\/v2\/pages\/5663\/revisions"}],"predecessor-version":[{"id":10685,"href":"https:\/\/biopietra.com\/fr\/wp-json\/wp\/v2\/pages\/5663\/revisions\/10685"}],"wp:attachment":[{"href":"https:\/\/biopietra.com\/fr\/wp-json\/wp\/v2\/media?parent=5663"}],"curies":[{"name":"wp","href":"https:\/\/api.w.org\/{rel}","templated":true}]}}