{"id":8785,"date":"2018-03-26T11:30:55","date_gmt":"2018-03-26T09:30:55","guid":{"rendered":"http:\/\/biopietra.com\/company\/advantages-and-benefits\/"},"modified":"2025-04-14T09:45:55","modified_gmt":"2025-04-14T07:45:55","slug":"avantages-benefices-biopietra","status":"publish","type":"page","link":"https:\/\/biopietra.com\/fr\/company-2\/avantages-benefices-biopietra\/","title":{"rendered":"Avantages et b\u00e9n\u00e9fices de Biopietra"},"content":{"rendered":"<a href=\"https:\/\/biopietra.com\/wp-content\/uploads\/2025\/04\/Biopietra-Avantages-et-B\u00e9n\u00e9fices.pdf\" class=\"pdfemb-viewer\" style=\"\" data-width=\"max\" data-height=\"max\" data-toolbar=\"bottom\" data-toolbar-fixed=\"on\">Biopietra - Avantages et B\u00e9n\u00e9fices<\/a>\n<p>&nbsp;<\/p>\n<p><span>D\u00e9couvrez la\u00a0<a href=\"http:\/\/biopietra.com\/fr\/company\/avantages-benefices-biopietra\/chromotherapie\/\">Chromoth\u00e9rapie!<\/a><\/span><\/p>\n","protected":false},"excerpt":{"rendered":"<p>&nbsp; D\u00e9couvrez la\u00a0Chromoth\u00e9rapie!<\/p>\n","protected":false},"author":6,"featured_media":0,"parent":3124,"menu_order":87,"comment_status":"closed","ping_status":"closed","template":"template-page-custom.php","meta":{"qubely_global_settings":"","qubely_interactions":"","rs_blank_template":"","rs_page_bg_color":"","slide_template_v7":"","rop_custom_images_group":[],"rop_custom_messages_group":[],"rop_publish_now":"initial","rop_publish_now_accounts":{"facebook_4317419521910128_433253626703258":""},"rop_publish_now_history":[],"rop_publish_now_status":"pending","footnotes":""},"class_list":["post-8785","page","type-page","status-publish","hentry"],"aioseo_notices":[],"yoast_head":"<!-- This site is optimized with the Yoast SEO plugin v27.4 - https:\/\/yoast.com\/product\/yoast-seo-wordpress\/ -->\n<title>Avantages et b\u00e9n\u00e9fices de la pierre reconstitu\u00e9e \u00e9cologique - Biopietra<\/title>\n<meta name=\"description\" content=\"Biopietra&#039;s advantages and benefits for out customers. Biopietra&#039;s products are ecofriendly and highly certified according to Bioarchitecture parameters.\" \/>\n<meta name=\"robots\" content=\"index, follow, max-snippet:-1, max-image-preview:large, max-video-preview:-1\" \/>\n<link rel=\"canonical\" href=\"https:\/\/biopietra.com\/fr\/company-2\/avantages-benefices-biopietra\/\" \/>\n<meta property=\"og:locale\" content=\"fr_FR\" \/>\n<meta property=\"og:type\" content=\"article\" \/>\n<meta property=\"og:title\" content=\"Avantages et b\u00e9n\u00e9fices de la pierre reconstitu\u00e9e \u00e9cologique - Biopietra\" \/>\n<meta property=\"og:description\" content=\"Biopietra&#039;s advantages and benefits for out customers. Biopietra&#039;s products are ecofriendly and highly certified according to Bioarchitecture parameters.\" \/>\n<meta property=\"og:url\" content=\"https:\/\/biopietra.com\/fr\/company-2\/avantages-benefices-biopietra\/\" \/>\n<meta property=\"og:site_name\" content=\"Biopietra\" \/>\n<meta property=\"article:modified_time\" content=\"2025-04-14T07:45:55+00:00\" \/>\n<meta name=\"twitter:card\" content=\"summary_large_image\" \/>\n<script type=\"application\/ld+json\" class=\"yoast-schema-graph\">{\"@context\":\"https:\\\/\\\/schema.org\",\"@graph\":[{\"@type\":\"WebPage\",\"@id\":\"https:\\\/\\\/biopietra.com\\\/fr\\\/company-2\\\/avantages-benefices-biopietra\\\/\",\"url\":\"https:\\\/\\\/biopietra.com\\\/fr\\\/company-2\\\/avantages-benefices-biopietra\\\/\",\"name\":\"Avantages et b\u00e9n\u00e9fices de la pierre reconstitu\u00e9e \u00e9cologique - Biopietra\",\"isPartOf\":{\"@id\":\"https:\\\/\\\/biopietra.com\\\/#website\"},\"datePublished\":\"2018-03-26T09:30:55+00:00\",\"dateModified\":\"2025-04-14T07:45:55+00:00\",\"description\":\"Biopietra's advantages and benefits for out customers. Biopietra's products are ecofriendly and highly certified according to Bioarchitecture parameters.\",\"breadcrumb\":{\"@id\":\"https:\\\/\\\/biopietra.com\\\/fr\\\/company-2\\\/avantages-benefices-biopietra\\\/#breadcrumb\"},\"inLanguage\":\"fr-FR\",\"potentialAction\":[{\"@type\":\"ReadAction\",\"target\":[\"https:\\\/\\\/biopietra.com\\\/fr\\\/company-2\\\/avantages-benefices-biopietra\\\/\"]}]},{\"@type\":\"BreadcrumbList\",\"@id\":\"https:\\\/\\\/biopietra.com\\\/fr\\\/company-2\\\/avantages-benefices-biopietra\\\/#breadcrumb\",\"itemListElement\":[{\"@type\":\"ListItem\",\"position\":1,\"name\":\"Home\",\"item\":\"https:\\\/\\\/biopietra.com\\\/fr\\\/\"},{\"@type\":\"ListItem\",\"position\":2,\"name\":\"Entreprise\",\"item\":\"https:\\\/\\\/biopietra.com\\\/fr\\\/company-2\\\/\"},{\"@type\":\"ListItem\",\"position\":3,\"name\":\"Avantages et b\u00e9n\u00e9fices de Biopietra\"}]},{\"@type\":\"WebSite\",\"@id\":\"https:\\\/\\\/biopietra.com\\\/#website\",\"url\":\"https:\\\/\\\/biopietra.com\\\/\",\"name\":\"Biopietra\",\"description\":\"The Green Stone Industry\",\"potentialAction\":[{\"@type\":\"SearchAction\",\"target\":{\"@type\":\"EntryPoint\",\"urlTemplate\":\"https:\\\/\\\/biopietra.com\\\/?s={search_term_string}\"},\"query-input\":{\"@type\":\"PropertyValueSpecification\",\"valueRequired\":true,\"valueName\":\"search_term_string\"}}],\"inLanguage\":\"fr-FR\"}]}<\/script>\n<!-- \/ Yoast SEO plugin. -->","yoast_head_json":{"title":"Avantages et b\u00e9n\u00e9fices de la pierre reconstitu\u00e9e \u00e9cologique - Biopietra","description":"Biopietra's advantages and benefits for out customers. Biopietra's products are ecofriendly and highly certified according to Bioarchitecture parameters.","robots":{"index":"index","follow":"follow","max-snippet":"max-snippet:-1","max-image-preview":"max-image-preview:large","max-video-preview":"max-video-preview:-1"},"canonical":"https:\/\/biopietra.com\/fr\/company-2\/avantages-benefices-biopietra\/","og_locale":"fr_FR","og_type":"article","og_title":"Avantages et b\u00e9n\u00e9fices de la pierre reconstitu\u00e9e \u00e9cologique - Biopietra","og_description":"Biopietra's advantages and benefits for out customers. Biopietra's products are ecofriendly and highly certified according to Bioarchitecture parameters.","og_url":"https:\/\/biopietra.com\/fr\/company-2\/avantages-benefices-biopietra\/","og_site_name":"Biopietra","article_modified_time":"2025-04-14T07:45:55+00:00","twitter_card":"summary_large_image","schema":{"@context":"https:\/\/schema.org","@graph":[{"@type":"WebPage","@id":"https:\/\/biopietra.com\/fr\/company-2\/avantages-benefices-biopietra\/","url":"https:\/\/biopietra.com\/fr\/company-2\/avantages-benefices-biopietra\/","name":"Avantages et b\u00e9n\u00e9fices de la pierre reconstitu\u00e9e \u00e9cologique - Biopietra","isPartOf":{"@id":"https:\/\/biopietra.com\/#website"},"datePublished":"2018-03-26T09:30:55+00:00","dateModified":"2025-04-14T07:45:55+00:00","description":"Biopietra's advantages and benefits for out customers. Biopietra's products are ecofriendly and highly certified according to Bioarchitecture parameters.","breadcrumb":{"@id":"https:\/\/biopietra.com\/fr\/company-2\/avantages-benefices-biopietra\/#breadcrumb"},"inLanguage":"fr-FR","potentialAction":[{"@type":"ReadAction","target":["https:\/\/biopietra.com\/fr\/company-2\/avantages-benefices-biopietra\/"]}]},{"@type":"BreadcrumbList","@id":"https:\/\/biopietra.com\/fr\/company-2\/avantages-benefices-biopietra\/#breadcrumb","itemListElement":[{"@type":"ListItem","position":1,"name":"Home","item":"https:\/\/biopietra.com\/fr\/"},{"@type":"ListItem","position":2,"name":"Entreprise","item":"https:\/\/biopietra.com\/fr\/company-2\/"},{"@type":"ListItem","position":3,"name":"Avantages et b\u00e9n\u00e9fices de Biopietra"}]},{"@type":"WebSite","@id":"https:\/\/biopietra.com\/#website","url":"https:\/\/biopietra.com\/","name":"Biopietra","description":"The Green Stone Industry","potentialAction":[{"@type":"SearchAction","target":{"@type":"EntryPoint","urlTemplate":"https:\/\/biopietra.com\/?s={search_term_string}"},"query-input":{"@type":"PropertyValueSpecification","valueRequired":true,"valueName":"search_term_string"}}],"inLanguage":"fr-FR"}]}},"_links":{"self":[{"href":"https:\/\/biopietra.com\/fr\/wp-json\/wp\/v2\/pages\/8785","targetHints":{"allow":["GET"]}}],"collection":[{"href":"https:\/\/biopietra.com\/fr\/wp-json\/wp\/v2\/pages"}],"about":[{"href":"https:\/\/biopietra.com\/fr\/wp-json\/wp\/v2\/types\/page"}],"author":[{"embeddable":true,"href":"https:\/\/biopietra.com\/fr\/wp-json\/wp\/v2\/users\/6"}],"replies":[{"embeddable":true,"href":"https:\/\/biopietra.com\/fr\/wp-json\/wp\/v2\/comments?post=8785"}],"version-history":[{"count":6,"href":"https:\/\/biopietra.com\/fr\/wp-json\/wp\/v2\/pages\/8785\/revisions"}],"predecessor-version":[{"id":29225,"href":"https:\/\/biopietra.com\/fr\/wp-json\/wp\/v2\/pages\/8785\/revisions\/29225"}],"up":[{"embeddable":true,"href":"https:\/\/biopietra.com\/fr\/wp-json\/wp\/v2\/pages\/3124"}],"wp:attachment":[{"href":"https:\/\/biopietra.com\/fr\/wp-json\/wp\/v2\/media?parent=8785"}],"curies":[{"name":"wp","href":"https:\/\/api.w.org\/{rel}","templated":true}]}}