{"id":8892,"date":"2018-04-03T11:33:54","date_gmt":"2018-04-03T09:33:54","guid":{"rendered":"http:\/\/biopietra.com\/packaging\/"},"modified":"2025-07-29T17:44:26","modified_gmt":"2025-07-29T15:44:26","slug":"packaging","status":"publish","type":"page","link":"https:\/\/biopietra.com\/fr\/packaging\/","title":{"rendered":"Emballage"},"content":{"rendered":"<p style=\"text-align: left;\"><div class=\"row mt-25\"><div class=\"col-md-4\"><h4 class=\"text-right green text-uppercase\">Emballage<\/h4><hr><\/div><div class=\"col-md-8\">\n<p><strong>Emballage durable optimis\u00e9 pour les exp\u00e9ditions internationales<\/strong><\/p>\n<p>Le syst\u00e8me d\u2019<strong>emballage Biopietra<\/strong><span>\u00a0<\/span>a \u00e9t\u00e9 con\u00e7u non seulement pour garantir une efficacit\u00e9 logistique, mais aussi pour r\u00e9pondre aux normes environnementales les plus strictes. En effet, nous utilisons des<span>\u00a0<\/span><strong>palettes standard de 120&#215;100 cm<\/strong>, un choix qui permet d\u2019optimiser l\u2019espace dans les conteneurs et, par cons\u00e9quent, de r\u00e9duire les co\u00fbts d\u2019exp\u00e9dition \u00e0 l\u2019\u00e9chelle mondiale.<\/p>\n<p>De plus, gr\u00e2ce \u00e0 un logiciel avanc\u00e9 de cartographie des marchandises, notre \u00e9quipe logistique est en mesure d\u2019optimiser chaque chargement selon les besoins sp\u00e9cifiques du client. Pour les exp\u00e9ditions particuli\u00e8res \u2014 par route, mer ou air \u2014 nous r\u00e9alisons \u00e9galement des<span>\u00a0<\/span><strong>caisses r\u00e9utilisables sur mesure<\/strong>, offrant ainsi des solutions flexibles et personnalis\u00e9es. Pour en savoir plus, visitez notre section d\u00e9di\u00e9e \u00e0 la <a href=\"http:\/\/biopietra.com\/fr\/logistics\/\">logistique<\/a>.<\/p>\n<div class=\"col-md-8 col-md-offset-2\" style=\"text-align: left;\">\n<p style=\"text-align: left;\"><\/div><\/div>\n<\/div>\n<p style=\"text-align: left;\"><div class=\"row mt-25\"><div class=\"col-md-4\"><h4 class=\"text-right green text-uppercase\">La certification FSC<\/h4><hr><\/div><div class=\"col-md-8\">\n<p style=\"text-align: left;\"><span>Un autre aspect fondamental est la durabilit\u00e9: nous utilisons uniquement des mat\u00e9riaux\u00a0<\/span><strong>certifi\u00e9s <a href=\"https:\/\/fr.fsc.org\/fr-fr\">FSC<\/a>\u00a0<\/strong><strong>Forest Stewardship Council<\/strong><span>, provenant de for\u00eats g\u00e9r\u00e9es de mani\u00e8re responsable. Cette approche nous permet de proposer un emballage \u00e9cologique, conforme aux normes internationales et en accord avec les valeurs de responsabilit\u00e9 environnementale qui nous d\u00e9finissent depuis toujours.<\/span><\/p>\n<p style=\"text-align: left;\"><img loading=\"lazy\" decoding=\"async\" data-imagetype=\"External\" src=\"http:\/\/biopietra.com\/wp-content\/uploads\/2018\/04\/logo-fsc-300x225.jpg\" width=\"300\" height=\"225\" class=\"aligncenter\" \/><\/p>\n<p style=\"text-align: left;\"><\/div><\/div>\n<hr \/>\n<ul class=\"photo-gallery\"><li><p id='imgTitle'><\/p><div class='gallery-item'><a href='http:\/\/biopietra.com\/wp-content\/uploads\/2016\/06\/Pallet-120x80-960x640.jpg' alt=' title=''><img src='http:\/\/biopietra.com\/wp-content\/uploads\/2016\/06\/Pallet-120x80-767x511.jpg' alt='' title=''><\/a><\/div><\/li><li><p id='imgTitle'><\/p><div class='gallery-item'><a href='http:\/\/biopietra.com\/wp-content\/uploads\/2016\/06\/Pallet-100x120-960x640.jpg' alt=' title=''><img src='http:\/\/biopietra.com\/wp-content\/uploads\/2016\/06\/Pallet-100x120-767x511.jpg' alt='' title=''><\/a><\/div><\/li><li><p id='imgTitle'><\/p><div class='gallery-item'><a href='http:\/\/biopietra.com\/wp-content\/uploads\/2016\/06\/Cassa-1-960x640.jpg' alt=' title=''><img src='http:\/\/biopietra.com\/wp-content\/uploads\/2016\/06\/Cassa-1-767x511.jpg' alt='' title=''><\/a><\/div><\/li><\/ul>\n","protected":false},"excerpt":{"rendered":"","protected":false},"author":6,"featured_media":0,"parent":0,"menu_order":17,"comment_status":"closed","ping_status":"closed","template":"template-page-custom.php","meta":{"qubely_global_settings":"","qubely_interactions":"","rop_custom_images_group":[],"rop_custom_messages_group":[],"rop_publish_now":"initial","rop_publish_now_accounts":{"facebook_4317419521910128_433253626703258":""},"rop_publish_now_history":[],"rop_publish_now_status":"pending","footnotes":""},"class_list":["post-8892","page","type-page","status-publish","hentry"],"aioseo_notices":[],"yoast_head":"<!-- This site is optimized with the Yoast SEO plugin v27.4 - https:\/\/yoast.com\/product\/yoast-seo-wordpress\/ -->\n<title>Emballage durable Biopietra: optimisation logistique et certification FSC<\/title>\n<meta name=\"description\" content=\"D\u00e9couvrez l\u2019emballage durable de Biopietra : palettes optimis\u00e9es pour conteneurs, caisses r\u00e9utilisables et mat\u00e9riaux certifi\u00e9s FSC pour des exp\u00e9ditions \u00e9cologiques dans le monde entier.\" \/>\n<meta name=\"robots\" content=\"index, follow, max-snippet:-1, max-image-preview:large, max-video-preview:-1\" \/>\n<link rel=\"canonical\" href=\"https:\/\/biopietra.com\/fr\/packaging\/\" \/>\n<meta property=\"og:locale\" content=\"fr_FR\" \/>\n<meta property=\"og:type\" content=\"article\" \/>\n<meta property=\"og:title\" content=\"Emballage durable Biopietra: optimisation logistique et certification FSC\" \/>\n<meta property=\"og:description\" content=\"D\u00e9couvrez l\u2019emballage durable de Biopietra : palettes optimis\u00e9es pour conteneurs, caisses r\u00e9utilisables et mat\u00e9riaux certifi\u00e9s FSC pour des exp\u00e9ditions \u00e9cologiques dans le monde entier.\" \/>\n<meta property=\"og:url\" content=\"https:\/\/biopietra.com\/fr\/packaging\/\" \/>\n<meta property=\"og:site_name\" content=\"Biopietra\" \/>\n<meta property=\"article:modified_time\" content=\"2025-07-29T15:44:26+00:00\" \/>\n<meta property=\"og:image\" content=\"http:\/\/biopietra.com\/wp-content\/uploads\/2016\/06\/Pallet-120x80-767x511.jpg\" \/>\n<meta name=\"twitter:card\" content=\"summary_large_image\" \/>\n<meta name=\"twitter:label1\" content=\"Dur\u00e9e de lecture estim\u00e9e\" \/>\n\t<meta name=\"twitter:data1\" content=\"1 minute\" \/>\n<script type=\"application\/ld+json\" class=\"yoast-schema-graph\">{\"@context\":\"https:\\\/\\\/schema.org\",\"@graph\":[{\"@type\":\"WebPage\",\"@id\":\"https:\\\/\\\/biopietra.com\\\/fr\\\/packaging\\\/\",\"url\":\"https:\\\/\\\/biopietra.com\\\/fr\\\/packaging\\\/\",\"name\":\"Emballage durable Biopietra: optimisation logistique et certification FSC\",\"isPartOf\":{\"@id\":\"https:\\\/\\\/biopietra.com\\\/#website\"},\"primaryImageOfPage\":{\"@id\":\"https:\\\/\\\/biopietra.com\\\/fr\\\/packaging\\\/#primaryimage\"},\"image\":{\"@id\":\"https:\\\/\\\/biopietra.com\\\/fr\\\/packaging\\\/#primaryimage\"},\"thumbnailUrl\":\"http:\\\/\\\/biopietra.com\\\/wp-content\\\/uploads\\\/2018\\\/04\\\/logo-fsc-300x225.jpg\",\"datePublished\":\"2018-04-03T09:33:54+00:00\",\"dateModified\":\"2025-07-29T15:44:26+00:00\",\"description\":\"D\u00e9couvrez l\u2019emballage durable de Biopietra : palettes optimis\u00e9es pour conteneurs, caisses r\u00e9utilisables et mat\u00e9riaux certifi\u00e9s FSC pour des exp\u00e9ditions \u00e9cologiques dans le monde entier.\",\"breadcrumb\":{\"@id\":\"https:\\\/\\\/biopietra.com\\\/fr\\\/packaging\\\/#breadcrumb\"},\"inLanguage\":\"fr-FR\",\"potentialAction\":[{\"@type\":\"ReadAction\",\"target\":[\"https:\\\/\\\/biopietra.com\\\/fr\\\/packaging\\\/\"]}]},{\"@type\":\"ImageObject\",\"inLanguage\":\"fr-FR\",\"@id\":\"https:\\\/\\\/biopietra.com\\\/fr\\\/packaging\\\/#primaryimage\",\"url\":\"http:\\\/\\\/biopietra.com\\\/wp-content\\\/uploads\\\/2018\\\/04\\\/logo-fsc-300x225.jpg\",\"contentUrl\":\"http:\\\/\\\/biopietra.com\\\/wp-content\\\/uploads\\\/2018\\\/04\\\/logo-fsc-300x225.jpg\"},{\"@type\":\"BreadcrumbList\",\"@id\":\"https:\\\/\\\/biopietra.com\\\/fr\\\/packaging\\\/#breadcrumb\",\"itemListElement\":[{\"@type\":\"ListItem\",\"position\":1,\"name\":\"Home\",\"item\":\"https:\\\/\\\/biopietra.com\\\/fr\\\/\"},{\"@type\":\"ListItem\",\"position\":2,\"name\":\"Emballage\"}]},{\"@type\":\"WebSite\",\"@id\":\"https:\\\/\\\/biopietra.com\\\/#website\",\"url\":\"https:\\\/\\\/biopietra.com\\\/\",\"name\":\"Biopietra\",\"description\":\"The Green Stone Industry\",\"potentialAction\":[{\"@type\":\"SearchAction\",\"target\":{\"@type\":\"EntryPoint\",\"urlTemplate\":\"https:\\\/\\\/biopietra.com\\\/?s={search_term_string}\"},\"query-input\":{\"@type\":\"PropertyValueSpecification\",\"valueRequired\":true,\"valueName\":\"search_term_string\"}}],\"inLanguage\":\"fr-FR\"}]}<\/script>\n<!-- \/ Yoast SEO plugin. -->","yoast_head_json":{"title":"Emballage durable Biopietra: optimisation logistique et certification FSC","description":"D\u00e9couvrez l\u2019emballage durable de Biopietra : palettes optimis\u00e9es pour conteneurs, caisses r\u00e9utilisables et mat\u00e9riaux certifi\u00e9s FSC pour des exp\u00e9ditions \u00e9cologiques dans le monde entier.","robots":{"index":"index","follow":"follow","max-snippet":"max-snippet:-1","max-image-preview":"max-image-preview:large","max-video-preview":"max-video-preview:-1"},"canonical":"https:\/\/biopietra.com\/fr\/packaging\/","og_locale":"fr_FR","og_type":"article","og_title":"Emballage durable Biopietra: optimisation logistique et certification FSC","og_description":"D\u00e9couvrez l\u2019emballage durable de Biopietra : palettes optimis\u00e9es pour conteneurs, caisses r\u00e9utilisables et mat\u00e9riaux certifi\u00e9s FSC pour des exp\u00e9ditions \u00e9cologiques dans le monde entier.","og_url":"https:\/\/biopietra.com\/fr\/packaging\/","og_site_name":"Biopietra","article_modified_time":"2025-07-29T15:44:26+00:00","og_image":[{"url":"http:\/\/biopietra.com\/wp-content\/uploads\/2016\/06\/Pallet-120x80-767x511.jpg","type":"","width":"","height":""}],"twitter_card":"summary_large_image","twitter_misc":{"Dur\u00e9e de lecture estim\u00e9e":"1 minute"},"schema":{"@context":"https:\/\/schema.org","@graph":[{"@type":"WebPage","@id":"https:\/\/biopietra.com\/fr\/packaging\/","url":"https:\/\/biopietra.com\/fr\/packaging\/","name":"Emballage durable Biopietra: optimisation logistique et certification FSC","isPartOf":{"@id":"https:\/\/biopietra.com\/#website"},"primaryImageOfPage":{"@id":"https:\/\/biopietra.com\/fr\/packaging\/#primaryimage"},"image":{"@id":"https:\/\/biopietra.com\/fr\/packaging\/#primaryimage"},"thumbnailUrl":"http:\/\/biopietra.com\/wp-content\/uploads\/2018\/04\/logo-fsc-300x225.jpg","datePublished":"2018-04-03T09:33:54+00:00","dateModified":"2025-07-29T15:44:26+00:00","description":"D\u00e9couvrez l\u2019emballage durable de Biopietra : palettes optimis\u00e9es pour conteneurs, caisses r\u00e9utilisables et mat\u00e9riaux certifi\u00e9s FSC pour des exp\u00e9ditions \u00e9cologiques dans le monde entier.","breadcrumb":{"@id":"https:\/\/biopietra.com\/fr\/packaging\/#breadcrumb"},"inLanguage":"fr-FR","potentialAction":[{"@type":"ReadAction","target":["https:\/\/biopietra.com\/fr\/packaging\/"]}]},{"@type":"ImageObject","inLanguage":"fr-FR","@id":"https:\/\/biopietra.com\/fr\/packaging\/#primaryimage","url":"http:\/\/biopietra.com\/wp-content\/uploads\/2018\/04\/logo-fsc-300x225.jpg","contentUrl":"http:\/\/biopietra.com\/wp-content\/uploads\/2018\/04\/logo-fsc-300x225.jpg"},{"@type":"BreadcrumbList","@id":"https:\/\/biopietra.com\/fr\/packaging\/#breadcrumb","itemListElement":[{"@type":"ListItem","position":1,"name":"Home","item":"https:\/\/biopietra.com\/fr\/"},{"@type":"ListItem","position":2,"name":"Emballage"}]},{"@type":"WebSite","@id":"https:\/\/biopietra.com\/#website","url":"https:\/\/biopietra.com\/","name":"Biopietra","description":"The Green Stone Industry","potentialAction":[{"@type":"SearchAction","target":{"@type":"EntryPoint","urlTemplate":"https:\/\/biopietra.com\/?s={search_term_string}"},"query-input":{"@type":"PropertyValueSpecification","valueRequired":true,"valueName":"search_term_string"}}],"inLanguage":"fr-FR"}]}},"_links":{"self":[{"href":"https:\/\/biopietra.com\/fr\/wp-json\/wp\/v2\/pages\/8892\/"}],"collection":[{"href":"https:\/\/biopietra.com\/fr\/wp-json\/wp\/v2\/pages\/"}],"about":[{"href":"https:\/\/biopietra.com\/fr\/wp-json\/wp\/v2\/types\/page\/"}],"author":[{"embeddable":true,"href":"https:\/\/biopietra.com\/fr\/wp-json\/wp\/v2\/users\/6\/"}],"replies":[{"embeddable":true,"href":"https:\/\/biopietra.com\/fr\/wp-json\/wp\/v2\/comments\/?post=8892"}],"version-history":[{"count":7,"href":"https:\/\/biopietra.com\/fr\/wp-json\/wp\/v2\/pages\/8892\/revisions\/"}],"predecessor-version":[{"id":29643,"href":"https:\/\/biopietra.com\/fr\/wp-json\/wp\/v2\/pages\/8892\/revisions\/29643\/"}],"wp:attachment":[{"href":"https:\/\/biopietra.com\/fr\/wp-json\/wp\/v2\/media\/?parent=8892"}],"curies":[{"name":"wp","href":"https:\/\/api.w.org\/{rel}","templated":true}]}}