{"id":9553,"date":"2018-05-16T08:54:45","date_gmt":"2018-05-16T06:54:45","guid":{"rendered":"http:\/\/biopietra.com\/?page_id=9553\/"},"modified":"2018-06-05T10:04:45","modified_gmt":"2018-06-05T08:04:45","slug":"chromotherapie","status":"publish","type":"page","link":"https:\/\/biopietra.com\/fr\/company-2\/avantages-benefices-biopietra\/chromotherapie\/","title":{"rendered":"Chromoth\u00e9rapie"},"content":{"rendered":"<div class=\"row mt-25\"><div class=\"col-md-4\"><h4 class=\"text-right green text-uppercase\">Chromoth\u00e9rapie <\/h4><hr><\/div><div class=\"col-md-8\">\n<p>L\u2019influence des couleurs sur notre sant\u00e9 n\u2019est plus \u00e0 prouver; elle est reconnue comme une forme de m\u00e9decine naturelle.<\/p>\n<p>M\u00eame la m\u00e9decine traditionnelle a toujours attribu\u00e9 une grande importance \u00e0 l\u2019influence des couleurs sur l\u2019\u00e9tat d\u2019esprit de l\u2019homme.<\/p>\n<p>&nbsp;<\/p>\n<p>&nbsp;<\/p>\n<p>&nbsp;<\/p>\n<p><img loading=\"lazy\" decoding=\"async\" src=\"http:\/\/biopietra.com\/wp-content\/uploads\/2018\/05\/come-attiva-effetto-luminance1-300x127.jpg\" alt=\"Chromoth\u00e9rapie 1\" width=\"354\" height=\"150\" class=\"wp-image-9536 alignleft\" srcset=\"https:\/\/biopietra.com\/wp-content\/uploads\/2018\/05\/come-attiva-effetto-luminance1-300x127.jpg 300w, https:\/\/biopietra.com\/wp-content\/uploads\/2018\/05\/come-attiva-effetto-luminance1-768x325.jpg 768w, https:\/\/biopietra.com\/wp-content\/uploads\/2018\/05\/come-attiva-effetto-luminance1.jpg 947w\" sizes=\"auto, (max-width: 354px) 100vw, 354px\" \/> <img loading=\"lazy\" decoding=\"async\" src=\"http:\/\/biopietra.com\/wp-content\/uploads\/2018\/05\/come-attiva-effetto-luminance2-300x127.jpg\" alt=\"Chromoth\u00e9rapie 2\" width=\"357\" height=\"151\" class=\"wp-image-9540 alignleft\" srcset=\"https:\/\/biopietra.com\/wp-content\/uploads\/2018\/05\/come-attiva-effetto-luminance2-300x127.jpg 300w, https:\/\/biopietra.com\/wp-content\/uploads\/2018\/05\/come-attiva-effetto-luminance2-768x325.jpg 768w, https:\/\/biopietra.com\/wp-content\/uploads\/2018\/05\/come-attiva-effetto-luminance2.jpg 947w\" sizes=\"auto, (max-width: 357px) 100vw, 357px\" \/><\/p>\n<p>&nbsp;<\/p>\n<p>&nbsp;<\/p>\n<p>&nbsp;<\/p>\n<p>&nbsp;<\/p>\n<p>&nbsp;<\/p>\n<p>&nbsp;<\/p>\n<p><strong>Selon les principes de la chromoth\u00e9rapie<\/strong>, <span style=\"color: #008000;\"><strong>les couleurs agissent sur le psychisme et sur le corps<\/strong><\/span>, en conditionnant notre \u00e9tat \u00e9motionnel et notre \u00e9quilibre psycho-physique.\u00a0L&rsquo;utilisation des couleurs est donc fondamentale dans l\u2019ameublement et la d\u00e9coration des espaces qui nous entourent.<\/p>\n<p><span style=\"color: #ff0000;\"><\/span>Ce n&rsquo;est pas un hasard si architectes et autres concepteurs consacrent de plus en plus de temps \u00e0 l&rsquo;\u00e9tude de l&rsquo;identit\u00e9 chromatique des espaces urbains, \u00e9difices et lieux de travail. En effet, la perception que l&rsquo;on peut avoir d&rsquo;un espace et la fa\u00e7on de le vivre peut changer selon la variation chromatique des murs.\u00a0In\u00e9vitablement, cette \u00e9troite relation avec les \u00e9tats d\u2018\u00e2me, fait que la couleur laisse imm\u00e9diatement transpara\u00eetre la personnalit\u00e9 de celui ou celle qui l&rsquo;a choisie et elle devient un<span style=\"color: #008000;\"><strong> instrument de communication et d&rsquo;expression de soi<\/strong><\/span>, exactement comme pour la mode ou les cosm\u00e9tiques.<\/p>\n<p>Expression de cette nouvelle tendance : <strong>Biopietra Prestige Collection<\/strong>. Il s&rsquo;agit de quatre types de pierres, disponibles dans des nuances de couleurs diff\u00e9rentes qui prennent vie au gr\u00e9 des jeux d\u2018ombre et de lumi\u00e8re.<\/p>\n<p>&nbsp;<\/p>\n<p><strong>Sont pr\u00e9sent\u00e9es les finitions \u00ab\u00a0Luminance\u00a0\u00bb disponibles et leurs effets b\u00e9n\u00e9fiques.<\/strong><\/p>\n<p>&nbsp;<\/p>\n<p><img loading=\"lazy\" decoding=\"async\" src=\"http:\/\/biopietra.com\/wp-content\/uploads\/2018\/05\/gamma-colori-Antares-Iridium-Luminance-Indaco-300x205.jpg\" alt=\"Chromoth\u00e9rapie indigo\" width=\"219\" height=\"149\" class=\"wp-image-9517 alignleft\" srcset=\"https:\/\/biopietra.com\/wp-content\/uploads\/2018\/05\/gamma-colori-Antares-Iridium-Luminance-Indaco-300x205.jpg 300w, https:\/\/biopietra.com\/wp-content\/uploads\/2018\/05\/gamma-colori-Antares-Iridium-Luminance-Indaco.jpg 733w\" sizes=\"auto, (max-width: 219px) 100vw, 219px\" \/><strong>INDIGO <\/strong>Combat les troubles nerveux et les peurs ; rafra\u00eechissant et calmant, il a un fort pouvoir relaxant. Conseill\u00e9 pour les chambres \u00e0 coucher des enfants, zone de bien-\u00eatre et salles de bains.<\/p>\n<p>&nbsp;<\/p>\n<p>&nbsp;<\/p>\n<p>&nbsp;<\/p>\n<p><img loading=\"lazy\" decoding=\"async\" src=\"http:\/\/biopietra.com\/wp-content\/uploads\/2018\/05\/gamma-colori-Antares-Platinum-Luminance-Blu-300x210.jpg\" alt=\"Chromoth\u00e9rapie bleu\" width=\"219\" height=\"153\" class=\"wp-image-9525 alignleft\" srcset=\"https:\/\/biopietra.com\/wp-content\/uploads\/2018\/05\/gamma-colori-Antares-Platinum-Luminance-Blu-300x210.jpg 300w, https:\/\/biopietra.com\/wp-content\/uploads\/2018\/05\/gamma-colori-Antares-Platinum-Luminance-Blu.jpg 732w\" sizes=\"auto, (max-width: 219px) 100vw, 219px\" \/><\/p>\n<p><strong>BLEU CIEL <\/strong>Lutte contre l&rsquo;agitation physique et mentale gr\u00e2ce \u00e0 ses propri\u00e9t\u00e9s calmantes et relaxantes. Conseill\u00e9 pour les chambres \u00e0 coucher, pi\u00e8ces \u00e0 vivre et zones de bien-\u00eatre.<\/p>\n<p>&nbsp;<\/p>\n<p>&nbsp;<\/p>\n<p>&nbsp;<\/p>\n<p><img loading=\"lazy\" decoding=\"async\" src=\"http:\/\/biopietra.com\/wp-content\/uploads\/2018\/05\/gamma-colori-Antares-Iridium-Luminance-Verde-300x203.jpg\" alt=\"Chromoth\u00e9rapie vert\" width=\"219\" height=\"148\" class=\"wp-image-9521 alignleft\" srcset=\"https:\/\/biopietra.com\/wp-content\/uploads\/2018\/05\/gamma-colori-Antares-Iridium-Luminance-Verde-300x203.jpg 300w, https:\/\/biopietra.com\/wp-content\/uploads\/2018\/05\/gamma-colori-Antares-Iridium-Luminance-Verde.jpg 732w\" sizes=\"auto, (max-width: 219px) 100vw, 219px\" \/><\/p>\n<p><strong>VERT<\/strong> Combat l\u2018insomnie et favorise la relaxation. Il est conseill\u00e9 pour les chambres \u00e0 coucher et les salles de bains.<\/p>\n<p>&nbsp;<\/p>\n<p>&nbsp;<\/p>\n<p>&nbsp;<\/p>\n<p>&nbsp;<\/p>\n<\/div><\/div>\n<p>&nbsp;<\/p>\n<div class=\"row mt-25\"><div class=\"col-md-4\"><h4 class=\"text-right green text-uppercase\">Biopietra Prestige Collection<\/h4><hr><\/div><div class=\"col-md-8\">\n<p>Les rev\u00eatements <strong>Biopietra Prestige Collection<\/strong> sont une solution saine et s\u00fbre pour cr\u00e9er harmonie et bien-\u00eatre chez soi.\u00a0<span style=\"color: #008000;\"><strong>Les mat\u00e9riels bio compatibles communiquent avec la lumi\u00e8re en un jeu de plus en plus variable<\/strong><\/span>, s\u2019amalgamant avec elle, refl\u00e9tant sur elle et engendrant des reflets vifs quelle que soit la condition de luminosit\u00e9 ainsi que dans l\u2019obscurit\u00e9.<\/p>\n<p>D\u00e9couvrez la <strong>Biopietra Prestige Collection<\/strong>: <a href=\"http:\/\/biopietra.com\/fr\/produit\/prestige-collection-antares\/\">Antares<\/a>, <a href=\"http:\/\/biopietra.com\/fr\/produit\/prestige-collection-sirio\/\">Sirio <\/a>et <a href=\"http:\/\/biopietra.com\/fr\/produit\/prestige-collection-electra\/\">Electra<\/a>.<\/p>\n<\/div><\/div>\n<div class=\"row mt-25\"><div class=\"col-md-4\"><h4 class=\"text-right green text-uppercase\">Effet Luminance<\/h4><hr><\/div><div class=\"col-md-8\">\n<p>Dans le respect total du principe de biocompatibilit\u00e9, la <span style=\"color: #008000;\"><strong>photoluminescence<\/strong> <\/span>est obtenue gr\u00e2ce \u00e0 des pigments de <span style=\"color: #008000;\"><strong>mat\u00e9riau inerte, totalement atoxique et sans radioactivit\u00e9<\/strong><\/span> qui, apr\u00e8s s\u2018\u00eatre recharg\u00e9 \u00e0 la lumi\u00e8re, garde ses propri\u00e9t\u00e9s lumineuses au cours des heures qui suivent. Ainsi le mat\u00e9riau devient un puissant instrument d\u2018expression, source de nouvelles \u00e9motions.<\/p>\n<p>Une surface ainsi rev\u00eatue, par exemple avec des \u00e9cailles d\u2019or ou de briques blanches, qui va parfaitement avec le bois, le verre, le m\u00e9tal, sera transform\u00e9e en un syst\u00e8me<br \/>\nde lumi\u00e8res et de couleurs harmonieuses, con\u00e7ue pour \u00e9mouvoir.\u00a0Les milieux appara\u00eetront toujours innovants, en \u00e9volution continue, autant que les regards qui se poseront sur eux et les \u00e9motions qui les interpr\u00e9teront.<\/p>\n<p><span style=\"color: #008000;\"><strong>Biopietra Luminance : la lumi\u00e8re qui r\u00e9g\u00e9n\u00e8re le corps et l\u2019esprit.<\/strong><\/span><\/p>\n<p><img loading=\"lazy\" decoding=\"async\" src=\"http:\/\/biopietra.com\/wp-content\/uploads\/2016\/06\/Electra-Platinum-Luminance-Blu-876x1024.jpg\" alt=\"Chromoth\u00e9rapie Luminance Bleu\" width=\"876\" height=\"1024\" class=\"aligncenter wp-image-7854 size-large\" srcset=\"https:\/\/biopietra.com\/wp-content\/uploads\/2016\/06\/Electra-Platinum-Luminance-Blu-876x1024.jpg 876w, https:\/\/biopietra.com\/wp-content\/uploads\/2016\/06\/Electra-Platinum-Luminance-Blu-257x300.jpg 257w, https:\/\/biopietra.com\/wp-content\/uploads\/2016\/06\/Electra-Platinum-Luminance-Blu-768x897.jpg 768w\" sizes=\"auto, (max-width: 876px) 100vw, 876px\" \/><\/p>\n<\/div><\/div>\n","protected":false},"excerpt":{"rendered":"<p>&nbsp;<\/p>\n","protected":false},"author":6,"featured_media":0,"parent":8785,"menu_order":9,"comment_status":"closed","ping_status":"closed","template":"template-page-custom.php","meta":{"qubely_global_settings":"","qubely_interactions":"","rop_custom_images_group":[],"rop_custom_messages_group":[],"rop_publish_now":"initial","rop_publish_now_accounts":{"facebook_4317419521910128_433253626703258":""},"rop_publish_now_history":[],"rop_publish_now_status":"pending","footnotes":""},"class_list":["post-9553","page","type-page","status-publish","hentry"],"aioseo_notices":[],"yoast_head":"<!-- This site is optimized with the Yoast SEO plugin v27.4 - https:\/\/yoast.com\/product\/yoast-seo-wordpress\/ -->\n<title>Chromoth\u00e9rapie - Biopietra<\/title>\n<meta name=\"description\" content=\"Chromoth\u00e9rapie : les couleurs agissent sur le psychisme et sur le corps. Biopietra Prestige Collection: la lumi\u00e8re qui r\u00e9g\u00e9n\u00e8re le corps et l\u2019esprit.\" \/>\n<meta name=\"robots\" content=\"index, follow, max-snippet:-1, max-image-preview:large, max-video-preview:-1\" \/>\n<link rel=\"canonical\" href=\"https:\/\/biopietra.com\/fr\/company-2\/avantages-benefices-biopietra\/chromotherapie\/\" \/>\n<meta property=\"og:locale\" content=\"fr_FR\" \/>\n<meta property=\"og:type\" content=\"article\" \/>\n<meta property=\"og:title\" content=\"Chromoth\u00e9rapie - Biopietra\" \/>\n<meta property=\"og:description\" content=\"Chromoth\u00e9rapie : les couleurs agissent sur le psychisme et sur le corps. Biopietra Prestige Collection: la lumi\u00e8re qui r\u00e9g\u00e9n\u00e8re le corps et l\u2019esprit.\" \/>\n<meta property=\"og:url\" content=\"https:\/\/biopietra.com\/fr\/company-2\/avantages-benefices-biopietra\/chromotherapie\/\" \/>\n<meta property=\"og:site_name\" content=\"Biopietra\" \/>\n<meta property=\"article:modified_time\" content=\"2018-06-05T08:04:45+00:00\" \/>\n<meta property=\"og:image\" content=\"http:\/\/biopietra.com\/wp-content\/uploads\/2018\/05\/come-attiva-effetto-luminance1-300x127.jpg\" \/>\n<meta name=\"twitter:card\" content=\"summary_large_image\" \/>\n<meta name=\"twitter:label1\" content=\"Dur\u00e9e de lecture estim\u00e9e\" \/>\n\t<meta name=\"twitter:data1\" content=\"3 minutes\" \/>\n<script type=\"application\/ld+json\" class=\"yoast-schema-graph\">{\"@context\":\"https:\\\/\\\/schema.org\",\"@graph\":[{\"@type\":\"WebPage\",\"@id\":\"https:\\\/\\\/biopietra.com\\\/fr\\\/company-2\\\/avantages-benefices-biopietra\\\/chromotherapie\\\/\",\"url\":\"https:\\\/\\\/biopietra.com\\\/fr\\\/company-2\\\/avantages-benefices-biopietra\\\/chromotherapie\\\/\",\"name\":\"Chromoth\u00e9rapie - Biopietra\",\"isPartOf\":{\"@id\":\"https:\\\/\\\/biopietra.com\\\/#website\"},\"primaryImageOfPage\":{\"@id\":\"https:\\\/\\\/biopietra.com\\\/fr\\\/company-2\\\/avantages-benefices-biopietra\\\/chromotherapie\\\/#primaryimage\"},\"image\":{\"@id\":\"https:\\\/\\\/biopietra.com\\\/fr\\\/company-2\\\/avantages-benefices-biopietra\\\/chromotherapie\\\/#primaryimage\"},\"thumbnailUrl\":\"http:\\\/\\\/biopietra.com\\\/wp-content\\\/uploads\\\/2018\\\/05\\\/come-attiva-effetto-luminance1-300x127.jpg\",\"datePublished\":\"2018-05-16T06:54:45+00:00\",\"dateModified\":\"2018-06-05T08:04:45+00:00\",\"description\":\"Chromoth\u00e9rapie : les couleurs agissent sur le psychisme et sur le corps. Biopietra Prestige Collection: la lumi\u00e8re qui r\u00e9g\u00e9n\u00e8re le corps et l\u2019esprit.\",\"breadcrumb\":{\"@id\":\"https:\\\/\\\/biopietra.com\\\/fr\\\/company-2\\\/avantages-benefices-biopietra\\\/chromotherapie\\\/#breadcrumb\"},\"inLanguage\":\"fr-FR\",\"potentialAction\":[{\"@type\":\"ReadAction\",\"target\":[\"https:\\\/\\\/biopietra.com\\\/fr\\\/company-2\\\/avantages-benefices-biopietra\\\/chromotherapie\\\/\"]}]},{\"@type\":\"ImageObject\",\"inLanguage\":\"fr-FR\",\"@id\":\"https:\\\/\\\/biopietra.com\\\/fr\\\/company-2\\\/avantages-benefices-biopietra\\\/chromotherapie\\\/#primaryimage\",\"url\":\"http:\\\/\\\/biopietra.com\\\/wp-content\\\/uploads\\\/2018\\\/05\\\/come-attiva-effetto-luminance1-300x127.jpg\",\"contentUrl\":\"http:\\\/\\\/biopietra.com\\\/wp-content\\\/uploads\\\/2018\\\/05\\\/come-attiva-effetto-luminance1-300x127.jpg\"},{\"@type\":\"BreadcrumbList\",\"@id\":\"https:\\\/\\\/biopietra.com\\\/fr\\\/company-2\\\/avantages-benefices-biopietra\\\/chromotherapie\\\/#breadcrumb\",\"itemListElement\":[{\"@type\":\"ListItem\",\"position\":1,\"name\":\"Home\",\"item\":\"https:\\\/\\\/biopietra.com\\\/fr\\\/\"},{\"@type\":\"ListItem\",\"position\":2,\"name\":\"Entreprise\",\"item\":\"https:\\\/\\\/biopietra.com\\\/fr\\\/company-2\\\/\"},{\"@type\":\"ListItem\",\"position\":3,\"name\":\"Avantages et b\u00e9n\u00e9fices de Biopietra\",\"item\":\"https:\\\/\\\/biopietra.com\\\/fr\\\/company-2\\\/avantages-benefices-biopietra\\\/\"},{\"@type\":\"ListItem\",\"position\":4,\"name\":\"Chromoth\u00e9rapie\"}]},{\"@type\":\"WebSite\",\"@id\":\"https:\\\/\\\/biopietra.com\\\/#website\",\"url\":\"https:\\\/\\\/biopietra.com\\\/\",\"name\":\"Biopietra\",\"description\":\"The Green Stone Industry\",\"potentialAction\":[{\"@type\":\"SearchAction\",\"target\":{\"@type\":\"EntryPoint\",\"urlTemplate\":\"https:\\\/\\\/biopietra.com\\\/?s={search_term_string}\"},\"query-input\":{\"@type\":\"PropertyValueSpecification\",\"valueRequired\":true,\"valueName\":\"search_term_string\"}}],\"inLanguage\":\"fr-FR\"}]}<\/script>\n<!-- \/ Yoast SEO plugin. -->","yoast_head_json":{"title":"Chromoth\u00e9rapie - Biopietra","description":"Chromoth\u00e9rapie : les couleurs agissent sur le psychisme et sur le corps. Biopietra Prestige Collection: la lumi\u00e8re qui r\u00e9g\u00e9n\u00e8re le corps et l\u2019esprit.","robots":{"index":"index","follow":"follow","max-snippet":"max-snippet:-1","max-image-preview":"max-image-preview:large","max-video-preview":"max-video-preview:-1"},"canonical":"https:\/\/biopietra.com\/fr\/company-2\/avantages-benefices-biopietra\/chromotherapie\/","og_locale":"fr_FR","og_type":"article","og_title":"Chromoth\u00e9rapie - Biopietra","og_description":"Chromoth\u00e9rapie : les couleurs agissent sur le psychisme et sur le corps. Biopietra Prestige Collection: la lumi\u00e8re qui r\u00e9g\u00e9n\u00e8re le corps et l\u2019esprit.","og_url":"https:\/\/biopietra.com\/fr\/company-2\/avantages-benefices-biopietra\/chromotherapie\/","og_site_name":"Biopietra","article_modified_time":"2018-06-05T08:04:45+00:00","og_image":[{"url":"http:\/\/biopietra.com\/wp-content\/uploads\/2018\/05\/come-attiva-effetto-luminance1-300x127.jpg","type":"","width":"","height":""}],"twitter_card":"summary_large_image","twitter_misc":{"Dur\u00e9e de lecture estim\u00e9e":"3 minutes"},"schema":{"@context":"https:\/\/schema.org","@graph":[{"@type":"WebPage","@id":"https:\/\/biopietra.com\/fr\/company-2\/avantages-benefices-biopietra\/chromotherapie\/","url":"https:\/\/biopietra.com\/fr\/company-2\/avantages-benefices-biopietra\/chromotherapie\/","name":"Chromoth\u00e9rapie - Biopietra","isPartOf":{"@id":"https:\/\/biopietra.com\/#website"},"primaryImageOfPage":{"@id":"https:\/\/biopietra.com\/fr\/company-2\/avantages-benefices-biopietra\/chromotherapie\/#primaryimage"},"image":{"@id":"https:\/\/biopietra.com\/fr\/company-2\/avantages-benefices-biopietra\/chromotherapie\/#primaryimage"},"thumbnailUrl":"http:\/\/biopietra.com\/wp-content\/uploads\/2018\/05\/come-attiva-effetto-luminance1-300x127.jpg","datePublished":"2018-05-16T06:54:45+00:00","dateModified":"2018-06-05T08:04:45+00:00","description":"Chromoth\u00e9rapie : les couleurs agissent sur le psychisme et sur le corps. Biopietra Prestige Collection: la lumi\u00e8re qui r\u00e9g\u00e9n\u00e8re le corps et l\u2019esprit.","breadcrumb":{"@id":"https:\/\/biopietra.com\/fr\/company-2\/avantages-benefices-biopietra\/chromotherapie\/#breadcrumb"},"inLanguage":"fr-FR","potentialAction":[{"@type":"ReadAction","target":["https:\/\/biopietra.com\/fr\/company-2\/avantages-benefices-biopietra\/chromotherapie\/"]}]},{"@type":"ImageObject","inLanguage":"fr-FR","@id":"https:\/\/biopietra.com\/fr\/company-2\/avantages-benefices-biopietra\/chromotherapie\/#primaryimage","url":"http:\/\/biopietra.com\/wp-content\/uploads\/2018\/05\/come-attiva-effetto-luminance1-300x127.jpg","contentUrl":"http:\/\/biopietra.com\/wp-content\/uploads\/2018\/05\/come-attiva-effetto-luminance1-300x127.jpg"},{"@type":"BreadcrumbList","@id":"https:\/\/biopietra.com\/fr\/company-2\/avantages-benefices-biopietra\/chromotherapie\/#breadcrumb","itemListElement":[{"@type":"ListItem","position":1,"name":"Home","item":"https:\/\/biopietra.com\/fr\/"},{"@type":"ListItem","position":2,"name":"Entreprise","item":"https:\/\/biopietra.com\/fr\/company-2\/"},{"@type":"ListItem","position":3,"name":"Avantages et b\u00e9n\u00e9fices de Biopietra","item":"https:\/\/biopietra.com\/fr\/company-2\/avantages-benefices-biopietra\/"},{"@type":"ListItem","position":4,"name":"Chromoth\u00e9rapie"}]},{"@type":"WebSite","@id":"https:\/\/biopietra.com\/#website","url":"https:\/\/biopietra.com\/","name":"Biopietra","description":"The Green Stone Industry","potentialAction":[{"@type":"SearchAction","target":{"@type":"EntryPoint","urlTemplate":"https:\/\/biopietra.com\/?s={search_term_string}"},"query-input":{"@type":"PropertyValueSpecification","valueRequired":true,"valueName":"search_term_string"}}],"inLanguage":"fr-FR"}]}},"_links":{"self":[{"href":"https:\/\/biopietra.com\/fr\/wp-json\/wp\/v2\/pages\/9553\/"}],"collection":[{"href":"https:\/\/biopietra.com\/fr\/wp-json\/wp\/v2\/pages\/"}],"about":[{"href":"https:\/\/biopietra.com\/fr\/wp-json\/wp\/v2\/types\/page\/"}],"author":[{"embeddable":true,"href":"https:\/\/biopietra.com\/fr\/wp-json\/wp\/v2\/users\/6\/"}],"replies":[{"embeddable":true,"href":"https:\/\/biopietra.com\/fr\/wp-json\/wp\/v2\/comments\/?post=9553"}],"version-history":[{"count":9,"href":"https:\/\/biopietra.com\/fr\/wp-json\/wp\/v2\/pages\/9553\/revisions\/"}],"predecessor-version":[{"id":9693,"href":"https:\/\/biopietra.com\/fr\/wp-json\/wp\/v2\/pages\/9553\/revisions\/9693\/"}],"up":[{"embeddable":true,"href":"https:\/\/biopietra.com\/fr\/wp-json\/wp\/v2\/pages\/8785\/"}],"wp:attachment":[{"href":"https:\/\/biopietra.com\/fr\/wp-json\/wp\/v2\/media\/?parent=9553"}],"curies":[{"name":"wp","href":"https:\/\/api.w.org\/{rel}","templated":true}]}}